{"id":2531,"date":"2025-02-17T09:44:08","date_gmt":"2025-02-17T09:44:08","guid":{"rendered":"https:\/\/vavcase.com\/?post_type=product&#038;p=2531"},"modified":"2026-04-11T13:59:40","modified_gmt":"2026-04-11T13:59:40","slug":"2-in-1-aluminum-headphone-stand-phone-holder-rack-sleek-sturdy-ergonomic-design-gaming-headset-stand-for-desk-organization","status":"publish","type":"product","link":"https:\/\/vavcase.com\/de\/produkt\/2-in-1-aluminium-kopfhorer-stand-telefonhalterung-rack-schlankes-robustes-ergonomisches-design-gaming-headset-stand-fur-schreibtisch-organisation\/","title":{"rendered":"2-in-1 Aluminium Kopfh\u00f6rerst\u00e4nder &amp; Telefonhalterung - Schlankes, stabiles und ergonomisches Design Gaming Headset Stand f\u00fcr Schreibtisch Organisation"},"content":{"rendered":"<h2>Informationen zum Produkt<\/h2>\n<div class=\"a-row a-spacing-top-base\">\n<div class=\"a-column a-span6\">\n<div class=\"a-row a-spacing-base\">\n<div class=\"a-section table-padding\">\n<table id=\"productDetails_detailBullets_sections1\" class=\"a-keyvalue prodDetTable\" role=\"presentation\">\n<tbody>\n<tr>\n<th class=\"a-color-secondary a-size-base prodDetSectionEntry\">Produkt Abmessungen<\/th>\n<td class=\"a-size-base prodDetAttrValue\">4,1 x 4,09 x 9,25 Zoll<\/td>\n<\/tr>\n<tr>\n<th class=\"a-color-secondary a-size-base prodDetSectionEntry\">Artikel Gewicht<\/th>\n<td class=\"a-size-base prodDetAttrValue\">3,2 Unzen<\/td>\n<\/tr>\n<tr>\n<th class=\"a-color-secondary a-size-base prodDetSectionEntry\">ASIN<\/th>\n<td class=\"a-size-base prodDetAttrValue\">B0CRTDMYHD<\/td>\n<\/tr>\n<tr>\n<th class=\"a-color-secondary a-size-base prodDetSectionEntry\">Modellnummer des Artikels<\/th>\n<td class=\"a-size-base prodDetAttrValue\">Kopfh\u00f6rerst\u00e4nder<\/td>\n<\/tr>\n<tr>\n<th class=\"a-color-secondary a-size-base prodDetSectionEntry\">Kundenrezensionen<\/th>\n<td class=\"a-size-base\">\n<div id=\"averageCustomerReviews\" data-asin=\"B0CRTDMYHD\" data-ref=\"dpx_acr_pop_\"><span class=\"a-declarative\" data-action=\"acrStarsLink-click-metrics\" data-acrstarslink-click-metrics=\"{}\"><span id=\"acrPopover\" class=\"reviewCountTextLinkedHistogram noUnderline\" title=\"4,4 von 5 Sternen\"><a class=\"a-popover-trigger a-declarative\" role=\"button\"><span class=\"a-size-base a-color-base\">4.4\u00a0<\/span><i class=\"a-icon a-icon-star a-star-4-5 cm-cr-review-stars-spacing-big\"><span class=\"a-icon-alt\">4,4 von 5 Sternen<\/span><\/i>\u00a0<i class=\"a-icon a-icon-popover\"><\/i><\/a>\u00a0\u00a0<\/span><\/span>\u00a0<span class=\"a-declarative\" data-action=\"acrLink-click-metrics\" data-acrlink-click-metrics=\"{}\"><a id=\"acrCustomerReviewLink\" class=\"a-link-normal\" href=\"https:\/\/www.amazon.com\/XMANA-Aluminum-Headphone-Stand-Holder\/dp\/B0CRTDMYHD\/ref=sr_1_15?crid=2E1D1X94YOD6J&amp;dib=eyJ2IjoiMSJ9.lfWIQ9Fyq1SLL2jZOkD6FldwIwyeeGhgak5fQgWZ90SEz5Qrts3gQ9_mdktZ5WHfvEdK2npZfgZR1Zxlsxa2BL5ZA1UyEwbkdGFdPbTz2AAJAhaZCqQi5vNFbOCYG0xGfwVTWHD_0fhQtUIN4OLmhMihhDBssCPHm0sXwUue8u70UILj1ziW-Iky3sdegtag9sRTzCOaoXJH0KQr7vHC56UxEET9LrJbojTJvyvR7-o.3DAqE5cPMmswDOzujncxLOE81PC5HE62SxrGEMkj-_M&amp;dib_tag=se&amp;keywords=Headset%2BStands&amp;qid=1739785103&amp;sprefix=headset%2Bstands%2B%2Caps%2C378&amp;sr=8-15&amp;th=1#customerReviews\"><span id=\"acrCustomerReviewText\" class=\"a-size-base\">135 Bewertungen<\/span><\/a><\/span><\/div>\n<p>4,4 von 5 Sternen<\/td>\n<\/tr>\n<tr>\n<th class=\"a-color-secondary a-size-base prodDetSectionEntry\">Meistverkaufter Rang<\/th>\n<td>#3,428 in Elektronik (<a href=\"https:\/\/www.amazon.com\/gp\/bestsellers\/electronics\/ref=pd_zg_ts_electronics\">Siehe Top 100 in Elektronik<\/a>)<br \/>\n#7,118 in\u00a0<a href=\"https:\/\/www.amazon.com\/gp\/bestsellers\/electronics\/281407\/ref=pd_zg_hrsr_electronics\">Elektronik-Zubeh\u00f6r und -Bedarf<\/a><\/td>\n<\/tr>\n<tr>\n<th class=\"a-color-secondary a-size-base prodDetSectionEntry\">Besondere Merkmale<\/th>\n<td class=\"a-size-base prodDetAttrValue\">Tragbar, ergonomisch, schlankes Profil, freih\u00e4ndig, f\u00fcr die Tasche geeignet<\/td>\n<\/tr>\n<tr>\n<th class=\"a-color-secondary a-size-base prodDetSectionEntry\">Andere Anzeigefunktionen<\/th>\n<td class=\"a-size-base prodDetAttrValue\">CE<\/td>\n<\/tr>\n<tr>\n<th class=\"a-color-secondary a-size-base prodDetSectionEntry\">Formfaktor<\/th>\n<td class=\"a-size-base prodDetAttrValue\">Turm<\/td>\n<\/tr>\n<tr>\n<th class=\"a-color-secondary a-size-base prodDetSectionEntry\">Farbe<\/th>\n<td class=\"a-size-base prodDetAttrValue\">Schwarz<\/td>\n<\/tr>\n<tr>\n<th class=\"a-color-secondary a-size-base prodDetSectionEntry\">Inhalt der Box<\/th>\n<td class=\"a-size-base prodDetAttrValue\">3m Klebeband, Kopfh\u00f6rerst\u00e4nder<\/td>\n<\/tr>\n<tr>\n<th class=\"a-color-secondary a-size-base prodDetSectionEntry\">Hersteller<\/th>\n<td class=\"a-size-base prodDetAttrValue\">XMANA<\/td>\n<\/tr>\n<\/tbody>\n<\/table>\n<\/div>\n<\/div>\n<\/div>\n<\/div>","protected":false},"excerpt":{"rendered":"<p><strong>Doppelte Funktionalit\u00e4t:<\/strong> Sorgt daf\u00fcr, dass Ihre wichtigsten Utensilien immer in Reichweite sind, indem er entweder Kopfh\u00f6rer oder Telefone m\u00fchelos h\u00e4lt.<\/p>\n<p><strong> Langlebige Konstruktion:<\/strong> Er ist aus hochwertigen Materialien gefertigt und mit einer Aluminium-Kopfh\u00f6rerbuchse ausgestattet, die Langlebigkeit und Stabilit\u00e4t garantiert.<\/p>\n<p><strong>Kompaktes Design:<\/strong> Der Kopfh\u00f6rerst\u00e4nder ist mit einer H\u00f6he von 9,25\u2033 und einer Breite von 4,1\u2033 die ideale Wahl f\u00fcr einen Arbeitsplatz oder Arbeitsbereich.<\/p>\n<p><strong>Bequeme Montage:<\/strong> Ihr Headset-Halter ist in Sekundenschnelle einsatzbereit und l\u00e4sst sich m\u00fchelos einrichten.<\/p>\n<p><strong>Universelle Kompatibilit\u00e4t:<\/strong> Entwickelt, um eine Vielzahl von Kopfh\u00f6rergr\u00f6\u00dfen und -telefonen aufzunehmen, einschlie\u00dflich der AirPods Max, XBox und PS5, sowie alle kabellosen und kabelgebundenen Gaming-Kopfh\u00f6rer.<br \/>\n<strong>Ideale Geschenke f\u00fcr Gamer:<\/strong> Ein Gaming-Zubeh\u00f6r, das f\u00fcr jeden Gaming-Fan unverzichtbar ist, da es die Spielumgebung und das Spielerlebnis verbessert. Elegantes Erscheinungsbild: Ein modernes, minimalistisches Design, das mit jeder Raumeinrichtung kompatibel ist.<\/p>","protected":false},"featured_media":2536,"comment_status":"open","ping_status":"closed","template":"","meta":[],"product_brand":[],"product_cat":[68,58],"product_tag":[],"class_list":{"0":"post-2531","1":"product","2":"type-product","3":"status-publish","4":"has-post-thumbnail","6":"product_cat-headset-stands","7":"product_cat-setup-accessories","9":"first","10":"instock","11":"shipping-taxable","12":"purchasable","13":"product-type-simple"},"_links":{"self":[{"href":"https:\/\/vavcase.com\/de\/wp-json\/wp\/v2\/product\/2531","targetHints":{"allow":["GET"]}}],"collection":[{"href":"https:\/\/vavcase.com\/de\/wp-json\/wp\/v2\/product"}],"about":[{"href":"https:\/\/vavcase.com\/de\/wp-json\/wp\/v2\/types\/product"}],"replies":[{"embeddable":true,"href":"https:\/\/vavcase.com\/de\/wp-json\/wp\/v2\/comments?post=2531"}],"wp:featuredmedia":[{"embeddable":true,"href":"https:\/\/vavcase.com\/de\/wp-json\/wp\/v2\/media\/2536"}],"wp:attachment":[{"href":"https:\/\/vavcase.com\/de\/wp-json\/wp\/v2\/media?parent=2531"}],"wp:term":[{"taxonomy":"product_brand","embeddable":true,"href":"https:\/\/vavcase.com\/de\/wp-json\/wp\/v2\/product_brand?post=2531"},{"taxonomy":"product_cat","embeddable":true,"href":"https:\/\/vavcase.com\/de\/wp-json\/wp\/v2\/product_cat?post=2531"},{"taxonomy":"product_tag","embeddable":true,"href":"https:\/\/vavcase.com\/de\/wp-json\/wp\/v2\/product_tag?post=2531"}],"curies":[{"name":"wp","href":"https:\/\/api.w.org\/{rel}","templated":true}]}}