{"id":2540,"date":"2025-02-17T09:50:16","date_gmt":"2025-02-17T09:50:16","guid":{"rendered":"https:\/\/vavcase.com\/?post_type=product&#038;p=2540"},"modified":"2025-11-10T10:27:35","modified_gmt":"2025-11-10T10:27:35","slug":"new-bee-headphone-stand-headset-holder-earphone-stand-with-aluminum-supporting-bar-flexible-headrest-abs-solid-base-for-all-headphones-size","status":"publish","type":"product","link":"https:\/\/vavcase.com\/de\/produkt\/neue-biene-kopfhorer-stand-headset-halter-kopfhorer-stand-mit-aluminium-unterstutzung-bar-flexible-kopfstutze-abs-solide-basis-fur-alle-kopfhorer-grose\/","title":{"rendered":"Neue Biene Kopfh\u00f6rer Stand Headset Halter Kopfh\u00f6rer Stand mit Aluminium Unterst\u00fctzung Bar Flexible Kopfst\u00fctze ABS solide Basis f\u00fcr alle Kopfh\u00f6rer Gr\u00f6\u00dfe"},"content":{"rendered":"<h2>Informationen zum Produkt<\/h2>\n<div class=\"a-row a-spacing-top-base\">\n<div class=\"a-column a-span6\">\n<div class=\"a-row a-spacing-base\">\n<div class=\"a-section table-padding\">\n<table id=\"productDetails_detailBullets_sections1\" class=\"a-keyvalue prodDetTable\" role=\"presentation\">\n<tbody>\n<tr>\n<th class=\"a-color-secondary a-size-base prodDetSectionEntry\">Artikel Gewicht<\/th>\n<td class=\"a-size-base prodDetAttrValue\">3,56 Unzen<\/td>\n<\/tr>\n<tr>\n<th class=\"a-color-secondary a-size-base prodDetSectionEntry\">Produkt Abmessungen<\/th>\n<td class=\"a-size-base prodDetAttrValue\">1,97 x 1,97 x 7,87 Zoll<\/td>\n<\/tr>\n<tr>\n<th class=\"a-color-secondary a-size-base prodDetSectionEntry\">ASIN<\/th>\n<td class=\"a-size-base prodDetAttrValue\">B01GJQ7N94<\/td>\n<\/tr>\n<tr>\n<th class=\"a-color-secondary a-size-base prodDetSectionEntry\">Modellnummer des Artikels<\/th>\n<td class=\"a-size-base prodDetAttrValue\">Z1<\/td>\n<\/tr>\n<tr>\n<th class=\"a-color-secondary a-size-base prodDetSectionEntry\">Kundenrezensionen<\/th>\n<td class=\"a-size-base\">\n<div id=\"averageCustomerReviews\" data-asin=\"B01GJQ7N94\" data-ref=\"dpx_acr_pop_\"><span class=\"a-declarative\" data-action=\"acrStarsLink-click-metrics\" data-acrstarslink-click-metrics=\"{}\"><span id=\"acrPopover\" class=\"reviewCountTextLinkedHistogram noUnderline\" title=\"4,6 von 5 Sternen\"><a class=\"a-popover-trigger a-declarative\" role=\"button\"><span class=\"a-size-base a-color-base\">4.6\u00a0<\/span><i class=\"a-icon a-icon-star a-star-4-5 cm-cr-review-stars-spacing-big\"><span class=\"a-icon-alt\">4,6 von 5 Sternen<\/span><\/i>\u00a0<i class=\"a-icon a-icon-popover\"><\/i><\/a>\u00a0\u00a0<\/span><\/span>\u00a0<span class=\"a-declarative\" data-action=\"acrLink-click-metrics\" data-acrlink-click-metrics=\"{}\"><a id=\"acrCustomerReviewLink\" class=\"a-link-normal\" href=\"https:\/\/www.amazon.com\/Headphone-New-Earphone-Supporting-Headphones\/dp\/B01GJQ7N94\/ref=sr_1_3?crid=2E1D1X94YOD6J&amp;dib=eyJ2IjoiMSJ9.lfWIQ9Fyq1SLL2jZOkD6FldwIwyeeGhgak5fQgWZ90SEz5Qrts3gQ9_mdktZ5WHfvEdK2npZfgZR1Zxlsxa2BL5ZA1UyEwbkdGFdPbTz2AAJAhaZCqQi5vNFbOCYG0xGfwVTWHD_0fhQtUIN4OLmhMihhDBssCPHm0sXwUue8u70UILj1ziW-Iky3sdegtag9sRTzCOaoXJH0KQr7vHC56UxEET9LrJbojTJvyvR7-o.3DAqE5cPMmswDOzujncxLOE81PC5HE62SxrGEMkj-_M&amp;dib_tag=se&amp;keywords=Headset%2BStands&amp;qid=1739785103&amp;sprefix=headset%2Bstands%2B%2Caps%2C378&amp;sr=8-3&amp;th=1#customerReviews\"><span id=\"acrCustomerReviewText\" class=\"a-size-base\">32.071 Bewertungen<\/span><\/a><\/span><\/div>\n<p>4,6 von 5 Sternen<\/td>\n<\/tr>\n<tr>\n<th class=\"a-color-secondary a-size-base prodDetSectionEntry\">Wird vom Hersteller abgek\u00fcndigt<\/th>\n<td class=\"a-size-base prodDetAttrValue\">Nein<\/td>\n<\/tr>\n<tr>\n<th class=\"a-color-secondary a-size-base prodDetSectionEntry\">Datum der Erstverf\u00fcgbarkeit<\/th>\n<td class=\"a-size-base prodDetAttrValue\">Juni 3, 2016<\/td>\n<\/tr>\n<tr>\n<th class=\"a-color-secondary a-size-base prodDetSectionEntry\">Farbe Name<\/th>\n<td class=\"a-size-base prodDetAttrValue\">Schwarz<\/td>\n<\/tr>\n<tr>\n<th class=\"a-color-secondary a-size-base prodDetSectionEntry\">Kompatible Ger\u00e4te<\/th>\n<td class=\"a-size-base prodDetAttrValue\">Kopfh\u00f6rer<\/td>\n<\/tr>\n<tr>\n<th class=\"a-color-secondary a-size-base prodDetSectionEntry\">Material Typ<\/th>\n<td class=\"a-size-base prodDetAttrValue\">Thermoplastisches Polyurethan<\/td>\n<\/tr>\n<tr>\n<th class=\"a-color-secondary a-size-base prodDetSectionEntry\">Gr\u00f6\u00dfe<\/th>\n<td class=\"a-size-base prodDetAttrValue\">1 Packung<\/td>\n<\/tr>\n<\/tbody>\n<\/table>\n<\/div>\n<\/div>\n<\/div>\n<\/div>","protected":false},"excerpt":{"rendered":"<p><strong>Kompatibilit\u00e4t:<\/strong> Der neue Bienen-Kopfh\u00f6rerst\u00e4nder ist mit einer breiten Palette von Kopfh\u00f6rern kompatibel, darunter der Sennheiser 202 II HD598 HD 650 HD700, Dre Beats Solo, Koss Porta Pro, Sony MDR7506, Philips, AKG K612, Hyper X Cloud II, Astro A50, AT M50 und TB 420x.<br \/>\n<strong>Robust:<\/strong> Dieser aus TPU-Gummi und Aluminium gefertigte Kopfh\u00f6rerst\u00e4nder garantiert einen sicheren und stabilen Stand f\u00fcr Ihre Kopfh\u00f6rer. Bitte stellen Sie sicher, dass der Schreibtisch staubfrei und eben ist, bevor Sie den Kopfh\u00f6rerhalter darauf platzieren.<br \/>\n<strong>Architektur:<\/strong> Dieser kabellose Kopfh\u00f6rerst\u00e4nder eignet sich f\u00fcr den Einsatz zu Hause, im B\u00fcro, im Studio, im Schlafzimmer oder neben dem Fernseher und besticht durch sein markantes und modisches Aussehen.<\/p>\n<p><strong>Gr\u00f6\u00dfe:<\/strong> Der Gaming-Headset-Halter misst ungef\u00e4hr 8,85 Zoll in der H\u00f6he, 3,7 Zoll in der L\u00e4nge und 3,7 Zoll in der Breite und ist unglaublich tragbar, da er kompakt und leicht ist und vor allem eine unverwechselbare modische \u00c4sthetik besitzt.<br \/>\n<strong>Raum bewahren:<\/strong> Durch die Aufh\u00e4ngung des Kopfh\u00f6rers entf\u00e4llt die Notwendigkeit, eine H\u00f6rmuschel zu platzieren, was die Organisation auf dem Schreibtisch erleichtert und Platz spart.<\/p>","protected":false},"featured_media":2544,"comment_status":"open","ping_status":"closed","template":"","meta":[],"product_brand":[],"product_cat":[68,58],"product_tag":[],"class_list":{"0":"post-2540","1":"product","2":"type-product","3":"status-publish","4":"has-post-thumbnail","6":"product_cat-headset-stands","7":"product_cat-setup-accessories","9":"first","10":"instock","11":"featured","12":"shipping-taxable","13":"purchasable","14":"product-type-simple"},"_links":{"self":[{"href":"https:\/\/vavcase.com\/de\/wp-json\/wp\/v2\/product\/2540","targetHints":{"allow":["GET"]}}],"collection":[{"href":"https:\/\/vavcase.com\/de\/wp-json\/wp\/v2\/product"}],"about":[{"href":"https:\/\/vavcase.com\/de\/wp-json\/wp\/v2\/types\/product"}],"replies":[{"embeddable":true,"href":"https:\/\/vavcase.com\/de\/wp-json\/wp\/v2\/comments?post=2540"}],"wp:featuredmedia":[{"embeddable":true,"href":"https:\/\/vavcase.com\/de\/wp-json\/wp\/v2\/media\/2544"}],"wp:attachment":[{"href":"https:\/\/vavcase.com\/de\/wp-json\/wp\/v2\/media?parent=2540"}],"wp:term":[{"taxonomy":"product_brand","embeddable":true,"href":"https:\/\/vavcase.com\/de\/wp-json\/wp\/v2\/product_brand?post=2540"},{"taxonomy":"product_cat","embeddable":true,"href":"https:\/\/vavcase.com\/de\/wp-json\/wp\/v2\/product_cat?post=2540"},{"taxonomy":"product_tag","embeddable":true,"href":"https:\/\/vavcase.com\/de\/wp-json\/wp\/v2\/product_tag?post=2540"}],"curies":[{"name":"wp","href":"https:\/\/api.w.org\/{rel}","templated":true}]}}