{"id":2549,"date":"2025-02-17T09:55:55","date_gmt":"2025-02-17T09:55:55","guid":{"rendered":"https:\/\/vavcase.com\/?post_type=product&#038;p=2549"},"modified":"2026-03-20T15:45:35","modified_gmt":"2026-03-20T15:45:35","slug":"usb-rgb-headphone-stand-with-3-usb-3-0-ports-rgb-lights-the-portal-ultimate-gaming-accessories","status":"publish","type":"product","link":"https:\/\/vavcase.com\/de\/produkt\/usb-rgb-kopfhorerstander-mit-3-usb-3-0-anschlusse-rgb-leuchtet-das-portal-ultimative-gaming-zubehor\/","title":{"rendered":"USB-RGB-Kopfh\u00f6rerst\u00e4nder mit 3 USB-3.0-Anschl\u00fcssen RGB-Leuchten Das Portal Ultimatives Gaming-Zubeh\u00f6r"},"content":{"rendered":"<h3 class=\"a-spacing-mini\">Der RGB-Headset-St\u00e4nder wird Ihren Gaming-Schreibtisch mit einzigartigem Stil und praktischer Funktionalit\u00e4t bereichern.<\/h3>\n<p class=\"a-spacing-base\">Size:156mm*161mm*261mm<\/p>\n<p class=\"a-spacing-base\">RGB-Licht:12 Modelle<\/p>\n<p class=\"a-spacing-base\">EQ:3 Modelle<\/p>\n<p class=\"a-spacing-base\">Anschluss:3 USB 3.0<\/p>\n<p class=\"a-spacing-base\">Einrichten:<\/p>\n<p class=\"a-spacing-base\">1. Suchen Sie das mitgelieferte USB-Kabel und stecken Sie es in die R\u00fcckseite des Headset-St\u00e4nders. Stecken Sie das andere Ende in den USB-Anschluss an Ihrem Computer.<\/p>\n<p class=\"a-spacing-base\">2. Sie sehen das RGB-Licht aufleuchten.<\/p>\n<p class=\"a-spacing-base\">3. Sie k\u00f6nnen nun weitere USB-Anschl\u00fcsse sowie Kopfh\u00f6rer und Mikrofon in die entsprechenden Buchsen einstecken.<\/p>\n<p class=\"a-spacing-base\">4. Auf der Au\u00dfenverpackung finden Sie Bilder, die Ihnen zeigen, wo Sie Ihre Ger\u00e4te anschlie\u00dfen m\u00fcssen, falls Sie verwirrt sind.<\/p>\n<h2>Informationen zum Produkt<\/h2>\n<div class=\"a-row a-spacing-top-base\">\n<div class=\"a-column a-span6\">\n<div class=\"a-row a-spacing-base\">\n<div class=\"a-section table-padding\">\n<table id=\"productDetails_detailBullets_sections1\" class=\"a-keyvalue prodDetTable\" role=\"presentation\">\n<tbody>\n<tr>\n<th class=\"a-color-secondary a-size-base prodDetSectionEntry\">Abmessungen der Verpackung<\/th>\n<td class=\"a-size-base prodDetAttrValue\">10,4 x 6,6 x 6,6 Zoll<\/td>\n<\/tr>\n<tr>\n<th class=\"a-color-secondary a-size-base prodDetSectionEntry\">Artikel Gewicht<\/th>\n<td class=\"a-size-base prodDetAttrValue\">1,5 Pfund<\/td>\n<\/tr>\n<tr>\n<th class=\"a-color-secondary a-size-base prodDetSectionEntry\">ASIN<\/th>\n<td class=\"a-size-base prodDetAttrValue\">B08VDZPRKC<\/td>\n<\/tr>\n<tr>\n<th class=\"a-color-secondary a-size-base prodDetSectionEntry\">Modellnummer des Artikels<\/th>\n<td class=\"a-size-base prodDetAttrValue\">502<\/td>\n<\/tr>\n<tr>\n<th class=\"a-color-secondary a-size-base prodDetSectionEntry\">Kundenrezensionen<\/th>\n<td class=\"a-size-base\">\n<div id=\"averageCustomerReviews\" data-asin=\"B08VDZPRKC\" data-ref=\"dpx_acr_pop_\"><span class=\"a-declarative\" data-action=\"acrStarsLink-click-metrics\" data-acrstarslink-click-metrics=\"{}\"><span id=\"acrPopover\" class=\"reviewCountTextLinkedHistogram noUnderline\" title=\"4,6 von 5 Sternen\"><a class=\"a-popover-trigger a-declarative\" role=\"button\"><span class=\"a-size-base a-color-base\">4.6\u00a0<\/span><i class=\"a-icon a-icon-star a-star-4-5 cm-cr-review-stars-spacing-big\"><span class=\"a-icon-alt\">4,6 von 5 Sternen<\/span><\/i>\u00a0<i class=\"a-icon a-icon-popover\"><\/i><\/a>\u00a0\u00a0<\/span><\/span>\u00a0<span class=\"a-declarative\" data-action=\"acrLink-click-metrics\" data-acrlink-click-metrics=\"{}\"><a id=\"acrCustomerReviewLink\" class=\"a-link-normal\" href=\"https:\/\/www.amazon.com\/Headphone-Lights-Trusyo-Ultimate-Accessories\/dp\/B08VDZPRKC\/ref=sr_1_2_sspa?crid=36HLINIDF3N3J&amp;keywords=%E2%80%A2+Headset+Stands+with+Protectionection.&amp;qid=1739784941&amp;sprefix=headset+stands+with+protectionection.%2Caps%2C348&amp;sr=8-2-spons&amp;sp_csd=d2lkZ2V0TmFtZT1zcF9hdGY&amp;psc=1#customerReviews\"><span id=\"acrCustomerReviewText\" class=\"a-size-base\">325 Bewertungen<\/span><\/a><\/span><\/div>\n<p>4,6 von 5 Sternen<\/td>\n<\/tr>\n<tr>\n<th class=\"a-color-secondary a-size-base prodDetSectionEntry\">Meistverkaufter Rang<\/th>\n<td>#45,054 in Videospiele (<a href=\"https:\/\/www.amazon.com\/gp\/bestsellers\/videogames\/ref=pd_zg_ts_videogames\">Siehe Top 100 in Videospiele<\/a>)<br \/>\n#1,343 in\u00a0<a href=\"https:\/\/www.amazon.com\/gp\/bestsellers\/videogames\/402053011\/ref=pd_zg_hrsr_videogames\">PC-Spiel-Headsets<\/a><\/td>\n<\/tr>\n<\/tbody>\n<\/table>\n<\/div>\n<\/div>\n<\/div>\n<\/div>","protected":false},"excerpt":{"rendered":"<p><strong>USB-Hub mit 3.0-Anschl\u00fcssen:<\/strong> bietet eine Hochgeschwindigkeits-USB-Ladeschnittstelle f\u00fcr Ihr gesamtes Gaming-Zubeh\u00f6r. Ihre Schnelligkeit ist entscheidend, egal ob es sich um externe Festplatten, M\u00e4use, Tastaturen oder andere Ger\u00e4te handelt.<br \/>\n<strong>3,5-mm-Mikrofonanschluss:<\/strong> erm\u00f6glicht den Anschluss eines externen Mikrofons f\u00fcr Live-Streaming oder Kommunikation mit Verb\u00fcndeten w\u00e4hrend des Spiels.<br \/>\n<strong>3,5-mm-Kopfh\u00f6reranschluss:<\/strong> erm\u00f6glicht es den Nutzern, Audiosignale von ihrem Computer zu h\u00f6ren, indem sie sie direkt in den Kopfh\u00f6rerst\u00e4nder einstecken.<\/p>\n<p>Eingebautes Soundger\u00e4t, mit dem der Benutzer den Equalizer per Tastendruck einstellen und die f\u00fcr sein Spiel am besten geeignete Einstellung ermitteln kann.<br \/>\nEs wurde auf den 12*-Modus aktualisiert. Ihr PC-Zubeh\u00f6r ist mit einer vollst\u00e4ndigen RGB-Beleuchtung ausgestattet, die es mit der n\u00f6tigen Farbe versorgt. Die RGB-Beleuchtung verleiht Ihrem Gaming-Setup im Dunkeln ein lebendiges Strahlen und sorgt daf\u00fcr, dass Sie vom Spiel gefesselt bleiben.<\/p>","protected":false},"featured_media":2553,"comment_status":"open","ping_status":"closed","template":"","meta":[],"product_brand":[],"product_cat":[68,58],"product_tag":[],"class_list":{"0":"post-2549","1":"product","2":"type-product","3":"status-publish","4":"has-post-thumbnail","6":"product_cat-headset-stands","7":"product_cat-setup-accessories","9":"first","10":"instock","11":"shipping-taxable","12":"purchasable","13":"product-type-simple"},"_links":{"self":[{"href":"https:\/\/vavcase.com\/de\/wp-json\/wp\/v2\/product\/2549","targetHints":{"allow":["GET"]}}],"collection":[{"href":"https:\/\/vavcase.com\/de\/wp-json\/wp\/v2\/product"}],"about":[{"href":"https:\/\/vavcase.com\/de\/wp-json\/wp\/v2\/types\/product"}],"replies":[{"embeddable":true,"href":"https:\/\/vavcase.com\/de\/wp-json\/wp\/v2\/comments?post=2549"}],"wp:featuredmedia":[{"embeddable":true,"href":"https:\/\/vavcase.com\/de\/wp-json\/wp\/v2\/media\/2553"}],"wp:attachment":[{"href":"https:\/\/vavcase.com\/de\/wp-json\/wp\/v2\/media?parent=2549"}],"wp:term":[{"taxonomy":"product_brand","embeddable":true,"href":"https:\/\/vavcase.com\/de\/wp-json\/wp\/v2\/product_brand?post=2549"},{"taxonomy":"product_cat","embeddable":true,"href":"https:\/\/vavcase.com\/de\/wp-json\/wp\/v2\/product_cat?post=2549"},{"taxonomy":"product_tag","embeddable":true,"href":"https:\/\/vavcase.com\/de\/wp-json\/wp\/v2\/product_tag?post=2549"}],"curies":[{"name":"wp","href":"https:\/\/api.w.org\/{rel}","templated":true}]}}