{"id":2558,"date":"2025-02-17T10:03:05","date_gmt":"2025-02-17T10:03:05","guid":{"rendered":"https:\/\/vavcase.com\/?post_type=product&#038;p=2558"},"modified":"2026-04-01T17:54:55","modified_gmt":"2026-04-01T17:54:55","slug":"lamicall-headphone-stand-desktop-headset-holder-desk-earphone-stand-for-all-headsets","status":"publish","type":"product","link":"https:\/\/vavcase.com\/de\/produkt\/lamicall-kopfhorerstander-tisch-headset-halter-tisch-kopfhorerstander-fur-alle-headsets\/","title":{"rendered":"Lamicall Kopfh\u00f6rer-St\u00e4nder, Desktop-Headset-Halter - Schreibtisch-Kopfh\u00f6rer-St\u00e4nder, f\u00fcr alle Headsets"},"content":{"rendered":"<h2>Informationen zum Produkt<\/h2>\n<div class=\"a-row a-spacing-top-base\">\n<div class=\"a-column a-span6\">\n<div class=\"a-row a-spacing-base\">\n<div class=\"a-section table-padding\">\n<table id=\"productDetails_detailBullets_sections1\" class=\"a-keyvalue prodDetTable\" role=\"presentation\">\n<tbody>\n<tr>\n<th class=\"a-color-secondary a-size-base prodDetSectionEntry\">Produkt Abmessungen<\/th>\n<td class=\"a-size-base prodDetAttrValue\">5,12 x 5,12 x 11,42 Zoll<\/td>\n<\/tr>\n<tr>\n<th class=\"a-color-secondary a-size-base prodDetSectionEntry\">Artikel Gewicht<\/th>\n<td class=\"a-size-base prodDetAttrValue\">9,9 Unzen<\/td>\n<\/tr>\n<tr>\n<th class=\"a-color-secondary a-size-base prodDetSectionEntry\">ASIN<\/th>\n<td class=\"a-size-base prodDetAttrValue\">B07ZYTS86X<\/td>\n<\/tr>\n<tr>\n<th class=\"a-color-secondary a-size-base prodDetSectionEntry\">Modellnummer des Artikels<\/th>\n<td class=\"a-size-base prodDetAttrValue\">H1-CA-B<\/td>\n<\/tr>\n<tr>\n<th class=\"a-color-secondary a-size-base prodDetSectionEntry\">Kundenrezensionen<\/th>\n<td class=\"a-size-base\">\n<div id=\"averageCustomerReviews\" data-asin=\"B07ZYTS86X\" data-ref=\"dpx_acr_pop_\"><span class=\"a-declarative\" data-action=\"acrStarsLink-click-metrics\" data-acrstarslink-click-metrics=\"{}\"><span id=\"acrPopover\" class=\"reviewCountTextLinkedHistogram noUnderline\" title=\"4,8 von 5 Sternen\"><a class=\"a-popover-trigger a-declarative\" role=\"button\"><span class=\"a-size-base a-color-base\">4.8\u00a0<\/span><i class=\"a-icon a-icon-star a-star-5 cm-cr-review-stars-spacing-big\"><span class=\"a-icon-alt\">4,8 von 5 Sternen<\/span><\/i>\u00a0<i class=\"a-icon a-icon-popover\"><\/i><\/a>\u00a0\u00a0<\/span><\/span>\u00a0<span class=\"a-declarative\" data-action=\"acrLink-click-metrics\" data-acrlink-click-metrics=\"{}\"><a id=\"acrCustomerReviewLink\" class=\"a-link-normal\" href=\"https:\/\/www.amazon.com\/Headphone-Desktop-Stand-Headset-Holder\/dp\/B07ZYTS86X\/ref=sr_1_21?crid=2E1D1X94YOD6J&amp;dib=eyJ2IjoiMSJ9.lfWIQ9Fyq1SLL2jZOkD6FldwIwyeeGhgak5fQgWZ90SEz5Qrts3gQ9_mdktZ5WHfvEdK2npZfgZR1Zxlsxa2BL5ZA1UyEwbkdGFdPbTz2AAJAhaZCqQi5vNFbOCYG0xGfwVTWHD_0fhQtUIN4OLmhMihhDBssCPHm0sXwUue8u70UILj1ziW-Iky3sdegtag9sRTzCOaoXJH0KQr7vHC56UxEET9LrJbojTJvyvR7-o.3DAqE5cPMmswDOzujncxLOE81PC5HE62SxrGEMkj-_M&amp;dib_tag=se&amp;keywords=Headset%2BStands&amp;qid=1739786243&amp;sprefix=headset%2Bstands%2B%2Caps%2C378&amp;sr=8-21&amp;th=1#customerReviews\"><span id=\"acrCustomerReviewText\" class=\"a-size-base\">7.941 Bewertungen<\/span><\/a><\/span><\/div>\n<p>4,8 von 5 Sternen<\/td>\n<\/tr>\n<tr>\n<th class=\"a-color-secondary a-size-base prodDetSectionEntry\">Meistverkaufter Rang<\/th>\n<td>#6,523 in Elektronik (<a href=\"https:\/\/www.amazon.com\/gp\/bestsellers\/electronics\/ref=pd_zg_ts_electronics\">Siehe Top 100 in Elektronik<\/a>)<br \/>\n#1,800 in\u00a0<a href=\"https:\/\/www.amazon.com\/gp\/bestsellers\/electronics\/24046923011\/ref=pd_zg_hrsr_electronics\">Kopfh\u00f6rer, Ohrst\u00f6psel und Zubeh\u00f6r<\/a><\/td>\n<\/tr>\n<\/tbody>\n<\/table>\n<\/div>\n<\/div>\n<\/div>\n<\/div>","protected":false},"excerpt":{"rendered":"<p><strong>Solide und elegant:<\/strong> Das leichte und zerlegbare Design dieses Kopfh\u00f6rerhalters wird durch die Verwendung von hochwertigem ABS-Kunststoff und Aluminium erreicht. Um die Sicherheit und Stabilit\u00e4t Ihrer Kopfh\u00f6rer zu gew\u00e4hrleisten, verf\u00fcgt das Design \u00fcber einen niedrigen Schwerpunkt.<br \/>\n<strong>Multiszenario-Anwendung:<\/strong> Diese Tischhalterung f\u00fcr Kopfh\u00f6rer eignet sich f\u00fcr den Einsatz zu Hause, im B\u00fcro, im Aufnahmestudio, im Schlafzimmer oder neben Ihrem Computer. Sie ist sowohl mit als auch ohne Kabel erh\u00e4ltlich.<br \/>\n<strong>Kopfh\u00f6rer sch\u00fctzen:<\/strong> Der Teil dieses Kopfh\u00f6reraufsatzes, der die Kopfh\u00f6rer aufnimmt, ist aus hochwertigem ABS-Kunststoff gefertigt und verf\u00fcgt \u00fcber ein gebogenes Oberfl\u00e4chendesign. Verhindern Sie das Risiko von Sch\u00e4den am Schwamm des Kopfh\u00f6rerbalkens.<\/p>\n<p><strong>Einzigartiges Erscheinungsbild Design:<\/strong> Dieser Kopfh\u00f6rerhalter ist ein Produkt umfassender Forschung und Gestaltung, inspiriert durch das Aussehen des Rotkehlchens. Ein praktischer und eleganter Begleiter f\u00fcr den Gaming\/Musik\/Monitor-Kopfh\u00f6rer.<br \/>\n<strong>Kompatibel mit einer breiten Palette von Kopfh\u00f6rern:\u00a0<\/strong> Dieser Desktop-Kopfh\u00f6rerhalter ist mit einer Vielzahl von Kopfh\u00f6rern kompatibel, darunter AirPods Max, Sennheiser, Philips, AKG, Beyerdynamic, B&amp;W, HyperX, Razer Gaming Headphones, Logitech, Audio Technica und R OG Gaming Headsets.<\/p>","protected":false},"featured_media":2566,"comment_status":"open","ping_status":"closed","template":"","meta":[],"product_brand":[],"product_cat":[68,58],"product_tag":[],"class_list":{"0":"post-2558","1":"product","2":"type-product","3":"status-publish","4":"has-post-thumbnail","6":"product_cat-headset-stands","7":"product_cat-setup-accessories","9":"first","10":"instock","11":"shipping-taxable","12":"purchasable","13":"product-type-simple"},"_links":{"self":[{"href":"https:\/\/vavcase.com\/de\/wp-json\/wp\/v2\/product\/2558","targetHints":{"allow":["GET"]}}],"collection":[{"href":"https:\/\/vavcase.com\/de\/wp-json\/wp\/v2\/product"}],"about":[{"href":"https:\/\/vavcase.com\/de\/wp-json\/wp\/v2\/types\/product"}],"replies":[{"embeddable":true,"href":"https:\/\/vavcase.com\/de\/wp-json\/wp\/v2\/comments?post=2558"}],"wp:featuredmedia":[{"embeddable":true,"href":"https:\/\/vavcase.com\/de\/wp-json\/wp\/v2\/media\/2566"}],"wp:attachment":[{"href":"https:\/\/vavcase.com\/de\/wp-json\/wp\/v2\/media?parent=2558"}],"wp:term":[{"taxonomy":"product_brand","embeddable":true,"href":"https:\/\/vavcase.com\/de\/wp-json\/wp\/v2\/product_brand?post=2558"},{"taxonomy":"product_cat","embeddable":true,"href":"https:\/\/vavcase.com\/de\/wp-json\/wp\/v2\/product_cat?post=2558"},{"taxonomy":"product_tag","embeddable":true,"href":"https:\/\/vavcase.com\/de\/wp-json\/wp\/v2\/product_tag?post=2558"}],"curies":[{"name":"wp","href":"https:\/\/api.w.org\/{rel}","templated":true}]}}