{"id":2568,"date":"2025-02-17T10:06:40","date_gmt":"2025-02-17T10:06:40","guid":{"rendered":"https:\/\/vavcase.com\/?post_type=product&#038;p=2568"},"modified":"2026-02-09T06:58:15","modified_gmt":"2026-02-09T06:58:15","slug":"headphone-stand-universal-aluminum-metal-holder-for-airpods-max-hyperx-cloud-ii-xbox-one-turtle-beach-sennheiser-sony-bose-beats-pc-gaming-headset-display-bluetooth-headphones","status":"publish","type":"product","link":"https:\/\/vavcase.com\/de\/produkt\/kopfhorerstander-universal-aluminium-metallhalterung-fur-airpods-max-hyperx-cloud-ii-xbox-one-turtle-beach-sennheiser-sony-bose-beats-pc-gaming-headset-display-bluetooth-kopfhorer\/","title":{"rendered":"Kopfh\u00f6rerst\u00e4nder, Universal-Aluminium-Metallhalterung f\u00fcr AirPods Max, HyperX Cloud II, Xbox One, Turtle Beach, Sennheiser, Sony, Bose, Beats PC Gaming Headset Display &amp; Bluetooth Kopfh\u00f6rer"},"content":{"rendered":"<h2>Informationen zum Produkt<\/h2>\n<div class=\"a-row a-spacing-top-base\">\n<div class=\"a-column a-span6\">\n<div class=\"a-row a-spacing-base\">\n<div class=\"a-section table-padding\">\n<table id=\"productDetails_detailBullets_sections1\" class=\"a-keyvalue prodDetTable\" role=\"presentation\">\n<tbody>\n<tr>\n<th class=\"a-color-secondary a-size-base prodDetSectionEntry\">Abmessungen der Verpackung<\/th>\n<td class=\"a-size-base prodDetAttrValue\">8,5 x 3,9 x 0,91 Zoll<\/td>\n<\/tr>\n<tr>\n<th class=\"a-color-secondary a-size-base prodDetSectionEntry\">Artikel Gewicht<\/th>\n<td class=\"a-size-base prodDetAttrValue\">4,2 Unzen<\/td>\n<\/tr>\n<tr>\n<th class=\"a-color-secondary a-size-base prodDetSectionEntry\">ASIN<\/th>\n<td class=\"a-size-base prodDetAttrValue\">B08MFHP21R<\/td>\n<\/tr>\n<tr>\n<th class=\"a-color-secondary a-size-base prodDetSectionEntry\">Modellnummer des Artikels<\/th>\n<td class=\"a-size-base prodDetAttrValue\">Kopfh\u00f6rerst\u00e4nder<\/td>\n<\/tr>\n<tr>\n<th class=\"a-color-secondary a-size-base prodDetSectionEntry\">Kundenrezensionen<\/th>\n<td class=\"a-size-base\">\n<div id=\"averageCustomerReviews\" data-asin=\"B08MFHP21R\" data-ref=\"dpx_acr_pop_\"><span class=\"a-declarative\" data-action=\"acrStarsLink-click-metrics\" data-acrstarslink-click-metrics=\"{}\"><span id=\"acrPopover\" class=\"reviewCountTextLinkedHistogram noUnderline\" title=\"4,6 von 5 Sternen\"><a class=\"a-popover-trigger a-declarative\" role=\"button\"><span class=\"a-size-base a-color-base\">4.6\u00a0<\/span><i class=\"a-icon a-icon-star a-star-4-5 cm-cr-review-stars-spacing-big\"><span class=\"a-icon-alt\">4,6 von 5 Sternen<\/span><\/i>\u00a0<i class=\"a-icon a-icon-popover\"><\/i><\/a>\u00a0\u00a0<\/span><\/span>\u00a0<span class=\"a-declarative\" data-action=\"acrLink-click-metrics\" data-acrlink-click-metrics=\"{}\"><a id=\"acrCustomerReviewLink\" class=\"a-link-normal\" href=\"https:\/\/www.amazon.com\/Headphone-Universal-Aluminum-Sennheiser-Wireless\/dp\/B08MFHP21R\/ref=sr_1_13?crid=2E1D1X94YOD6J&amp;dib=eyJ2IjoiMSJ9.lfWIQ9Fyq1SLL2jZOkD6FldwIwyeeGhgak5fQgWZ90SEz5Qrts3gQ9_mdktZ5WHfvEdK2npZfgZR1Zxlsxa2BL5ZA1UyEwbkdGFdPbTz2AAJAhaZCqQi5vNFbOCYG0xGfwVTWHD_0fhQtUIN4OLmhMihhDBssCPHm0sXwUue8u70UILj1ziW-Iky3sdegtag9sRTzCOaoXJH0KQr7vHC56UxEET9LrJbojTJvyvR7-o.3DAqE5cPMmswDOzujncxLOE81PC5HE62SxrGEMkj-_M&amp;dib_tag=se&amp;keywords=Headset%2BStands&amp;qid=1739786243&amp;sprefix=headset%2Bstands%2B%2Caps%2C378&amp;sr=8-13&amp;th=1#customerReviews\"><span id=\"acrCustomerReviewText\" class=\"a-size-base\">3.510 Bewertungen<\/span><\/a><\/span><\/div>\n<p>4,6 von 5 Sternen<\/td>\n<\/tr>\n<tr>\n<th class=\"a-color-secondary a-size-base prodDetSectionEntry\">Meistverkaufter Rang<\/th>\n<td>#1.674 in Videospiele (<a href=\"https:\/\/www.amazon.com\/gp\/bestsellers\/videogames\/ref=pd_zg_ts_videogames\">Siehe Top 100 in Videospiele<\/a>)<br \/>\n#131 in\u00a0<a href=\"https:\/\/www.amazon.com\/gp\/bestsellers\/videogames\/402053011\/ref=pd_zg_hrsr_videogames\">PC-Spiel-Headsets<\/a><\/td>\n<\/tr>\n<\/tbody>\n<\/table>\n<\/div>\n<\/div>\n<\/div>\n<\/div>","protected":false},"excerpt":{"rendered":"<p><strong>Praktikabilit\u00e4t:<\/strong> Nutzen Sie das maximale Potenzial des verf\u00fcgbaren Stauraums in der Heimaufbewahrung. Die Breite des Kopfh\u00f6rerst\u00e4nders kann in einem Radius von 4,5 cm aufgeh\u00e4ngt werden. Der h\u00e4ngende Kopfh\u00f6rer wurde entwickelt, um Ihnen zu helfen, Ihren Tisch zu organisieren und aufzur\u00e4umen. Er dient auch als Aufbewahrungsl\u00f6sung f\u00fcr Kopfh\u00f6rer und spart so Platz.<br \/>\n<strong>Weiches TPU-Pad Schutz:<\/strong> Das Polster des Kopfh\u00f6rerhalters fungiert als Polster und sch\u00fctzt den Kopfh\u00f6rer-Kopfb\u00fcgel vor tiefen Falten, auch wenn er l\u00e4ngere Zeit baumelt. Die Kopfst\u00fctze besteht aus einem flexiblen TPU-Material, das sich der Form Ihres Kopfh\u00f6rers anpasst. Der Halter ist mit Kopfh\u00f6rern aller Gr\u00f6\u00dfen kompatibel, von klein bis gro\u00df.<br \/>\n<strong>Abnehmbare Ausf\u00fchrung:<\/strong> Er besteht aus drei Komponenten und l\u00e4sst sich bei Nichtgebrauch m\u00fchelos abnehmen und auf Reisen platzsparend in einer Schublade, einem B\u00fccherregal oder im Gep\u00e4ck verstauen. Er ist kompakt, modern und - was am wichtigsten ist - umweltfreundlich.<\/p>\n<p><strong>Solide, robust und langlebig:<\/strong> Luftfahrt-Aluminium wird nach dem pr\u00e4zisen Schneiden durch CNC-Fr\u00e4sen von Hand poliert - KEIN CHEAP PLASTIC. Das Pufferdesign ist sowohl praktisch als auch \u00e4sthetisch ansprechend und hinterl\u00e4sst keine Spuren. Die Unterseiten sind mit Silikonpads ausgestattet, die einen au\u00dfergew\u00f6hnlichen Halt auf gl\u00e4nzenden Oberfl\u00e4chen garantieren.<br \/>\n<strong>Kompatibel mit den meisten Kopfh\u00f6rern:<\/strong> Er ist mit den meisten Kopfh\u00f6rern kompatibel, die eine Kopfbandbreite von 4,5 cm und eine Ger\u00e4teh\u00f6he von 22,5 cm haben, darunter Bluetooth-Kopfh\u00f6rer, Kopfh\u00f6rer mit aktiver Ger\u00e4uschunterdr\u00fcckung, Gaming-Kopfh\u00f6rer, Telefon-Headsets und Kinderkopfh\u00f6rer.<\/p>","protected":false},"featured_media":2576,"comment_status":"open","ping_status":"closed","template":"","meta":[],"product_brand":[],"product_cat":[68,58],"product_tag":[],"class_list":{"0":"post-2568","1":"product","2":"type-product","3":"status-publish","4":"has-post-thumbnail","6":"product_cat-headset-stands","7":"product_cat-setup-accessories","9":"first","10":"instock","11":"shipping-taxable","12":"purchasable","13":"product-type-simple"},"_links":{"self":[{"href":"https:\/\/vavcase.com\/de\/wp-json\/wp\/v2\/product\/2568","targetHints":{"allow":["GET"]}}],"collection":[{"href":"https:\/\/vavcase.com\/de\/wp-json\/wp\/v2\/product"}],"about":[{"href":"https:\/\/vavcase.com\/de\/wp-json\/wp\/v2\/types\/product"}],"replies":[{"embeddable":true,"href":"https:\/\/vavcase.com\/de\/wp-json\/wp\/v2\/comments?post=2568"}],"wp:featuredmedia":[{"embeddable":true,"href":"https:\/\/vavcase.com\/de\/wp-json\/wp\/v2\/media\/2576"}],"wp:attachment":[{"href":"https:\/\/vavcase.com\/de\/wp-json\/wp\/v2\/media?parent=2568"}],"wp:term":[{"taxonomy":"product_brand","embeddable":true,"href":"https:\/\/vavcase.com\/de\/wp-json\/wp\/v2\/product_brand?post=2568"},{"taxonomy":"product_cat","embeddable":true,"href":"https:\/\/vavcase.com\/de\/wp-json\/wp\/v2\/product_cat?post=2568"},{"taxonomy":"product_tag","embeddable":true,"href":"https:\/\/vavcase.com\/de\/wp-json\/wp\/v2\/product_tag?post=2568"}],"curies":[{"name":"wp","href":"https:\/\/api.w.org\/{rel}","templated":true}]}}