{"id":1801,"date":"2025-02-14T08:05:04","date_gmt":"2025-02-14T08:05:04","guid":{"rendered":"https:\/\/vavcase.com\/?post_type=product&#038;p=1801"},"modified":"2025-02-17T10:13:12","modified_gmt":"2025-02-17T10:13:12","slug":"swojg-ps5-slim-hard-shell-travel-case-grey-protective-carry-bag-for-ps5-slim-console-controllers-accessories","status":"publish","type":"product","link":"https:\/\/vavcase.com\/es\/producto\/swojg-ps5-slim-hard-shell-travel-case-grey-protective-carry-bag-for-ps5-slim-console-controllers-accessories\/","title":{"rendered":"SWOJG PS5 Slim Hard Shell Travel Case - Grey | Bolsa de transporte protectora para la consola PS5 Slim, mandos y accesorios"},"content":{"rendered":"<div class=\"dad65929\">\n<div class=\"f9bf7997 d7dc56a8 c05b5566\">\n<div class=\"ds-markdown ds-markdown--block\">\n<ul>\n<li data-start=\"0\" data-end=\"49\"><strong data-start=\"2\" data-end=\"47\">No compatible con la edici\u00f3n PS5 2020.<\/strong><\/li>\n<li data-start=\"50\" data-end=\"223\"><strong data-start=\"52\" data-end=\"80\">Soluci\u00f3n de almacenamiento seguro:<\/strong> Dise\u00f1ado para PS5 Slim (Disc\/Digital Edition) con compartimentos espec\u00edficos para la consola, mandos, cables, cables de alimentaci\u00f3n y accesorios.<\/li>\n<li data-start=\"224\" data-end=\"387\"><strong data-start=\"226\" data-end=\"260\">Protecci\u00f3n duradera de carcasa r\u00edgida:<\/strong> Tela de nailon resistente a ara\u00f1azos, carcasa dura de EVA y forro suave para proteger de golpes, ca\u00eddas y ara\u00f1azos durante los viajes.<\/li>\n<li data-start=\"388\" data-end=\"496\"><strong data-start=\"390\" data-end=\"417\">Dise\u00f1o apto para viajes:<\/strong> Ligero y port\u00e1til, perfecto para vuelos, viajes por carretera o eventos de juego.<\/li>\n<li data-start=\"497\" data-end=\"592\"><strong data-start=\"499\" data-end=\"526\">Una opci\u00f3n de regalo bien pensada:<\/strong> Ideal para cumplea\u00f1os, vacaciones u ocasiones especiales para jugadores.<\/li>\n<li data-start=\"593\" data-end=\"693\"><strong data-start=\"595\" data-end=\"626\">Transporte c\u00f3modo:<\/strong> Tirantes ajustables y asas acolchadas para facilitar el transporte.<\/li>\n<li data-start=\"694\" data-end=\"780\"><strong data-start=\"696\" data-end=\"718\">Interior espacioso:<\/strong> Amplio espacio para la consola, la base, los mandos y los accesorios.<\/li>\n<li data-start=\"781\" data-end=\"862\"><strong data-start=\"783\" data-end=\"799\">F\u00e1cil acceso:<\/strong> Acceso r\u00e1pido a la consola y los accesorios con una simple descompresi\u00f3n.<\/li>\n<li data-start=\"863\" data-end=\"951\"><strong data-start=\"865\" data-end=\"889\">Dise\u00f1o fino y elegante:<\/strong> Su tama\u00f1o compacto cabe en taquillas, debajo de los asientos o en espacios reducidos.<\/li>\n<li data-start=\"952\" data-end=\"1057\"><strong data-start=\"954\" data-end=\"974\">Uso vers\u00e1til:<\/strong> Perfecto para viajar, guardar o transportar su PS5 Slim a amigos o eventos.<\/li>\n<\/ul>\n<\/div>\n<table>\n<thead>\n<tr>\n<th><strong>Atributo<\/strong><\/th>\n<th><strong>Detalles<\/strong><\/th>\n<\/tr>\n<\/thead>\n<tbody>\n<tr>\n<td><strong>Dimensiones del producto<\/strong><\/td>\n<td>1\u2033L x 1\u2033An x 1\u2033Al<\/td>\n<\/tr>\n<tr>\n<td><strong>Tipo de carcasa<\/strong><\/td>\n<td>Duro<\/td>\n<\/tr>\n<tr>\n<td><strong>Tipo de cierre<\/strong><\/td>\n<td>Cremallera<\/td>\n<\/tr>\n<tr>\n<td><strong>Tipo de asa<\/strong><\/td>\n<td>Bandolera, asa superior<\/td>\n<\/tr>\n<tr>\n<td><strong>N\u00famero de compartimentos<\/strong><\/td>\n<td>2<\/td>\n<\/tr>\n<tr>\n<td><strong>Descripci\u00f3n del bolsillo<\/strong><\/td>\n<td>Bolsillo con cremallera<\/td>\n<\/tr>\n<tr>\n<td><strong>Tipo de correa<\/strong><\/td>\n<td>Asa de transporte, correa para el hombro<\/td>\n<\/tr>\n<tr>\n<td><strong>Fabricante<\/strong><\/td>\n<td>SWOJG<\/td>\n<\/tr>\n<tr>\n<td><strong>ASIN<\/strong><\/td>\n<td>B0DB7ZWZZ7<\/td>\n<\/tr>\n<tr>\n<td><strong>Clasificaci\u00f3n de los m\u00e1s vendidos<\/strong><\/td>\n<td>#20,916 en Videojuegos<\/td>\n<\/tr>\n<tr>\n<td><\/td>\n<td>#130 en Fundas PlayStation 5<\/td>\n<\/tr>\n<tr>\n<td><strong>N\u00famero de modelo<\/strong><\/td>\n<td>PS5 Slim Case Gris<\/td>\n<\/tr>\n<tr>\n<td><strong>Peso del art\u00edculo<\/strong><\/td>\n<td>3.1 libras<\/td>\n<\/tr>\n<tr>\n<td><strong>Departamento<\/strong><\/td>\n<td>Unisex-Adulto<\/td>\n<\/tr>\n<tr>\n<td><strong>Pa\u00eds de origen<\/strong><\/td>\n<td>China<\/td>\n<\/tr>\n<tr>\n<td><strong>Fecha de disponibilidad<\/strong><\/td>\n<td>26 de julio de 2024<\/td>\n<\/tr>\n<\/tbody>\n<\/table>\n<\/div>\n<\/div>","protected":false},"excerpt":{"rendered":"<div class=\"flex max-w-full flex-col flex-grow\">\n<div class=\"min-h-8 text-message flex w-full flex-col items-end gap-2 whitespace-normal break-words text-start [.text-message+&amp;]:mt-5\" dir=\"auto\" data-message-author-role=\"assistant\" data-message-id=\"96e868fc-2829-4b0a-9853-2e9b4317a4ec\" data-message-model-slug=\"gpt-4o\">\n<div class=\"flex w-full flex-col gap-1 empty:hidden first:pt-[3px]\">\n<div class=\"markdown prose w-full break-words dark:prose-invert dark\">\n<ul>\n<li data-start=\"0\" data-end=\"127\">Dise\u00f1ado para PS5 Slim (Disc\/Digital Edition) con compartimentos espec\u00edficos para consola, mandos, cables y accesorios.<\/li>\n<li data-start=\"128\" data-end=\"239\">La tela de nailon resistente a los ara\u00f1azos, la carcasa r\u00edgida de EVA y el forro suave protegen contra golpes, ca\u00eddas y ara\u00f1azos.<\/li>\n<li data-start=\"240\" data-end=\"311\">Ligero y port\u00e1til para vuelos, viajes por carretera o eventos de juego.<\/li>\n<li data-start=\"312\" data-end=\"368\">Ideal para cumplea\u00f1os, vacaciones u ocasiones especiales.<\/li>\n<li data-start=\"369\" data-end=\"437\">Tirantes ajustables y asas acolchadas para facilitar el transporte.<\/li>\n<li data-start=\"438\" data-end=\"501\">Amplio espacio para la consola, la base, los mandos y los accesorios.<\/li>\n<li data-start=\"502\" data-end=\"566\">Acceso r\u00e1pido a la consola y los accesorios con una simple descompresi\u00f3n.<\/li>\n<li data-start=\"567\" data-end=\"630\">Su tama\u00f1o compacto cabe en taquillas, debajo de los asientos o en espacios reducidos.<\/li>\n<li data-start=\"631\" data-end=\"713\">Ideal para viajar, guardar o transportar su PS5 Slim a amigos o eventos.<\/li>\n<\/ul>\n<\/div>\n<\/div>\n<\/div>\n<\/div>","protected":false},"featured_media":1803,"comment_status":"open","ping_status":"closed","template":"","meta":[],"product_brand":[],"product_cat":[60,55],"product_tag":[],"class_list":{"0":"post-1801","1":"product","2":"type-product","3":"status-publish","4":"has-post-thumbnail","6":"product_cat-console-cases","7":"product_cat-gaming-cases-protection","9":"first","10":"instock","11":"shipping-taxable","12":"purchasable","13":"product-type-simple"},"_links":{"self":[{"href":"https:\/\/vavcase.com\/es\/wp-json\/wp\/v2\/product\/1801","targetHints":{"allow":["GET"]}}],"collection":[{"href":"https:\/\/vavcase.com\/es\/wp-json\/wp\/v2\/product"}],"about":[{"href":"https:\/\/vavcase.com\/es\/wp-json\/wp\/v2\/types\/product"}],"replies":[{"embeddable":true,"href":"https:\/\/vavcase.com\/es\/wp-json\/wp\/v2\/comments?post=1801"}],"wp:featuredmedia":[{"embeddable":true,"href":"https:\/\/vavcase.com\/es\/wp-json\/wp\/v2\/media\/1803"}],"wp:attachment":[{"href":"https:\/\/vavcase.com\/es\/wp-json\/wp\/v2\/media?parent=1801"}],"wp:term":[{"taxonomy":"product_brand","embeddable":true,"href":"https:\/\/vavcase.com\/es\/wp-json\/wp\/v2\/product_brand?post=1801"},{"taxonomy":"product_cat","embeddable":true,"href":"https:\/\/vavcase.com\/es\/wp-json\/wp\/v2\/product_cat?post=1801"},{"taxonomy":"product_tag","embeddable":true,"href":"https:\/\/vavcase.com\/es\/wp-json\/wp\/v2\/product_tag?post=1801"}],"curies":[{"name":"wp","href":"https:\/\/api.w.org\/{rel}","templated":true}]}}