{"id":1855,"date":"2025-02-14T09:29:16","date_gmt":"2025-02-14T09:29:16","guid":{"rendered":"https:\/\/vavcase.com\/?post_type=product&#038;p=1855"},"modified":"2025-02-17T10:13:50","modified_gmt":"2025-02-17T10:13:50","slug":"diocall-hard-case-for-ps5-slim-2023-protective-travel-case-for-console-dualsense-controllers-accessories","status":"publish","type":"product","link":"https:\/\/vavcase.com\/es\/producto\/diocall-estuche-rigido-para-ps5-slim-2023-estuche-protector-de-viaje-para-consola-dualsense-controllers-accesorios\/","title":{"rendered":"Funda r\u00edgida Diocall para PS5 Slim (2023) - Funda protectora de viaje para consola, mandos DualSense y accesorios"},"content":{"rendered":"<ul>\n<li data-start=\"86\" data-end=\"336\">\n<p data-start=\"88\" data-end=\"125\"><strong data-start=\"88\" data-end=\"123\">Ajuste perfecto para PS5 Slim (2023)<\/strong><\/p>\n<ul data-start=\"128\" data-end=\"336\">\n<li data-start=\"128\" data-end=\"194\">Dise\u00f1ado espec\u00edficamente para la PS5 Slim Disc &amp; Digital Edition.<\/li>\n<li data-start=\"197\" data-end=\"275\">Garantiza un ajuste ce\u00f1ido y seguro (No compatible con la PS5 2020 original).<\/li>\n<li data-start=\"278\" data-end=\"336\">Proporciona una protecci\u00f3n fiable para viajes y transportes.<\/li>\n<\/ul>\n<\/li>\n<li data-start=\"338\" data-end=\"551\">\n<p data-start=\"340\" data-end=\"374\"><strong data-start=\"340\" data-end=\"372\">Almacenamiento espacioso y organizado<\/strong><\/p>\n<ul data-start=\"377\" data-end=\"551\">\n<li data-start=\"377\" data-end=\"461\">Gran capacidad para guardar la PS5 Slim, dos mandos DualSense y discos de juegos.<\/li>\n<li data-start=\"464\" data-end=\"551\">Secci\u00f3n de almacenamiento adicional para un soporte vertical, cables de carga y otros accesorios.<\/li>\n<\/ul>\n<\/li>\n<li data-start=\"553\" data-end=\"791\">\n<p data-start=\"555\" data-end=\"601\"><strong data-start=\"555\" data-end=\"599\">Protecci\u00f3n r\u00edgida para m\u00e1xima seguridad<\/strong><\/p>\n<ul data-start=\"604\" data-end=\"791\">\n<li data-start=\"604\" data-end=\"669\">Exterior r\u00edgido duradero con compartimentos interiores personalizados.<\/li>\n<li data-start=\"672\" data-end=\"730\">Protege la consola de golpes, ara\u00f1azos y polvo.<\/li>\n<li data-start=\"733\" data-end=\"791\">Su firme estructura mantiene los accesorios seguros durante el viaje.<\/li>\n<\/ul>\n<\/li>\n<li data-start=\"793\" data-end=\"970\">\n<p data-start=\"795\" data-end=\"835\"><strong data-start=\"795\" data-end=\"833\">F\u00e1cil de llevar y c\u00f3modo de sujetar<\/strong><\/p>\n<ul data-start=\"838\" data-end=\"970\">\n<li data-start=\"838\" data-end=\"906\">Bandolera acolchada y ajustable para m\u00faltiples opciones de transporte.<\/li>\n<li data-start=\"909\" data-end=\"970\">Correa suave y c\u00f3moda para transportarla sin esfuerzo.<\/li>\n<\/ul>\n<\/li>\n<li data-start=\"972\" data-end=\"1121\">\n<p data-start=\"974\" data-end=\"1006\"><strong data-start=\"974\" data-end=\"1004\">Ideal para jugadores en movimiento<\/strong><\/p>\n<ul data-start=\"1009\" data-end=\"1121\">\n<li data-start=\"1009\" data-end=\"1067\">Dise\u00f1o ligero pero resistente para viajar y guardar.<\/li>\n<li data-start=\"1070\" data-end=\"1121\">Perfecto para eventos de juego o para guardarlo en casa de forma segura.<\/li>\n<\/ul>\n<\/li>\n<\/ul>\n<table>\n<thead>\n<tr>\n<th><strong>Atributo<\/strong><\/th>\n<th><strong>Detalles<\/strong><\/th>\n<\/tr>\n<\/thead>\n<tbody>\n<tr>\n<td><strong>Dimensiones del producto<\/strong><\/td>\n<td>15\u2033L x 6,7\u2033A x 11\u2033Al<\/td>\n<\/tr>\n<tr>\n<td><strong>Peso del art\u00edculo<\/strong><\/td>\n<td>1,1 Kilogramos (2,42 libras)<\/td>\n<\/tr>\n<tr>\n<td><strong>Tipo de carcasa<\/strong><\/td>\n<td>Duro<\/td>\n<\/tr>\n<tr>\n<td><strong>Tipo de cierre<\/strong><\/td>\n<td>Cremallera<\/td>\n<\/tr>\n<tr>\n<td><strong>Tipo de asa<\/strong><\/td>\n<td>Suave<\/td>\n<\/tr>\n<tr>\n<td><strong>N\u00famero de compartimentos<\/strong><\/td>\n<td>3<\/td>\n<\/tr>\n<tr>\n<td><strong>Descripci\u00f3n del bolsillo<\/strong><\/td>\n<td>Bolsillo general<\/td>\n<\/tr>\n<tr>\n<td><strong>Tipo de correa<\/strong><\/td>\n<td>Nylon<\/td>\n<\/tr>\n<tr>\n<td><strong>Fabricante<\/strong><\/td>\n<td>Diocall<\/td>\n<\/tr>\n<tr>\n<td><strong>ASIN<\/strong><\/td>\n<td>B0CPWF5MSQ<\/td>\n<\/tr>\n<tr>\n<td><strong>Opiniones de los clientes<\/strong><\/td>\n<td>4,7 de 5 estrellas (25 valoraciones)<\/td>\n<\/tr>\n<tr>\n<td><strong>Clasificaci\u00f3n de los m\u00e1s vendidos<\/strong><\/td>\n<td>#8,530 en Videojuegos<\/td>\n<\/tr>\n<tr>\n<td><\/td>\n<td>#40 en Fundas PlayStation 5<\/td>\n<\/tr>\n<tr>\n<td><strong>Tipo de art\u00edculo<\/strong><\/td>\n<td>Encuadernaci\u00f3n desconocida<\/td>\n<\/tr>\n<tr>\n<td><strong>N\u00famero de modelo<\/strong><\/td>\n<td>CasoP5 7723<\/td>\n<\/tr>\n<tr>\n<td><strong>Departamento<\/strong><\/td>\n<td>Unisex-Adulto<\/td>\n<\/tr>\n<tr>\n<td><strong>Pa\u00eds de origen<\/strong><\/td>\n<td>China<\/td>\n<\/tr>\n<tr>\n<td><strong>Fecha de disponibilidad<\/strong><\/td>\n<td>10 de diciembre de 2023<\/td>\n<\/tr>\n<\/tbody>\n<\/table>\n<p data-start=\"1386\" data-end=\"1639\" data-is-last-node=\"\">","protected":false},"excerpt":{"rendered":"<ul>\n<li data-start=\"49\" data-end=\"154\"><strong data-start=\"51\" data-end=\"66\">Ajuste perfecto<\/strong> - Dise\u00f1ado para PS5 Slim (2023) Disc &amp; Digital Edition (No compatible con PS5 2020).<\/li>\n<li data-start=\"155\" data-end=\"247\"><strong data-start=\"157\" data-end=\"181\">Espacioso y organizado<\/strong> - Para PS5 Slim, dos mandos, discos de juegos y accesorios.<\/li>\n<li data-start=\"248\" data-end=\"325\"><strong data-start=\"250\" data-end=\"275\">Protecci\u00f3n Hard Shell<\/strong> - Protege contra impactos, ara\u00f1azos y polvo.<\/li>\n<li data-start=\"326\" data-end=\"399\"><strong data-start=\"328\" data-end=\"345\">F\u00e1cil de transportar<\/strong> - Asa suave y bandolera acolchada ajustable.<\/li>\n<li data-start=\"400\" data-end=\"480\"><strong data-start=\"402\" data-end=\"426\">Para jugadores en movimiento<\/strong> - Ligero pero resistente para viajar seguro a cualquier parte.<\/li>\n<\/ul>","protected":false},"featured_media":1861,"comment_status":"open","ping_status":"closed","template":"","meta":[],"product_brand":[],"product_cat":[60,55],"product_tag":[],"class_list":{"0":"post-1855","1":"product","2":"type-product","3":"status-publish","4":"has-post-thumbnail","6":"product_cat-console-cases","7":"product_cat-gaming-cases-protection","9":"first","10":"instock","11":"shipping-taxable","12":"purchasable","13":"product-type-simple"},"_links":{"self":[{"href":"https:\/\/vavcase.com\/es\/wp-json\/wp\/v2\/product\/1855","targetHints":{"allow":["GET"]}}],"collection":[{"href":"https:\/\/vavcase.com\/es\/wp-json\/wp\/v2\/product"}],"about":[{"href":"https:\/\/vavcase.com\/es\/wp-json\/wp\/v2\/types\/product"}],"replies":[{"embeddable":true,"href":"https:\/\/vavcase.com\/es\/wp-json\/wp\/v2\/comments?post=1855"}],"wp:featuredmedia":[{"embeddable":true,"href":"https:\/\/vavcase.com\/es\/wp-json\/wp\/v2\/media\/1861"}],"wp:attachment":[{"href":"https:\/\/vavcase.com\/es\/wp-json\/wp\/v2\/media?parent=1855"}],"wp:term":[{"taxonomy":"product_brand","embeddable":true,"href":"https:\/\/vavcase.com\/es\/wp-json\/wp\/v2\/product_brand?post=1855"},{"taxonomy":"product_cat","embeddable":true,"href":"https:\/\/vavcase.com\/es\/wp-json\/wp\/v2\/product_cat?post=1855"},{"taxonomy":"product_tag","embeddable":true,"href":"https:\/\/vavcase.com\/es\/wp-json\/wp\/v2\/product_tag?post=1855"}],"curies":[{"name":"wp","href":"https:\/\/api.w.org\/{rel}","templated":true}]}}