{"id":1893,"date":"2025-02-14T09:59:06","date_gmt":"2025-02-14T09:59:06","guid":{"rendered":"https:\/\/vavcase.com\/?post_type=product&#038;p=1893"},"modified":"2025-02-17T10:13:38","modified_gmt":"2025-02-17T10:13:38","slug":"sisma-hard-shell-carry-case-for-xbox-series-x-s-core-wireless-controller-protective-travel-bag","status":"publish","type":"product","link":"https:\/\/vavcase.com\/es\/producto\/sisma-funda-de-transporte-rigida-para-xbox-serie-x-s-core-mando-inalambrico-bolsa-de-viaje-protectora\/","title":{"rendered":"Funda de transporte r\u00edgida Sisma para Xbox Series X\/S y mando inal\u00e1mbrico Core - Bolsa de viaje protectora"},"content":{"rendered":"<h3 data-start=\"0\" data-end=\"115\"><strong data-start=\"4\" data-end=\"113\">Sisma Xbox Controller Case - Hard Shell Protective Storage for Xbox Series X\/S &amp; Core Wireless Controller<\/strong><\/h3>\n<ul>\n<li data-start=\"0\" data-end=\"180\"><strong data-start=\"2\" data-end=\"30\">Ajuste y protecci\u00f3n perfectos<\/strong> - Dise\u00f1ado espec\u00edficamente para los mandos inal\u00e1mbricos Xbox Series X\/S y Core, proporciona un ajuste perfecto para protegerlos de golpes, polvo y desplazamiento del joystick.<\/li>\n<li data-start=\"181\" data-end=\"322\"><strong data-start=\"183\" data-end=\"207\">Duradero y a prueba de golpes<\/strong> - Fabricadas con EVA de alta resistencia y tejido Oxford 1680D, ofrecen protecci\u00f3n contra ca\u00eddas y resistencia al desgaste diario.<\/li>\n<li data-start=\"323\" data-end=\"445\"><strong data-start=\"325\" data-end=\"351\">Dise\u00f1o para viajar<\/strong> - Su tama\u00f1o compacto cabe f\u00e1cilmente en mochilas o maletas, por lo que es perfecto para jugar fuera de casa.<\/li>\n<li data-start=\"446\" data-end=\"556\"><strong data-start=\"448\" data-end=\"466\">Almacenamiento seguro<\/strong> - La carcasa con cremallera mantiene los mandos protegidos sin pulsar los botones ni los joysticks.<\/li>\n<li data-start=\"557\" data-end=\"629\"><strong data-start=\"559\" data-end=\"582\">C\u00f3modo transporte<\/strong> - Correa de mano extra\u00edble para llevarla f\u00e1cilmente en la mu\u00f1eca.<\/li>\n<li data-start=\"630\" data-end=\"748\"><strong data-start=\"632\" data-end=\"650\">Cremalleras dobles<\/strong> - Las cremalleras met\u00e1licas bidireccionales son suaves y resistentes al desgaste, y garantizan una apertura y cierre sin esfuerzo.<\/li>\n<li data-start=\"749\" data-end=\"823\" data-is-last-node=\"\"><strong data-start=\"751\" data-end=\"771\">El paquete incluye<\/strong>: 1x Funda para mando Xbox (mando no incluido).<\/li>\n<\/ul>\n<table>\n<thead>\n<tr>\n<th><strong>Atributo<\/strong><\/th>\n<th><strong>Detalles<\/strong><\/th>\n<\/tr>\n<\/thead>\n<tbody>\n<tr>\n<td><strong>Dimensiones del producto<\/strong><\/td>\n<td>7,3\u2033L x 6,3\u2033A x 3,1\u2033H<\/td>\n<\/tr>\n<tr>\n<td><strong>Peso del art\u00edculo<\/strong><\/td>\n<td>180 gramos (6,3 onzas)<\/td>\n<\/tr>\n<tr>\n<td><strong>Tipo de carcasa<\/strong><\/td>\n<td>Duro<\/td>\n<\/tr>\n<tr>\n<td><strong>Capacidad<\/strong><\/td>\n<td>1,5 litros<\/td>\n<\/tr>\n<tr>\n<td><strong>Tipo de cierre<\/strong><\/td>\n<td>Cremallera<\/td>\n<\/tr>\n<tr>\n<td><strong>Descripci\u00f3n del bolsillo<\/strong><\/td>\n<td>Bolsillo con cremallera<\/td>\n<\/tr>\n<tr>\n<td><strong>Tipo de correa<\/strong><\/td>\n<td>B\u00e1sico<\/td>\n<\/tr>\n<tr>\n<td><strong>Fabricante<\/strong><\/td>\n<td>sisma<\/td>\n<\/tr>\n<tr>\n<td><strong>ASIN<\/strong><\/td>\n<td>B08SLST7TJ<\/td>\n<\/tr>\n<tr>\n<td><strong>Opiniones de los clientes<\/strong><\/td>\n<td>4,8 de 5 estrellas (1.335 valoraciones)<\/td>\n<\/tr>\n<tr>\n<td><strong>Clasificaci\u00f3n de los m\u00e1s vendidos<\/strong><\/td>\n<td>#2,636 en Videojuegos<\/td>\n<\/tr>\n<tr>\n<td><\/td>\n<td>#2 en Fundas Xbox Serie X<\/td>\n<\/tr>\n<tr>\n<td><strong>Tipo de art\u00edculo<\/strong><\/td>\n<td>Equipaje<\/td>\n<\/tr>\n<tr>\n<td><strong>N\u00famero de modelo<\/strong><\/td>\n<td>SVG2021XB6C<\/td>\n<\/tr>\n<tr>\n<td><strong>Departamento<\/strong><\/td>\n<td>Unisex Adulto<\/td>\n<\/tr>\n<tr>\n<td><strong>Pa\u00eds de origen<\/strong><\/td>\n<td>China<\/td>\n<\/tr>\n<tr>\n<td><strong>Fecha de disponibilidad<\/strong><\/td>\n<td>11 de enero de 2021<\/td>\n<\/tr>\n<\/tbody>\n<\/table>","protected":false},"excerpt":{"rendered":"<ul data-start=\"0\" data-end=\"663\">\n<li data-start=\"0\" data-end=\"142\"><strong data-start=\"2\" data-end=\"30\">Ajuste y protecci\u00f3n perfectos<\/strong> - Dise\u00f1ado a medida para los mandos Xbox Series X\/S y Core, protege contra los golpes, el polvo y el desplazamiento del joystick.<\/li>\n<li data-start=\"143\" data-end=\"281\"><strong data-start=\"145\" data-end=\"169\">Duradero y a prueba de golpes<\/strong> - Construido con EVA de alta resistencia y tejido Oxford 1680D para una protecci\u00f3n fiable contra ca\u00eddas y una larga durabilidad.<\/li>\n<li data-start=\"282\" data-end=\"393\"><strong data-start=\"284\" data-end=\"310\">Dise\u00f1o para viajar<\/strong> - Compacto y f\u00e1cil de guardar en mochilas o maletas, perfecto para jugar fuera de casa.<\/li>\n<li data-start=\"394\" data-end=\"494\"><strong data-start=\"396\" data-end=\"414\">Almacenamiento seguro<\/strong> - La carcasa con cremallera mantiene tu mando seguro sin pulsar ning\u00fan bot\u00f3n.<\/li>\n<li data-start=\"495\" data-end=\"570\"><strong data-start=\"497\" data-end=\"520\">C\u00f3modo transporte<\/strong> - Correa de mano extra\u00edble para llevarla f\u00e1cilmente en la mu\u00f1eca.<\/li>\n<li data-start=\"571\" data-end=\"663\"><strong data-start=\"573\" data-end=\"591\">Cremalleras dobles<\/strong> - Suaves cremalleras met\u00e1licas bidireccionales resistentes al desgaste para un acceso sin esfuerzo.<\/li>\n<\/ul>\n<p data-start=\"665\" data-end=\"729\" data-is-last-node=\"\"><strong data-start=\"665\" data-end=\"677\">Incluye<\/strong>: 1x Funda para mando Xbox (mando no incluido).<\/p>","protected":false},"featured_media":1897,"comment_status":"open","ping_status":"closed","template":"","meta":[],"product_brand":[],"product_cat":[61,55],"product_tag":[],"class_list":{"0":"post-1893","1":"product","2":"type-product","3":"status-publish","4":"has-post-thumbnail","6":"product_cat-controller-cases","7":"product_cat-gaming-cases-protection","9":"first","10":"instock","11":"shipping-taxable","12":"purchasable","13":"product-type-simple"},"_links":{"self":[{"href":"https:\/\/vavcase.com\/es\/wp-json\/wp\/v2\/product\/1893","targetHints":{"allow":["GET"]}}],"collection":[{"href":"https:\/\/vavcase.com\/es\/wp-json\/wp\/v2\/product"}],"about":[{"href":"https:\/\/vavcase.com\/es\/wp-json\/wp\/v2\/types\/product"}],"replies":[{"embeddable":true,"href":"https:\/\/vavcase.com\/es\/wp-json\/wp\/v2\/comments?post=1893"}],"wp:featuredmedia":[{"embeddable":true,"href":"https:\/\/vavcase.com\/es\/wp-json\/wp\/v2\/media\/1897"}],"wp:attachment":[{"href":"https:\/\/vavcase.com\/es\/wp-json\/wp\/v2\/media?parent=1893"}],"wp:term":[{"taxonomy":"product_brand","embeddable":true,"href":"https:\/\/vavcase.com\/es\/wp-json\/wp\/v2\/product_brand?post=1893"},{"taxonomy":"product_cat","embeddable":true,"href":"https:\/\/vavcase.com\/es\/wp-json\/wp\/v2\/product_cat?post=1893"},{"taxonomy":"product_tag","embeddable":true,"href":"https:\/\/vavcase.com\/es\/wp-json\/wp\/v2\/product_tag?post=1893"}],"curies":[{"name":"wp","href":"https:\/\/api.w.org\/{rel}","templated":true}]}}