{"id":1923,"date":"2025-02-14T10:31:33","date_gmt":"2025-02-14T10:31:33","guid":{"rendered":"https:\/\/vavcase.com\/?post_type=product&#038;p=1923"},"modified":"2025-02-17T10:13:23","modified_gmt":"2025-02-17T10:13:23","slug":"tiswell-hard-controller-case-for-xbox-one-series-x-s-elite-2-eva-protective-travel-storage-case-black","status":"publish","type":"product","link":"https:\/\/vavcase.com\/es\/producto\/tiswell-estuche-rigido-para-mando-xbox-one-serie-x-s-elite-2-eva-estuche-protector-de-viaje-negro\/","title":{"rendered":"Tiswell Funda r\u00edgida para mando Xbox One\/Series X\/S\/Elite 2 - Funda protectora de viaje de EVA (Negro)"},"content":{"rendered":"<p data-start=\"0\" data-end=\"100\"><strong data-start=\"0\" data-end=\"100\">Tiswell Funda r\u00edgida para mandos Xbox One\/Series X\/S\/Elite 2 - Bolsa protectora de viaje de EVA para guardarlos<\/strong><\/p>\n<ul data-start=\"102\" data-end=\"629\">\n<li data-start=\"102\" data-end=\"240\"><strong data-start=\"104\" data-end=\"132\">Ajuste y protecci\u00f3n perfectos<\/strong> - Dise\u00f1ado a medida para mandos Xbox One, Series X\/S y Elite Series 2 Core (s\u00f3lo versiones oficiales).<\/li>\n<li data-start=\"241\" data-end=\"370\"><strong data-start=\"243\" data-end=\"267\">Material EVA duradero<\/strong> - A prueba de golpes, polvo y agua para proteger el mando de ca\u00eddas, golpes y ara\u00f1azos.<\/li>\n<li data-start=\"371\" data-end=\"463\"><strong data-start=\"373\" data-end=\"391\">Almohadilla interior blanda<\/strong> - El dise\u00f1o de burbuja antichoque mantiene el mando seguro y en su sitio.<\/li>\n<li data-start=\"464\" data-end=\"539\"><strong data-start=\"466\" data-end=\"488\">Cremallera YKK de alta calidad<\/strong> - Suave y resistente para una larga duraci\u00f3n.<\/li>\n<li data-start=\"540\" data-end=\"629\"><strong data-start=\"542\" data-end=\"568\">Port\u00e1til y ligero<\/strong> - S\u00f3lo pesa 150 g, f\u00e1cil de llevar en la mochila o el bolso.<\/li>\n<\/ul>\n<p data-start=\"631\" data-end=\"692\" data-is-last-node=\"\">Lleva tu mando de Xbox a cualquier parte con confianza y estilo.<\/p>\n<table>\n<thead>\n<tr>\n<th><strong>Atributo<\/strong><\/th>\n<th><strong>Detalles<\/strong><\/th>\n<\/tr>\n<\/thead>\n<tbody>\n<tr>\n<td><strong>Patr\u00f3n<\/strong><\/td>\n<td>Coraz\u00f3n<\/td>\n<\/tr>\n<tr>\n<td><strong>Tipo de carcasa<\/strong><\/td>\n<td>Duro<\/td>\n<\/tr>\n<tr>\n<td><strong>Tipo de cierre<\/strong><\/td>\n<td>Cremallera<\/td>\n<\/tr>\n<tr>\n<td><strong>Tipo de asa<\/strong><\/td>\n<td>Cremallera<\/td>\n<\/tr>\n<tr>\n<td><strong>N\u00famero de compartimentos<\/strong><\/td>\n<td>1<\/td>\n<\/tr>\n<tr>\n<td><strong>Descripci\u00f3n del bolsillo<\/strong><\/td>\n<td>Bolsillo con hebilla<\/td>\n<\/tr>\n<tr>\n<td><strong>Fabricante<\/strong><\/td>\n<td>Tiswell<\/td>\n<\/tr>\n<tr>\n<td><strong>ASIN<\/strong><\/td>\n<td>B0D7MSXLC8<\/td>\n<\/tr>\n<tr>\n<td><strong>Clasificaci\u00f3n de los m\u00e1s vendidos<\/strong><\/td>\n<td>#9,158 en Videojuegos<\/td>\n<\/tr>\n<tr>\n<td><\/td>\n<td>#23 en Fundas Xbox Serie X<\/td>\n<\/tr>\n<tr>\n<td><strong>Dimensiones del paquete<\/strong><\/td>\n<td>7,4 x 5,51 x 2,68 pulgadas<\/td>\n<\/tr>\n<tr>\n<td><strong>Peso del art\u00edculo<\/strong><\/td>\n<td>6,4 onzas<\/td>\n<\/tr>\n<tr>\n<td><strong>N\u00famero de modelo<\/strong><\/td>\n<td>Funda r\u00edgida XBox One<\/td>\n<\/tr>\n<tr>\n<td><strong>Departamento<\/strong><\/td>\n<td>Unisex<\/td>\n<\/tr>\n<tr>\n<td><strong>Pa\u00eds de origen<\/strong><\/td>\n<td>China<\/td>\n<\/tr>\n<tr>\n<td><strong>Fecha de disponibilidad<\/strong><\/td>\n<td>20 de junio de 2024<\/td>\n<\/tr>\n<tr>\n<td><strong>Garant\u00eda y asistencia<\/strong><\/td>\n<td>Haga clic para obtener informaci\u00f3n sobre la garant\u00eda<\/td>\n<\/tr>\n<\/tbody>\n<\/table>\n<p data-start=\"657\" data-end=\"728\" data-is-last-node=\"\">","protected":false},"excerpt":{"rendered":"<p data-start=\"0\" data-end=\"100\"><strong data-start=\"0\" data-end=\"100\">Tiswell Funda r\u00edgida para mandos Xbox One\/Series X\/S\/Elite 2 - Bolsa protectora de viaje de EVA para guardarlos<\/strong><\/p>\n<ul data-start=\"102\" data-end=\"625\">\n<li data-start=\"102\" data-end=\"236\"><strong data-start=\"104\" data-end=\"132\">Ajuste y protecci\u00f3n perfectos<\/strong> - Compatible con mandos Xbox One, Series X\/S y Elite Series 2 Core (s\u00f3lo versiones oficiales).<\/li>\n<li data-start=\"237\" data-end=\"360\"><strong data-start=\"239\" data-end=\"263\">Material EVA duradero<\/strong> - A prueba de golpes, polvo y agua, lo que garantiza la protecci\u00f3n contra ca\u00eddas, golpes y ara\u00f1azos.<\/li>\n<li data-start=\"361\" data-end=\"451\"><strong data-start=\"363\" data-end=\"381\">Almohadilla interior blanda<\/strong> - El dise\u00f1o de burbuja antichoque mantiene el mando en su sitio.<\/li>\n<li data-start=\"452\" data-end=\"535\"><strong data-start=\"454\" data-end=\"476\">Cremallera YKK de alta calidad<\/strong> - Suave, robusto y construido para una larga durabilidad.<\/li>\n<li data-start=\"536\" data-end=\"625\"><strong data-start=\"538\" data-end=\"564\">Port\u00e1til y ligero<\/strong> - S\u00f3lo pesa 150 g, f\u00e1cil de llevar en la mochila o el bolso.<\/li>\n<\/ul>\n<p data-start=\"627\" data-end=\"695\" data-is-last-node=\"\"><strong data-start=\"627\" data-end=\"659\">Funda r\u00edgida para mando Tiswell<\/strong> - Viaje con confianza y estilo<\/p>","protected":false},"featured_media":1928,"comment_status":"open","ping_status":"closed","template":"","meta":[],"product_brand":[],"product_cat":[61,55],"product_tag":[],"class_list":{"0":"post-1923","1":"product","2":"type-product","3":"status-publish","4":"has-post-thumbnail","6":"product_cat-controller-cases","7":"product_cat-gaming-cases-protection","9":"first","10":"instock","11":"shipping-taxable","12":"product-type-simple"},"_links":{"self":[{"href":"https:\/\/vavcase.com\/es\/wp-json\/wp\/v2\/product\/1923","targetHints":{"allow":["GET"]}}],"collection":[{"href":"https:\/\/vavcase.com\/es\/wp-json\/wp\/v2\/product"}],"about":[{"href":"https:\/\/vavcase.com\/es\/wp-json\/wp\/v2\/types\/product"}],"replies":[{"embeddable":true,"href":"https:\/\/vavcase.com\/es\/wp-json\/wp\/v2\/comments?post=1923"}],"wp:featuredmedia":[{"embeddable":true,"href":"https:\/\/vavcase.com\/es\/wp-json\/wp\/v2\/media\/1928"}],"wp:attachment":[{"href":"https:\/\/vavcase.com\/es\/wp-json\/wp\/v2\/media?parent=1923"}],"wp:term":[{"taxonomy":"product_brand","embeddable":true,"href":"https:\/\/vavcase.com\/es\/wp-json\/wp\/v2\/product_brand?post=1923"},{"taxonomy":"product_cat","embeddable":true,"href":"https:\/\/vavcase.com\/es\/wp-json\/wp\/v2\/product_cat?post=1923"},{"taxonomy":"product_tag","embeddable":true,"href":"https:\/\/vavcase.com\/es\/wp-json\/wp\/v2\/product_tag?post=1923"}],"curies":[{"name":"wp","href":"https:\/\/api.w.org\/{rel}","templated":true}]}}