{"id":1968,"date":"2025-02-14T12:01:38","date_gmt":"2025-02-14T12:01:38","guid":{"rendered":"https:\/\/vavcase.com\/?post_type=product&#038;p=1968"},"modified":"2025-02-17T10:03:18","modified_gmt":"2025-02-17T10:03:18","slug":"canvaslife-rainbow-peacock-pattern-13-inch-laptop-sleeve","status":"publish","type":"product","link":"https:\/\/vavcase.com\/es\/producto\/funda-para-portatil-canvaslife-rainbow-peacock-pattern-13-inch\/","title":{"rendered":"Funda para port\u00e1til de 13 pulgadas Canvaslife Rainbow Peacock Pattern"},"content":{"rendered":"<ul>\n<li data-start=\"0\" data-end=\"88\"><strong data-start=\"2\" data-end=\"29\">Material de lona resistente<\/strong> - Suave pero protectora, garantiza una larga durabilidad.<\/li>\n<li data-start=\"89\" data-end=\"191\"><strong data-start=\"91\" data-end=\"116\">Amplio bolsillo frontal<\/strong> - Guarda f\u00e1cilmente bol\u00edgrafos, tel\u00e9fono, gafas, rat\u00f3n, cable de alimentaci\u00f3n y accesorios.<\/li>\n<li data-start=\"192\" data-end=\"287\"><strong data-start=\"194\" data-end=\"221\">Cierre suave y seguro<\/strong> - Dise\u00f1o de cremallera en forma de U para un acceso sin esfuerzo y fiabilidad.<\/li>\n<li data-start=\"288\" data-end=\"405\"><strong data-start=\"290\" data-end=\"327\">Ajuste perfecto para port\u00e1tiles de 13,3 pulgadas<\/strong> - Compatible con <strong data-start=\"346\" data-end=\"392\">MacBook Air\/Pro 13, HP, Dell, Lenovo, ASUS<\/strong>y mucho m\u00e1s.<\/li>\n<li data-start=\"406\" data-end=\"505\"><strong data-start=\"408\" data-end=\"441\">Ligero y f\u00e1cil de transportar<\/strong> - S\u00f3lo pesa <strong data-start=\"456\" data-end=\"470\">6,7 onzas<\/strong>perfecta para llevarla de viaje.<\/li>\n<\/ul>\n<table>\n<thead>\n<tr>\n<th><strong>Atributo<\/strong><\/th>\n<th><strong>Detalles<\/strong><\/th>\n<\/tr>\n<\/thead>\n<tbody>\n<tr>\n<td><strong>Marca<\/strong><\/td>\n<td>canvaslife<\/td>\n<\/tr>\n<tr>\n<td><strong>Peso del art\u00edculo<\/strong><\/td>\n<td>6,7 onzas<\/td>\n<\/tr>\n<tr>\n<td><strong>Dimensiones del producto<\/strong><\/td>\n<td>13 x 1 x 10 pulgadas<\/td>\n<\/tr>\n<tr>\n<td><strong>N\u00famero de modelo<\/strong><\/td>\n<td>VC-a4-41455<\/td>\n<\/tr>\n<tr>\n<td><strong>Color<\/strong><\/td>\n<td>Arco iris<\/td>\n<\/tr>\n<tr>\n<td><strong>Cierre<\/strong><\/td>\n<td>Cremallera<\/td>\n<\/tr>\n<tr>\n<td><strong>Tipo de material<\/strong><\/td>\n<td>Lienzo<\/td>\n<\/tr>\n<tr>\n<td><strong>Talla<\/strong><\/td>\n<td>13 pulgadas \/ 13,3 pulgadas<\/td>\n<\/tr>\n<\/tbody>\n<\/table>","protected":false},"excerpt":{"rendered":"<div class=\"flex max-w-full flex-col flex-grow\">\n<div class=\"min-h-8 text-message flex w-full flex-col items-end gap-2 whitespace-normal break-words text-start [.text-message+&amp;]:mt-5\" dir=\"auto\" data-message-author-role=\"assistant\" data-message-id=\"b69a5813-74ec-4231-80a4-3e3acef3bb26\" data-message-model-slug=\"gpt-4o\">\n<div class=\"flex w-full flex-col gap-1 empty:hidden first:pt-[3px]\">\n<div class=\"markdown prose w-full break-words dark:prose-invert dark\">\n<ul data-start=\"0\" data-end=\"452\">\n<li data-start=\"0\" data-end=\"113\"><strong data-start=\"2\" data-end=\"31\">Dise\u00f1o inteligente del bolsillo delantero<\/strong> - Guarda f\u00e1cilmente objetos esenciales como un bol\u00edgrafo, el tel\u00e9fono, las gafas, el rat\u00f3n y el cable de alimentaci\u00f3n.<\/li>\n<li data-start=\"114\" data-end=\"205\"><strong data-start=\"116\" data-end=\"143\">Material de lona de primera calidad<\/strong> - Duradera y elegante, ofrece una protecci\u00f3n fiable para el port\u00e1til.<\/li>\n<li data-start=\"206\" data-end=\"288\"><strong data-start=\"208\" data-end=\"234\">Cremallera lisa en forma de U<\/strong> - Tirador de cremallera de alta calidad para un acceso sin esfuerzo.<\/li>\n<li data-start=\"289\" data-end=\"452\"><strong data-start=\"291\" data-end=\"306\">Ajuste perfecto<\/strong> - 350 mm (largo) x 235 mm (ancho) x 20 mm (alto), ideal para la mayor\u00eda de port\u00e1tiles de 13,3 pulgadas, incluidos el MacBook Air 13 y el MacBook Pro 13 (cabe incluso con una funda r\u00edgida).<\/li>\n<\/ul>\n<\/div>\n<\/div>\n<\/div>\n<\/div>","protected":false},"featured_media":1978,"comment_status":"open","ping_status":"closed","template":"","meta":[],"product_brand":[],"product_cat":[55,62],"product_tag":[],"class_list":{"0":"post-1968","1":"product","2":"type-product","3":"status-publish","4":"has-post-thumbnail","6":"product_cat-gaming-cases-protection","7":"product_cat-gaming-laptop-sleeves","9":"first","10":"instock","11":"shipping-taxable","12":"purchasable","13":"product-type-simple"},"_links":{"self":[{"href":"https:\/\/vavcase.com\/es\/wp-json\/wp\/v2\/product\/1968","targetHints":{"allow":["GET"]}}],"collection":[{"href":"https:\/\/vavcase.com\/es\/wp-json\/wp\/v2\/product"}],"about":[{"href":"https:\/\/vavcase.com\/es\/wp-json\/wp\/v2\/types\/product"}],"replies":[{"embeddable":true,"href":"https:\/\/vavcase.com\/es\/wp-json\/wp\/v2\/comments?post=1968"}],"wp:featuredmedia":[{"embeddable":true,"href":"https:\/\/vavcase.com\/es\/wp-json\/wp\/v2\/media\/1978"}],"wp:attachment":[{"href":"https:\/\/vavcase.com\/es\/wp-json\/wp\/v2\/media?parent=1968"}],"wp:term":[{"taxonomy":"product_brand","embeddable":true,"href":"https:\/\/vavcase.com\/es\/wp-json\/wp\/v2\/product_brand?post=1968"},{"taxonomy":"product_cat","embeddable":true,"href":"https:\/\/vavcase.com\/es\/wp-json\/wp\/v2\/product_cat?post=1968"},{"taxonomy":"product_tag","embeddable":true,"href":"https:\/\/vavcase.com\/es\/wp-json\/wp\/v2\/product_tag?post=1968"}],"curies":[{"name":"wp","href":"https:\/\/api.w.org\/{rel}","templated":true}]}}