{"id":1995,"date":"2025-02-14T12:11:18","date_gmt":"2025-02-14T12:11:18","guid":{"rendered":"https:\/\/vavcase.com\/?post_type=product&#038;p=1995"},"modified":"2025-08-03T04:14:15","modified_gmt":"2025-08-03T04:14:15","slug":"amary-11-6-12-laptop-sleeve-with-handle-neoprene-notebook-carrying-case-for-macbook-hp-dell-lenovo-asus-moon-design","status":"publish","type":"product","link":"https:\/\/vavcase.com\/es\/producto\/amary-11-6-12-funda-para-portatil-con-asa-funda-de-neopreno-para-portatil-macbook-hp-dell-lenovo-asus-moon-design\/","title":{"rendered":"AMARY 11.6\u2033-12\u2033 Laptop Sleeve with Handle - Funda de neopreno para port\u00e1til MacBook, HP, Dell, Lenovo, Asus (Moon Design)"},"content":{"rendered":"<ul data-start=\"64\" data-end=\"670\" data-is-last-node=\"\">\n<li data-start=\"64\" data-end=\"170\"><strong data-start=\"66\" data-end=\"95\">Absorci\u00f3n de impactos superior<\/strong> - 4,5 mm de grosor <strong data-start=\"110\" data-end=\"130\">acolchado de neopreno<\/strong> protege contra golpes y ara\u00f1azos.<\/li>\n<li data-start=\"171\" data-end=\"301\"><strong data-start=\"173\" data-end=\"188\">Ajuste perfecto<\/strong> - Tama\u00f1o en <strong data-start=\"200\" data-end=\"221\">32cm x 24cm x 2cm<\/strong>ideal para <strong data-start=\"233\" data-end=\"288\">Chromebooks Acer de 11,6\u2033, port\u00e1tiles Dell Inspiron de 11,6\u2033.<\/strong>y mucho m\u00e1s.<\/li>\n<li data-start=\"302\" data-end=\"409\"><strong data-start=\"304\" data-end=\"334\">Duradero y lavable a m\u00e1quina<\/strong> - <strong data-start=\"337\" data-end=\"354\">F\u00e1cil de limpiar<\/strong>de secado r\u00e1pido y resistente a la decoloraci\u00f3n para un uso prolongado.<\/li>\n<li data-start=\"410\" data-end=\"529\"><strong data-start=\"412\" data-end=\"451\">Impresi\u00f3n a doble cara y cremalleras lisas<\/strong> - Dise\u00f1o elegante en <strong data-start=\"472\" data-end=\"486\">ambos lados<\/strong> con un <strong data-start=\"494\" data-end=\"526\">cierre seguro de doble cremallera<\/strong>.<\/li>\n<li data-start=\"530\" data-end=\"670\" data-is-last-node=\"\"><strong data-start=\"532\" data-end=\"556\">Moderno y digno de regalo<\/strong> - Disponible en <strong data-start=\"572\" data-end=\"594\">hermosos dise\u00f1os<\/strong>convirti\u00e9ndolo en un <strong data-start=\"608\" data-end=\"624\">regalo perfecto<\/strong> para estudiantes, profesionales y amantes de la tecnolog\u00eda.<\/li>\n<li data-start=\"530\" data-end=\"670\" data-is-last-node=\"\"><strong data-start=\"0\" data-end=\"60\">Funda de neopreno ultra suave para port\u00e1til - Elegante y protectora<\/strong><\/li>\n<\/ul>\n<table>\n<thead>\n<tr>\n<th><strong>Atributo<\/strong><\/th>\n<th><strong>Detalles<\/strong><\/th>\n<\/tr>\n<\/thead>\n<tbody>\n<tr>\n<td><strong>Dimensiones del producto<\/strong><\/td>\n<td>12,6 x 9,45 x 0,7 pulgadas<\/td>\n<\/tr>\n<tr>\n<td><strong>Peso del art\u00edculo<\/strong><\/td>\n<td>4,2 onzas<\/td>\n<\/tr>\n<tr>\n<td><strong>ASIN<\/strong><\/td>\n<td>B09WCQL59V<\/td>\n<\/tr>\n<tr>\n<td><strong>N\u00famero de modelo<\/strong><\/td>\n<td>AM-12<\/td>\n<\/tr>\n<tr>\n<td><strong>Clasificaci\u00f3n de los m\u00e1s vendidos<\/strong><\/td>\n<td>#7,467 en Fundas para port\u00e1tiles<\/td>\n<\/tr>\n<tr>\n<td><strong>Fecha de disponibilidad<\/strong><\/td>\n<td>10 de agosto de 2019<\/td>\n<\/tr>\n<tr>\n<td><strong>Departamento<\/strong><\/td>\n<td>Unisex<\/td>\n<\/tr>\n<tr>\n<td><strong>Fabricante<\/strong><\/td>\n<td>AMARY<\/td>\n<\/tr>\n<tr>\n<td><strong>Pa\u00eds de origen<\/strong><\/td>\n<td>China<\/td>\n<\/tr>\n<\/tbody>\n<\/table>","protected":false},"excerpt":{"rendered":"<ul>\n<li data-start=\"68\" data-end=\"180\"><strong data-start=\"70\" data-end=\"90\">Material de primera calidad<\/strong> - Hecho de <strong data-start=\"103\" data-end=\"132\">Neopreno antichoque de 4,5 mm<\/strong>, garantizando un confort y una protecci\u00f3n ligeros.<\/li>\n<li data-start=\"181\" data-end=\"308\"><strong data-start=\"183\" data-end=\"198\">Ajuste perfecto<\/strong> - <strong data-start=\"201\" data-end=\"222\">32cm x 24cm x 2cm<\/strong>compatible con <strong data-start=\"240\" data-end=\"295\">Chromebooks Acer de 11,6\", port\u00e1tiles Dell Inspiron de 11,6<\/strong>y mucho m\u00e1s.<\/li>\n<li data-start=\"309\" data-end=\"416\"><strong data-start=\"311\" data-end=\"328\">F\u00e1cil de limpiar<\/strong> - <strong data-start=\"331\" data-end=\"385\">Lavable a m\u00e1quina, de secado r\u00e1pido y resistente a la decoloraci\u00f3n<\/strong> para una larga durabilidad.<\/li>\n<li data-start=\"417\" data-end=\"531\"><strong data-start=\"419\" data-end=\"453\">Doble cremallera y dise\u00f1o elegante<\/strong> - Seguro <strong data-start=\"463\" data-end=\"488\">cierre de doble cremallera<\/strong> con un <strong data-start=\"496\" data-end=\"528\">impresi\u00f3n a juego por ambas caras<\/strong>.<\/li>\n<li data-start=\"532\" data-end=\"649\" data-is-last-node=\"\"><strong data-start=\"534\" data-end=\"553\">Gran idea para regalar<\/strong> - Disponible en <strong data-start=\"569\" data-end=\"588\">patrones de moda<\/strong>convirti\u00e9ndolo en un <strong data-start=\"602\" data-end=\"648\">regalo perfecto para Navidad o para una ocasi\u00f3n especial<\/strong>.<\/li>\n<\/ul>","protected":false},"featured_media":1999,"comment_status":"open","ping_status":"closed","template":"","meta":[],"product_brand":[],"product_cat":[55,62],"product_tag":[],"class_list":{"0":"post-1995","1":"product","2":"type-product","3":"status-publish","4":"has-post-thumbnail","6":"product_cat-gaming-cases-protection","7":"product_cat-gaming-laptop-sleeves","9":"first","10":"instock","11":"shipping-taxable","12":"purchasable","13":"product-type-simple"},"_links":{"self":[{"href":"https:\/\/vavcase.com\/es\/wp-json\/wp\/v2\/product\/1995","targetHints":{"allow":["GET"]}}],"collection":[{"href":"https:\/\/vavcase.com\/es\/wp-json\/wp\/v2\/product"}],"about":[{"href":"https:\/\/vavcase.com\/es\/wp-json\/wp\/v2\/types\/product"}],"replies":[{"embeddable":true,"href":"https:\/\/vavcase.com\/es\/wp-json\/wp\/v2\/comments?post=1995"}],"wp:featuredmedia":[{"embeddable":true,"href":"https:\/\/vavcase.com\/es\/wp-json\/wp\/v2\/media\/1999"}],"wp:attachment":[{"href":"https:\/\/vavcase.com\/es\/wp-json\/wp\/v2\/media?parent=1995"}],"wp:term":[{"taxonomy":"product_brand","embeddable":true,"href":"https:\/\/vavcase.com\/es\/wp-json\/wp\/v2\/product_brand?post=1995"},{"taxonomy":"product_cat","embeddable":true,"href":"https:\/\/vavcase.com\/es\/wp-json\/wp\/v2\/product_cat?post=1995"},{"taxonomy":"product_tag","embeddable":true,"href":"https:\/\/vavcase.com\/es\/wp-json\/wp\/v2\/product_tag?post=1995"}],"curies":[{"name":"wp","href":"https:\/\/api.w.org\/{rel}","templated":true}]}}