{"id":2025,"date":"2025-02-14T12:40:41","date_gmt":"2025-02-14T12:40:41","guid":{"rendered":"https:\/\/vavcase.com\/?post_type=product&#038;p=2025"},"modified":"2025-02-17T10:19:51","modified_gmt":"2025-02-17T10:19:51","slug":"travel-carry-case-for-meta-quest-2-quest-3-quest-3s-protective-vr-bag-with-ample-storage-for-controllers-accessories-patent-design","status":"publish","type":"product","link":"https:\/\/vavcase.com\/es\/producto\/funda-de-viaje-para-meta-quest-2-quest-3-quest-3s-bolsa-protectora-vr-con-amplio-espacio-para-guardar-mandos-accesorios-diseno-patentado\/","title":{"rendered":"Funda de viaje para Meta Quest 2\/Quest 3\/Quest 3S - Bolsa protectora para RV con amplio espacio para guardar mandos y accesorios (dise\u00f1o patentado)"},"content":{"rendered":"<div class=\"flex-1 overflow-hidden @container\/thread translate-y-[2rem] -mt-[2rem] pb-[1.5rem]\">\n<div class=\"flex h-full flex-col overflow-y-auto\">\n<div class=\"flex flex-col text-sm md:pb-9\">\n<article class=\"w-full text-token-text-primary focus-visible:outline-2 focus-visible:outline-offset-[-4px]\" dir=\"auto\" data-testid=\"conversation-turn-67\" data-scroll-anchor=\"true\">\n<div class=\"m-auto text-base py-[18px] px-6\">\n<div class=\"mx-auto flex flex-1 text-base gap-4 md:gap-5 lg:gap-6 md:max-w-3xl lg:max-w-[40rem] xl:max-w-[48rem]\">\n<div class=\"group\/conversation-turn relative flex w-full min-w-0 flex-col agent-turn @xs\/thread:px-0 @sm\/thread:px-1.5 @md\/thread:px-4\">\n<div class=\"flex-col gap-1 md:gap-3\">\n<div class=\"flex max-w-full flex-col flex-grow\">\n<div class=\"min-h-8 text-message flex w-full flex-col items-end gap-2 whitespace-normal break-words text-start [.text-message+&amp;]:mt-5\" dir=\"auto\" data-message-author-role=\"assistant\" data-message-id=\"9f460597-e627-4157-bb97-5f183bf9256f\" data-message-model-slug=\"gpt-4o\">\n<div class=\"flex w-full flex-col gap-1 empty:hidden first:pt-[3px]\">\n<div class=\"markdown prose w-full break-words dark:prose-invert dark\">\n<ul>\n<li data-start=\"0\" data-end=\"226\"><strong data-start=\"2\" data-end=\"29\">Ajuste compatible y seguro<\/strong> - Espec\u00edficamente dise\u00f1ado para Meta Quest 2, Quest 3, Quest 3S y Quest Pro. Correa de fijaci\u00f3n acolchada que asegura un ajuste perfecto y evita desplazamientos. Dise\u00f1o de apertura total con doble cremallera para facilitar el acceso.<\/li>\n<li data-start=\"227\" data-end=\"396\"><strong data-start=\"229\" data-end=\"268\">Protecci\u00f3n Premium para tu VR Gear<\/strong> - El resistente exterior de nailon y el grueso interior acolchado ofrecen una protecci\u00f3n total contra ara\u00f1azos, golpes y choques accidentales.<\/li>\n<li data-start=\"397\" data-end=\"725\"><strong data-start=\"399\" data-end=\"435\">Amplio espacio para guardar accesorios<\/strong> - M\u00faltiples compartimentos para mantener organizada tu configuraci\u00f3n de RV:\n<ul data-start=\"497\" data-end=\"725\">\n<li data-start=\"497\" data-end=\"527\">Bolsillo superior para mandos<\/li>\n<li data-start=\"530\" data-end=\"566\">Funda interior acolchada para una tableta<\/li>\n<li data-start=\"569\" data-end=\"600\">Dos bolsillos de malla para cables<\/li>\n<li data-start=\"603\" data-end=\"677\">Bolsillos laterales de malla y bolsillo frontal para power banks, carteras y botellas<\/li>\n<li data-start=\"680\" data-end=\"725\">Cinchas MOLLE para fijar accesorios adicionales<\/li>\n<\/ul>\n<\/li>\n<li data-start=\"726\" data-end=\"913\"><strong data-start=\"728\" data-end=\"759\">F\u00e1cil y c\u00f3modo de llevar<\/strong> - Las correas acolchadas ajustables para los hombros y la almohadilla transpirable para la cintura reducen la tensi\u00f3n durante el viaje. El puerto de carga lateral permite cargar el dispositivo sin abrir la bolsa.<\/li>\n<li data-start=\"914\" data-end=\"1146\" data-is-last-node=\"\"><strong data-start=\"916\" data-end=\"944\">El compa\u00f1ero de viaje perfecto<\/strong> - Bolsillos cuidadosamente dise\u00f1ados para organizar los accesorios. Panel frontal personalizable con parches para un aspecto \u00fanico. La soluci\u00f3n de almacenamiento definitiva para tus juegos de RV, tanto en casa como fuera.<\/li>\n<\/ul>\n<p data-start=\"1757\" data-end=\"2056\" data-is-last-node=\"\">\n<\/div>\n<\/div>\n<\/div>\n<\/div>\n<\/div>\n<\/div>\n<\/div>\n<\/div>\n<\/article>\n<\/div>\n<\/div>\n<\/div>\n<table id=\"productDetails_detailBullets_sections1\" class=\"a-keyvalue prodDetTable\" role=\"presentation\">\n<tbody>\n<tr>\n<th class=\"a-color-secondary a-size-base prodDetSectionEntry\">Dimensiones<\/th>\n<td class=\"a-size-base prodDetAttrValue\">15,75 x 10,59 x 3,62 pulgadas<\/td>\n<\/tr>\n<tr>\n<th class=\"a-color-secondary a-size-base prodDetSectionEntry\">Peso del art\u00edculo<\/th>\n<td class=\"a-size-base prodDetAttrValue\">1.69 libras<\/td>\n<\/tr>\n<tr>\n<th class=\"a-color-secondary a-size-base prodDetSectionEntry\">Departamento<\/th>\n<td class=\"a-size-base prodDetAttrValue\">unisex-adulto<\/td>\n<\/tr>\n<tr>\n<th class=\"a-color-secondary a-size-base prodDetSectionEntry\">Fabricante<\/th>\n<td class=\"a-size-base prodDetAttrValue\">PGmoon<\/td>\n<\/tr>\n<tr>\n<th class=\"a-color-secondary a-size-base prodDetSectionEntry\">ASIN<\/th>\n<td class=\"a-size-base prodDetAttrValue\">B0D5CDBDWT<\/td>\n<\/tr>\n<tr>\n<th class=\"a-color-secondary a-size-base prodDetSectionEntry\">Pa\u00eds de origen<\/th>\n<td class=\"a-size-base prodDetAttrValue\">China<\/td>\n<\/tr>\n<tr>\n<th class=\"a-color-secondary a-size-base prodDetSectionEntry\">N\u00famero de modelo del art\u00edculo<\/th>\n<td class=\"a-size-base prodDetAttrValue\">CAPG02501<\/td>\n<\/tr>\n<\/tbody>\n<\/table>","protected":false},"excerpt":{"rendered":"<ul>\n<li data-start=\"0\" data-end=\"135\"><strong data-start=\"2\" data-end=\"29\">Compatibilidad universal<\/strong> - Dise\u00f1ado para Meta Quest 2, Quest 3, Quest 3S y Quest Pro (no afiliado a las marcas mencionadas).<\/li>\n<li data-start=\"136\" data-end=\"256\"><strong data-start=\"138\" data-end=\"161\">Protecci\u00f3n superior<\/strong> - Exterior de nailon resistente con acolchado grueso para proteger su equipo de realidad virtual de golpes y ara\u00f1azos.<\/li>\n<li data-start=\"257\" data-end=\"369\"><strong data-start=\"259\" data-end=\"276\">Amplio almac\u00e9n<\/strong> - Incluye compartimentos espec\u00edficos para mandos, cables, tabletas, bater\u00edas y mucho m\u00e1s.<\/li>\n<li data-start=\"370\" data-end=\"462\"><strong data-start=\"372\" data-end=\"400\">C\u00f3modo puerto de carga<\/strong> - Carga f\u00e1cilmente tu casco de realidad virtual sin abrir la funda.<\/li>\n<li data-start=\"463\" data-end=\"579\" data-is-last-node=\"\"><strong data-start=\"465\" data-end=\"495\">C\u00f3modo y listo para viajar<\/strong> - Tirantes acolchados ajustables y acolchado transpirable en la cintura para facilitar el transporte.<\/li>\n<\/ul>","protected":false},"featured_media":2034,"comment_status":"open","ping_status":"closed","template":"","meta":[],"product_brand":[],"product_cat":[55,63],"product_tag":[],"class_list":{"0":"post-2025","1":"product","2":"type-product","3":"status-publish","4":"has-post-thumbnail","6":"product_cat-gaming-cases-protection","7":"product_cat-vr-headset-cases","9":"first","10":"instock","11":"shipping-taxable","12":"purchasable","13":"product-type-simple"},"_links":{"self":[{"href":"https:\/\/vavcase.com\/es\/wp-json\/wp\/v2\/product\/2025","targetHints":{"allow":["GET"]}}],"collection":[{"href":"https:\/\/vavcase.com\/es\/wp-json\/wp\/v2\/product"}],"about":[{"href":"https:\/\/vavcase.com\/es\/wp-json\/wp\/v2\/types\/product"}],"replies":[{"embeddable":true,"href":"https:\/\/vavcase.com\/es\/wp-json\/wp\/v2\/comments?post=2025"}],"wp:featuredmedia":[{"embeddable":true,"href":"https:\/\/vavcase.com\/es\/wp-json\/wp\/v2\/media\/2034"}],"wp:attachment":[{"href":"https:\/\/vavcase.com\/es\/wp-json\/wp\/v2\/media?parent=2025"}],"wp:term":[{"taxonomy":"product_brand","embeddable":true,"href":"https:\/\/vavcase.com\/es\/wp-json\/wp\/v2\/product_brand?post=2025"},{"taxonomy":"product_cat","embeddable":true,"href":"https:\/\/vavcase.com\/es\/wp-json\/wp\/v2\/product_cat?post=2025"},{"taxonomy":"product_tag","embeddable":true,"href":"https:\/\/vavcase.com\/es\/wp-json\/wp\/v2\/product_tag?post=2025"}],"curies":[{"name":"wp","href":"https:\/\/api.w.org\/{rel}","templated":true}]}}