{"id":2055,"date":"2025-02-14T13:06:26","date_gmt":"2025-02-14T13:06:26","guid":{"rendered":"https:\/\/vavcase.com\/?post_type=product&#038;p=2055"},"modified":"2025-02-17T10:16:37","modified_gmt":"2025-02-17T10:16:37","slug":"vznek-hard-carrying-case-for-oculus-meta-quest-3-quest-3s-fits-elite-strap-accessories-waterproof-travel-storage-bag","status":"publish","type":"product","link":"https:\/\/vavcase.com\/es\/producto\/vznek-duro-estuche-de-transporte-para-oculus-meta-quest-3-quest-3s-se-ajusta-a-la-correa-de-elite-accesorios-impermeable-bolsa-de-almacenamiento-de-viaje\/","title":{"rendered":"VZNEK Funda de transporte r\u00edgida para Oculus\/Meta Quest 3\/Quest 3S, se adapta a la correa Elite y accesorios, impermeable, bolsa de almacenamiento de viaje"},"content":{"rendered":"<ul data-start=\"0\" data-end=\"908\">\n<li data-start=\"0\" data-end=\"218\"><strong data-start=\"2\" data-end=\"25\">Protecci\u00f3n superior<\/strong>: Hecho de material EVA de alta calidad, este caso es a prueba de golpes, a prueba de polvo y a prueba de humedad para proteger su equipo VR de ara\u00f1azos y suciedad. La suave cremallera doble garantiza un cierre seguro.<\/li>\n<li data-start=\"219\" data-end=\"435\"><strong data-start=\"221\" data-end=\"245\">Espacioso y organizado<\/strong>: La cuidada disposici\u00f3n de las ranuras permite guardar el casco de realidad virtual, los mandos, el cargador, el protector de lente y mucho m\u00e1s. Un bolsillo de malla ofrece espacio adicional para peque\u00f1os accesorios como cables o tarjetas de memoria.<\/li>\n<li data-start=\"436\" data-end=\"612\"><strong data-start=\"438\" data-end=\"464\">Uso eficiente del espacio<\/strong>: En el amplio interior cabe todo el set de RV y accesorios de terceros. Los compartimentos peque\u00f1os ayudan a mantener organizados los objetos esenciales, como cuadernos o tarjetas.<\/li>\n<li data-start=\"613\" data-end=\"783\"><strong data-start=\"615\" data-end=\"648\">C\u00f3modo y f\u00e1cil de llevar<\/strong>: La correa cruzada ajustable con un dise\u00f1o de espalda de panal transpirable reduce la presi\u00f3n sobre el hombro para una experiencia de transporte c\u00f3moda.<\/li>\n<li data-start=\"784\" data-end=\"908\"><strong data-start=\"786\" data-end=\"806\">F\u00e1cil de mantener<\/strong>: La superficie lisa se limpia f\u00e1cilmente con un pa\u00f1o h\u00famedo o una toalla de papel, para que la funda siga pareciendo nueva.<\/li>\n<\/ul>\n<p data-start=\"910\" data-end=\"1028\" data-is-last-node=\"\">Perfecta para guardarla en casa o de viaje, ofrece la m\u00e1xima protecci\u00f3n y comodidad para tus accesorios Oculus Quest 3.<\/p>\n<table>\n<thead>\n<tr>\n<th><strong>Atributo<\/strong><\/th>\n<th><strong>Detalles<\/strong><\/th>\n<\/tr>\n<\/thead>\n<tbody>\n<tr>\n<td><strong>Dimensiones del producto<\/strong><\/td>\n<td>9,64 x 1,77 x 11,8 pulgadas<\/td>\n<\/tr>\n<tr>\n<td><strong>Peso del art\u00edculo<\/strong><\/td>\n<td>1.17 libras<\/td>\n<\/tr>\n<tr>\n<td><strong>ASIN<\/strong><\/td>\n<td>B0CJHS8KBQ<\/td>\n<\/tr>\n<tr>\n<td><strong>N\u00famero de modelo<\/strong><\/td>\n<td>Q3CE0010<\/td>\n<\/tr>\n<tr>\n<td><strong>Clasificaci\u00f3n de los m\u00e1s vendidos<\/strong><\/td>\n<td>#33.892 en Videojuegos<\/td>\n<\/tr>\n<tr>\n<td><\/td>\n<td>#545 en Cascos RV para PC<\/td>\n<\/tr>\n<tr>\n<td><strong>Fecha de disponibilidad<\/strong><\/td>\n<td>21 de septiembre de 2023<\/td>\n<\/tr>\n<tr>\n<td><strong>Departamento<\/strong><\/td>\n<td>Unisex<\/td>\n<\/tr>\n<tr>\n<td><strong>Fabricante<\/strong><\/td>\n<td>VZNEK<\/td>\n<\/tr>\n<tr>\n<td><strong>Pa\u00eds de origen<\/strong><\/td>\n<td>EE.UU.<\/td>\n<\/tr>\n<\/tbody>\n<\/table>","protected":false},"excerpt":{"rendered":"<ul>\n<li data-start=\"0\" data-end=\"97\"><strong data-start=\"2\" data-end=\"19\">Compatibilidad<\/strong>: Dise\u00f1ado para Oculus Quest, Quest 3 y Quest 3S (dispositivo VR no incluido).<\/li>\n<li data-start=\"98\" data-end=\"231\"><strong data-start=\"100\" data-end=\"124\">Duradero y protector<\/strong>: Hecho de material EVA resistente al agua, a prueba de golpes, a prueba de polvo y a prueba de humedad para una m\u00e1xima protecci\u00f3n.<\/li>\n<li data-start=\"232\" data-end=\"346\"><strong data-start=\"234\" data-end=\"253\">Dise\u00f1o espacioso<\/strong>: Acomoda el casco de RV, los mandos, el cargador, el protector de lente y peque\u00f1os accesorios.<\/li>\n<li data-start=\"347\" data-end=\"478\"><strong data-start=\"349\" data-end=\"373\">C\u00f3modo de llevar<\/strong>: Dispone de una bandolera ajustable con un dise\u00f1o de panal transpirable para mayor comodidad.<\/li>\n<li data-start=\"479\" data-end=\"569\" data-is-last-node=\"\"><strong data-start=\"481\" data-end=\"498\">F\u00e1cil de limpiar<\/strong>: La superficie lisa se limpia f\u00e1cilmente con un pa\u00f1o h\u00famedo o una toalla de papel.<\/li>\n<\/ul>","protected":false},"featured_media":2058,"comment_status":"open","ping_status":"closed","template":"","meta":[],"product_brand":[],"product_cat":[55,63],"product_tag":[],"class_list":{"0":"post-2055","1":"product","2":"type-product","3":"status-publish","4":"has-post-thumbnail","6":"product_cat-gaming-cases-protection","7":"product_cat-vr-headset-cases","9":"first","10":"instock","11":"shipping-taxable","12":"purchasable","13":"product-type-simple"},"_links":{"self":[{"href":"https:\/\/vavcase.com\/es\/wp-json\/wp\/v2\/product\/2055","targetHints":{"allow":["GET"]}}],"collection":[{"href":"https:\/\/vavcase.com\/es\/wp-json\/wp\/v2\/product"}],"about":[{"href":"https:\/\/vavcase.com\/es\/wp-json\/wp\/v2\/types\/product"}],"replies":[{"embeddable":true,"href":"https:\/\/vavcase.com\/es\/wp-json\/wp\/v2\/comments?post=2055"}],"wp:featuredmedia":[{"embeddable":true,"href":"https:\/\/vavcase.com\/es\/wp-json\/wp\/v2\/media\/2058"}],"wp:attachment":[{"href":"https:\/\/vavcase.com\/es\/wp-json\/wp\/v2\/media?parent=2055"}],"wp:term":[{"taxonomy":"product_brand","embeddable":true,"href":"https:\/\/vavcase.com\/es\/wp-json\/wp\/v2\/product_brand?post=2055"},{"taxonomy":"product_cat","embeddable":true,"href":"https:\/\/vavcase.com\/es\/wp-json\/wp\/v2\/product_cat?post=2055"},{"taxonomy":"product_tag","embeddable":true,"href":"https:\/\/vavcase.com\/es\/wp-json\/wp\/v2\/product_tag?post=2055"}],"curies":[{"name":"wp","href":"https:\/\/api.w.org\/{rel}","templated":true}]}}