{"id":2072,"date":"2025-02-14T13:23:53","date_gmt":"2025-02-14T13:23:53","guid":{"rendered":"https:\/\/vavcase.com\/?post_type=product&#038;p=2072"},"modified":"2025-02-17T10:11:03","modified_gmt":"2025-02-17T10:11:03","slug":"large-hard-carrying-case-for-meta-quest-3-compatible-with-kiwi-design-bobovr-battery-head-strap-accessories-travel-friendly","status":"publish","type":"product","link":"https:\/\/vavcase.com\/es\/producto\/estuche-rigido-grande-para-meta-quest-3-compatible-con-bateria-bobovr-de-diseno-kiwi-correa-para-la-cabeza-accesorios-apto-para-viajes\/","title":{"rendered":"Funda de transporte r\u00edgida grande para Meta Quest 3, compatible con Kiwi Design\/BOBOVR Battery Head Strap &amp; Accessories, apta para viajes"},"content":{"rendered":"<div class=\"flex max-w-full flex-col flex-grow\">\n<div class=\"min-h-8 text-message flex w-full flex-col items-end gap-2 whitespace-normal break-words text-start [.text-message+&amp;]:mt-5\" dir=\"auto\" data-message-author-role=\"assistant\" data-message-id=\"67f46488-2141-46ad-8e00-fb4b20a68c04\" data-message-model-slug=\"gpt-4o\">\n<div class=\"flex w-full flex-col gap-1 empty:hidden first:pt-[3px]\">\n<div class=\"markdown prose w-full break-words dark:prose-invert dark\">\n<ul>\n<li data-start=\"0\" data-end=\"276\">\n<p data-start=\"2\" data-end=\"276\"><strong data-start=\"2\" data-end=\"37\">Estuche grande para Quest 3<\/strong> - El estuche de viaje STARTRC GAMES est\u00e1 dise\u00f1ado para el casco Meta Quest 3 VR y los mandos t\u00e1ctiles. Compatible con la correa oficial Elite Strap con pilas, Kiwi Design y la correa para la cabeza con pilas BOBOVR M3 (No compatible con BOBOVR S3 Pro).<\/p>\n<\/li>\n<li data-start=\"278\" data-end=\"434\">\n<p data-start=\"280\" data-end=\"434\"><strong data-start=\"280\" data-end=\"303\">Gran compatibilidad<\/strong> - Se adapta perfectamente a los auriculares Quest 3, la correa Elite, los mandos, el cargador, los cables y otros accesorios (accesorios no incluidos).<\/p>\n<\/li>\n<li data-start=\"436\" data-end=\"674\">\n<p data-start=\"438\" data-end=\"674\"><strong data-start=\"438\" data-end=\"468\">Protecci\u00f3n robusta y segura<\/strong> - Fabricado con materiales de alta calidad para una mayor durabilidad. Incorpora una ranura para tarjetas, un dise\u00f1o de banda el\u00e1stica y un forro suave para estabilizar de forma segura el casco de realidad virtual y los accesorios, evitando ara\u00f1azos o da\u00f1os.<\/p>\n<\/li>\n<li data-start=\"676\" data-end=\"892\">\n<p data-start=\"678\" data-end=\"892\"><strong data-start=\"678\" data-end=\"704\">F\u00e1cil de llevar a cualquier parte<\/strong> - Incluye una correa para el hombro ajustable y desmontable con una c\u00f3moda asa de silicona. El dise\u00f1o desmontable permite utilizarla como bolso de mano, lo que la hace ideal para viajar y guardarla.<\/p>\n<\/li>\n<li data-start=\"894\" data-end=\"1059\">\n<p data-start=\"896\" data-end=\"1059\"><strong data-start=\"896\" data-end=\"925\">Atenci\u00f3n al cliente fiable<\/strong> - Disfrute de una pol\u00edtica de devoluci\u00f3n incondicional de 30 d\u00edas y de un servicio de atenci\u00f3n al cliente en l\u00ednea 24 horas al d\u00eda, 7 d\u00edas a la semana. Estamos aqu\u00ed para ofrecerle asistencia de primera calidad siempre que lo necesite.<\/p>\n<\/li>\n<li data-start=\"1061\" data-end=\"1156\" data-is-last-node=\"\">\n<p data-start=\"1063\" data-end=\"1156\" data-is-last-node=\"\"><strong data-start=\"1063\" data-end=\"1088\">Perfecto para jugadores de RV<\/strong> - Ofrece comodidad, protecci\u00f3n y estilo para todo su equipo de RV.<\/p>\n<\/li>\n<\/ul>\n<\/div>\n<\/div>\n<\/div>\n<\/div>\n<div class=\"flex max-w-full flex-col flex-grow\">\n<table>\n<thead>\n<tr>\n<th><strong>Atributo<\/strong><\/th>\n<th><strong>Detalles<\/strong><\/th>\n<\/tr>\n<\/thead>\n<tbody>\n<tr>\n<td><strong>Dimensiones del paquete<\/strong><\/td>\n<td>12,6 x 10,24 x 6,81 pulgadas<\/td>\n<\/tr>\n<tr>\n<td><strong>Peso del art\u00edculo<\/strong><\/td>\n<td>1,79 libras<\/td>\n<\/tr>\n<tr>\n<td><strong>ASIN<\/strong><\/td>\n<td>B0CSS77FF2<\/td>\n<\/tr>\n<tr>\n<td><strong>Clasificaci\u00f3n de los m\u00e1s vendidos<\/strong><\/td>\n<td>#12.269 en Videojuegos<\/td>\n<\/tr>\n<tr>\n<td><\/td>\n<td>#89 en Cascos de realidad virtual aut\u00f3nomos<\/td>\n<\/tr>\n<tr>\n<td><strong>Otras funciones de visualizaci\u00f3n<\/strong><\/td>\n<td>Inal\u00e1mbrico<\/td>\n<\/tr>\n<tr>\n<td><strong>Color<\/strong><\/td>\n<td>Gris<\/td>\n<\/tr>\n<tr>\n<td><strong>Contenido de la caja<\/strong><\/td>\n<td>Mando, correa, cable, cinta para la cabeza<\/td>\n<\/tr>\n<tr>\n<td><strong>Fabricante<\/strong><\/td>\n<td>JUEGOS STARTRC<\/td>\n<\/tr>\n<tr>\n<td><strong>Fecha de disponibilidad<\/strong><\/td>\n<td>19 de enero de 2024<\/td>\n<\/tr>\n<\/tbody>\n<\/table>\n<\/div>","protected":false},"excerpt":{"rendered":"<ul>\n<li data-start=\"0\" data-end=\"248\">\n<p data-start=\"2\" data-end=\"248\"><strong data-start=\"2\" data-end=\"37\">Estuche grande para Quest 3<\/strong> - Espec\u00edficamente dise\u00f1ado para el casco de RV Meta Quest 3 y los accesorios del controlador t\u00e1ctil. Compatible con la correa oficial Elite Strap, Kiwi Design y la correa para la cabeza con bater\u00eda BOBOVR M3 (No compatible con BOBOVR S3 Pro).<\/p>\n<\/li>\n<li data-start=\"250\" data-end=\"369\">\n<p data-start=\"252\" data-end=\"369\"><strong data-start=\"252\" data-end=\"271\">Robusto y seguro<\/strong> - Funda r\u00edgida con forro suave, ranura para tarjetas integrada y banda el\u00e1stica para mayor estabilizaci\u00f3n.<\/p>\n<\/li>\n<li data-start=\"371\" data-end=\"503\">\n<p data-start=\"373\" data-end=\"503\"><strong data-start=\"373\" data-end=\"390\">F\u00e1cil de transportar<\/strong> - Dispone de una correa para el hombro ajustable y desmontable con una c\u00f3moda asa de silicona para viajar c\u00f3modamente.<\/p>\n<\/li>\n<li data-start=\"505\" data-end=\"605\" data-is-last-node=\"\">\n<p data-start=\"507\" data-end=\"605\" data-is-last-node=\"\"><strong data-start=\"507\" data-end=\"527\">Asistencia fiable<\/strong> - Pol\u00edtica de devoluci\u00f3n de 30 d\u00edas y servicio de atenci\u00f3n al cliente 24 horas al d\u00eda, 7 d\u00edas a la semana, para cualquier asistencia que necesite.<\/p>\n<\/li>\n<\/ul>","protected":false},"featured_media":2074,"comment_status":"open","ping_status":"closed","template":"","meta":[],"product_brand":[],"product_cat":[55,63],"product_tag":[],"class_list":{"0":"post-2072","1":"product","2":"type-product","3":"status-publish","4":"has-post-thumbnail","6":"product_cat-gaming-cases-protection","7":"product_cat-vr-headset-cases","9":"first","10":"instock","11":"shipping-taxable","12":"purchasable","13":"product-type-simple"},"_links":{"self":[{"href":"https:\/\/vavcase.com\/es\/wp-json\/wp\/v2\/product\/2072","targetHints":{"allow":["GET"]}}],"collection":[{"href":"https:\/\/vavcase.com\/es\/wp-json\/wp\/v2\/product"}],"about":[{"href":"https:\/\/vavcase.com\/es\/wp-json\/wp\/v2\/types\/product"}],"replies":[{"embeddable":true,"href":"https:\/\/vavcase.com\/es\/wp-json\/wp\/v2\/comments?post=2072"}],"wp:featuredmedia":[{"embeddable":true,"href":"https:\/\/vavcase.com\/es\/wp-json\/wp\/v2\/media\/2074"}],"wp:attachment":[{"href":"https:\/\/vavcase.com\/es\/wp-json\/wp\/v2\/media?parent=2072"}],"wp:term":[{"taxonomy":"product_brand","embeddable":true,"href":"https:\/\/vavcase.com\/es\/wp-json\/wp\/v2\/product_brand?post=2072"},{"taxonomy":"product_cat","embeddable":true,"href":"https:\/\/vavcase.com\/es\/wp-json\/wp\/v2\/product_cat?post=2072"},{"taxonomy":"product_tag","embeddable":true,"href":"https:\/\/vavcase.com\/es\/wp-json\/wp\/v2\/product_tag?post=2072"}],"curies":[{"name":"wp","href":"https:\/\/api.w.org\/{rel}","templated":true}]}}