{"id":2245,"date":"2025-02-17T04:33:47","date_gmt":"2025-02-17T04:33:47","guid":{"rendered":"https:\/\/vavcase.com\/?post_type=product&#038;p=2245"},"modified":"2025-02-17T04:33:48","modified_gmt":"2025-02-17T04:33:48","slug":"pgmoon-tactical-game-backpack-compatible-with-ps5-ps5-slim-ps5-pro-ps4-console","status":"publish","type":"product","link":"https:\/\/vavcase.com\/es\/producto\/pgmoon-juego-tactico-mochila-compatible-con-ps5-ps5-slim-ps5-pro-ps4-consola\/","title":{"rendered":"Mochila t\u00e1ctica para juegos PGmoon compatible con consolas PS5\/PS5 Slim\/PS5 Pro\/PS4"},"content":{"rendered":"<h2>Informaci\u00f3n sobre el producto<\/h2>\n<div class=\"a-row a-spacing-top-base\">\n<div class=\"a-column a-span6\">\n<div class=\"a-row a-spacing-base\">\n<div class=\"a-section table-padding\">\n<table id=\"productDetails_detailBullets_sections1\" class=\"a-keyvalue prodDetTable\" role=\"presentation\">\n<tbody>\n<tr>\n<th class=\"a-color-secondary a-size-base prodDetSectionEntry\">Dimensiones del producto<\/th>\n<td class=\"a-size-base prodDetAttrValue\">12,7\u2033L x 9,45\u2033A x 17,72\u2033H<\/td>\n<\/tr>\n<tr>\n<th class=\"a-color-secondary a-size-base prodDetSectionEntry\">Peso del art\u00edculo<\/th>\n<td class=\"a-size-base prodDetAttrValue\">1,21 kilogramos<\/td>\n<\/tr>\n<tr>\n<th class=\"a-color-secondary a-size-base prodDetSectionEntry\">Tipo de carcasa<\/th>\n<td class=\"a-size-base prodDetAttrValue\">Suave<\/td>\n<\/tr>\n<tr>\n<th class=\"a-color-secondary a-size-base prodDetSectionEntry\">Tipo de cierre<\/th>\n<td class=\"a-size-base prodDetAttrValue\">Cremallera<\/td>\n<\/tr>\n<tr>\n<th class=\"a-color-secondary a-size-base prodDetSectionEntry\">Tipo de asa<\/th>\n<td class=\"a-size-base prodDetAttrValue\">bandolera<\/td>\n<\/tr>\n<tr>\n<th class=\"a-color-secondary a-size-base prodDetSectionEntry\">N\u00famero de compartimentos<\/th>\n<td class=\"a-size-base prodDetAttrValue\">5<\/td>\n<\/tr>\n<tr>\n<th class=\"a-color-secondary a-size-base prodDetSectionEntry\">Descripci\u00f3n del bolsillo<\/th>\n<td class=\"a-size-base prodDetAttrValue\">Bolsillo con cremallera<\/td>\n<\/tr>\n<tr>\n<th class=\"a-color-secondary a-size-base prodDetSectionEntry\">Tipo de correa<\/th>\n<td class=\"a-size-base prodDetAttrValue\">bandolera acolchada<\/td>\n<\/tr>\n<tr>\n<th class=\"a-color-secondary a-size-base prodDetSectionEntry\">Fabricante<\/th>\n<td class=\"a-size-base prodDetAttrValue\">PGmoon<\/td>\n<\/tr>\n<tr>\n<th class=\"a-color-secondary a-size-base prodDetSectionEntry\">ASIN<\/th>\n<td class=\"a-size-base prodDetAttrValue\">B0CFXVGPYB<\/td>\n<\/tr>\n<tr>\n<th class=\"a-color-secondary a-size-base prodDetSectionEntry\">Opiniones de los clientes<\/th>\n<td class=\"a-size-base\">\n<div id=\"averageCustomerReviews\" data-asin=\"B0CFXVGPYB\" data-ref=\"dpx_acr_pop_\"><span class=\"a-declarative\" data-action=\"acrStarsLink-click-metrics\" data-acrstarslink-click-metrics=\"{}\"><span id=\"acrPopover\" class=\"reviewCountTextLinkedHistogram noUnderline\" title=\"4,9 de 5 estrellas\"><a class=\"a-popover-trigger a-declarative\" role=\"button\"><span class=\"a-size-base a-color-base\">4.9\u00a0<\/span><i class=\"a-icon a-icon-star a-star-5 cm-cr-review-stars-spacing-big\"><span class=\"a-icon-alt\">4,9 de 5 estrellas<\/span><\/i>\u00a0<i class=\"a-icon a-icon-popover\"><\/i><\/a>\u00a0\u00a0<\/span><\/span>\u00a0<span class=\"a-declarative\" data-action=\"acrLink-click-metrics\" data-acrlink-click-metrics=\"{}\"><a id=\"acrCustomerReviewLink\" class=\"a-link-normal\" href=\"https:\/\/www.amazon.com\/Tactical-Compatible-Controller-Accessories-playstation-5\/dp\/B0CFXVGPYB\/ref=sr_1_5?dib=eyJ2IjoiMSJ9.2cYb2ixP8aVFF7PEyv0VVraiyRt5rc1CKpNDgs7Bb0JNc3Lecvgau92G9oWn7WE_KRZ-iYFGBktIVhJ6EZGV7N_YLAUjcqLIfj9m1S96qFcarOiayc3ILWICmuJWwiATCz9PaIGktIYf4Jq9jv1RPnHSSnsE1lt0zaygH951ueIvO4DFijj9QwCdFyg-vtkICDwa7i-czG32zoqmQH1WqLijyU2U9fusI2lgCGuQYtg.YWvL05sRuHGz2u153ObQyDOY2YG7Kt-A-C4BlnDqwF8&amp;dib_tag=se&amp;keywords=gaming+backpack&amp;qid=1739765805&amp;sr=8-5#customerReviews\"><span id=\"acrCustomerReviewText\" class=\"a-size-base\">104 valoraciones<\/span><\/a><\/span><\/div>\n<p>4,9 de 5 estrellas<\/td>\n<\/tr>\n<tr>\n<th class=\"a-color-secondary a-size-base prodDetSectionEntry\">Clasificaci\u00f3n de los m\u00e1s vendidos<\/th>\n<td>#3,605 en Videojuegos (<a href=\"https:\/\/www.amazon.com\/gp\/bestsellers\/videogames\/ref=pd_zg_ts_videogames\">Ver Top 100 en Videojuegos<\/a>)<br \/>\n#9 en\u00a0<a href=\"https:\/\/www.amazon.com\/gp\/bestsellers\/videogames\/20972793011\/ref=pd_zg_hrsr_videogames\">Fundas PlayStation 5<\/a><\/td>\n<\/tr>\n<tr>\n<th class=\"a-color-secondary a-size-base prodDetSectionEntry\">Tipo de art\u00edculo<\/th>\n<td class=\"a-size-base prodDetAttrValue\">Equipaje<\/td>\n<\/tr>\n<tr>\n<th class=\"a-color-secondary a-size-base prodDetSectionEntry\">N\u00famero de modelo del art\u00edculo<\/th>\n<td class=\"a-size-base prodDetAttrValue\">CAPG00201<\/td>\n<\/tr>\n<tr>\n<th class=\"a-color-secondary a-size-base prodDetSectionEntry\">Peso del art\u00edculo<\/th>\n<td class=\"a-size-base prodDetAttrValue\">2,66 libras<\/td>\n<\/tr>\n<tr>\n<th class=\"a-color-secondary a-size-base prodDetSectionEntry\">Departamento<\/th>\n<td class=\"a-size-base prodDetAttrValue\">Unisex Adulto<\/td>\n<\/tr>\n<tr>\n<th class=\"a-color-secondary a-size-base prodDetSectionEntry\">Fecha de disponibilidad<\/th>\n<td class=\"a-size-base prodDetAttrValue\">17 de agosto de 2023<\/td>\n<\/tr>\n<\/tbody>\n<\/table>\n<\/div>\n<\/div>\n<\/div>\n<\/div>","protected":false},"excerpt":{"rendered":"<p><strong>GRAN CAPACIDAD:<\/strong> El compartimento principal cuenta con una funda acolchada que puede alojar un monitor port\u00e1til de 15,6\u2033 en el lado opuesto, as\u00ed como un divisor interior personalizado que permite proteger la consola; Adem\u00e1s, en el centro hay un compartimento para un port\u00e1til de 15,6\u2033.<br \/>\n<strong>PERFECTAMENTE DISE\u00d1ADO:<\/strong> La espuma PE m\u00e1s gruesa del interior de esta mochila de viaje protege la consola de ara\u00f1azos y golpes. Para el revestimiento exterior se utiliza nylon resistente, que dura mucho tiempo durante el transporte.<br \/>\n<strong>DISE\u00d1O INSPIRADOR PARA EL ALMACENAMIENTO:<\/strong> Tus mandos y auriculares pueden guardarse de forma segura en el bolsillo frontal inferior acolchado, mientras que los discos, cables y llaves se guardan en el bolsillo frontal superior. Puedes crear tus propios bolsillos para accesorios con la ayuda de las correas MOLLE.<br \/>\n<strong>F\u00c1CIL DE TRANSPORTAR:<\/strong> El acolchado transpirable de la cintura y las correas ergon\u00f3micas y ajustables para los hombros pueden reducir la tensi\u00f3n de los hombros y la fatiga de la cintura durante el transporte; las hebillas laterales permiten ajustarlas, lo que hace que la mochila sea peque\u00f1a y port\u00e1til.<br \/>\n<strong>BOLSA INCRE\u00cdBLE:<\/strong> Una cuidada distribuci\u00f3n del espacio ayuda a colocar correctamente la consola y todos sus perif\u00e9ricos; Un compa\u00f1ero perfecto para los jugadores, que garantiza un viaje c\u00f3modo; Adem\u00e1s, como elegante mochila de viaje; La marca mencionada no tiene nada que ver con nuestro producto.<\/p>","protected":false},"featured_media":2252,"comment_status":"open","ping_status":"closed","template":"","meta":[],"product_brand":[],"product_cat":[69,57],"product_tag":[],"class_list":{"0":"post-2245","1":"product","2":"type-product","3":"status-publish","4":"has-post-thumbnail","6":"product_cat-gaming-backpacks","7":"product_cat-travel-gears","9":"first","10":"instock","11":"shipping-taxable","12":"purchasable","13":"product-type-simple"},"_links":{"self":[{"href":"https:\/\/vavcase.com\/es\/wp-json\/wp\/v2\/product\/2245","targetHints":{"allow":["GET"]}}],"collection":[{"href":"https:\/\/vavcase.com\/es\/wp-json\/wp\/v2\/product"}],"about":[{"href":"https:\/\/vavcase.com\/es\/wp-json\/wp\/v2\/types\/product"}],"replies":[{"embeddable":true,"href":"https:\/\/vavcase.com\/es\/wp-json\/wp\/v2\/comments?post=2245"}],"wp:featuredmedia":[{"embeddable":true,"href":"https:\/\/vavcase.com\/es\/wp-json\/wp\/v2\/media\/2252"}],"wp:attachment":[{"href":"https:\/\/vavcase.com\/es\/wp-json\/wp\/v2\/media?parent=2245"}],"wp:term":[{"taxonomy":"product_brand","embeddable":true,"href":"https:\/\/vavcase.com\/es\/wp-json\/wp\/v2\/product_brand?post=2245"},{"taxonomy":"product_cat","embeddable":true,"href":"https:\/\/vavcase.com\/es\/wp-json\/wp\/v2\/product_cat?post=2245"},{"taxonomy":"product_tag","embeddable":true,"href":"https:\/\/vavcase.com\/es\/wp-json\/wp\/v2\/product_tag?post=2245"}],"curies":[{"name":"wp","href":"https:\/\/api.w.org\/{rel}","templated":true}]}}