{"id":2254,"date":"2025-02-17T04:39:12","date_gmt":"2025-02-17T04:39:12","guid":{"rendered":"https:\/\/vavcase.com\/?post_type=product&#038;p=2254"},"modified":"2025-02-17T04:39:52","modified_gmt":"2025-02-17T04:39:52","slug":"gaming-console-backpack-compatible-with-ps5-ps5-slim-ps5-pro","status":"publish","type":"product","link":"https:\/\/vavcase.com\/es\/producto\/mochila-para-consola-de-juegos-compatible-con-ps5-ps5-slim-ps5-pro\/","title":{"rendered":"Mochila para consola de juegos compatible con PS5\/PS5 Slim\/PS5 Pro"},"content":{"rendered":"<h2>Informaci\u00f3n sobre el producto<\/h2>\n<div class=\"a-row a-spacing-top-base\">\n<div class=\"a-column a-span6\">\n<div class=\"a-row a-spacing-base\">\n<div class=\"a-section table-padding\">\n<table id=\"productDetails_detailBullets_sections1\" class=\"a-keyvalue prodDetTable\" role=\"presentation\">\n<tbody>\n<tr>\n<th class=\"a-color-secondary a-size-base prodDetSectionEntry\">ASIN<\/th>\n<td class=\"a-size-base prodDetAttrValue\">B0CKPJXFG4<\/td>\n<\/tr>\n<tr>\n<th class=\"a-color-secondary a-size-base prodDetSectionEntry\">Opiniones de los clientes<\/th>\n<td class=\"a-size-base\">\n<div id=\"averageCustomerReviews\" data-asin=\"B0CKPJXFG4\" data-ref=\"dpx_acr_pop_\"><span class=\"a-declarative\" data-action=\"acrStarsLink-click-metrics\" data-acrstarslink-click-metrics=\"{}\"><span id=\"acrPopover\" class=\"reviewCountTextLinkedHistogram noUnderline\" title=\"4,5 de 5 estrellas\"><a class=\"a-popover-trigger a-declarative\" role=\"button\"><span class=\"a-size-base a-color-base\">4.5\u00a0<\/span><i class=\"a-icon a-icon-star a-star-4-5 cm-cr-review-stars-spacing-big\"><span class=\"a-icon-alt\">4,5 de 5 estrellas<\/span><\/i>\u00a0<i class=\"a-icon a-icon-popover\"><\/i><\/a>\u00a0\u00a0<\/span><\/span>\u00a0<span class=\"a-declarative\" data-action=\"acrLink-click-metrics\" data-acrlink-click-metrics=\"{}\"><a id=\"acrCustomerReviewLink\" class=\"a-link-normal\" href=\"https:\/\/www.amazon.com\/WELIDAY-Backpack-Compatible-PS5-Compartment\/dp\/B0CKPJXFG4\/ref=sr_1_14?dib=eyJ2IjoiMSJ9.2cYb2ixP8aVFF7PEyv0VVraiyRt5rc1CKpNDgs7Bb0JNc3Lecvgau92G9oWn7WE_KRZ-iYFGBktIVhJ6EZGV7N_YLAUjcqLIfj9m1S96qFcarOiayc3ILWICmuJWwiATCz9PaIGktIYf4Jq9jv1RPnHSSnsE1lt0zaygH951ueIvO4DFijj9QwCdFyg-vtkICDwa7i-czG32zoqmQH1WqLijyU2U9fusI2lgCGuQYtg.YWvL05sRuHGz2u153ObQyDOY2YG7Kt-A-C4BlnDqwF8&amp;dib_tag=se&amp;keywords=gaming%2Bbackpack&amp;qid=1739765805&amp;sr=8-14&amp;th=1#customerReviews\"><span id=\"acrCustomerReviewText\" class=\"a-size-base\">22 valoraciones<\/span><\/a><\/span><\/div>\n<p>4,5 de 5 estrellas<\/td>\n<\/tr>\n<tr>\n<th class=\"a-color-secondary a-size-base prodDetSectionEntry\">Clasificaci\u00f3n de los m\u00e1s vendidos<\/th>\n<td>#13.884 en Videojuegos (<a href=\"https:\/\/www.amazon.com\/gp\/bestsellers\/videogames\/ref=pd_zg_ts_videogames\">Ver Top 100 en Videojuegos<\/a>)<br \/>\n#76 en\u00a0<a href=\"https:\/\/www.amazon.com\/gp\/bestsellers\/videogames\/20972793011\/ref=pd_zg_hrsr_videogames\">Fundas PlayStation 5<\/a><\/td>\n<\/tr>\n<tr>\n<th class=\"a-color-secondary a-size-base prodDetSectionEntry\">Dimensiones del producto<\/th>\n<td class=\"a-size-base prodDetAttrValue\">13,8 x 7,9 x 17,7 pulgadas; 2,18 libras<\/td>\n<\/tr>\n<tr>\n<th class=\"a-color-secondary a-size-base prodDetSectionEntry\">Tipo de art\u00edculo<\/th>\n<td class=\"a-size-base prodDetAttrValue\">Encuadernaci\u00f3n desconocida<\/td>\n<\/tr>\n<tr>\n<th class=\"a-color-secondary a-size-base prodDetSectionEntry\">N\u00famero de modelo del art\u00edculo<\/th>\n<td class=\"a-size-base prodDetAttrValue\">Mochila PS5<\/td>\n<\/tr>\n<tr>\n<th class=\"a-color-secondary a-size-base prodDetSectionEntry\">Peso del art\u00edculo<\/th>\n<td class=\"a-size-base prodDetAttrValue\">2.18 libras<\/td>\n<\/tr>\n<tr>\n<th class=\"a-color-secondary a-size-base prodDetSectionEntry\">Departamento<\/th>\n<td class=\"a-size-base prodDetAttrValue\">unisex-adulto<\/td>\n<\/tr>\n<tr>\n<th class=\"a-color-secondary a-size-base prodDetSectionEntry\">Fabricante<\/th>\n<td class=\"a-size-base prodDetAttrValue\">WELIDAY<\/td>\n<\/tr>\n<tr>\n<th class=\"a-color-secondary a-size-base prodDetSectionEntry\">Fecha de disponibilidad<\/th>\n<td class=\"a-size-base prodDetAttrValue\">8 de octubre de 2023<\/td>\n<\/tr>\n<tr>\n<th class=\"a-color-secondary a-size-base prodDetSectionEntry\">Rango de edad Descripci\u00f3n<\/th>\n<td class=\"a-size-base prodDetAttrValue\">Adultos<\/td>\n<\/tr>\n<tr>\n<th class=\"a-color-secondary a-size-base prodDetSectionEntry\">Peso del art\u00edculo<\/th>\n<td class=\"a-size-base prodDetAttrValue\">0,99 Kilogramos<\/td>\n<\/tr>\n<tr>\n<th class=\"a-color-secondary a-size-base prodDetSectionEntry\">Capacidad Total<\/th>\n<td class=\"a-size-base prodDetAttrValue\">35 litros<\/td>\n<\/tr>\n<\/tbody>\n<\/table>\n<\/div>\n<\/div>\n<\/div>\n<\/div>","protected":false},"excerpt":{"rendered":"<p><strong>Compartimento de gran capacidad<\/strong>: La mochila para juegos WELIDAY tiene unas dimensiones de 14 X 8 X 18 pulgadas y divisores interiores ajustables que te permiten personalizar el compartimento de organizaci\u00f3n para tu consola. Adem\u00e1s, dispone de una funda acolchada para un ordenador port\u00e1til de 15,6 pulgadas o un monitor port\u00e1til.<br \/>\n<strong>M\u00faltiples bolsillos:<\/strong> Un bolsillo de malla y un bolsillo exterior con cremallera se incluyen en la mochila para consola de juegos, que tambi\u00e9n incluye un gran bolsillo frontal con dos compartimentos interiores, un mando inal\u00e1mbrico, auriculares, rat\u00f3n para juegos, cables, cargadores y mucho m\u00e1s. Los discos de juego adicionales se guardan en dos compartimentos laterales.<br \/>\n<strong>Protecci\u00f3n total:<\/strong> El resistente tejido de nailon est\u00e1 relleno de espuma reforzada, que proporciona suficiente amortiguaci\u00f3n para salvaguardar su valioso equipo. Para garantizar la seguridad de la consola y los accesorios durante el viaje, el material es resistente a los ara\u00f1azos y al agua.<\/p>\n<p><strong>C\u00f3modo de transportar:<\/strong> Los tirantes ergon\u00f3micos acolchados y ajustables alivian la fatiga durante el transporte. Adem\u00e1s, el acolchado transpirable de la parte central contribuye a una experiencia de viaje m\u00e1s tranquila. Compatible con PS5 \/ PS5 Slim \/ PS5 Pro \/ PS4 \/ Xbox One, entre otras.<br \/>\n<strong>Excelente regalo:<\/strong> La funda de transporte para consola de juegos WELIDAY es la soluci\u00f3n perfecta para su pr\u00f3xima noche de juegos, ya que incluye m\u00faltiples compartimentos de almacenamiento para guardar todos sus elementos esenciales de juego. Un regalo excepcional para entusiastas de los juegos, colegas y familiares.<\/p>","protected":false},"featured_media":2261,"comment_status":"open","ping_status":"closed","template":"","meta":[],"product_brand":[],"product_cat":[69,57],"product_tag":[],"class_list":{"0":"post-2254","1":"product","2":"type-product","3":"status-publish","4":"has-post-thumbnail","6":"product_cat-gaming-backpacks","7":"product_cat-travel-gears","9":"first","10":"instock","11":"shipping-taxable","12":"purchasable","13":"product-type-simple"},"_links":{"self":[{"href":"https:\/\/vavcase.com\/es\/wp-json\/wp\/v2\/product\/2254","targetHints":{"allow":["GET"]}}],"collection":[{"href":"https:\/\/vavcase.com\/es\/wp-json\/wp\/v2\/product"}],"about":[{"href":"https:\/\/vavcase.com\/es\/wp-json\/wp\/v2\/types\/product"}],"replies":[{"embeddable":true,"href":"https:\/\/vavcase.com\/es\/wp-json\/wp\/v2\/comments?post=2254"}],"wp:featuredmedia":[{"embeddable":true,"href":"https:\/\/vavcase.com\/es\/wp-json\/wp\/v2\/media\/2261"}],"wp:attachment":[{"href":"https:\/\/vavcase.com\/es\/wp-json\/wp\/v2\/media?parent=2254"}],"wp:term":[{"taxonomy":"product_brand","embeddable":true,"href":"https:\/\/vavcase.com\/es\/wp-json\/wp\/v2\/product_brand?post=2254"},{"taxonomy":"product_cat","embeddable":true,"href":"https:\/\/vavcase.com\/es\/wp-json\/wp\/v2\/product_cat?post=2254"},{"taxonomy":"product_tag","embeddable":true,"href":"https:\/\/vavcase.com\/es\/wp-json\/wp\/v2\/product_tag?post=2254"}],"curies":[{"name":"wp","href":"https:\/\/api.w.org\/{rel}","templated":true}]}}