{"id":2262,"date":"2025-02-17T04:44:03","date_gmt":"2025-02-17T04:44:03","guid":{"rendered":"https:\/\/vavcase.com\/?post_type=product&#038;p=2262"},"modified":"2025-02-17T04:44:03","modified_gmt":"2025-02-17T04:44:03","slug":"travel-backpack-for-ps5-protective-carrying-case-bag-for-17-3-laptop-controllers-game-discs-and-more-gaming-accessories-ps5-carrying-case-with-multiple-pockets","status":"publish","type":"product","link":"https:\/\/vavcase.com\/es\/producto\/mochila-de-viaje-para-ps5-bolsa-de-transporte-protectora-para-portatil-17-3-mandos-discos-de-juegos-y-mas-accesorios-de-juegos-ps5-bolsa-de-transporte-con-multiples-bolsillos\/","title":{"rendered":"Mochila de viaje para PS5, bolsa de transporte protectora para port\u00e1til de 17,3'', mandos, discos de juego y m\u00e1s accesorios de juego, funda de transporte para PS5 con m\u00faltiples bolsillos"},"content":{"rendered":"<h2>Informaci\u00f3n sobre el producto<\/h2>\n<div class=\"a-row a-spacing-top-base\">\n<div class=\"a-column a-span6\">\n<div class=\"a-row a-spacing-base\">\n<div class=\"a-section table-padding\">\n<table id=\"productDetails_detailBullets_sections1\" class=\"a-keyvalue prodDetTable\" role=\"presentation\">\n<tbody>\n<tr>\n<th class=\"a-color-secondary a-size-base prodDetSectionEntry\">Dimensiones del producto<\/th>\n<td class=\"a-size-base prodDetAttrValue\">17,3\u2033L x 9\u2033A x 17,3\u2033Al<\/td>\n<\/tr>\n<tr>\n<th class=\"a-color-secondary a-size-base prodDetSectionEntry\">Peso del art\u00edculo<\/th>\n<td class=\"a-size-base prodDetAttrValue\">0,99 Kilogramos<\/td>\n<\/tr>\n<tr>\n<th class=\"a-color-secondary a-size-base prodDetSectionEntry\">Tipo de carcasa<\/th>\n<td class=\"a-size-base prodDetAttrValue\">Suave<\/td>\n<\/tr>\n<tr>\n<th class=\"a-color-secondary a-size-base prodDetSectionEntry\">Tipo de cierre<\/th>\n<td class=\"a-size-base prodDetAttrValue\">Cremallera<\/td>\n<\/tr>\n<tr>\n<th class=\"a-color-secondary a-size-base prodDetSectionEntry\">N\u00famero de compartimentos<\/th>\n<td class=\"a-size-base prodDetAttrValue\">4<\/td>\n<\/tr>\n<tr>\n<th class=\"a-color-secondary a-size-base prodDetSectionEntry\">Descripci\u00f3n del bolsillo<\/th>\n<td class=\"a-size-base prodDetAttrValue\">Bolsillo con cremallera<\/td>\n<\/tr>\n<tr>\n<th class=\"a-color-secondary a-size-base prodDetSectionEntry\">Tipo de correa<\/th>\n<td class=\"a-size-base prodDetAttrValue\">Correa para mochila<\/td>\n<\/tr>\n<tr>\n<th class=\"a-color-secondary a-size-base prodDetSectionEntry\">Fabricante<\/th>\n<td class=\"a-size-base prodDetAttrValue\">GOTECH<\/td>\n<\/tr>\n<tr>\n<th class=\"a-color-secondary a-size-base prodDetSectionEntry\">ASIN<\/th>\n<td class=\"a-size-base prodDetAttrValue\">B0CJQX1LWD<\/td>\n<\/tr>\n<tr>\n<th class=\"a-color-secondary a-size-base prodDetSectionEntry\">Opiniones de los clientes<\/th>\n<td class=\"a-size-base\">\n<div id=\"averageCustomerReviews\" data-asin=\"B0CJQX1LWD\" data-ref=\"dpx_acr_pop_\"><span class=\"a-declarative\" data-action=\"acrStarsLink-click-metrics\" data-acrstarslink-click-metrics=\"{}\"><span id=\"acrPopover\" class=\"reviewCountTextLinkedHistogram noUnderline\" title=\"4,5 de 5 estrellas\"><a class=\"a-popover-trigger a-declarative\" role=\"button\"><span class=\"a-size-base a-color-base\">4.5\u00a0<\/span><i class=\"a-icon a-icon-star a-star-4-5 cm-cr-review-stars-spacing-big\"><span class=\"a-icon-alt\">4,5 de 5 estrellas<\/span><\/i>\u00a0<i class=\"a-icon a-icon-popover\"><\/i><\/a>\u00a0\u00a0<\/span><\/span>\u00a0<span class=\"a-declarative\" data-action=\"acrLink-click-metrics\" data-acrlink-click-metrics=\"{}\"><a id=\"acrCustomerReviewLink\" class=\"a-link-normal\" href=\"https:\/\/www.amazon.com\/Backpack-Protective-Controllers-Accessories-playstation-5\/dp\/B0CJQX1LWD\/ref=sr_1_19?dib=eyJ2IjoiMSJ9.2cYb2ixP8aVFF7PEyv0VVraiyRt5rc1CKpNDgs7Bb0JNc3Lecvgau92G9oWn7WE_KRZ-iYFGBktIVhJ6EZGV7N_YLAUjcqLIfj9m1S96qFcarOiayc3ILWICmuJWwiATCz9PaIGktIYf4Jq9jv1RPnHSSnsE1lt0zaygH951ueIvO4DFijj9QwCdFyg-vtkICDwa7i-czG32zoqmQH1WqLijyU2U9fusI2lgCGuQYtg.YWvL05sRuHGz2u153ObQyDOY2YG7Kt-A-C4BlnDqwF8&amp;dib_tag=se&amp;keywords=gaming+backpack&amp;qid=1739765805&amp;sr=8-19#customerReviews\"><span id=\"acrCustomerReviewText\" class=\"a-size-base\">89 valoraciones<\/span><\/a><\/span><\/div>\n<p>4,5 de 5 estrellas<\/td>\n<\/tr>\n<tr>\n<th class=\"a-color-secondary a-size-base prodDetSectionEntry\">Clasificaci\u00f3n de los m\u00e1s vendidos<\/th>\n<td>#1,386 en Videojuegos (<a href=\"https:\/\/www.amazon.com\/gp\/bestsellers\/videogames\/ref=pd_zg_ts_videogames\">Ver Top 100 en Videojuegos<\/a>)<br \/>\n#2 en\u00a0<a href=\"https:\/\/www.amazon.com\/gp\/bestsellers\/videogames\/20972793011\/ref=pd_zg_hrsr_videogames\">Fundas PlayStation 5<\/a><\/td>\n<\/tr>\n<tr>\n<th class=\"a-color-secondary a-size-base prodDetSectionEntry\">Tipo de art\u00edculo<\/th>\n<td class=\"a-size-base prodDetAttrValue\">Equipaje<\/td>\n<\/tr>\n<tr>\n<th class=\"a-color-secondary a-size-base prodDetSectionEntry\">N\u00famero de modelo del art\u00edculo<\/th>\n<td class=\"a-size-base prodDetAttrValue\">011<\/td>\n<\/tr>\n<tr>\n<th class=\"a-color-secondary a-size-base prodDetSectionEntry\">Peso del art\u00edculo<\/th>\n<td class=\"a-size-base prodDetAttrValue\">2.18 libras<\/td>\n<\/tr>\n<tr>\n<th class=\"a-color-secondary a-size-base prodDetSectionEntry\">Departamento<\/th>\n<td class=\"a-size-base prodDetAttrValue\">Unisex Adulto<\/td>\n<\/tr>\n<tr>\n<th class=\"a-color-secondary a-size-base prodDetSectionEntry\">Fecha de disponibilidad<\/th>\n<td class=\"a-size-base prodDetAttrValue\">15 de diciembre de 2023<\/td>\n<\/tr>\n<\/tbody>\n<\/table>\n<\/div>\n<\/div>\n<\/div>\n<\/div>","protected":false},"excerpt":{"rendered":"<p><strong>Dise\u00f1o de almacenamiento multifuncional:<\/strong> La mochila de transporte para PlayStation 5 cuenta con cuatro compartimentos principales. Los dos compartimentos separados del interior tienen capacidad para una consola PlayStation 5 y un port\u00e1til de 17,3 pulgadas. El bolsillo frontal superior est\u00e1 dise\u00f1ado para guardar discos de PS5, mientras que el bolsillo frontal inferior de gran tama\u00f1o puede albergar dos mandos de PS5, cables de datos y cables de carga. Adem\u00e1s, la bolsa de viaje PS5 cuenta con dos bolsillos laterales en los que caben objetos peque\u00f1os, como llaves y tel\u00e9fonos.Dimensiones: 13 pulgadas por 9 pulgadas por 17,3 pulgadas.<br \/>\n<strong>Protecci\u00f3n superior:<\/strong> La bolsa de transporte de la PS5 est\u00e1 dise\u00f1ada con un denso acolchado presente en todo su interior, que evita ara\u00f1azos y absorbe los impactos. La consola est\u00e1 asegurada y protegida de choques e impactos gracias a un importante separador ajustable en el compartimento principal. Adem\u00e1s, los compartimentos para el port\u00e1til y el mando est\u00e1n equipados con un forro acolchado para salvaguardar tus accesorios de juego.<br \/>\n<strong>Resistente al agua y f\u00e1cil de limpiar<\/strong>: La superficie de esta funda de transporte para PS5 es resistente a los ara\u00f1azos, al agua y al desgaste gracias a la cremallera de alta densidad y al material de nailon duradero y resistente a los desgarros. En consecuencia, esta mochila de almacenamiento de juegos es adecuada tanto para uso diario como para viajes.<\/p>\n<p><strong>Pr\u00e1ctica mochila de viaje:<\/strong> Esta mochila tambi\u00e9n es adecuada para transportar art\u00edculos de viaje esenciales, como ropa, port\u00e1tiles, c\u00e1maras, bater\u00edas, cables y pasaportes, gracias a sus c\u00f3modas correas y su amplia capacidad de almacenamiento.<br \/>\nServicio al consumidor: Si tiene alguna consulta, no dude en ponerse en contacto con nosotros. GOTECH se compromete a ofrecer un servicio de la m\u00e1xima calidad. 24 horas al d\u00eda<\/p>\n<p>ESTE ART\u00cdCULO NO EST\u00c1 DISE\u00d1ADO PARA SER UTILIZADO POR NI\u00d1OS MENORES DE 12 A\u00d1OS.<\/p>","protected":false},"featured_media":2269,"comment_status":"open","ping_status":"closed","template":"","meta":[],"product_brand":[],"product_cat":[69,57],"product_tag":[],"class_list":{"0":"post-2262","1":"product","2":"type-product","3":"status-publish","4":"has-post-thumbnail","6":"product_cat-gaming-backpacks","7":"product_cat-travel-gears","9":"first","10":"instock","11":"shipping-taxable","12":"purchasable","13":"product-type-simple"},"_links":{"self":[{"href":"https:\/\/vavcase.com\/es\/wp-json\/wp\/v2\/product\/2262","targetHints":{"allow":["GET"]}}],"collection":[{"href":"https:\/\/vavcase.com\/es\/wp-json\/wp\/v2\/product"}],"about":[{"href":"https:\/\/vavcase.com\/es\/wp-json\/wp\/v2\/types\/product"}],"replies":[{"embeddable":true,"href":"https:\/\/vavcase.com\/es\/wp-json\/wp\/v2\/comments?post=2262"}],"wp:featuredmedia":[{"embeddable":true,"href":"https:\/\/vavcase.com\/es\/wp-json\/wp\/v2\/media\/2269"}],"wp:attachment":[{"href":"https:\/\/vavcase.com\/es\/wp-json\/wp\/v2\/media?parent=2262"}],"wp:term":[{"taxonomy":"product_brand","embeddable":true,"href":"https:\/\/vavcase.com\/es\/wp-json\/wp\/v2\/product_brand?post=2262"},{"taxonomy":"product_cat","embeddable":true,"href":"https:\/\/vavcase.com\/es\/wp-json\/wp\/v2\/product_cat?post=2262"},{"taxonomy":"product_tag","embeddable":true,"href":"https:\/\/vavcase.com\/es\/wp-json\/wp\/v2\/product_tag?post=2262"}],"curies":[{"name":"wp","href":"https:\/\/api.w.org\/{rel}","templated":true}]}}