{"id":2270,"date":"2025-02-17T04:48:47","date_gmt":"2025-02-17T04:48:47","guid":{"rendered":"https:\/\/vavcase.com\/?post_type=product&#038;p=2270"},"modified":"2025-02-17T04:48:47","modified_gmt":"2025-02-17T04:48:47","slug":"gaming-backpack-for-ps5-protective-travel-carrying-case-compatible-with-playstation-5-console","status":"publish","type":"product","link":"https:\/\/vavcase.com\/es\/producto\/mochila-protectora-de-viaje-para-ps5-compatible-con-la-consola-playstation-5\/","title":{"rendered":"Mochila de juegos para PS5, funda protectora de viaje compatible con la consola Playstation 5"},"content":{"rendered":"<h2>Informaci\u00f3n sobre el producto<\/h2>\n<div class=\"a-row a-spacing-top-base\">\n<div class=\"a-column a-span6\">\n<div class=\"a-row a-spacing-base\">\n<div class=\"a-section table-padding\">\n<table id=\"productDetails_detailBullets_sections1\" class=\"a-keyvalue prodDetTable\" role=\"presentation\">\n<tbody>\n<tr>\n<th class=\"a-color-secondary a-size-base prodDetSectionEntry\">Dimensiones del paquete<\/th>\n<td class=\"a-size-base prodDetAttrValue\">16,75 x 12,12 x 3 pulgadas<\/td>\n<\/tr>\n<tr>\n<th class=\"a-color-secondary a-size-base prodDetSectionEntry\">Peso del art\u00edculo<\/th>\n<td class=\"a-size-base prodDetAttrValue\">2,49 libras<\/td>\n<\/tr>\n<tr>\n<th class=\"a-color-secondary a-size-base prodDetSectionEntry\">Departamento<\/th>\n<td class=\"a-size-base prodDetAttrValue\">unisex-adulto<\/td>\n<\/tr>\n<tr>\n<th class=\"a-color-secondary a-size-base prodDetSectionEntry\">ASIN<\/th>\n<td class=\"a-size-base prodDetAttrValue\">B0D7PXT65S<\/td>\n<\/tr>\n<tr>\n<th class=\"a-color-secondary a-size-base prodDetSectionEntry\">N\u00famero de modelo del art\u00edculo<\/th>\n<td class=\"a-size-base prodDetAttrValue\">GP001<\/td>\n<\/tr>\n<tr>\n<th class=\"a-color-secondary a-size-base prodDetSectionEntry\">Opiniones de los clientes<\/th>\n<td class=\"a-size-base\">\n<div id=\"averageCustomerReviews\" data-asin=\"B0D7PXT65S\" data-ref=\"dpx_acr_pop_\"><span class=\"a-declarative\" data-action=\"acrStarsLink-click-metrics\" data-acrstarslink-click-metrics=\"{}\"><span id=\"acrPopover\" class=\"reviewCountTextLinkedHistogram noUnderline\" title=\"4,5 de 5 estrellas\"><a class=\"a-popover-trigger a-declarative\" role=\"button\"><span class=\"a-size-base a-color-base\">4.5\u00a0<\/span><i class=\"a-icon a-icon-star a-star-4-5 cm-cr-review-stars-spacing-big\"><span class=\"a-icon-alt\">4,5 de 5 estrellas<\/span><\/i>\u00a0<i class=\"a-icon a-icon-popover\"><\/i><\/a>\u00a0\u00a0<\/span><\/span>\u00a0<span class=\"a-declarative\" data-action=\"acrLink-click-metrics\" data-acrlink-click-metrics=\"{}\"><a id=\"acrCustomerReviewLink\" class=\"a-link-normal\" href=\"https:\/\/www.amazon.com\/GDNasist-Protective-Compatible-Playstation-Accessories\/dp\/B0D7PXT65S\/ref=sr_1_25?dib=eyJ2IjoiMSJ9.U0_eyfkd-nHjDPSuopxFo6MtYovHhLJjN-kLCnl9XfFJfzm3f_PHsrS8CX9vASBTr5b8jhKXrj50ghwQtmoAq77jKph_qKjiXrOvllmreHJGe9Ah8vm4g8rTdmZB5WdGb3hKnUoGZEndkP4c9yePpRurWOnsHDXx4L_B-rXVdwK3EIA2V9JziZtLlizP3HXI_nlklrg0ftkhqU3NtBXQh9mL9lzEMTvVxMvD6nm4Ou4.LIwGl8G3jIYIP6myfvzo2ESpieJCyh0yc6PMbya6i1A&amp;dib_tag=se&amp;keywords=gaming+backpack&amp;qid=1739765928&amp;sr=8-25&amp;xpid=3OdwwBbnjcIfI#customerReviews\"><span id=\"acrCustomerReviewText\" class=\"a-size-base\">30 valoraciones<\/span><\/a><\/span><\/div>\n<p>4,5 de 5 estrellas<\/td>\n<\/tr>\n<tr>\n<th class=\"a-color-secondary a-size-base prodDetSectionEntry\">Clasificaci\u00f3n de los m\u00e1s vendidos<\/th>\n<td>#17.861 en Videojuegos (<a href=\"https:\/\/www.amazon.com\/gp\/bestsellers\/videogames\/ref=pd_zg_ts_videogames\">Ver Top 100 en Videojuegos<\/a>)<br \/>\n#111 en\u00a0<a href=\"https:\/\/www.amazon.com\/gp\/bestsellers\/videogames\/20972793011\/ref=pd_zg_hrsr_videogames\">Fundas PlayStation 5<\/a><\/td>\n<\/tr>\n<tr>\n<th class=\"a-color-secondary a-size-base prodDetSectionEntry\">Rango de edad Descripci\u00f3n<\/th>\n<td class=\"a-size-base prodDetAttrValue\">Adolescente, Adulto<\/td>\n<\/tr>\n<\/tbody>\n<\/table>\n<\/div>\n<\/div>\n<\/div>\n<\/div>","protected":false},"excerpt":{"rendered":"<p><strong>Dise\u00f1ado para jugar:<\/strong> Nuestra mochila PS5 cuenta con cinco compartimentos y una capacidad de almacenamiento extragrande. La consola PS5, el port\u00e1til de 15,6 pulgadas y el monitor port\u00e1til pueden guardarse en el compartimento principal, mientras que los auriculares y dos mandos pueden colocarse en el segundo compartimento. En el compartimento delantero se pueden guardar la consola Nintendo y los discos de juegos. En los dos compartimentos laterales se aprecia una clara divisi\u00f3n del trabajo: uno est\u00e1 destinado a guardar los cables de datos y otros objetos. El otro se emplea para contener objetos peque\u00f1os, incluidos bancos de energ\u00eda y cargadores de mangos.<br \/>\n<strong>Protecci\u00f3n integral:<\/strong> El compartimento principal est\u00e1 equipado con un dise\u00f1o de protecci\u00f3n integral. La consola PS5 queda bien sujeta en el compartimento principal gracias a dos esponjas envueltas en material suave. En la parte inferior de la consola PS5 hay una almohadilla protectora extragruesa extra\u00edble para protegerla de ara\u00f1azos y colisiones. La zona circundante est\u00e1 rellena de espuma acolchada extragruesa.<br \/>\n<strong>Organizaci\u00f3n sensata:<\/strong> Cada compartimento tiene una funci\u00f3n distinta. La consola PS5, los auriculares, el mando PS5 y otros accesorios deben guardarse por separado para protegerlos de ara\u00f1azos y golpes.<\/p>\n<p><strong>Algo m\u00e1s que una mochila para PS5:<\/strong> Nuestra bolsa PS5 est\u00e1 dise\u00f1ada con espacio extra y c\u00f3modas correas para los hombros, lo que la hace adecuada para usarla como mochila de viaje para ropa, port\u00e1tiles, c\u00e1maras, cargadores y otros art\u00edculos esenciales de viaje.<br \/>\n<strong>Pr\u00e1ctico y c\u00f3modo de llevar:<\/strong> Nuestra bolsa de viaje para PS5 est\u00e1 dise\u00f1ada con una correa superior, una correa para el equipaje y correas gruesas y transpirables acolchadas para los hombros, para que pueda transportarla con facilidad.<\/p>","protected":false},"featured_media":2277,"comment_status":"open","ping_status":"closed","template":"","meta":[],"product_brand":[],"product_cat":[69,57],"product_tag":[],"class_list":{"0":"post-2270","1":"product","2":"type-product","3":"status-publish","4":"has-post-thumbnail","6":"product_cat-gaming-backpacks","7":"product_cat-travel-gears","9":"first","10":"instock","11":"shipping-taxable","12":"purchasable","13":"product-type-simple"},"_links":{"self":[{"href":"https:\/\/vavcase.com\/es\/wp-json\/wp\/v2\/product\/2270","targetHints":{"allow":["GET"]}}],"collection":[{"href":"https:\/\/vavcase.com\/es\/wp-json\/wp\/v2\/product"}],"about":[{"href":"https:\/\/vavcase.com\/es\/wp-json\/wp\/v2\/types\/product"}],"replies":[{"embeddable":true,"href":"https:\/\/vavcase.com\/es\/wp-json\/wp\/v2\/comments?post=2270"}],"wp:featuredmedia":[{"embeddable":true,"href":"https:\/\/vavcase.com\/es\/wp-json\/wp\/v2\/media\/2277"}],"wp:attachment":[{"href":"https:\/\/vavcase.com\/es\/wp-json\/wp\/v2\/media?parent=2270"}],"wp:term":[{"taxonomy":"product_brand","embeddable":true,"href":"https:\/\/vavcase.com\/es\/wp-json\/wp\/v2\/product_brand?post=2270"},{"taxonomy":"product_cat","embeddable":true,"href":"https:\/\/vavcase.com\/es\/wp-json\/wp\/v2\/product_cat?post=2270"},{"taxonomy":"product_tag","embeddable":true,"href":"https:\/\/vavcase.com\/es\/wp-json\/wp\/v2\/product_tag?post=2270"}],"curies":[{"name":"wp","href":"https:\/\/api.w.org\/{rel}","templated":true}]}}