{"id":2278,"date":"2025-02-17T04:53:55","date_gmt":"2025-02-17T04:53:55","guid":{"rendered":"https:\/\/vavcase.com\/?post_type=product&#038;p=2278"},"modified":"2026-02-21T02:23:19","modified_gmt":"2026-02-21T02:23:19","slug":"trunab-gaming-console-backpack-compatible-with-playstation-5-ps5-slim-ps4-xbox-one-travel-carrying-bag","status":"publish","type":"product","link":"https:\/\/vavcase.com\/es\/producto\/trunab-gaming-console-backpack-compatible-con-playstation-5-ps5-slim-ps4-xbox-one-travel-carrying-bag\/","title":{"rendered":"Trunab Gaming Console Backpack Compatible con Playstation 5 \/ PS5 Slim \/ PS4 \/ Xbox One, Bolsa de transporte de viaje"},"content":{"rendered":"<h2>Informaci\u00f3n sobre el producto<\/h2>\n<div class=\"a-row a-spacing-top-base\">\n<div class=\"a-column a-span6\">\n<div class=\"a-row a-spacing-base\">\n<div class=\"a-section table-padding\">\n<table id=\"productDetails_detailBullets_sections1\" class=\"a-keyvalue prodDetTable\" role=\"presentation\">\n<tbody>\n<tr>\n<th class=\"a-color-secondary a-size-base prodDetSectionEntry\">Patr\u00f3n<\/th>\n<td class=\"a-size-base prodDetAttrValue\">S\u00f3lido<\/td>\n<\/tr>\n<tr>\n<th class=\"a-color-secondary a-size-base prodDetSectionEntry\">Peso del art\u00edculo<\/th>\n<td class=\"a-size-base prodDetAttrValue\">0,83 kilogramos<\/td>\n<\/tr>\n<tr>\n<th class=\"a-color-secondary a-size-base prodDetSectionEntry\">Tipo de carcasa<\/th>\n<td class=\"a-size-base prodDetAttrValue\">Suave<\/td>\n<\/tr>\n<tr>\n<th class=\"a-color-secondary a-size-base prodDetSectionEntry\">Tipo de cierre<\/th>\n<td class=\"a-size-base prodDetAttrValue\">Cremallera<\/td>\n<\/tr>\n<tr>\n<th class=\"a-color-secondary a-size-base prodDetSectionEntry\">N\u00famero de compartimentos<\/th>\n<td class=\"a-size-base prodDetAttrValue\">6<\/td>\n<\/tr>\n<tr>\n<th class=\"a-color-secondary a-size-base prodDetSectionEntry\">Descripci\u00f3n del bolsillo<\/th>\n<td class=\"a-size-base prodDetAttrValue\">Bolsillo con cremallera<\/td>\n<\/tr>\n<tr>\n<th class=\"a-color-secondary a-size-base prodDetSectionEntry\">Tipo de correa<\/th>\n<td class=\"a-size-base prodDetAttrValue\">Tirantes ajustables y acolchados<\/td>\n<\/tr>\n<tr>\n<th class=\"a-color-secondary a-size-base prodDetSectionEntry\">Dimensiones del producto<\/th>\n<td class=\"a-size-base prodDetAttrValue\">12,6 x 7,9 x 17,7 pulgadas<\/td>\n<\/tr>\n<tr>\n<th class=\"a-color-secondary a-size-base prodDetSectionEntry\">Peso del art\u00edculo<\/th>\n<td class=\"a-size-base prodDetAttrValue\">1.83 libras<\/td>\n<\/tr>\n<tr>\n<th class=\"a-color-secondary a-size-base prodDetSectionEntry\">ASIN<\/th>\n<td class=\"a-size-base prodDetAttrValue\">B0957962QX<\/td>\n<\/tr>\n<tr>\n<th class=\"a-color-secondary a-size-base prodDetSectionEntry\">N\u00famero de modelo del art\u00edculo<\/th>\n<td class=\"a-size-base prodDetAttrValue\">TN04401<\/td>\n<\/tr>\n<tr>\n<th class=\"a-color-secondary a-size-base prodDetSectionEntry\">Opiniones de los clientes<\/th>\n<td class=\"a-size-base\">\n<div id=\"averageCustomerReviews\" data-asin=\"B0957962QX\" data-ref=\"dpx_acr_pop_\"><span class=\"a-declarative\" data-action=\"acrStarsLink-click-metrics\" data-acrstarslink-click-metrics=\"{}\"><span id=\"acrPopover\" class=\"reviewCountTextLinkedHistogram noUnderline\" title=\"4,8 de 5 estrellas\"><a class=\"a-popover-trigger a-declarative\" role=\"button\"><span class=\"a-size-base a-color-base\">4.8\u00a0<\/span><i class=\"a-icon a-icon-star a-star-5 cm-cr-review-stars-spacing-big\"><span class=\"a-icon-alt\">4,8 de 5 estrellas<\/span><\/i>\u00a0<i class=\"a-icon a-icon-popover\"><\/i><\/a>\u00a0\u00a0<\/span><\/span>\u00a0<span class=\"a-declarative\" data-action=\"acrLink-click-metrics\" data-acrlink-click-metrics=\"{}\"><a id=\"acrCustomerReviewLink\" class=\"a-link-normal\" href=\"https:\/\/www.amazon.com\/Backpack-Compatible-Carrying-Accessories-playstation-5\/dp\/B0957962QX\/ref=sr_1_46?dib=eyJ2IjoiMSJ9.F_YP9AUcVNhAGzceV___KfdT22j2Tz3JviE5MUusF0AooNQYOGbh7pVsca8qs9vA2LzI2OqaYIMt7VhmwI0fzsYGopsvPrJX96UI62L2ab5hfcJwWTseOtVTUJ0B6HQfafx_IIPnUZnkQZNcx6SaJitpau0nbtQ2pm1hSjLGlZ6eZuZOwgg6jUa-Il253rCdWVVkCYJgTDfd5f9Jp1welbB67f6uaZ4PozR1Y42phxA.QG-Wno98l_4ot7mjLy7_B4mMo1oELJ4047Gql4vtKVA&amp;dib_tag=se&amp;keywords=gaming%2Bbackpack&amp;qid=1739767756&amp;sr=8-46&amp;xpid=3OdwwBbnjcIfI&amp;th=1#customerReviews\"><span id=\"acrCustomerReviewText\" class=\"a-size-base\">1.066 valoraciones<\/span><\/a><\/span><\/div>\n<p>4,8 de 5 estrellas<\/td>\n<\/tr>\n<tr>\n<th class=\"a-color-secondary a-size-base prodDetSectionEntry\">Clasificaci\u00f3n de los m\u00e1s vendidos<\/th>\n<td>#21.544 en Videojuegos (<a href=\"https:\/\/www.amazon.com\/gp\/bestsellers\/videogames\/ref=pd_zg_ts_videogames\">Ver Top 100 en Videojuegos<\/a>)<br \/>\n#130 en\u00a0<a href=\"https:\/\/www.amazon.com\/gp\/bestsellers\/videogames\/20972793011\/ref=pd_zg_hrsr_videogames\">Fundas PlayStation 5<\/a><br \/>\n#2,600 en\u00a0<a href=\"https:\/\/www.amazon.com\/gp\/bestsellers\/videogames\/6427814011\/ref=pd_zg_hrsr_videogames\">PlayStation 4 Juegos, consolas y accesorios<\/a><\/td>\n<\/tr>\n<\/tbody>\n<\/table>\n<\/div>\n<\/div>\n<\/div>\n<\/div>","protected":false},"excerpt":{"rendered":"<p><strong>COMPARTIMENTO GRANDE:<\/strong> El bolsillo organizador para la consola puede personalizarse con divisores interiores ajustables. Adem\u00e1s, dispone de una funda acolchada para un monitor port\u00e1til o un ordenador port\u00e1til de 15,6 pulgadas.<br \/>\n<strong>M\u00daLTIPLES BOLSILLOS:<\/strong> Un gran bolsillo frontal con dos bolsillos peque\u00f1os interiores y un bolsillo de malla para auriculares, ratones de juego, discos de juego, cables, cargadores y otros objetos. Dos bolsillos laterales ofrecen capacidad de almacenamiento adicional.<br \/>\n<strong>BUEN PRODUCTO:<\/strong> Nuestra mochila est\u00e1 fabricada con nailon resistente a los desgarros y cuenta con un interior acolchado de espuma de PE, que protege eficazmente la consola y los accesorios.<\/p>\n<p><strong>C\u00d3MODO DE TRANSPORTAR:<\/strong> Los arneses ergon\u00f3micos y acolchados de los hombros son ajustables para aliviar la fatiga durante el transporte. Adem\u00e1s, el acolchado transpirable de la parte central contribuye a una experiencia de viaje m\u00e1s tranquila.<br \/>\nDimensiones: 12,6 pulgadas por 7,9 pulgadas por 17,7 pulgadas. Ideal para guardar y conservar su dispositivo de juego. Simplemente transporta tu juego preferido con nuestra mochila y participa en juegos multijugador con tus amigos.<\/p>\n<p>&nbsp;<\/p>","protected":false},"featured_media":2285,"comment_status":"open","ping_status":"closed","template":"","meta":[],"product_brand":[],"product_cat":[69,57],"product_tag":[],"class_list":{"0":"post-2278","1":"product","2":"type-product","3":"status-publish","4":"has-post-thumbnail","6":"product_cat-gaming-backpacks","7":"product_cat-travel-gears","9":"first","10":"instock","11":"shipping-taxable","12":"purchasable","13":"product-type-simple"},"_links":{"self":[{"href":"https:\/\/vavcase.com\/es\/wp-json\/wp\/v2\/product\/2278","targetHints":{"allow":["GET"]}}],"collection":[{"href":"https:\/\/vavcase.com\/es\/wp-json\/wp\/v2\/product"}],"about":[{"href":"https:\/\/vavcase.com\/es\/wp-json\/wp\/v2\/types\/product"}],"replies":[{"embeddable":true,"href":"https:\/\/vavcase.com\/es\/wp-json\/wp\/v2\/comments?post=2278"}],"wp:featuredmedia":[{"embeddable":true,"href":"https:\/\/vavcase.com\/es\/wp-json\/wp\/v2\/media\/2285"}],"wp:attachment":[{"href":"https:\/\/vavcase.com\/es\/wp-json\/wp\/v2\/media?parent=2278"}],"wp:term":[{"taxonomy":"product_brand","embeddable":true,"href":"https:\/\/vavcase.com\/es\/wp-json\/wp\/v2\/product_brand?post=2278"},{"taxonomy":"product_cat","embeddable":true,"href":"https:\/\/vavcase.com\/es\/wp-json\/wp\/v2\/product_cat?post=2278"},{"taxonomy":"product_tag","embeddable":true,"href":"https:\/\/vavcase.com\/es\/wp-json\/wp\/v2\/product_tag?post=2278"}],"curies":[{"name":"wp","href":"https:\/\/api.w.org\/{rel}","templated":true}]}}