{"id":2286,"date":"2025-02-17T05:22:37","date_gmt":"2025-02-17T05:22:37","guid":{"rendered":"https:\/\/vavcase.com\/?post_type=product&#038;p=2286"},"modified":"2025-02-17T05:22:37","modified_gmt":"2025-02-17T05:22:37","slug":"portable-monitor-case-15-6-inch-protective-carrying-sleeve","status":"publish","type":"product","link":"https:\/\/vavcase.com\/es\/producto\/funda-protectora-para-monitor-portatil-de-15-6-pulgadas\/","title":{"rendered":"Funda protectora para monitor port\u00e1til de 15,6 pulgadas"},"content":{"rendered":"<h2>Informaci\u00f3n sobre el producto<\/h2>\n<div class=\"a-row a-spacing-top-base\">\n<div class=\"a-column a-span6\">\n<div class=\"a-row a-spacing-base\">\n<div class=\"a-section table-padding\">\n<table id=\"productDetails_detailBullets_sections1\" class=\"a-keyvalue prodDetTable\" role=\"presentation\">\n<tbody>\n<tr>\n<th class=\"a-color-secondary a-size-base prodDetSectionEntry\">Tipo de correa<\/th>\n<td class=\"a-size-base prodDetAttrValue\">Extra\u00edble<\/td>\n<\/tr>\n<tr>\n<th class=\"a-color-secondary a-size-base prodDetSectionEntry\">Dimensiones del producto<\/th>\n<td class=\"a-size-base prodDetAttrValue\">14,56 x 14,56 x 0,78 pulgadas<\/td>\n<\/tr>\n<tr>\n<th class=\"a-color-secondary a-size-base prodDetSectionEntry\">Peso del art\u00edculo<\/th>\n<td class=\"a-size-base prodDetAttrValue\">7,4 onzas<\/td>\n<\/tr>\n<tr>\n<th class=\"a-color-secondary a-size-base prodDetSectionEntry\">ASIN<\/th>\n<td class=\"a-size-base prodDetAttrValue\">B0D2RJM4MX<\/td>\n<\/tr>\n<tr>\n<th class=\"a-color-secondary a-size-base prodDetSectionEntry\">Opiniones de los clientes<\/th>\n<td class=\"a-size-base\">\n<div id=\"averageCustomerReviews\" data-asin=\"B0D2RJM4MX\" data-ref=\"dpx_acr_pop_\"><span class=\"a-declarative\" data-action=\"acrStarsLink-click-metrics\" data-acrstarslink-click-metrics=\"{}\"><span id=\"acrPopover\" class=\"reviewCountTextLinkedHistogram noUnderline\" title=\"5.0 de 5 estrellas\"><a class=\"a-popover-trigger a-declarative\" role=\"button\"><span class=\"a-size-base a-color-base\">5.0\u00a0<\/span><i class=\"a-icon a-icon-star a-star-5 cm-cr-review-stars-spacing-big\"><span class=\"a-icon-alt\">5.0 de 5 estrellas<\/span><\/i>\u00a0<i class=\"a-icon a-icon-popover\"><\/i><\/a>\u00a0\u00a0<\/span><\/span>\u00a0<span class=\"a-declarative\" data-action=\"acrLink-click-metrics\" data-acrlink-click-metrics=\"{}\"><a id=\"acrCustomerReviewLink\" class=\"a-link-normal\" href=\"https:\/\/www.amazon.com\/Portable-Protective-Carrying-ViewSonic-Zenscreen\/dp\/B0D2RJM4MX\/ref=sr_1_8?crid=3KMYEBCYJYUP4&amp;dib=eyJ2IjoiMSJ9.IAwYEw1Asn9foZq95cSg95Fywhy9aUSmFtcnh1V8LJH1HdVPxxmAG6-acTtGwwnzdsFUq6MTenw60UZ4EjLTbTxVJZUgOnRgCVUJcqIVxfd0D8qwrCZ48tLAvclD9sb57JAi2Kt4sFdIamm7rAYFae3W9ovBLW0eFBn5ITqeUkY9Ew9fFHXG36HV9LdAAeigpV5XgILGAoixe2ecbxV01Gndc-IHJNVh1lAg7g2NMj0.5KFx8jc-pIKTGHQQDTDOK3EFGoOqE3_W-e1H2Z_EkdQ&amp;dib_tag=se&amp;keywords=%E2%80%A2%2BPortable%2BMonitor%2BCases&amp;qid=1739769273&amp;sprefix=portable%2Bmonitor%2Bcases%2B%2Caps%2C767&amp;sr=8-8&amp;th=1#customerReviews\"><span id=\"acrCustomerReviewText\" class=\"a-size-base\">9 valoraciones<\/span><\/a><\/span><\/div>\n<p>5.0 de 5 estrellas<\/td>\n<\/tr>\n<tr>\n<th class=\"a-color-secondary a-size-base prodDetSectionEntry\">Clasificaci\u00f3n de los m\u00e1s vendidos<\/th>\n<td>#60 en\u00a0<a href=\"https:\/\/www.amazon.com\/gp\/bestsellers\/pc\/3012930011\/ref=pd_zg_hrsr_pc\">Fundas para tabletas<\/a><\/td>\n<\/tr>\n<tr>\n<th class=\"a-color-secondary a-size-base prodDetSectionEntry\">Caracter\u00edsticas especiales<\/th>\n<td class=\"a-size-base prodDetAttrValue\">Impermeable, a prueba de golpes, asa ergon\u00f3mica, multibolsillos<\/td>\n<\/tr>\n<tr>\n<th class=\"a-color-secondary a-size-base prodDetSectionEntry\">Otras funciones de visualizaci\u00f3n<\/th>\n<td class=\"a-size-base prodDetAttrValue\">Mejoras para el hogar<\/td>\n<\/tr>\n<tr>\n<th class=\"a-color-secondary a-size-base prodDetSectionEntry\">Fabricante<\/th>\n<td class=\"a-size-base prodDetAttrValue\">imComor<\/td>\n<\/tr>\n<tr>\n<th class=\"a-color-secondary a-size-base prodDetSectionEntry\">Fecha de disponibilidad<\/th>\n<td class=\"a-size-base prodDetAttrValue\">27 de abril de 2024<\/td>\n<\/tr>\n<\/tbody>\n<\/table>\n<\/div>\n<\/div>\n<\/div>\n<\/div>","protected":false},"excerpt":{"rendered":"<p><strong>AMPLIA COMPATIBILIDAD: <\/strong>La funda impermeable para monitor port\u00e1til de 15,6 pulgadas es compatible con una amplia gama de monitores port\u00e1tiles de 15.6 pulgadas, incluyendo los fabricados por MNN, ForHelp, KYY, InnoView, VILVA, COOLHOOD, ViewSonic, ReHisk, HotYeah, UPERFECT, KOORUI, ASUS ZenScreen, Acer, QQH, Newsoul, ZSCMALLS, Cocopar, Lepow, Hongo, Fangor, AOC, VisionOwl, WUAWE, EleDuino, GeoYEAO, Feiasia, Newsoul, y GKDY. 15.6\u2033-16.1\u2033 Monitores port\u00e1tiles Bolsa de ordenador Case.<br \/>\n<strong>DELGADO Y LIGERO:<\/strong> El interior mide 14,56*10,23*0,78 pulgadas, mientras que el exterior mide 15*10,6*0,78 pulgadas. La bolsa para monitor port\u00e1til de 15,6 pulgadas es una opci\u00f3n ideal para el uso diario de hombres y mujeres en viajes de negocios, en la oficina, en la escuela o para el entretenimiento. Es delgada y ligera. Un regalo ideal para sus seres queridos.<br \/>\n<strong>PR\u00c1CTICOS BOLSILLOS M\u00daLTIPLES:<\/strong> Esta funda para monitor port\u00e1til de 15,6 pulgadas est\u00e1 equipada con un compartimento principal dise\u00f1ado espec\u00edficamente para alojar su monitor port\u00e1til. Adem\u00e1s, cuenta con bolsillos exteriores perfectos para guardar objetos de uso diario, como cargadores, tel\u00e9fonos m\u00f3viles, cables, ratones, bol\u00edgrafos, adaptadores de corriente, tarjetas y bater\u00edas.<\/p>\n<p><strong>DISE\u00d1O ERGON\u00d3MICO DEL MANGO:<\/strong> La funda para monitor port\u00e1til de 15,6 pulgadas est\u00e1 equipada con un asa lateral que resulta c\u00f3moda de transportar, delgada y ligera. Es ideal para viajes de larga duraci\u00f3n, negocios o educaci\u00f3n, ya que no abulta su dispositivo. Los accesorios de la funda para monitor port\u00e1til son un regalo ideal para hombres, mujeres y ni\u00f1os en sus cumplea\u00f1os, San Valent\u00edn, D\u00eda de la Madre, D\u00eda del Padre, Navidad y A\u00f1o Nuevo.<br \/>\n<strong>MATERIAL A PRUEBA DE GOLPES E IMPERMEABLE:<\/strong> Los accesorios del malet\u00edn para monitor port\u00e1til de 15,6 est\u00e1n fabricados con lona impermeable de alta calidad en el exterior y forro de felpa en el interior, lo que proporciona una protecci\u00f3n completa para su port\u00e1til contra el polvo, los golpes, los choques, los ara\u00f1azos, los ara\u00f1azos y los derrames.<\/p>","protected":false},"featured_media":2293,"comment_status":"open","ping_status":"closed","template":"","meta":[],"product_brand":[],"product_cat":[70,57],"product_tag":[],"class_list":{"0":"post-2286","1":"product","2":"type-product","3":"status-publish","4":"has-post-thumbnail","6":"product_cat-portable-monitor-cases","7":"product_cat-travel-gears","9":"first","10":"instock","11":"shipping-taxable","12":"purchasable","13":"product-type-simple"},"_links":{"self":[{"href":"https:\/\/vavcase.com\/es\/wp-json\/wp\/v2\/product\/2286","targetHints":{"allow":["GET"]}}],"collection":[{"href":"https:\/\/vavcase.com\/es\/wp-json\/wp\/v2\/product"}],"about":[{"href":"https:\/\/vavcase.com\/es\/wp-json\/wp\/v2\/types\/product"}],"replies":[{"embeddable":true,"href":"https:\/\/vavcase.com\/es\/wp-json\/wp\/v2\/comments?post=2286"}],"wp:featuredmedia":[{"embeddable":true,"href":"https:\/\/vavcase.com\/es\/wp-json\/wp\/v2\/media\/2293"}],"wp:attachment":[{"href":"https:\/\/vavcase.com\/es\/wp-json\/wp\/v2\/media?parent=2286"}],"wp:term":[{"taxonomy":"product_brand","embeddable":true,"href":"https:\/\/vavcase.com\/es\/wp-json\/wp\/v2\/product_brand?post=2286"},{"taxonomy":"product_cat","embeddable":true,"href":"https:\/\/vavcase.com\/es\/wp-json\/wp\/v2\/product_cat?post=2286"},{"taxonomy":"product_tag","embeddable":true,"href":"https:\/\/vavcase.com\/es\/wp-json\/wp\/v2\/product_tag?post=2286"}],"curies":[{"name":"wp","href":"https:\/\/api.w.org\/{rel}","templated":true}]}}