{"id":2294,"date":"2025-02-17T05:28:18","date_gmt":"2025-02-17T05:28:18","guid":{"rendered":"https:\/\/vavcase.com\/?post_type=product&#038;p=2294"},"modified":"2025-02-17T05:28:19","modified_gmt":"2025-02-17T05:28:19","slug":"lacdo-15-6-inch-portable-monitor-case-for-most-15-6-inch-portable-monitor","status":"publish","type":"product","link":"https:\/\/vavcase.com\/es\/producto\/lacdo-funda-para-monitor-portatil-de-15-6-pulgadas-para-la-mayoria-de-los-monitores-portatiles-de-15-6-pulgadas\/","title":{"rendered":"Estuche para monitor port\u00e1til de 15,6 pulgadas Lacdo para la mayor\u00eda de los monitores port\u00e1tiles de 15,6 pulgadas"},"content":{"rendered":"<h3 class=\"a-size-extra-large a-spacing-base a-text-center\">SOBRE EL TAMA\u00d1O Y COMPATIBLES<\/h3>\n<div class=\"a-row\">\n<div class=\"a-column a-span12 aplus-tech-spec-hide-loading\">\n<table class=\"a-bordered a-horizontal-stripes aplus-tech-spec-table\">\n<tbody>\n<tr>\n<td class=\"a-text-bold\">Tama\u00f1o interior:<\/td>\n<td>15,94\u2033 x 1,18\u2033 x 11,02\u2033 | 40,5cm x 3cm x 28cm. (L x A x A)<\/td>\n<\/tr>\n<tr>\n<td class=\"a-text-bold\"><\/td>\n<td>Esta funda para monitor port\u00e1til es compatible con varios monitores port\u00e1tiles de 15,6 pulgadas:<\/td>\n<\/tr>\n<tr>\n<td class=\"a-text-bold\"><\/td>\n<td>ARZOPA \/ KYY \/ ForHelp \/ MNN \/ InnoView \/ VILVA \/ ASUS ZenScreen \/ QQH \/ KOGODA \/ ViewSonic<\/td>\n<\/tr>\n<tr>\n<td class=\"a-text-bold\"><\/td>\n<td>y otros monitores port\u00e1tiles de 15,6 pulgadas<\/td>\n<\/tr>\n<\/tbody>\n<\/table>\n<\/div>\n<\/div>","protected":false},"excerpt":{"rendered":"<p><strong>Amplia compatibilidad:<\/strong> Esta funda para monitor port\u00e1til es compatible con una gran variedad de monitores port\u00e1tiles de 15,6 pulgadas, como ARZOPA, KYY, ForHelp, MNN, InnoView, VILVA, ASUS ZenScreen, QQH, KOGODA y ViewSonic. Una funda para monitor de alta calidad garantiza que sus monitores port\u00e1tiles est\u00e9n bien guardados y protegidos.<br \/>\nEsta funda de transporte para monitor de 15,6 pulgadas est\u00e1 equipada con un BORDE GRUESO y un FORRO SUAVE A PRUEBA DE IMPACTOS, que proporcionan a su monitor una protecci\u00f3n total de 360\u00b0 y un acolchado adecuado para reducir los impactos de los golpes diarios o las ca\u00eddas accidentales. Esta funda protectora para monitor port\u00e1til est\u00e1 fabricada con TEJIDO DE LONA ANTIRAYADO y cuenta con REVESTIMIENTO IMPERMEABLE, que bloquea eficazmente las salpicaduras de agua o lluvia. Puede estar seguro de que su monitor externo no se humedecer\u00e1.<br \/>\n<strong>Capacidad de almacenamiento:<\/strong> Adem\u00e1s del COMPARTIMENTO PRINCIPAL para el monitor del port\u00e1til, esta funda port\u00e1til para monitor cuenta con DOS BOLSILLOS EXTRA DELANTEROS CON CREMALLERA y UN COMPARTIMENTO GRANDE EN LA PARTE DE ATR\u00c1S para guardar una gran variedad de objetos, como un iPad peque\u00f1o, un rat\u00f3n, dispositivos recargables, cable de alimentaci\u00f3n, cables, discos duros y un power bank. Las fuertes cremalleras de metal permiten un deslizamiento uniforme en ambas direcciones: Con el fin de facilitar y agilizar la accesibilidad de su monitor de 15,6 pulgadas y accesorios electr\u00f3nicos. La bolsa para monitor profesional de Lacdo garantizar\u00e1 que sus objetos est\u00e9n seguros y bien organizados.<\/p>\n<p><strong>C\u00f3modo de transportar:<\/strong> La bolsa para monitor de 15,6 pulgadas es muy port\u00e1til para el uso y transporte diario de monitores externos, gracias al asa extensible de la parte superior que permite pasar de una bolsa malet\u00edn para monitor a una bolsa funda para monitor. Esta funda para monitor de 15,6 pulgadas con asa es DELGADA y LIGERA, por lo que resulta f\u00e1cil de deslizar en un malet\u00edn o mochila. Esto permite un uso c\u00f3modo y una f\u00e1cil portabilidad. Ideal para sus necesidades durante viajes de negocios o reuniones. Permita que su viaje sea agradable y sin complicaciones.<br \/>\n<strong>Un excelente compa\u00f1ero de monitor:<\/strong> Nuestra funda para monitor port\u00e1til de 15,6 pulgadas es un producto fiable y duradero que ofrece una protecci\u00f3n excepcional y una calidad duradera. Es elegante, moderno y est\u00e1 bien fabricado. Una elegante funda para monitor port\u00e1til ser\u00e1 un regalo bien pensado para sus seres queridos; es una funda c\u00f3moda y port\u00e1til para transportar el monitor, ideal para el trabajo, la vida diaria, los viajes de negocios, los desplazamientos o el almacenamiento en casa. Estar\u00e1 siempre acompa\u00f1ado por un compa\u00f1ero de confianza.<\/p>","protected":false},"featured_media":2301,"comment_status":"open","ping_status":"closed","template":"","meta":[],"product_brand":[],"product_cat":[70,57],"product_tag":[],"class_list":{"0":"post-2294","1":"product","2":"type-product","3":"status-publish","4":"has-post-thumbnail","6":"product_cat-portable-monitor-cases","7":"product_cat-travel-gears","9":"first","10":"instock","11":"shipping-taxable","12":"purchasable","13":"product-type-simple"},"_links":{"self":[{"href":"https:\/\/vavcase.com\/es\/wp-json\/wp\/v2\/product\/2294","targetHints":{"allow":["GET"]}}],"collection":[{"href":"https:\/\/vavcase.com\/es\/wp-json\/wp\/v2\/product"}],"about":[{"href":"https:\/\/vavcase.com\/es\/wp-json\/wp\/v2\/types\/product"}],"replies":[{"embeddable":true,"href":"https:\/\/vavcase.com\/es\/wp-json\/wp\/v2\/comments?post=2294"}],"wp:featuredmedia":[{"embeddable":true,"href":"https:\/\/vavcase.com\/es\/wp-json\/wp\/v2\/media\/2301"}],"wp:attachment":[{"href":"https:\/\/vavcase.com\/es\/wp-json\/wp\/v2\/media?parent=2294"}],"wp:term":[{"taxonomy":"product_brand","embeddable":true,"href":"https:\/\/vavcase.com\/es\/wp-json\/wp\/v2\/product_brand?post=2294"},{"taxonomy":"product_cat","embeddable":true,"href":"https:\/\/vavcase.com\/es\/wp-json\/wp\/v2\/product_cat?post=2294"},{"taxonomy":"product_tag","embeddable":true,"href":"https:\/\/vavcase.com\/es\/wp-json\/wp\/v2\/product_tag?post=2294"}],"curies":[{"name":"wp","href":"https:\/\/api.w.org\/{rel}","templated":true}]}}