{"id":2302,"date":"2025-02-17T05:33:02","date_gmt":"2025-02-17T05:33:02","guid":{"rendered":"https:\/\/vavcase.com\/?post_type=product&#038;p=2302"},"modified":"2025-02-17T05:36:40","modified_gmt":"2025-02-17T05:36:40","slug":"tomtoc-light-a18-slim-15-6-inch-portable-monitor-sleeve-case-with-acessories-storage-light-protective-carrying-sleeve-for-most-15-6-in-portable-monitors-with-eco-friendly-fabric","status":"publish","type":"product","link":"https:\/\/vavcase.com\/es\/producto\/tomtoc-light-a18-slim-15-6-inch-portable-monitor-sleeve-case-with-acessories-storage-light-protective-carrying-sleeve-for-most-15-6-in-portable-monitors-with-eco-friendly-fabric\/","title":{"rendered":"Tomtoc Light-A18 Slim 15.6 Inch Portable Monitor Sleeve Case with Acessories Storage, funda de transporte ligera y protectora para la mayor\u00eda de los monitores port\u00e1tiles de 15,6 pulgadas con tejido ecol\u00f3gico"},"content":{"rendered":"<h2>Informaci\u00f3n sobre el producto<\/h2>\n<div class=\"a-row a-spacing-top-base\">\n<div class=\"a-column a-span6\">\n<div class=\"a-row a-spacing-base\">\n<div class=\"a-section table-padding\">\n<table id=\"productDetails_detailBullets_sections1\" class=\"a-keyvalue prodDetTable\" role=\"presentation\">\n<tbody>\n<tr>\n<th class=\"a-color-secondary a-size-base prodDetSectionEntry\">Dimensiones del producto<\/th>\n<td class=\"a-size-base prodDetAttrValue\">0,79 x 15,75 x 10,04 pulgadas<\/td>\n<\/tr>\n<tr>\n<th class=\"a-color-secondary a-size-base prodDetSectionEntry\">Peso del art\u00edculo<\/th>\n<td class=\"a-size-base prodDetAttrValue\">7,4 onzas<\/td>\n<\/tr>\n<tr>\n<th class=\"a-color-secondary a-size-base prodDetSectionEntry\">ASIN<\/th>\n<td class=\"a-size-base prodDetAttrValue\">B0CY4RYV13<\/td>\n<\/tr>\n<tr>\n<th class=\"a-color-secondary a-size-base prodDetSectionEntry\">N\u00famero de modelo del art\u00edculo<\/th>\n<td class=\"a-size-base prodDetAttrValue\">A18E4D1<\/td>\n<\/tr>\n<tr>\n<th class=\"a-color-secondary a-size-base prodDetSectionEntry\">Opiniones de los clientes<\/th>\n<td class=\"a-size-base\">\n<div id=\"averageCustomerReviews\" data-asin=\"B0CY4RYV13\" data-ref=\"dpx_acr_pop_\"><span class=\"a-declarative\" data-action=\"acrStarsLink-click-metrics\" data-acrstarslink-click-metrics=\"{}\"><span id=\"acrPopover\" class=\"reviewCountTextLinkedHistogram noUnderline\" title=\"4,7 de 5 estrellas\"><a class=\"a-popover-trigger a-declarative\" role=\"button\"><span class=\"a-size-base a-color-base\">4.7\u00a0<\/span><i class=\"a-icon a-icon-star a-star-4-5 cm-cr-review-stars-spacing-big\"><span class=\"a-icon-alt\">4,7 de 5 estrellas<\/span><\/i>\u00a0<i class=\"a-icon a-icon-popover\"><\/i><\/a>\u00a0\u00a0<\/span><\/span>\u00a0<span class=\"a-declarative\" data-action=\"acrLink-click-metrics\" data-acrlink-click-metrics=\"{}\"><a id=\"acrCustomerReviewLink\" class=\"a-link-normal\" href=\"https:\/\/www.amazon.com\/tomtoc-Light-A18-Acessories-Protective-Eco-Friendly\/dp\/B0CY4RYV13\/ref=sr_1_15?crid=3KMYEBCYJYUP4&amp;dib=eyJ2IjoiMSJ9.IAwYEw1Asn9foZq95cSg95Fywhy9aUSmFtcnh1V8LJH1HdVPxxmAG6-acTtGwwnzdsFUq6MTenw60UZ4EjLTbTxVJZUgOnRgCVUJcqIVxfd0D8qwrCZ48tLAvclD9sb57JAi2Kt4sFdIamm7rAYFae3W9ovBLW0eFBn5ITqeUkY9Ew9fFHXG36HV9LdAAeigpV5XgILGAoixe2ecbxV01Gndc-IHJNVh1lAg7g2NMj0.5KFx8jc-pIKTGHQQDTDOK3EFGoOqE3_W-e1H2Z_EkdQ&amp;dib_tag=se&amp;keywords=%E2%80%A2+Portable+Monitor+Cases&amp;qid=1739769273&amp;sprefix=portable+monitor+cases+%2Caps%2C767&amp;sr=8-15#customerReviews\"><span id=\"acrCustomerReviewText\" class=\"a-size-base\">61 valoraciones<\/span><\/a><\/span><\/div>\n<p>4,7 de 5 estrellas<\/td>\n<\/tr>\n<tr>\n<th class=\"a-color-secondary a-size-base prodDetSectionEntry\">Clasificaci\u00f3n de los m\u00e1s vendidos<\/th>\n<td>#387 en\u00a0<a href=\"https:\/\/www.amazon.com\/gp\/bestsellers\/pc\/335609011\/ref=pd_zg_hrsr_pc\">Fundas para port\u00e1tiles<\/a><\/td>\n<\/tr>\n<tr>\n<th class=\"a-color-secondary a-size-base prodDetSectionEntry\">Caracter\u00edsticas especiales<\/th>\n<td class=\"a-size-base prodDetAttrValue\">Ajuste fino, innovadores tejidos reciclados, ligereza, protector de pantalla<\/td>\n<\/tr>\n<tr>\n<th class=\"a-color-secondary a-size-base prodDetSectionEntry\">Otras funciones de visualizaci\u00f3n<\/th>\n<td class=\"a-size-base prodDetAttrValue\">Ordenador personal<\/td>\n<\/tr>\n<tr>\n<th class=\"a-color-secondary a-size-base prodDetSectionEntry\">Factor de forma<\/th>\n<td class=\"a-size-base prodDetAttrValue\">Funda, estuche, bolsa<\/td>\n<\/tr>\n<tr>\n<th class=\"a-color-secondary a-size-base prodDetSectionEntry\">Color<\/th>\n<td class=\"a-size-base prodDetAttrValue\">Negro<\/td>\n<\/tr>\n<tr>\n<th class=\"a-color-secondary a-size-base prodDetSectionEntry\">Contenido de la caja<\/th>\n<td class=\"a-size-base prodDetAttrValue\">Funda para pantalla de port\u00e1til<\/td>\n<\/tr>\n<tr>\n<th class=\"a-color-secondary a-size-base prodDetSectionEntry\">Departamento<\/th>\n<td class=\"a-size-base prodDetAttrValue\">Unisex Adulto<\/td>\n<\/tr>\n<tr>\n<th class=\"a-color-secondary a-size-base prodDetSectionEntry\">Fabricante<\/th>\n<td class=\"a-size-base prodDetAttrValue\">tomtoc<\/td>\n<\/tr>\n<tr>\n<th class=\"a-color-secondary a-size-base prodDetSectionEntry\">Fecha de disponibilidad<\/th>\n<td class=\"a-size-base prodDetAttrValue\">15 de marzo de 2024<\/td>\n<\/tr>\n<\/tbody>\n<\/table>\n<\/div>\n<\/div>\n<\/div>\n<\/div>","protected":false},"excerpt":{"rendered":"<p><strong>Compatibilidad:<\/strong> Dimensiones internas de 14,57\u2033 x 9,06\u2033 x 0,47\u2033 (NO apto para la mayor\u00eda de port\u00e1tiles de 15,6 pulgadas; dise\u00f1ado espec\u00edficamente para monitores de pantalla port\u00e1tiles). Compatible con la mayor\u00eda de los monitores port\u00e1tiles de 15,6 pulgadas, incluidos Lenovo, AOC, ASUS, ARZOPA, MNN, KYY, ForHelp, VILVA, InnoView, FANGOR, KOORUI y ViewSonic Lepow.<br \/>\n<strong>Protecci\u00f3n de alta calidad y organizaci\u00f3n eficaz:<\/strong> Ofrece la protecci\u00f3n m\u00e1s eficaz contra ara\u00f1azos, suciedad y lluvia al incorporar acolchado amortiguador y un exterior resistente al agua. Equipada con un compartimento adicional para objetos personales, cargadores, cables, bol\u00edgrafos y auriculares.<br \/>\n<strong>Delgado y compacto:<\/strong> La funda para monitor port\u00e1til Light-A18 Slim de tomtoc se caracteriza por un dise\u00f1o minimalista y conciso, ligero y delgado. Es capaz de transportar tu dispositivo sin que sobre volumen y se puede guardar f\u00e1cilmente en otro bolso, mochila o maleta.<\/p>\n<p><strong>Conciencia medioambiental:<\/strong> Esta duradera funda es un testimonio de nuestro compromiso con el planeta, ya que est\u00e1 fabricada con tejidos sostenibles y renovables. Integra a la perfecci\u00f3n materiales ecol\u00f3gicos con una calidad duradera.<br \/>\nLo que recibe: Una funda delgada para monitor port\u00e1til de 15,6 pulgadas, nuestra garant\u00eda de 12 meses sin preocupaciones y un atento servicio de atenci\u00f3n al cliente (no se incluyen tarjetas, adaptadores, cables, bol\u00edgrafos ni el monitor port\u00e1til).<\/p>","protected":false},"featured_media":2310,"comment_status":"open","ping_status":"closed","template":"","meta":[],"product_brand":[],"product_cat":[70,57],"product_tag":[],"class_list":{"0":"post-2302","1":"product","2":"type-product","3":"status-publish","4":"has-post-thumbnail","6":"product_cat-portable-monitor-cases","7":"product_cat-travel-gears","9":"first","10":"instock","11":"shipping-taxable","12":"purchasable","13":"product-type-simple"},"_links":{"self":[{"href":"https:\/\/vavcase.com\/es\/wp-json\/wp\/v2\/product\/2302","targetHints":{"allow":["GET"]}}],"collection":[{"href":"https:\/\/vavcase.com\/es\/wp-json\/wp\/v2\/product"}],"about":[{"href":"https:\/\/vavcase.com\/es\/wp-json\/wp\/v2\/types\/product"}],"replies":[{"embeddable":true,"href":"https:\/\/vavcase.com\/es\/wp-json\/wp\/v2\/comments?post=2302"}],"wp:featuredmedia":[{"embeddable":true,"href":"https:\/\/vavcase.com\/es\/wp-json\/wp\/v2\/media\/2310"}],"wp:attachment":[{"href":"https:\/\/vavcase.com\/es\/wp-json\/wp\/v2\/media?parent=2302"}],"wp:term":[{"taxonomy":"product_brand","embeddable":true,"href":"https:\/\/vavcase.com\/es\/wp-json\/wp\/v2\/product_brand?post=2302"},{"taxonomy":"product_cat","embeddable":true,"href":"https:\/\/vavcase.com\/es\/wp-json\/wp\/v2\/product_cat?post=2302"},{"taxonomy":"product_tag","embeddable":true,"href":"https:\/\/vavcase.com\/es\/wp-json\/wp\/v2\/product_tag?post=2302"}],"curies":[{"name":"wp","href":"https:\/\/api.w.org\/{rel}","templated":true}]}}