{"id":2312,"date":"2025-02-17T05:41:22","date_gmt":"2025-02-17T05:41:22","guid":{"rendered":"https:\/\/vavcase.com\/?post_type=product&#038;p=2312"},"modified":"2025-02-17T05:41:23","modified_gmt":"2025-02-17T05:41:23","slug":"asus-zenscreen-acer-laptop-external-display-travel-carrying-bag","status":"publish","type":"product","link":"https:\/\/vavcase.com\/es\/producto\/asus-zenscreen-acer-portatil-pantalla-externa-bolsa-de-transporte-de-viaje\/","title":{"rendered":"ASUS ZenScreen ACER Port\u00e1til Pantalla externa Bolsa de transporte de viaje"},"content":{"rendered":"<h2>Informaci\u00f3n sobre el producto<\/h2>\n<div class=\"a-row a-spacing-top-base\">\n<div class=\"a-column a-span6\">\n<div class=\"a-row a-spacing-base\">\n<div class=\"a-section table-padding\">\n<table id=\"productDetails_detailBullets_sections1\" class=\"a-keyvalue prodDetTable\" role=\"presentation\">\n<tbody>\n<tr>\n<th class=\"a-color-secondary a-size-base prodDetSectionEntry\">Dimensiones del paquete<\/th>\n<td class=\"a-size-base prodDetAttrValue\">15,51 x 10,91 x 1,34 pulgadas<\/td>\n<\/tr>\n<tr>\n<th class=\"a-color-secondary a-size-base prodDetSectionEntry\">Peso del art\u00edculo<\/th>\n<td class=\"a-size-base prodDetAttrValue\">8,4 onzas<\/td>\n<\/tr>\n<tr>\n<th class=\"a-color-secondary a-size-base prodDetSectionEntry\">ASIN<\/th>\n<td class=\"a-size-base prodDetAttrValue\">B0CQR6YZLG<\/td>\n<\/tr>\n<tr>\n<th class=\"a-color-secondary a-size-base prodDetSectionEntry\">Opiniones de los clientes<\/th>\n<td class=\"a-size-base\">\n<div id=\"averageCustomerReviews\" data-asin=\"B0CQR6YZLG\" data-ref=\"dpx_acr_pop_\"><span class=\"a-declarative\" data-action=\"acrStarsLink-click-metrics\" data-acrstarslink-click-metrics=\"{}\"><span id=\"acrPopover\" class=\"reviewCountTextLinkedHistogram noUnderline\" title=\"4,5 de 5 estrellas\"><a class=\"a-popover-trigger a-declarative\" role=\"button\"><span class=\"a-size-base a-color-base\">4.5\u00a0<\/span><i class=\"a-icon a-icon-star a-star-4-5 cm-cr-review-stars-spacing-big\"><span class=\"a-icon-alt\">4,5 de 5 estrellas<\/span><\/i>\u00a0<i class=\"a-icon a-icon-popover\"><\/i><\/a>\u00a0\u00a0<\/span><\/span>\u00a0<span class=\"a-declarative\" data-action=\"acrLink-click-metrics\" data-acrlink-click-metrics=\"{}\"><a id=\"acrCustomerReviewLink\" class=\"a-link-normal\" href=\"https:\/\/www.amazon.com\/15-6-16-1-Portable-CAPERAVE-ViewSonic-ZenScreen\/dp\/B0CQR6YZLG\/ref=sr_1_31?crid=3KMYEBCYJYUP4&amp;dib=eyJ2IjoiMSJ9.o2YPdwddOu6g1n1SnJ-U7c8goFwE6VYFSH_uS3jlrS6de8NtNBmDeWcbKlJeIhvP4Cu5uzO3_Y44oNk2WEBRFKf2zeYF90EtNaJhCzSuWG1DFHhdpLFJbDt4XGg3wKJqLo__djQxC9uGi3TE9EEqdn98hy0ZwJvmzJOnYlJqMlDUWd5ZhVxqfidoojrsvF8ANMJVAJW1_h0t2d3ZaCAz2dRwrfgeXwOHwdNkiiXKCIE.FpqWyfQS4ZBSqRvlgDpDkcSnGQsLLyKOXi8y016YwR0&amp;dib_tag=se&amp;keywords=%E2%80%A2%2BPortable%2BMonitor%2BCases&amp;qid=1739770626&amp;sprefix=portable%2Bmonitor%2Bcases%2B%2Caps%2C767&amp;sr=8-31&amp;xpid=fkTEufsvs_5Np&amp;th=1#customerReviews\"><span id=\"acrCustomerReviewText\" class=\"a-size-base\">43 valoraciones<\/span><\/a><\/span><\/div>\n<p>4,5 de 5 estrellas<\/td>\n<\/tr>\n<tr>\n<th class=\"a-color-secondary a-size-base prodDetSectionEntry\">Clasificaci\u00f3n de los m\u00e1s vendidos<\/th>\n<td>#1,445 en\u00a0<a href=\"https:\/\/www.amazon.com\/gp\/bestsellers\/pc\/335609011\/ref=pd_zg_hrsr_pc\">Fundas para port\u00e1tiles<\/a><\/td>\n<\/tr>\n<tr>\n<th class=\"a-color-secondary a-size-base prodDetSectionEntry\">Tecnolog\u00edas de comunicaci\u00f3n inal\u00e1mbrica<\/th>\n<td class=\"a-size-base prodDetAttrValue\">tejido de poli\u00e9ster<\/td>\n<\/tr>\n<tr>\n<th class=\"a-color-secondary a-size-base prodDetSectionEntry\">Tecnolog\u00edas de conectividad<\/th>\n<td class=\"a-size-base prodDetAttrValue\">tejido de poli\u00e9ster<\/td>\n<\/tr>\n<tr>\n<th class=\"a-color-secondary a-size-base prodDetSectionEntry\">Caracter\u00edsticas especiales<\/th>\n<td class=\"a-size-base prodDetAttrValue\">Slim Fit, Viaje, Universal, Protector de pantalla<\/td>\n<\/tr>\n<tr>\n<th class=\"a-color-secondary a-size-base prodDetSectionEntry\">Resoluci\u00f3n de pantalla<\/th>\n<td class=\"a-size-base prodDetAttrValue\">tejido de poli\u00e9ster<\/td>\n<\/tr>\n<tr>\n<th class=\"a-color-secondary a-size-base prodDetSectionEntry\">Otras funciones de visualizaci\u00f3n<\/th>\n<td class=\"a-size-base prodDetAttrValue\">Ordenador personal<\/td>\n<\/tr>\n<tr>\n<th class=\"a-color-secondary a-size-base prodDetSectionEntry\">Factor de forma<\/th>\n<td class=\"a-size-base prodDetAttrValue\">Caso<\/td>\n<\/tr>\n<tr>\n<th class=\"a-color-secondary a-size-base prodDetSectionEntry\">Color<\/th>\n<td class=\"a-size-base prodDetAttrValue\">Negro<\/td>\n<\/tr>\n<tr>\n<th class=\"a-color-secondary a-size-base prodDetSectionEntry\">Contenido de la caja<\/th>\n<td class=\"a-size-base prodDetAttrValue\">tejido de poli\u00e9ster<\/td>\n<\/tr>\n<tr>\n<th class=\"a-color-secondary a-size-base prodDetSectionEntry\">Fabricante<\/th>\n<td class=\"a-size-base prodDetAttrValue\">NBOXUMG<\/td>\n<\/tr>\n<tr>\n<th class=\"a-color-secondary a-size-base prodDetSectionEntry\">Fecha de disponibilidad<\/th>\n<td class=\"a-size-base prodDetAttrValue\">21 de diciembre de 2023<\/td>\n<\/tr>\n<\/tbody>\n<\/table>\n<\/div>\n<\/div>\n<\/div>\n<\/div>","protected":false},"excerpt":{"rendered":"<p><strong>Amplia compatibilidad:<\/strong> La funda para monitor port\u00e1til es compatible con la mayor\u00eda de los monitores port\u00e1tiles de 15,6 pulgadas, incluidos los fabricados por KYY, ZSCMALLS, ForHelp, Lepow, MNN, InnoView, HONGO, FANGOR, VisionOwl, WUAWE, Scnsuptp, VILVA, AOC, ASUS ZenScreen, QQH, KOGODA, ViewSonic, EleDuino, GeoYEAO, Feiasia, Newsoul, Cocopar, GKDY y otros fabricantes.<br \/>\n<strong>Protecci\u00f3n integral:<\/strong>\u00a0 La funda para monitor port\u00e1til est\u00e1 fabricada con tejido de poli\u00e9ster impermeable de alta calidad y un grueso forro de felpa. Es resistente a los golpes, impermeable y antiara\u00f1azos, lo que garantiza la protecci\u00f3n de la pantalla desde todos los \u00e1ngulos.<br \/>\nAmplio espacio de almacenamiento y organizaci\u00f3n racionalizada - El compartimento principal con cremallera proporciona un amplio espacio de almacenamiento para el monitor del port\u00e1til, mientras que el espacio de almacenamiento del bolsillo frontal garantiza que los objetos m\u00e1s peque\u00f1os, como el rat\u00f3n, los bol\u00edgrafos, el soporte escalable, los cargadores, los tel\u00e9fonos m\u00f3viles, las tarjetas y la bater\u00eda, est\u00e9n bien organizados. Esto permite buscar y acceder r\u00e1pidamente a los accesorios del port\u00e1til.<\/p>\n<p><strong>C\u00f3modo para el uso diario:<\/strong> Esta funda para monitor port\u00e1til dispone de una c\u00f3moda asa que facilita su transporte.TAMA\u00d1O: 14,56 x 10,23 x 0,78 pulgadas, este art\u00edculo ligero y delgado es f\u00e1cil de transportar y c\u00f3modo de usar. Puede guardarse f\u00e1cilmente en un maletero, mochila o malet\u00edn.<br \/>\n<strong>Garant\u00edas de por vida:<\/strong> Ofrecemos devoluciones gratuitas. Si no est\u00e1 totalmente satisfecho con los productos que ha recibido, no dude en ponerse en contacto con nosotros. Nota: Para garantizar una coincidencia adecuada, compare las dimensiones internas de la funda con las dimensiones de su monitor port\u00e1til. Si no est\u00e1 seguro de qu\u00e9 opci\u00f3n seleccionar, no dude en ponerse en contacto con nosotros.<\/p>","protected":false},"featured_media":2318,"comment_status":"open","ping_status":"closed","template":"","meta":[],"product_brand":[],"product_cat":[70,57],"product_tag":[],"class_list":{"0":"post-2312","1":"product","2":"type-product","3":"status-publish","4":"has-post-thumbnail","6":"product_cat-portable-monitor-cases","7":"product_cat-travel-gears","9":"first","10":"instock","11":"shipping-taxable","12":"purchasable","13":"product-type-simple"},"_links":{"self":[{"href":"https:\/\/vavcase.com\/es\/wp-json\/wp\/v2\/product\/2312","targetHints":{"allow":["GET"]}}],"collection":[{"href":"https:\/\/vavcase.com\/es\/wp-json\/wp\/v2\/product"}],"about":[{"href":"https:\/\/vavcase.com\/es\/wp-json\/wp\/v2\/types\/product"}],"replies":[{"embeddable":true,"href":"https:\/\/vavcase.com\/es\/wp-json\/wp\/v2\/comments?post=2312"}],"wp:featuredmedia":[{"embeddable":true,"href":"https:\/\/vavcase.com\/es\/wp-json\/wp\/v2\/media\/2318"}],"wp:attachment":[{"href":"https:\/\/vavcase.com\/es\/wp-json\/wp\/v2\/media?parent=2312"}],"wp:term":[{"taxonomy":"product_brand","embeddable":true,"href":"https:\/\/vavcase.com\/es\/wp-json\/wp\/v2\/product_brand?post=2312"},{"taxonomy":"product_cat","embeddable":true,"href":"https:\/\/vavcase.com\/es\/wp-json\/wp\/v2\/product_cat?post=2312"},{"taxonomy":"product_tag","embeddable":true,"href":"https:\/\/vavcase.com\/es\/wp-json\/wp\/v2\/product_tag?post=2312"}],"curies":[{"name":"wp","href":"https:\/\/api.w.org\/{rel}","templated":true}]}}