{"id":2319,"date":"2025-02-17T05:46:22","date_gmt":"2025-02-17T05:46:22","guid":{"rendered":"https:\/\/vavcase.com\/?post_type=product&#038;p=2319"},"modified":"2025-02-17T05:46:22","modified_gmt":"2025-02-17T05:46:22","slug":"casematix-portable-monitor-case-for-15-6-to-24-gaming-monitors-or-laptop-portable-screens","status":"publish","type":"product","link":"https:\/\/vavcase.com\/es\/producto\/estuche-para-monitor-portatil-casematix-para-monitores-gaming-de-15-6-a-24-o-pantallas-portatiles-de-portatil\/","title":{"rendered":"Funda de monitor port\u00e1til CASEMATIX para monitores gaming de 15,6\u2033 a 24\u2033 o pantallas port\u00e1tiles para port\u00e1tiles."},"content":{"rendered":"<h2>Informaci\u00f3n sobre el producto<\/h2>\n<div class=\"a-row a-spacing-top-base\">\n<div class=\"a-column a-span6\">\n<div class=\"a-row a-spacing-base\">\n<div class=\"a-section table-padding\">\n<table id=\"productDetails_detailBullets_sections1\" class=\"a-keyvalue prodDetTable\" role=\"presentation\">\n<tbody>\n<tr>\n<th class=\"a-color-secondary a-size-base prodDetSectionEntry\">Dimensiones del producto<\/th>\n<td class=\"a-size-base prodDetAttrValue\">24 x 15 x 3,5 pulgadas<\/td>\n<\/tr>\n<tr>\n<th class=\"a-color-secondary a-size-base prodDetSectionEntry\">Peso del art\u00edculo<\/th>\n<td class=\"a-size-base prodDetAttrValue\">3.8 libras<\/td>\n<\/tr>\n<tr>\n<th class=\"a-color-secondary a-size-base prodDetSectionEntry\">ASIN<\/th>\n<td class=\"a-size-base prodDetAttrValue\">B0DDRWWX91<\/td>\n<\/tr>\n<tr>\n<th class=\"a-color-secondary a-size-base prodDetSectionEntry\">Opiniones de los clientes<\/th>\n<td class=\"a-size-base\">\n<div id=\"averageCustomerReviews\" data-asin=\"B0DDRWWX91\" data-ref=\"dpx_acr_pop_\"><span class=\"a-declarative\" data-action=\"acrStarsLink-click-metrics\" data-acrstarslink-click-metrics=\"{}\"><span id=\"acrPopover\" class=\"reviewCountTextLinkedHistogram noUnderline\" title=\"5.0 de 5 estrellas\"><a class=\"a-popover-trigger a-declarative\" role=\"button\"><span class=\"a-size-base a-color-base\">5.0\u00a0<\/span><i class=\"a-icon a-icon-star a-star-5 cm-cr-review-stars-spacing-big\"><span class=\"a-icon-alt\">5.0 de 5 estrellas<\/span><\/i>\u00a0<i class=\"a-icon a-icon-popover\"><\/i><\/a>\u00a0\u00a0<\/span><\/span>\u00a0<span class=\"a-declarative\" data-action=\"acrLink-click-metrics\" data-acrlink-click-metrics=\"{}\"><a id=\"acrCustomerReviewLink\" class=\"a-link-normal\" href=\"https:\/\/www.amazon.com\/CASEMATIX-Portable-Monitor-Monitors-Accessories\/dp\/B0DDRWWX91\/ref=sr_1_21?crid=3KMYEBCYJYUP4&amp;dib=eyJ2IjoiMSJ9.IAwYEw1Asn9foZq95cSg95Fywhy9aUSmFtcnh1V8LJH1HdVPxxmAG6-acTtGwwnzdsFUq6MTenw60UZ4EjLTbTxVJZUgOnRgCVUJcqIVxfd0D8qwrCZ48tLAvclD9sb57JAi2Kt4sFdIamm7rAYFae3W9ovBLW0eFBn5ITqeUkY9Ew9fFHXG36HV9LdAAeigpV5XgILGAoixe2ecbxV01Gndc-IHJNVh1lAg7g2NMj0.5KFx8jc-pIKTGHQQDTDOK3EFGoOqE3_W-e1H2Z_EkdQ&amp;dib_tag=se&amp;keywords=%E2%80%A2%2BPortable%2BMonitor%2BCases&amp;qid=1739769273&amp;sprefix=portable%2Bmonitor%2Bcases%2B%2Caps%2C767&amp;sr=8-21&amp;th=1#customerReviews\"><span id=\"acrCustomerReviewText\" class=\"a-size-base\">11 valoraciones<\/span><\/a><\/span><\/div>\n<p>5.0 de 5 estrellas<\/td>\n<\/tr>\n<tr>\n<th class=\"a-color-secondary a-size-base prodDetSectionEntry\">Clasificaci\u00f3n de los m\u00e1s vendidos<\/th>\n<td>#638 en\u00a0<a href=\"https:\/\/www.amazon.com\/gp\/bestsellers\/pc\/335609011\/ref=pd_zg_hrsr_pc\">Fundas para port\u00e1tiles<\/a><\/td>\n<\/tr>\n<tr>\n<th class=\"a-color-secondary a-size-base prodDetSectionEntry\">Caracter\u00edsticas especiales<\/th>\n<td class=\"a-size-base prodDetAttrValue\">Resistente al polvo, Protecci\u00f3n resistente, Ligero, Protector de pantalla<\/td>\n<\/tr>\n<tr>\n<th class=\"a-color-secondary a-size-base prodDetSectionEntry\">Factor de forma<\/th>\n<td class=\"a-size-base prodDetAttrValue\">Caso<\/td>\n<\/tr>\n<tr>\n<th class=\"a-color-secondary a-size-base prodDetSectionEntry\">Color<\/th>\n<td class=\"a-size-base prodDetAttrValue\">Negro<\/td>\n<\/tr>\n<tr>\n<th class=\"a-color-secondary a-size-base prodDetSectionEntry\">Contenido de la caja<\/th>\n<td class=\"a-size-base prodDetAttrValue\">Exterior r\u00edgido de EVA, interior acolchado con espuma ajustable<\/td>\n<\/tr>\n<tr>\n<th class=\"a-color-secondary a-size-base prodDetSectionEntry\">Fabricante<\/th>\n<td class=\"a-size-base prodDetAttrValue\">CASEMATIX<\/td>\n<\/tr>\n<tr>\n<th class=\"a-color-secondary a-size-base prodDetSectionEntry\">Fecha de disponibilidad<\/th>\n<td class=\"a-size-base prodDetAttrValue\">20 de agosto de 2024<\/td>\n<\/tr>\n<\/tbody>\n<\/table>\n<\/div>\n<\/div>\n<\/div>\n<\/div>","protected":false},"excerpt":{"rendered":"<p><strong>PROTECCI\u00d3N DURA:<\/strong> La funda de viaje para monitor est\u00e1 dise\u00f1ada para adaptarse a una amplia gama de tama\u00f1os de pantalla y accesorios. Fabricado con protecci\u00f3n externa de EVA y acolchado de espuma para salvaguardar pantallas, port\u00e1tiles y monitores de hasta 22 pulgadas de ancho. EL M\u00c1XIMO<br \/>\n<strong>ESPUMA ABSORBENTE DE IMPACTOS:<\/strong> El malet\u00edn para monitor de ordenador CASEMATIX est\u00e1 equipado con espuma en espiral en la parte superior e inferior para proteger su valiosa pantalla de golpes y ca\u00eddas. La inclusi\u00f3n de numerosas secciones de espuma proporciona una capa adicional de protecci\u00f3n para los accesorios.<br \/>\n<strong>DISE\u00d1O DE CUBIERTA DE PANTALLA F\u00c1CIL DE VIAJAR:<\/strong> La maleta mide 24 x 15 x 3,5 pulgadas y presenta un exterior elegante con cierres resistentes para garantizar su seguridad. El asa integrada y la correa ajustable para el hombro facilitan su transporte.<\/p>\n<p><strong>se adapta a una gran variedad de pantallas:<\/strong> Las dimensiones internas del dispositivo son de 22,5 x 13,5 x 2,75 pulgadas, y puede alojar pantallas con un tama\u00f1o m\u00e1ximo de 24 pulgadas. Utilice los divisores de espuma blanda de 0,5\u2033 y el bloque de espuma para establecer un ajuste seguro para las pantallas m\u00e1s peque\u00f1as y diferenciarlas de los accesorios.<br \/>\n<strong>VERIFICAR EL TAMA\u00d1O DE LA PANTALLA:<\/strong> Los accesorios pueden acomodarse cuando se emplean expositores de tama\u00f1o reducido. Incluye un bloque de espuma y dos capas planas de espuma para aumentar la seguridad y la protecci\u00f3n. Utilice el bloque de espuma para establecer un ajuste seguro y los divisores de espuma de 0,5\u2033 para proteger las pantallas.<\/p>\n<p>&nbsp;<\/p>","protected":false},"featured_media":2329,"comment_status":"open","ping_status":"closed","template":"","meta":[],"product_brand":[],"product_cat":[70,57],"product_tag":[],"class_list":{"0":"post-2319","1":"product","2":"type-product","3":"status-publish","4":"has-post-thumbnail","6":"product_cat-portable-monitor-cases","7":"product_cat-travel-gears","9":"first","10":"instock","11":"shipping-taxable","12":"purchasable","13":"product-type-simple"},"_links":{"self":[{"href":"https:\/\/vavcase.com\/es\/wp-json\/wp\/v2\/product\/2319","targetHints":{"allow":["GET"]}}],"collection":[{"href":"https:\/\/vavcase.com\/es\/wp-json\/wp\/v2\/product"}],"about":[{"href":"https:\/\/vavcase.com\/es\/wp-json\/wp\/v2\/types\/product"}],"replies":[{"embeddable":true,"href":"https:\/\/vavcase.com\/es\/wp-json\/wp\/v2\/comments?post=2319"}],"wp:featuredmedia":[{"embeddable":true,"href":"https:\/\/vavcase.com\/es\/wp-json\/wp\/v2\/media\/2329"}],"wp:attachment":[{"href":"https:\/\/vavcase.com\/es\/wp-json\/wp\/v2\/media?parent=2319"}],"wp:term":[{"taxonomy":"product_brand","embeddable":true,"href":"https:\/\/vavcase.com\/es\/wp-json\/wp\/v2\/product_brand?post=2319"},{"taxonomy":"product_cat","embeddable":true,"href":"https:\/\/vavcase.com\/es\/wp-json\/wp\/v2\/product_cat?post=2319"},{"taxonomy":"product_tag","embeddable":true,"href":"https:\/\/vavcase.com\/es\/wp-json\/wp\/v2\/product_tag?post=2319"}],"curies":[{"name":"wp","href":"https:\/\/api.w.org\/{rel}","templated":true}]}}