{"id":2332,"date":"2025-02-17T06:05:09","date_gmt":"2025-02-17T06:05:09","guid":{"rendered":"https:\/\/vavcase.com\/?post_type=product&#038;p=2332"},"modified":"2025-02-17T06:05:22","modified_gmt":"2025-02-17T06:05:22","slug":"faceplate-with-rgb-light-strip-for-ps5-digital-edition","status":"publish","type":"product","link":"https:\/\/vavcase.com\/es\/producto\/placa-frontal-con-tira-de-luz-rgb-para-ps5-digital-edition\/","title":{"rendered":"Placa frontal con tira de luz RGB para PS5 Digital Edition"},"content":{"rendered":"<h2>Informaci\u00f3n sobre el producto<\/h2>\n<div class=\"a-row a-spacing-top-base\">\n<div class=\"a-column a-span6\">\n<div class=\"a-row a-spacing-base\">\n<div class=\"a-section table-padding\">\n<table id=\"productDetails_detailBullets_sections1\" class=\"a-keyvalue prodDetTable\" role=\"presentation\">\n<tbody>\n<tr>\n<th class=\"a-color-secondary a-size-base prodDetSectionEntry\">Dimensiones del producto<\/th>\n<td class=\"a-size-base prodDetAttrValue\">11\u2033An x 2,2\u2033Al<\/td>\n<\/tr>\n<tr>\n<th class=\"a-color-secondary a-size-base prodDetSectionEntry\">Fabricante<\/th>\n<td class=\"a-size-base prodDetAttrValue\">DOBEWINGDELOU<\/td>\n<\/tr>\n<tr>\n<th class=\"a-color-secondary a-size-base prodDetSectionEntry\">Peso del art\u00edculo<\/th>\n<td class=\"a-size-base prodDetAttrValue\">2.2 libras<\/td>\n<\/tr>\n<tr>\n<th class=\"a-color-secondary a-size-base prodDetSectionEntry\">ASIN<\/th>\n<td class=\"a-size-base prodDetAttrValue\">B0BYTDSR9L<\/td>\n<\/tr>\n<tr>\n<th class=\"a-color-secondary a-size-base prodDetSectionEntry\">Opiniones de los clientes<\/th>\n<td class=\"a-size-base\">\n<div id=\"averageCustomerReviews\" data-asin=\"B0BYTDSR9L\" data-ref=\"dpx_acr_pop_\"><span class=\"a-declarative\" data-action=\"acrStarsLink-click-metrics\" data-acrstarslink-click-metrics=\"{}\"><span id=\"acrPopover\" class=\"reviewCountTextLinkedHistogram noUnderline\" title=\"4,4 de 5 estrellas\"><a class=\"a-popover-trigger a-declarative\" role=\"button\"><span class=\"a-size-base a-color-base\">4.4\u00a0<\/span><i class=\"a-icon a-icon-star a-star-4-5 cm-cr-review-stars-spacing-big\"><span class=\"a-icon-alt\">4,4 de 5 estrellas<\/span><\/i>\u00a0<i class=\"a-icon a-icon-popover\"><\/i><\/a>\u00a0\u00a0<\/span><\/span>\u00a0<span class=\"a-declarative\" data-action=\"acrLink-click-metrics\" data-acrlink-click-metrics=\"{}\"><a id=\"acrCustomerReviewLink\" class=\"a-link-normal\" href=\"https:\/\/www.amazon.com\/Faceplate-DOBEWINGDELOU-PlayStation-Decoration-Accessories-5\/dp\/B0BYTDSR9L\/ref=sr_1_10_sspa?crid=1198GW7TPR6CL&amp;dib=eyJ2IjoiMSJ9.oxn3i-7QADowtaFWAvJ5hXA4D24Pl4gEckdLsppjUlgq3QaH9KTwPTG1mL_fw-TgwwKLwGGGXL1Ugr5lcYGdIdku5UDKbJUTpZ1sZFsC3PE.4gHoHkfxWdDWYpDfrtlo116I0sPqub2tOu1zxn4GuTo&amp;dib_tag=se&amp;keywords=Swappable%2Bfaceplates%2Bfor%2BPS5&amp;qid=1739771541&amp;sprefix=swappable%2Bfaceplates%2Bfor%2Bps5%2C%2Bxbox%2Bseries%2Bx%2Fs%2Caps%2C377&amp;sr=8-10-spons&amp;sp_csd=d2lkZ2V0TmFtZT1zcF9tdGY&amp;th=1#customerReviews\"><span id=\"acrCustomerReviewText\" class=\"a-size-base\">54 valoraciones<\/span><\/a><\/span><\/div>\n<p>4,4 de 5 estrellas<\/td>\n<\/tr>\n<tr>\n<th class=\"a-color-secondary a-size-base prodDetSectionEntry\">Clasificaci\u00f3n de los m\u00e1s vendidos<\/th>\n<td>#14,375 en Videojuegos (<a href=\"https:\/\/www.amazon.com\/gp\/bestsellers\/videogames\/ref=pd_zg_ts_videogames\">Ver Top 100 en Videojuegos<\/a>)<br \/>\n#194 en\u00a0<a href=\"https:\/\/www.amazon.com\/gp\/bestsellers\/videogames\/23568181011\/ref=pd_zg_hrsr_videogames\">Kits de accesorios para Playstation 5<\/a><\/td>\n<\/tr>\n<tr>\n<th class=\"a-color-secondary a-size-base prodDetSectionEntry\">Fecha de disponibilidad<\/th>\n<td class=\"a-size-base prodDetAttrValue\">18 de marzo de 2023<\/td>\n<\/tr>\n<\/tbody>\n<\/table>\n<\/div>\n<\/div>\n<\/div>\n<\/div>","protected":false},"excerpt":{"rendered":"<p><strong>Ventilaci\u00f3n de refrigeraci\u00f3n y dise\u00f1o del filtro de polvo:<\/strong> Las placas frontales est\u00e1n equipadas con ventilaci\u00f3n que puede ayudar a enfriar la consola durante el funcionamiento, promover la circulaci\u00f3n del aire y reducir el sobrecalentamiento. y el filtro de polvo para la ventilaci\u00f3n puede ayudar a mantener la limpieza de la consola y reducir la cantidad de polvo del ventilador, prolongando as\u00ed la vida \u00fatil de la consola y proporcionando una experiencia de juego m\u00e1s c\u00f3moda.<br \/>\n<strong>Especialmente dise\u00f1ado para la versi\u00f3n digital de PS5:<\/strong> las placas frontales y la iluminaci\u00f3n LED RGB se adaptan con precisi\u00f3n. El dise\u00f1o del anillo de luz LED permite pegar directamente la nueva carcasa al marco del ventilador de refrigeraci\u00f3n, y puede sustituir a la cubierta original. Mientras tanto, el distintivo dise\u00f1o de ventana de las placas frontales puede mejorar la intuici\u00f3n de la iluminaci\u00f3n de la tira de luces, distinguiendo as\u00ed su consola de la competencia.<br \/>\n<strong>M\u00e1s de 400 efectos de iluminaci\u00f3n LED:<\/strong> Modificando el color, la velocidad de la luz y el brillo, puedes seleccionar el modo de iluminaci\u00f3n m\u00e1s adecuado para tu juego. Adem\u00e1s, incorpora un modo de audio inteligente. El color de las luces fluctuar\u00e1 de acuerdo con la cadencia de la m\u00fasica y el sonido cuando se active el modo de m\u00fasica. Podr\u00e1s apreciar mejor el entorno de juego y disfrutar de una experiencia de juego m\u00e1s feliz. Independientemente del tipo de juego, siempre hay una configuraci\u00f3n de LED RGB adecuada para ti.<\/p>\n<p><strong>LED RGB 5050 de alta calidad:<\/strong> diodos LED componen el material de primera calidad de la luz LED. La carcasa exterior est\u00e1 fabricada con material ABS duro, resistente a los ara\u00f1azos y duradero, y realzar\u00e1 el atractivo est\u00e9tico de tu videoconsola combinando el efecto de luz LED RGB con su superficie esmerilada.<br \/>\n<strong>F\u00e1cil instalaci\u00f3n:<\/strong> Retire la hebilla circular levantando la esquina posterior de la cubierta protectora, donde se encuentra el logotipo. La cubierta se deslizar\u00e1 empuj\u00e1ndola hacia la parte inferior de la consola. Aplique el autoadhesivo configurado en la parte posterior del anillo de luz LED y f\u00edjelo posteriormente a la rejilla de ventilaci\u00f3n de la consola P5. Alinee la nueva cubierta con el orificio de la unidad principal, emp\u00fajela hacia la parte superior de la consola y, a continuaci\u00f3n, la hebilla finalizar\u00e1 la fijaci\u00f3n.<\/p>","protected":false},"featured_media":2340,"comment_status":"open","ping_status":"closed","template":"","meta":[],"product_brand":[],"product_cat":[71,56],"product_tag":[],"class_list":{"0":"post-2332","1":"product","2":"type-product","3":"status-publish","4":"has-post-thumbnail","6":"product_cat-custom-console-covers","7":"product_cat-custom-shells-skins","9":"first","10":"instock","11":"shipping-taxable","12":"purchasable","13":"product-type-simple"},"_links":{"self":[{"href":"https:\/\/vavcase.com\/es\/wp-json\/wp\/v2\/product\/2332","targetHints":{"allow":["GET"]}}],"collection":[{"href":"https:\/\/vavcase.com\/es\/wp-json\/wp\/v2\/product"}],"about":[{"href":"https:\/\/vavcase.com\/es\/wp-json\/wp\/v2\/types\/product"}],"replies":[{"embeddable":true,"href":"https:\/\/vavcase.com\/es\/wp-json\/wp\/v2\/comments?post=2332"}],"wp:featuredmedia":[{"embeddable":true,"href":"https:\/\/vavcase.com\/es\/wp-json\/wp\/v2\/media\/2340"}],"wp:attachment":[{"href":"https:\/\/vavcase.com\/es\/wp-json\/wp\/v2\/media?parent=2332"}],"wp:term":[{"taxonomy":"product_brand","embeddable":true,"href":"https:\/\/vavcase.com\/es\/wp-json\/wp\/v2\/product_brand?post=2332"},{"taxonomy":"product_cat","embeddable":true,"href":"https:\/\/vavcase.com\/es\/wp-json\/wp\/v2\/product_cat?post=2332"},{"taxonomy":"product_tag","embeddable":true,"href":"https:\/\/vavcase.com\/es\/wp-json\/wp\/v2\/product_tag?post=2332"}],"curies":[{"name":"wp","href":"https:\/\/api.w.org\/{rel}","templated":true}]}}