{"id":2341,"date":"2025-02-17T06:09:10","date_gmt":"2025-02-17T06:09:10","guid":{"rendered":"https:\/\/vavcase.com\/?post_type=product&#038;p=2341"},"modified":"2026-03-18T13:24:34","modified_gmt":"2026-03-18T13:24:34","slug":"faceplate-for-ps5-slim-disc-edition-faceplate-for-ps5-slim-cd-version-4-piece-set-black","status":"publish","type":"product","link":"https:\/\/vavcase.com\/es\/producto\/faceplate-for-ps5-slim-disc-edition-faceplate-for-ps5-slim-cd-version-4-piece-set-black\/","title":{"rendered":"Faceplate Para Ps5 Slim Disc Edition, Faceplate Para Ps5 Slim Cd Version Juego De 4 Piezas Negro"},"content":{"rendered":"<h2>especificaciones<\/h2>\n<div class=\"details-card\">\n<div class=\"details-card-body\">\n<ul class=\"specification-list\">\n<li class=\"row\">\n<div class=\"col-12 col-sm-12 col-md-6 col-lg-5 col-xl-5 mb-3 mb-sm-3 mb-md-0 mb-lg-0 mb-xl-0\">\n<h3>Plataforma de hardware:<\/h3>\n<\/div>\n<div class=\"col-12 col-sm-12 col-md-6 col-lg-7 col-xl-7\">\n<p>PlayStation 5 Slim<\/p>\n<\/div>\n<\/li>\n<li class=\"row\">\n<div class=\"col-12 col-sm-12 col-md-6 col-lg-5 col-xl-5 mb-3 mb-sm-3 mb-md-0 mb-lg-0 mb-xl-0\">\n<h3>Marca:<\/h3>\n<\/div>\n<div class=\"col-12 col-sm-12 col-md-6 col-lg-7 col-xl-7\">\n<p>IMPORTADO<\/p>\n<\/div>\n<\/li>\n<li class=\"row\">\n<div class=\"col-12 col-sm-12 col-md-6 col-lg-5 col-xl-5 mb-3 mb-sm-3 mb-md-0 mb-lg-0 mb-xl-0\">\n<h3>Color:<\/h3>\n<\/div>\n<div class=\"col-12 col-sm-12 col-md-6 col-lg-7 col-xl-7\">\n<p>Negro<\/p>\n<\/div>\n<\/li>\n<li class=\"row\">\n<div class=\"col-12 col-sm-12 col-md-6 col-lg-5 col-xl-5 mb-3 mb-sm-3 mb-md-0 mb-lg-0 mb-xl-0\">\n<h3>Material:<\/h3>\n<\/div>\n<div class=\"col-12 col-sm-12 col-md-6 col-lg-7 col-xl-7\">\n<p>Acrilonitrilo butadieno estireno (ABS)<\/p>\n<\/div>\n<\/li>\n<li class=\"row ng-star-inserted\">\n<div class=\"col-12 col-sm-12 col-md-6 col-lg-5 col-xl-5 mb-3 mb-sm-3 mb-md-0 mb-lg-0 mb-xl-0\">\n<h3>Tipo de acabado:<\/h3>\n<\/div>\n<div class=\"col-12 col-sm-12 col-md-6 col-lg-7 col-xl-7\">\n<p>Mate<\/p>\n<\/div>\n<\/li>\n<\/ul>\n<\/div>\n<\/div>","protected":false},"excerpt":{"rendered":"<p>Material y calidad: Las placas negras PS5 Slim est\u00e1n fabricadas con materiales ABS de alta calidad, lo que garantiza su durabilidad y longevidad. La cubierta de la carcasa de PS5 Slim est\u00e1 meticulosamente dise\u00f1ada para ajustarse con precisi\u00f3n a las dimensiones y la forma de la consola PS5 Slim, lo que garantiza una instalaci\u00f3n segura y sin esfuerzo.<br \/>\nMejora adicional del flujo de aire: La carcasa delgada PS5 est\u00e1 equipada con conductos de refrigeraci\u00f3n circulares a ambos lados, que facilitan la ventilaci\u00f3n y la disipaci\u00f3n del calor de la m\u00e1quina, lo que se traduce en un mejor rendimiento. Un dise\u00f1o mejorado que incorpora ventilaci\u00f3n adicional mitigar\u00e1 el problema del sobrecalentamiento de la consola como consecuencia de un uso prolongado y ofrecer\u00e1 una experiencia de juego m\u00e1s fluida.<br \/>\nTraje garantizado: La carcasa protectora PS5 Slim est\u00e1 espec\u00edficamente dise\u00f1ada para adaptarse a la m\u00e1quina PS5 Slim, garantizando un ajuste perfecto. Mantiene el rendimiento y la funcionalidad de tu consola conservando las dimensiones y la forma de la carcasa original. Tenga en cuenta que las placas frontales son compatibles exclusivamente con la edici\u00f3n de disco PS5 Slim.<\/p>\n<p>Estilo personalizado: La funda negra PS5 Slim Cover realza el aspecto y el dise\u00f1o de tu m\u00e1quina PS5 Slim. El negro es un color atemporal y de moda que infunde a tu consola una sensaci\u00f3n de modernidad y sofisticaci\u00f3n. Es un reflejo de tu personalidad y tus preferencias, independientemente de si se exhibe en una sala de juegos o en un sal\u00f3n.<br \/>\nF\u00e1cil instalaci\u00f3n: El procedimiento de sustituci\u00f3n de la carcasa de PS5 Slim es sencillo. Las instrucciones que se incluyen con la cubierta de la consola PS5 Slim le guiar\u00e1n a trav\u00e9s de los sencillos pasos necesarios para la instalaci\u00f3n. Cualquiera puede personalizar la consola PlayStation 5 Slim sin necesidad de equipos ni conocimientos especializados.<br \/>\nFunci\u00f3n protectora: Las placas negras PS5 Slim no s\u00f3lo mejoran el aspecto de su m\u00e1quina PS5 Slim, sino que tambi\u00e9n ofrecen una protecci\u00f3n fiable. Protegen tu consola de ara\u00f1azos, suciedad y el desgaste normal del uso diario, alargando as\u00ed su vida \u00fatil.<\/p>","protected":false},"featured_media":2349,"comment_status":"open","ping_status":"closed","template":"","meta":[],"product_brand":[],"product_cat":[71,56],"product_tag":[],"class_list":{"0":"post-2341","1":"product","2":"type-product","3":"status-publish","4":"has-post-thumbnail","6":"product_cat-custom-console-covers","7":"product_cat-custom-shells-skins","9":"first","10":"instock","11":"shipping-taxable","12":"purchasable","13":"product-type-simple"},"_links":{"self":[{"href":"https:\/\/vavcase.com\/es\/wp-json\/wp\/v2\/product\/2341","targetHints":{"allow":["GET"]}}],"collection":[{"href":"https:\/\/vavcase.com\/es\/wp-json\/wp\/v2\/product"}],"about":[{"href":"https:\/\/vavcase.com\/es\/wp-json\/wp\/v2\/types\/product"}],"replies":[{"embeddable":true,"href":"https:\/\/vavcase.com\/es\/wp-json\/wp\/v2\/comments?post=2341"}],"wp:featuredmedia":[{"embeddable":true,"href":"https:\/\/vavcase.com\/es\/wp-json\/wp\/v2\/media\/2349"}],"wp:attachment":[{"href":"https:\/\/vavcase.com\/es\/wp-json\/wp\/v2\/media?parent=2341"}],"wp:term":[{"taxonomy":"product_brand","embeddable":true,"href":"https:\/\/vavcase.com\/es\/wp-json\/wp\/v2\/product_brand?post=2341"},{"taxonomy":"product_cat","embeddable":true,"href":"https:\/\/vavcase.com\/es\/wp-json\/wp\/v2\/product_cat?post=2341"},{"taxonomy":"product_tag","embeddable":true,"href":"https:\/\/vavcase.com\/es\/wp-json\/wp\/v2\/product_tag?post=2341"}],"curies":[{"name":"wp","href":"https:\/\/api.w.org\/{rel}","templated":true}]}}