{"id":2350,"date":"2025-02-17T06:14:53","date_gmt":"2025-02-17T06:14:53","guid":{"rendered":"https:\/\/vavcase.com\/?post_type=product&#038;p=2350"},"modified":"2026-04-01T17:55:14","modified_gmt":"2026-04-01T17:55:14","slug":"wolibear-magnetic-smart-wraps-for-xbox-series-x-console","status":"publish","type":"product","link":"https:\/\/vavcase.com\/es\/producto\/wolibear-magnetic-smart-wraps-para-consola-xbox-serie-x\/","title":{"rendered":"WOLIBEAR Magnetic Smart Wraps para Consola Xbox Serie X"},"content":{"rendered":"<h2 class=\"default\">Descripci\u00f3n del producto<\/h2>\n<div id=\"productDescription\" class=\"a-section a-spacing-small\">\n<p><span class=\"a-text-bold\">WOLIBEAR Console Wraps para Xbox Serie X es el accesorio perfecto para elevar tu experiencia de juego y proteger tu consola.<\/span><\/p>\n<p>Fabricadas con precisi\u00f3n, nuestras fundas protectoras est\u00e1n hechas con materiales de alta calidad que garantizan durabilidad y protecci\u00f3n. El sistema de cierre magn\u00e9tico garantiza un ajuste seguro y mantiene la consola protegida en todo momento.<\/p>\n<p>Mejora tu configuraci\u00f3n de juego con nuestra funda envolvente para Xbox Serie X. Eleva tu experiencia de juego mientras te aseguras de que tu consola se mantiene en perfectas condiciones.<\/p>\n<p><span class=\"a-text-bold\">Caracter\u00edsticas:<\/span><br \/>\nEspecialmente dise\u00f1ado para la consola Xbox Series X<br \/>\nCierre magn\u00e9tico<br \/>\nF\u00e1cil de instalar y desmontar<br \/>\nResistente al agua y al polvo<br \/>\nAntiara\u00f1azos y antichoque<br \/>\nDe cuero PU y forro de microfibra suave<\/p>\n<h2>Informaci\u00f3n sobre el producto<\/h2>\n<div class=\"a-row a-spacing-top-base\">\n<div class=\"a-column a-span6\">\n<div class=\"a-row a-spacing-base\">\n<div class=\"a-row a-expander-container a-expander-extend-container\">\n<div class=\"a-row\">\n<div class=\"a-column a-span6\">\n<h3 class=\"a-size-medium a-spacing-small\">Detalles t\u00e9cnicos<\/h3>\n<\/div>\n<\/div>\n<div class=\"a-expander-content a-expander-extend-content\" data-expanded=\"true\">\n<div class=\"a-row a-expander-container a-expander-inline-container\">\n<div class=\"a-expander-content a-expander-section-content a-section-expander-inner\" data-expanded=\"true\">\n<table id=\"productDetails_techSpec_section_1\" class=\"a-keyvalue prodDetTable\" role=\"presentation\">\n<tbody>\n<tr>\n<th class=\"a-color-secondary a-size-base prodDetSectionEntry\">Marca<\/th>\n<td class=\"a-size-base prodDetAttrValue\">WOLIBEAR<\/td>\n<\/tr>\n<tr>\n<th class=\"a-color-secondary a-size-base prodDetSectionEntry\">Fabricante<\/th>\n<td class=\"a-size-base prodDetAttrValue\">WOLIBEAR<\/td>\n<\/tr>\n<tr>\n<th class=\"a-color-secondary a-size-base prodDetSectionEntry\">Modelo<\/th>\n<td class=\"a-size-base prodDetAttrValue\">XSX46MB-US<\/td>\n<\/tr>\n<tr>\n<th class=\"a-color-secondary a-size-base prodDetSectionEntry\">Nombre del modelo<\/th>\n<td class=\"a-size-base prodDetAttrValue\">XSX46MB-US<\/td>\n<\/tr>\n<tr>\n<th class=\"a-color-secondary a-size-base prodDetSectionEntry\">Dimensiones del paquete<\/th>\n<td class=\"a-size-base prodDetAttrValue\">32,21 x 17,7 x 1,6 cm; 390 g<\/td>\n<\/tr>\n<tr>\n<th class=\"a-color-secondary a-size-base prodDetSectionEntry\">N\u00famero de modelo del art\u00edculo<\/th>\n<td class=\"a-size-base prodDetAttrValue\">XSX46MB-US<\/td>\n<\/tr>\n<tr>\n<th class=\"a-color-secondary a-size-base prodDetSectionEntry\">Plataforma de hardware<\/th>\n<td class=\"a-size-base prodDetAttrValue\">xbox 360<\/td>\n<\/tr>\n<tr>\n<th class=\"a-color-secondary a-size-base prodDetSectionEntry\">Dispositivos compatibles<\/th>\n<td class=\"a-size-base prodDetAttrValue\">Xbox Serie X<\/td>\n<\/tr>\n<tr>\n<th class=\"a-color-secondary a-size-base prodDetSectionEntry\">Caracter\u00edsticas especiales<\/th>\n<td class=\"a-size-base prodDetAttrValue\">Cierre magn\u00e9tico, interior suave, protecci\u00f3n total, cuero PU de primera calidad<\/td>\n<\/tr>\n<tr>\n<th class=\"a-color-secondary a-size-base prodDetSectionEntry\">Material de montaje<\/th>\n<td class=\"a-size-base prodDetAttrValue\">1 X Fundas magn\u00e9ticas inteligentes para Xbox Series X<\/td>\n<\/tr>\n<tr>\n<th class=\"a-color-secondary a-size-base prodDetSectionEntry\">Pilas incluidas<\/th>\n<td class=\"a-size-base prodDetAttrValue\">No<\/td>\n<\/tr>\n<tr>\n<th class=\"a-color-secondary a-size-base prodDetSectionEntry\">Pilas necesarias<\/th>\n<td class=\"a-size-base prodDetAttrValue\">No<\/td>\n<\/tr>\n<tr>\n<th class=\"a-color-secondary a-size-base prodDetSectionEntry\">Material<\/th>\n<td class=\"a-size-base prodDetAttrValue\">PU de alta calidad<\/td>\n<\/tr>\n<tr>\n<th class=\"a-color-secondary a-size-base prodDetSectionEntry\">Factor de forma<\/th>\n<td class=\"a-size-base prodDetAttrValue\">Portada<\/td>\n<\/tr>\n<tr>\n<th class=\"a-color-secondary a-size-base prodDetSectionEntry\">Fabricante<\/th>\n<td class=\"a-size-base prodDetAttrValue\">WOLIBEAR<\/td>\n<\/tr>\n<tr>\n<th class=\"a-color-secondary a-size-base prodDetSectionEntry\">Peso del art\u00edculo<\/th>\n<td class=\"a-size-base prodDetAttrValue\">390 g<\/td>\n<\/tr>\n<\/tbody>\n<\/table>\n<\/div>\n<\/div>\n<\/div>\n<\/div>\n<\/div>\n<\/div>\n<\/div>\n<\/div>","protected":false},"excerpt":{"rendered":"<p>Personaliza tu XSX con nuevas apariencias: La consola Xbox Series X est\u00e1 dise\u00f1ada espec\u00edficamente para adaptarse a las fundas inteligentes magn\u00e9ticas. La funda protectora Xbox Series X Blue Camo presenta un dise\u00f1o aerodin\u00e1mico y texturas de primera calidad, lo que da como resultado un aspecto m\u00e1s distintivo y personalizado para tu consola.Transforma tu consola Xbox Series X con las fundas para consola y emb\u00e1rcate en una nueva aventura.Ten en cuenta que este producto es compatible exclusivamente con la consola Xbox Series X (consola XSX no incluida).<br \/>\nPiel de PU de primera calidad y forro suave: La funda Xbox Serie X est\u00e1 fabricada con un exterior de cuero PU de primera calidad y un forro interior suave, y ofrece una protecci\u00f3n integral de 360\u00b0 para la consola. El interior de microfibra suave de su XSX es capaz de dispersar eficazmente el impacto de golpes o colisiones en el interior, as\u00ed como evitar ara\u00f1azos. Las fundas Xbox son un regalo ideal para los jugadores de Xbox en sus cumplea\u00f1os y Navidades.<br \/>\nAjuste de precisi\u00f3n XSX: A\u00f1ade dise\u00f1os atrevidos a tu consola Xbox Serie X con las cubiertas de consola, dise\u00f1adas espec\u00edficamente para envolver tu consola XSX. Tenga en cuenta que el puerto de disipaci\u00f3n de calor y la interfaz USB no est\u00e1n incluidos. Resistentes al agua y al polvo, las fundas protegen eficazmente tu consola de los golpes, el polvo, los ara\u00f1azos y las huellas dactilares. Nota: El soporte de carbonizaci\u00f3n no ser\u00e1 adecuado debido al grosor de las fundas.<\/p>\n<p>Dise\u00f1o de cierre magn\u00e9tico: La funda Xbox Serie X est\u00e1 equipada con potentes imanes que garantizan una conexi\u00f3n segura entre la funda y la consola. Se instala y se retira sin esfuerzo, sin necesidad de adhesivos ni herramientas, y no da\u00f1a la consola XSX. Esta caracter\u00edstica ofrece una experiencia c\u00f3moda y f\u00e1cil de usar para los entusiastas de Xbox.<br \/>\nGarant\u00eda y embalaje: Nuestro objetivo es ofrecerte accesorios Xbox Series X de una calidad excepcional. Recibir\u00e1s una funda Xbox Series X. Este art\u00edculo es un excelente regalo para sus amigos o familiares en su cumplea\u00f1os o en un festival. Le ofrecemos una garant\u00eda de 18 meses sin preocupaciones y un amable servicio de atenci\u00f3n al cliente si tiene alguna duda.<\/p>","protected":false},"featured_media":2357,"comment_status":"open","ping_status":"closed","template":"","meta":[],"product_brand":[],"product_cat":[71,56],"product_tag":[],"class_list":{"0":"post-2350","1":"product","2":"type-product","3":"status-publish","4":"has-post-thumbnail","6":"product_cat-custom-console-covers","7":"product_cat-custom-shells-skins","9":"first","10":"instock","11":"shipping-taxable","12":"purchasable","13":"product-type-simple"},"_links":{"self":[{"href":"https:\/\/vavcase.com\/es\/wp-json\/wp\/v2\/product\/2350","targetHints":{"allow":["GET"]}}],"collection":[{"href":"https:\/\/vavcase.com\/es\/wp-json\/wp\/v2\/product"}],"about":[{"href":"https:\/\/vavcase.com\/es\/wp-json\/wp\/v2\/types\/product"}],"replies":[{"embeddable":true,"href":"https:\/\/vavcase.com\/es\/wp-json\/wp\/v2\/comments?post=2350"}],"wp:featuredmedia":[{"embeddable":true,"href":"https:\/\/vavcase.com\/es\/wp-json\/wp\/v2\/media\/2357"}],"wp:attachment":[{"href":"https:\/\/vavcase.com\/es\/wp-json\/wp\/v2\/media?parent=2350"}],"wp:term":[{"taxonomy":"product_brand","embeddable":true,"href":"https:\/\/vavcase.com\/es\/wp-json\/wp\/v2\/product_brand?post=2350"},{"taxonomy":"product_cat","embeddable":true,"href":"https:\/\/vavcase.com\/es\/wp-json\/wp\/v2\/product_cat?post=2350"},{"taxonomy":"product_tag","embeddable":true,"href":"https:\/\/vavcase.com\/es\/wp-json\/wp\/v2\/product_tag?post=2350"}],"curies":[{"name":"wp","href":"https:\/\/api.w.org\/{rel}","templated":true}]}}