{"id":2367,"date":"2025-02-17T06:24:16","date_gmt":"2025-02-17T06:24:16","guid":{"rendered":"https:\/\/vavcase.com\/?post_type=product&#038;p=2367"},"modified":"2025-12-15T05:42:35","modified_gmt":"2025-12-15T05:42:35","slug":"pss-faceplate-for-ps5-slim-disc-edition-ps5-slim-faceplate-replacement-hard-case-shell-cover-side-plates-for-ps5","status":"publish","type":"product","link":"https:\/\/vavcase.com\/es\/producto\/pss-faceplate-for-ps5-slim-disc-edition-ps5-slim-faceplate-replacement-hard-case-shell-cover-side-plates-for-ps5\/","title":{"rendered":"PSS Faceplate para PS5 Slim Disc Edition, PS5 Slim Faceplate, Reemplazo de las placas laterales de la cubierta de la carcasa r\u00edgida para PS5"},"content":{"rendered":"<h2>Informaci\u00f3n sobre el producto<\/h2>\n<div class=\"a-row a-spacing-top-base\">\n<div class=\"a-column a-span6\">\n<div class=\"a-row a-spacing-base\">\n<div class=\"a-row a-expander-container a-expander-extend-container\">\n<div class=\"a-row\">\n<div class=\"a-column a-span6\">\n<h3 class=\"a-size-medium a-spacing-small\">Detalles t\u00e9cnicos<\/h3>\n<\/div>\n<\/div>\n<div class=\"a-expander-content a-expander-extend-content\" data-expanded=\"true\">\n<div class=\"a-row a-expander-container a-expander-inline-container\">\n<div class=\"a-expander-content a-expander-section-content a-section-expander-inner\" data-expanded=\"true\">\n<table id=\"productDetails_techSpec_section_1\" class=\"a-keyvalue prodDetTable\" role=\"presentation\">\n<tbody>\n<tr>\n<th class=\"a-color-secondary a-size-base prodDetSectionEntry\">Marca<\/th>\n<td class=\"a-size-base prodDetAttrValue\">PSS<\/td>\n<\/tr>\n<tr>\n<th class=\"a-color-secondary a-size-base prodDetSectionEntry\">Fabricante<\/th>\n<td class=\"a-size-base prodDetAttrValue\">PSS, pssales1984@gmail.com, PSS<\/td>\n<\/tr>\n<tr>\n<th class=\"a-color-secondary a-size-base prodDetSectionEntry\">Nombre del modelo<\/th>\n<td class=\"a-size-base prodDetAttrValue\">Placa frontal para PS5 Slim Spidy Edition<\/td>\n<\/tr>\n<tr>\n<th class=\"a-color-secondary a-size-base prodDetSectionEntry\">Dimensiones del paquete<\/th>\n<td class=\"a-size-base prodDetAttrValue\">28 x 25 x 9 cm; 700 g<\/td>\n<\/tr>\n<tr>\n<th class=\"a-color-secondary a-size-base prodDetSectionEntry\">Plataforma de hardware<\/th>\n<td class=\"a-size-base prodDetAttrValue\">PS5 Slim<\/td>\n<\/tr>\n<tr>\n<th class=\"a-color-secondary a-size-base prodDetSectionEntry\">Pilas necesarias<\/th>\n<td class=\"a-size-base prodDetAttrValue\">No<\/td>\n<\/tr>\n<tr>\n<th class=\"a-color-secondary a-size-base prodDetSectionEntry\">Material<\/th>\n<td class=\"a-size-base prodDetAttrValue\">Pl\u00e1stico<\/td>\n<\/tr>\n<tr>\n<th class=\"a-color-secondary a-size-base prodDetSectionEntry\">Fabricante<\/th>\n<td class=\"a-size-base prodDetAttrValue\">PSS, pssales1984@gmail.com<\/td>\n<\/tr>\n<tr>\n<th class=\"a-color-secondary a-size-base prodDetSectionEntry\">Peso del art\u00edculo<\/th>\n<td class=\"a-size-base prodDetAttrValue\">700 g<\/td>\n<\/tr>\n<\/tbody>\n<\/table>\n<\/div>\n<\/div>\n<\/div>\n<\/div>\n<\/div>\n<\/div>\n<\/div>","protected":false},"excerpt":{"rendered":"<p><strong>ASPECTO NUEVO Y ELEGANTE:<\/strong> La placa frontal PStation 5 Slim para Disc Edition es una mejora elegante y estilizada que mejorar\u00e1 su experiencia de juego. Estas placas est\u00e1n dise\u00f1adas para integrarse a la perfecci\u00f3n con su consola PS5 Slim, proporcionando un aspecto de alta gama que elevar\u00e1 la apariencia de su configuraci\u00f3n de juego.<br \/>\n<strong>DISE\u00d1O MEJORADO:<\/strong>\u00a0 Estas placas delgadas para PS5 incluyen una carcasa resistente que proteger\u00e1 tu consola de ara\u00f1azos y rozaduras, adem\u00e1s de proporcionar una capa de personalizaci\u00f3n a tu dispositivo. Est\u00e1n fabricadas con materiales de alta calidad. La placa frontal slim para PS5 de PSS es una opci\u00f3n excelente para los jugadores que desean exhibir su estilo, ya que a\u00f1ade un toque de sofisticaci\u00f3n y clase.<br \/>\n<strong>MEJORA DE LA CALIDAD:<\/strong> Mejora tu experiencia de juego con la car\u00e1tula Slim Faceplate de PS 5, la mejor opci\u00f3n para los jugadores que desean personalizar su consola con un exterior de alta calidad que ofrece protecci\u00f3n y estilo.<\/p>\n<p><strong>F\u00c1CIL INSTALACI\u00d3N Y DESMONTAJE:<\/strong> Las cubiertas PS5 Slim para Disc Edition son incre\u00edblemente f\u00e1ciles de instalar y quitar, lo que le permite cambiar f\u00e1cilmente de aspecto siempre que lo desee. Estas placas son la soluci\u00f3n ideal para quienes desean mezclar y combinar con otros colores o tienen ganas de un dise\u00f1o a conjunto.<br \/>\nEsta placa frontal es compatible exclusivamente con la variante Slim de PS5 y no es compatible con el modelo normal de PS5. Ten en cuenta que la consola PS5 no est\u00e1 incluida.<\/p>","protected":false},"featured_media":2372,"comment_status":"open","ping_status":"closed","template":"","meta":[],"product_brand":[],"product_cat":[71,56],"product_tag":[],"class_list":{"0":"post-2367","1":"product","2":"type-product","3":"status-publish","4":"has-post-thumbnail","6":"product_cat-custom-console-covers","7":"product_cat-custom-shells-skins","9":"first","10":"instock","11":"featured","12":"shipping-taxable","13":"purchasable","14":"product-type-simple"},"_links":{"self":[{"href":"https:\/\/vavcase.com\/es\/wp-json\/wp\/v2\/product\/2367","targetHints":{"allow":["GET"]}}],"collection":[{"href":"https:\/\/vavcase.com\/es\/wp-json\/wp\/v2\/product"}],"about":[{"href":"https:\/\/vavcase.com\/es\/wp-json\/wp\/v2\/types\/product"}],"replies":[{"embeddable":true,"href":"https:\/\/vavcase.com\/es\/wp-json\/wp\/v2\/comments?post=2367"}],"wp:featuredmedia":[{"embeddable":true,"href":"https:\/\/vavcase.com\/es\/wp-json\/wp\/v2\/media\/2372"}],"wp:attachment":[{"href":"https:\/\/vavcase.com\/es\/wp-json\/wp\/v2\/media?parent=2367"}],"wp:term":[{"taxonomy":"product_brand","embeddable":true,"href":"https:\/\/vavcase.com\/es\/wp-json\/wp\/v2\/product_brand?post=2367"},{"taxonomy":"product_cat","embeddable":true,"href":"https:\/\/vavcase.com\/es\/wp-json\/wp\/v2\/product_cat?post=2367"},{"taxonomy":"product_tag","embeddable":true,"href":"https:\/\/vavcase.com\/es\/wp-json\/wp\/v2\/product_tag?post=2367"}],"curies":[{"name":"wp","href":"https:\/\/api.w.org\/{rel}","templated":true}]}}