{"id":2375,"date":"2025-02-17T06:31:44","date_gmt":"2025-02-17T06:31:44","guid":{"rendered":"https:\/\/vavcase.com\/?post_type=product&#038;p=2375"},"modified":"2025-02-17T06:31:44","modified_gmt":"2025-02-17T06:31:44","slug":"extremerate-the-great-wave-touchpad-front-top-shell-compatible-with-ps5-controller","status":"publish","type":"product","link":"https:\/\/vavcase.com\/es\/producto\/extremmerate-el-gran-wave-touchpad-front-top-shell-compatible-con-ps5-controller\/","title":{"rendered":"eXtremeRate La Gran Ola Touchpad Frente Superior Shell Compatible con ps5 Controller"},"content":{"rendered":"<p><span class=\"a-text-bold\">Caracter\u00edstica del producto:<\/span><\/p>\n<ul class=\"a-unordered-list a-vertical\">\n<li><span class=\"a-list-item\"><span class=\"a-text-bold\">Fabricado en pl\u00e1stico ABS duradero y no t\u00f3xico.<\/span>\u00a0Sin olor.<\/span><\/li>\n<li><span class=\"a-list-item\">Encaja completamente a ras en todos los lados; Se asienta correctamente en todos los clips.<\/span><\/li>\n<li><span class=\"a-list-item\">Personaliza tu mando.<\/span><\/li>\n<li><span class=\"a-list-item\">Es un hermoso cambio de un aburrido blanco normal sin gastar una tonelada de dinero.<\/span><\/li>\n<\/ul>\n<h3 class=\"a-spacing-mini\">El paquete incluye:<\/h3>\n<ul class=\"a-unordered-list a-vertical\">\n<li><span class=\"a-list-item\">1* Carcasa de la placa frontal<\/span><\/li>\n<li><span class=\"a-list-item\">1* Carcasa del panel t\u00e1ctil<\/span><\/li>\n<li><span class=\"a-list-item\">1* Juego de soporte de almohadilla t\u00e1ctil<\/span><\/li>\n<li><span class=\"a-list-item\">1* Herramienta de concha abierta<\/span><\/li>\n<li><span class=\"a-list-item\">1* Destornillador<\/span><\/li>\n<li><span class=\"a-list-item\">13* Tornillos<\/span><\/li>\n<li><span class=\"a-list-item\"><span class=\"a-text-bold\">Nota: \u00a1El mando y otras piezas no est\u00e1n incluidos!<\/span><\/span><\/li>\n<\/ul>\n<h2>Informaci\u00f3n sobre el producto<\/h2>\n<div class=\"a-row a-spacing-top-base\">\n<div class=\"a-column a-span6\">\n<div class=\"a-row a-spacing-base\">\n<div class=\"a-section table-padding\">\n<table id=\"productDetails_detailBullets_sections1\" class=\"a-keyvalue prodDetTable\" role=\"presentation\">\n<tbody>\n<tr>\n<th class=\"a-color-secondary a-size-base prodDetSectionEntry\">UPC<\/th>\n<td class=\"a-size-base prodDetAttrValue\">656942056980<\/td>\n<\/tr>\n<tr>\n<th class=\"a-color-secondary a-size-base prodDetSectionEntry\">Fabricante<\/th>\n<td class=\"a-size-base prodDetAttrValue\">Extremerate<\/td>\n<\/tr>\n<tr>\n<th class=\"a-color-secondary a-size-base prodDetSectionEntry\">Dimensiones del producto<\/th>\n<td class=\"a-size-base prodDetAttrValue\">6,5 x 4,53 x 1,97 pulgadas<\/td>\n<\/tr>\n<tr>\n<th class=\"a-color-secondary a-size-base prodDetSectionEntry\">Peso del art\u00edculo<\/th>\n<td class=\"a-size-base prodDetAttrValue\">1,06 onzas<\/td>\n<\/tr>\n<tr>\n<th class=\"a-color-secondary a-size-base prodDetSectionEntry\">ASIN<\/th>\n<td class=\"a-size-base prodDetAttrValue\">B092JGKHZC<\/td>\n<\/tr>\n<tr>\n<th class=\"a-color-secondary a-size-base prodDetSectionEntry\">N\u00famero de modelo del art\u00edculo<\/th>\n<td class=\"a-size-base prodDetAttrValue\">ZPFT1006<\/td>\n<\/tr>\n<tr>\n<th class=\"a-color-secondary a-size-base prodDetSectionEntry\">Opiniones de los clientes<\/th>\n<td class=\"a-size-base\">\n<div id=\"averageCustomerReviews\" data-asin=\"B092JGKHZC\" data-ref=\"dpx_acr_pop_\"><span class=\"a-declarative\" data-action=\"acrStarsLink-click-metrics\" data-acrstarslink-click-metrics=\"{}\"><span id=\"acrPopover\" class=\"reviewCountTextLinkedHistogram noUnderline\" title=\"4,4 de 5 estrellas\"><a class=\"a-popover-trigger a-declarative\" role=\"button\"><span class=\"a-size-base a-color-base\">4.4\u00a0<\/span><i class=\"a-icon a-icon-star a-star-4-5 cm-cr-review-stars-spacing-big\"><span class=\"a-icon-alt\">4,4 de 5 estrellas<\/span><\/i>\u00a0<i class=\"a-icon a-icon-popover\"><\/i><\/a>\u00a0\u00a0<\/span><\/span>\u00a0<span class=\"a-declarative\" data-action=\"acrLink-click-metrics\" data-acrlink-click-metrics=\"{}\"><a id=\"acrCustomerReviewLink\" class=\"a-link-normal\" href=\"https:\/\/www.amazon.com\/eXtremeRate-Controller-Replacement-Faceplate-Playstation\/dp\/B092JGKHZC\/ref=sr_1_7_sspa?crid=EUP4YHA2D3KA&amp;dib=eyJ2IjoiMSJ9.jEXY5_0G06Nl6-QL1wVlh5I3v0AZh0oirXGzOZiX_nVnghQsTi9tXAUMEFRcxTP7BG9ZsqKfjXoZEEqNnzTSvzJfGJRkViFMDNTtNYZ-ByKp19Sz_6p96XcTlXSIxD7SL1KcrO8LS5PSr-QXAehMp4tcnYYifpfnb5HXclho_Dx-VVdGkbaXjlYYLkKXMRkrJO89p3FZOymB0RMGAh1ZW15arsmrQ9jo4OylX-NMMd8.7TaPg7fg50ejGNXgg8h5LcrgWpL4nmf-ITa3389G1ik&amp;dib_tag=se&amp;keywords=%E2%80%A2%2BController%2BShells&amp;qid=1739773506&amp;sprefix=controller%2Bshells%2B%2Caps%2C1031&amp;sr=8-7-spons&amp;sp_csd=d2lkZ2V0TmFtZT1zcF9tdGY&amp;th=1#customerReviews\"><span id=\"acrCustomerReviewText\" class=\"a-size-base\">461 valoraciones<\/span><\/a><\/span><\/div>\n<p>4,4 de 5 estrellas<\/td>\n<\/tr>\n<tr>\n<th class=\"a-color-secondary a-size-base prodDetSectionEntry\">Clasificaci\u00f3n de los m\u00e1s vendidos<\/th>\n<td>#25.807 en Videojuegos (<a href=\"https:\/\/www.amazon.com\/gp\/bestsellers\/videogames\/ref=pd_zg_ts_videogames\">Ver Top 100 en Videojuegos<\/a>)<br \/>\n#1,975 en\u00a0<a href=\"https:\/\/www.amazon.com\/gp\/bestsellers\/videogames\/20972782011\/ref=pd_zg_hrsr_videogames\">Accesorios PlayStation 5<\/a><\/td>\n<\/tr>\n<tr>\n<th class=\"a-color-secondary a-size-base prodDetSectionEntry\">Fecha de disponibilidad<\/th>\n<td class=\"a-size-base prodDetAttrValue\">14 de abril de 2021<\/td>\n<\/tr>\n<\/tbody>\n<\/table>\n<\/div>\n<\/div>\n<\/div>\n<\/div>","protected":false},"excerpt":{"rendered":"<p><strong>Compatibilidad:<\/strong> La carcasa superior delantera y la cubierta del panel t\u00e1ctil de repuesto personalizadas son compatibles con los controladores PS5 modelo BDM-010, BDM-020, BDM-030, BDM-040 y BDM-050. No son compatibles con otros modelos de controladores. Por favor, consulte la segunda imagen de la lista antes de hacer una compra. Precisi\u00f3n de corte para funcionar de forma id\u00e9ntica a la c\u00e1scara original<br \/>\n<strong>Encaja perfectamente:<\/strong> Es el que mejor encaja con diferencia; se asienta adecuadamente en todos los clips; encaja completamente al ras en todos los lados. El exclusivo panel t\u00e1ctil exterior de la placa frontal est\u00e1 dise\u00f1ado para realzar la personalidad de tu mando, garantizando que se distinga del resto.<br \/>\nCaracter\u00edstica individualizada: Se puede acceder a una variada selecci\u00f3n de dise\u00f1os y patrones. El patr\u00f3n ondulado es visualmente atractivo; ser\u00eda a\u00fan m\u00e1s impresionante si se emparejara con nuestros mandos de sustituci\u00f3n de controladores.<\/p>\n<p><strong>Instalaci\u00f3n sencilla:<\/strong> El implemento que se incluye puede ayudar a retirar sin esfuerzo la cubierta original del mando y a sustituir estos accesorios. Busque \"eXtremeRate front shell compatible with ps5 BDM 010 020 030\" o \"GI9s7Ejhs44\" en YouTube para obtener la gu\u00eda de v\u00eddeo de instalaci\u00f3n.<br \/>\n<strong>Contenido del paquete:<\/strong> 1* carcasa de la placa frontal; 1* carcasa del panel t\u00e1ctil; 1* juego de soportes del panel t\u00e1ctil; 1* herramienta para abrir la carcasa; 1* destornillador y torniller\u00eda de repuesto. Nota: En ausencia del controlador y cualquier otro componente<\/p>","protected":false},"featured_media":2376,"comment_status":"open","ping_status":"closed","template":"","meta":[],"product_brand":[],"product_cat":[72,56],"product_tag":[],"class_list":{"0":"post-2375","1":"product","2":"type-product","3":"status-publish","4":"has-post-thumbnail","6":"product_cat-controller-shells","7":"product_cat-custom-shells-skins","9":"first","10":"instock","11":"shipping-taxable","12":"purchasable","13":"product-type-simple"},"_links":{"self":[{"href":"https:\/\/vavcase.com\/es\/wp-json\/wp\/v2\/product\/2375","targetHints":{"allow":["GET"]}}],"collection":[{"href":"https:\/\/vavcase.com\/es\/wp-json\/wp\/v2\/product"}],"about":[{"href":"https:\/\/vavcase.com\/es\/wp-json\/wp\/v2\/types\/product"}],"replies":[{"embeddable":true,"href":"https:\/\/vavcase.com\/es\/wp-json\/wp\/v2\/comments?post=2375"}],"wp:featuredmedia":[{"embeddable":true,"href":"https:\/\/vavcase.com\/es\/wp-json\/wp\/v2\/media\/2376"}],"wp:attachment":[{"href":"https:\/\/vavcase.com\/es\/wp-json\/wp\/v2\/media?parent=2375"}],"wp:term":[{"taxonomy":"product_brand","embeddable":true,"href":"https:\/\/vavcase.com\/es\/wp-json\/wp\/v2\/product_brand?post=2375"},{"taxonomy":"product_cat","embeddable":true,"href":"https:\/\/vavcase.com\/es\/wp-json\/wp\/v2\/product_cat?post=2375"},{"taxonomy":"product_tag","embeddable":true,"href":"https:\/\/vavcase.com\/es\/wp-json\/wp\/v2\/product_tag?post=2375"}],"curies":[{"name":"wp","href":"https:\/\/api.w.org\/{rel}","templated":true}]}}