{"id":2380,"date":"2025-02-17T06:36:37","date_gmt":"2025-02-17T06:36:37","guid":{"rendered":"https:\/\/vavcase.com\/?post_type=product&#038;p=2380"},"modified":"2025-02-17T06:36:37","modified_gmt":"2025-02-17T06:36:37","slug":"extremerate-full-set-shell-buttons-for-xbox-series-x-s-controller","status":"publish","type":"product","link":"https:\/\/vavcase.com\/es\/producto\/extremmerate-conjunto-completo-shell-botones-para-xbox-serie-x-s-controlador\/","title":{"rendered":"eXtremeRate Full Set Shell Buttons para Xbox Series X &amp; S Controller"},"content":{"rendered":"<h2>Informaci\u00f3n sobre el producto<\/h2>\n<div class=\"a-row a-spacing-top-base\">\n<div class=\"a-column a-span6\">\n<div class=\"a-row a-spacing-base\">\n<div class=\"a-section table-padding\">\n<table id=\"productDetails_detailBullets_sections1\" class=\"a-keyvalue prodDetTable\" role=\"presentation\">\n<tbody>\n<tr>\n<th class=\"a-color-secondary a-size-base prodDetSectionEntry\">Dimensiones del producto<\/th>\n<td class=\"a-size-base prodDetAttrValue\">2,76\u2033An x 0,59\u2033Al<\/td>\n<\/tr>\n<tr>\n<th class=\"a-color-secondary a-size-base prodDetSectionEntry\">Fabricante<\/th>\n<td class=\"a-size-base prodDetAttrValue\">Extremerate<\/td>\n<\/tr>\n<tr>\n<th class=\"a-color-secondary a-size-base prodDetSectionEntry\">ASIN<\/th>\n<td class=\"a-size-base prodDetAttrValue\">B08RYJL53F<\/td>\n<\/tr>\n<tr>\n<th class=\"a-color-secondary a-size-base prodDetSectionEntry\">Opiniones de los clientes<\/th>\n<td class=\"a-size-base\">\n<div id=\"averageCustomerReviews\" data-asin=\"B08RYJL53F\" data-ref=\"dpx_acr_pop_\"><span class=\"a-declarative\" data-action=\"acrStarsLink-click-metrics\" data-acrstarslink-click-metrics=\"{}\"><span id=\"acrPopover\" class=\"reviewCountTextLinkedHistogram noUnderline\" title=\"4,5 de 5 estrellas\"><a class=\"a-popover-trigger a-declarative\" role=\"button\"><span class=\"a-size-base a-color-base\">4.5\u00a0<\/span><i class=\"a-icon a-icon-star a-star-4-5 cm-cr-review-stars-spacing-big\"><span class=\"a-icon-alt\">4,5 de 5 estrellas<\/span><\/i>\u00a0<i class=\"a-icon a-icon-popover\"><\/i><\/a>\u00a0\u00a0<\/span><\/span>\u00a0<span class=\"a-declarative\" data-action=\"acrLink-click-metrics\" data-acrlink-click-metrics=\"{}\"><a id=\"acrCustomerReviewLink\" class=\"a-link-normal\" href=\"https:\/\/www.amazon.com\/eXtremeRate-Transparent-Controller-Housing-Replacement\/dp\/B08RYJL53F\/ref=sr_1_9?crid=EUP4YHA2D3KA&amp;dib=eyJ2IjoiMSJ9.jEXY5_0G06Nl6-QL1wVlh5I3v0AZh0oirXGzOZiX_nVnghQsTi9tXAUMEFRcxTP7BG9ZsqKfjXoZEEqNnzTSvzJfGJRkViFMDNTtNYZ-ByKp19Sz_6p96XcTlXSIxD7SL1KcrO8LS5PSr-QXAehMp4tcnYYifpfnb5HXclho_Dx-VVdGkbaXjlYYLkKXMRkrJO89p3FZOymB0RMGAh1ZW15arsmrQ9jo4OylX-NMMd8.7TaPg7fg50ejGNXgg8h5LcrgWpL4nmf-ITa3389G1ik&amp;dib_tag=se&amp;keywords=%E2%80%A2%2BController%2BShells&amp;qid=1739773506&amp;sprefix=controller%2Bshells%2B%2Caps%2C1031&amp;sr=8-9&amp;th=1#customerReviews\"><span id=\"acrCustomerReviewText\" class=\"a-size-base\">708 valoraciones<\/span><\/a><\/span><\/div>\n<p>4,5 de 5 estrellas<\/td>\n<\/tr>\n<tr>\n<th class=\"a-color-secondary a-size-base prodDetSectionEntry\">Clasificaci\u00f3n de los m\u00e1s vendidos<\/th>\n<td>#10.394 en Videojuegos (<a href=\"https:\/\/www.amazon.com\/gp\/bestsellers\/videogames\/ref=pd_zg_ts_videogames\">Ver Top 100 en Videojuegos<\/a>)<br \/>\n#49 en\u00a0<a href=\"https:\/\/www.amazon.com\/gp\/bestsellers\/videogames\/23568180011\/ref=pd_zg_hrsr_videogames\">Kits de accesorios Xbox Series X y S<\/a><\/td>\n<\/tr>\n<tr>\n<th class=\"a-color-secondary a-size-base prodDetSectionEntry\">Tipo de art\u00edculo<\/th>\n<td class=\"a-size-base prodDetAttrValue\">Electr\u00f3nica<\/td>\n<\/tr>\n<tr>\n<th class=\"a-color-secondary a-size-base prodDetSectionEntry\">N\u00famero de modelo del art\u00edculo<\/th>\n<td class=\"a-size-base prodDetAttrValue\">QX3M505<\/td>\n<\/tr>\n<tr>\n<th class=\"a-color-secondary a-size-base prodDetSectionEntry\">Peso del art\u00edculo<\/th>\n<td class=\"a-size-base prodDetAttrValue\">1,76 onzas<\/td>\n<\/tr>\n<\/tbody>\n<\/table>\n<\/div>\n<\/div>\n<\/div>\n<\/div>","protected":false},"excerpt":{"rendered":"<p><strong>Modelo de compatibilidad:<\/strong> El Ultra es compatible con los mandos Xbox Series X y Xbox Series S; sin embargo, no es compatible con otros mandos Xbox One. Antes de realizar la compra, comprueba la segunda imagen del anuncio.<br \/>\n<strong>Ajuste \u00f3ptimo:<\/strong> La opci\u00f3n m\u00e1s adecuada con diferencia; Encaja a ras en todos los lados; Se asienta con seguridad en todos los elementos de fijaci\u00f3n.<br \/>\nEl paquete incluye los siguientes elementos: 1 placa frontal, 1 placa trasera, 1 ra\u00edl lateral izquierdo, 1 ra\u00edl lateral derecho, 2 thumbsticks, 1 juego completo de botones, 1 herramienta para abrir carcasas, 2 destornilladores y 17 tornillos (Importante: El mando y otros componentes no est\u00e1n incluidos).<\/p>\n<p><strong>F\u00e1cil de instalar:<\/strong> Desmonta la carcasa original del mando y sustit\u00fayela por la exterior eXtremeRate. Obt\u00e9n una gu\u00eda de v\u00eddeo de instalaci\u00f3n realizando una b\u00fasqueda en YouTube de \"eXtremeRate Full Set Shell for Xbox Series X\/S\" o \"_n2UYBeixl8\".<br \/>\n<strong>Personalizaci\u00f3n:<\/strong> Fabricado con material ABS de primera calidad, este art\u00edculo es pr\u00e1ctico y duradero. El color p\u00farpura at\u00f3mico transl\u00facido es realmente impresionante.<\/p>","protected":false},"featured_media":2382,"comment_status":"open","ping_status":"closed","template":"","meta":[],"product_brand":[],"product_cat":[72,56],"product_tag":[],"class_list":{"0":"post-2380","1":"product","2":"type-product","3":"status-publish","4":"has-post-thumbnail","6":"product_cat-controller-shells","7":"product_cat-custom-shells-skins","9":"first","10":"instock","11":"shipping-taxable","12":"purchasable","13":"product-type-simple"},"_links":{"self":[{"href":"https:\/\/vavcase.com\/es\/wp-json\/wp\/v2\/product\/2380","targetHints":{"allow":["GET"]}}],"collection":[{"href":"https:\/\/vavcase.com\/es\/wp-json\/wp\/v2\/product"}],"about":[{"href":"https:\/\/vavcase.com\/es\/wp-json\/wp\/v2\/types\/product"}],"replies":[{"embeddable":true,"href":"https:\/\/vavcase.com\/es\/wp-json\/wp\/v2\/comments?post=2380"}],"wp:featuredmedia":[{"embeddable":true,"href":"https:\/\/vavcase.com\/es\/wp-json\/wp\/v2\/media\/2382"}],"wp:attachment":[{"href":"https:\/\/vavcase.com\/es\/wp-json\/wp\/v2\/media?parent=2380"}],"wp:term":[{"taxonomy":"product_brand","embeddable":true,"href":"https:\/\/vavcase.com\/es\/wp-json\/wp\/v2\/product_brand?post=2380"},{"taxonomy":"product_cat","embeddable":true,"href":"https:\/\/vavcase.com\/es\/wp-json\/wp\/v2\/product_cat?post=2380"},{"taxonomy":"product_tag","embeddable":true,"href":"https:\/\/vavcase.com\/es\/wp-json\/wp\/v2\/product_tag?post=2380"}],"curies":[{"name":"wp","href":"https:\/\/api.w.org\/{rel}","templated":true}]}}