{"id":2389,"date":"2025-02-17T06:41:44","date_gmt":"2025-02-17T06:41:44","guid":{"rendered":"https:\/\/vavcase.com\/?post_type=product&#038;p=2389"},"modified":"2025-02-17T06:41:44","modified_gmt":"2025-02-17T06:41:44","slug":"touchpad-front-shell-compatible-with-ps5-controller","status":"publish","type":"product","link":"https:\/\/vavcase.com\/es\/producto\/carcasa-frontal-touchpad-compatible-con-mando-ps5\/","title":{"rendered":"Carcasa frontal Touchpad compatible con el mando PS5"},"content":{"rendered":"<h2>Informaci\u00f3n sobre el producto<\/h2>\n<div class=\"a-row a-spacing-top-base\">\n<div class=\"a-column a-span6\">\n<div class=\"a-row a-spacing-base\">\n<div class=\"a-section table-padding\">\n<table id=\"productDetails_detailBullets_sections1\" class=\"a-keyvalue prodDetTable\" role=\"presentation\">\n<tbody>\n<tr>\n<th class=\"a-color-secondary a-size-base prodDetSectionEntry\">Dimensiones del paquete<\/th>\n<td class=\"a-size-base prodDetAttrValue\">6,6 x 4,5 x 0,9 pulgadas<\/td>\n<\/tr>\n<tr>\n<th class=\"a-color-secondary a-size-base prodDetSectionEntry\">Peso del art\u00edculo<\/th>\n<td class=\"a-size-base prodDetAttrValue\">4 onzas<\/td>\n<\/tr>\n<tr>\n<th class=\"a-color-secondary a-size-base prodDetSectionEntry\">ASIN<\/th>\n<td class=\"a-size-base prodDetAttrValue\">B0DMW2SFHL<\/td>\n<\/tr>\n<tr>\n<th class=\"a-color-secondary a-size-base prodDetSectionEntry\">N\u00famero de modelo del art\u00edculo<\/th>\n<td class=\"a-size-base prodDetAttrValue\">CF-2189S<\/td>\n<\/tr>\n<tr>\n<th class=\"a-color-secondary a-size-base prodDetSectionEntry\">Clasificaci\u00f3n de los m\u00e1s vendidos<\/th>\n<td>#41,276 en Videojuegos (<a href=\"https:\/\/www.amazon.com\/gp\/bestsellers\/videogames\/ref=pd_zg_ts_videogames\">Ver Top 100 en Videojuegos<\/a>)<br \/>\n#195 en\u00a0<a href=\"https:\/\/www.amazon.com\/gp\/bestsellers\/videogames\/23577568011\/ref=pd_zg_hrsr_videogames\">Car\u00e1tulas PlayStation 5<\/a><\/td>\n<\/tr>\n<tr>\n<th class=\"a-color-secondary a-size-base prodDetSectionEntry\">Fecha de disponibilidad<\/th>\n<td class=\"a-size-base prodDetAttrValue\">1 de diciembre de 2024<\/td>\n<\/tr>\n<tr>\n<th class=\"a-color-secondary a-size-base prodDetSectionEntry\">Fabricante<\/th>\n<td class=\"a-size-base prodDetAttrValue\">Shen Zhen Shi Fei Hu Yu You Xian Gong Si<\/td>\n<\/tr>\n<tr>\n<th class=\"a-color-secondary a-size-base prodDetSectionEntry\">Idioma<\/th>\n<td class=\"a-size-base prodDetAttrValue\">Ingl\u00e9s<\/td>\n<\/tr>\n<\/tbody>\n<\/table>\n<\/div>\n<\/div>\n<\/div>\n<\/div>","protected":false},"excerpt":{"rendered":"<p><strong>Compatibilidad con el bricolaje:<\/strong> Estos recambios personalizados de carcasa frontal y carcasa embellecedora est\u00e1n pensados para ser totalmente compatibles con todos los modelos de mando PS5, incluidos BDM-010, BDM-020, BDM-030, BDM-040 y BDM-050. No son compatibles con mandos de otras marcas.<br \/>\n<strong>Personalizaci\u00f3n precisa:<\/strong> La carcasa de repuesto del mando de PS5 est\u00e1 dise\u00f1ada con bordes cortados con precisi\u00f3n, totalmente a ras de la carcasa original y sin rebabas. Esto garantiza una instalaci\u00f3n y un ajuste perfectos, lo que da como resultado un aspecto fresco y moderno para tu mando de PS5.<br \/>\n<strong>Bricolaje a medida:<\/strong> Nuestro panel personalizado DIY te permite personalizar tu mando PS5 seg\u00fan tus preferencias, eligiendo entre una variada selecci\u00f3n de colores y estilos. Combinando nuestros paquetes de palanca de pulgar, puedes crear una experiencia de juego distintiva que refleje tu estilo personal.<\/p>\n<p><strong>Instalaci\u00f3n sencilla:<\/strong> El kit de sustituci\u00f3n de la cubierta del mando t\u00e1ctil personalizado est\u00e1 equipado con todas las herramientas necesarias para facilitar la retirada de la cubierta original del mando y la sustituci\u00f3n de estos accesorios, proporcionando as\u00ed la experiencia de juego m\u00e1s \u00f3ptima.<br \/>\n<strong>Contenido del paquete:<\/strong>Cada paquete incluye 1* carcasa, 1* juego de carcasa y soporte de panel t\u00e1ctil, 1* carcasa decorativa, 1* herramienta para abrir la carcasa, 1* destornillador, 3* tornillos de repuesto y 1* kit de palillos. Tenga en cuenta que el controlador y otros componentes no est\u00e1n incluidos.<\/p>","protected":false},"featured_media":2396,"comment_status":"open","ping_status":"closed","template":"","meta":[],"product_brand":[],"product_cat":[72,56],"product_tag":[],"class_list":{"0":"post-2389","1":"product","2":"type-product","3":"status-publish","4":"has-post-thumbnail","6":"product_cat-controller-shells","7":"product_cat-custom-shells-skins","9":"first","10":"instock","11":"shipping-taxable","12":"purchasable","13":"product-type-simple"},"_links":{"self":[{"href":"https:\/\/vavcase.com\/es\/wp-json\/wp\/v2\/product\/2389","targetHints":{"allow":["GET"]}}],"collection":[{"href":"https:\/\/vavcase.com\/es\/wp-json\/wp\/v2\/product"}],"about":[{"href":"https:\/\/vavcase.com\/es\/wp-json\/wp\/v2\/types\/product"}],"replies":[{"embeddable":true,"href":"https:\/\/vavcase.com\/es\/wp-json\/wp\/v2\/comments?post=2389"}],"wp:featuredmedia":[{"embeddable":true,"href":"https:\/\/vavcase.com\/es\/wp-json\/wp\/v2\/media\/2396"}],"wp:attachment":[{"href":"https:\/\/vavcase.com\/es\/wp-json\/wp\/v2\/media?parent=2389"}],"wp:term":[{"taxonomy":"product_brand","embeddable":true,"href":"https:\/\/vavcase.com\/es\/wp-json\/wp\/v2\/product_brand?post=2389"},{"taxonomy":"product_cat","embeddable":true,"href":"https:\/\/vavcase.com\/es\/wp-json\/wp\/v2\/product_cat?post=2389"},{"taxonomy":"product_tag","embeddable":true,"href":"https:\/\/vavcase.com\/es\/wp-json\/wp\/v2\/product_tag?post=2389"}],"curies":[{"name":"wp","href":"https:\/\/api.w.org\/{rel}","templated":true}]}}