{"id":2397,"date":"2025-02-17T06:48:10","date_gmt":"2025-02-17T06:48:10","guid":{"rendered":"https:\/\/vavcase.com\/?post_type=product&#038;p=2397"},"modified":"2025-02-17T06:48:10","modified_gmt":"2025-02-17T06:48:10","slug":"extremerate-nine-tailed-fox-touchpad-front-top-shell-compatible-with-ps5-controller","status":"publish","type":"product","link":"https:\/\/vavcase.com\/es\/producto\/extremmerate-nine-tailed-fox-touchpad-front-top-shell-compatible-con-ps5-controller\/","title":{"rendered":"eXtremeRate Nine-tailed Fox Touchpad Front Top Shell Compatible con ps5 Controller"},"content":{"rendered":"<p><span class=\"a-text-bold\">Caracter\u00edstica del producto:<\/span><\/p>\n<ul class=\"a-unordered-list a-vertical\">\n<li><span class=\"a-list-item\"><span class=\"a-text-bold\">Fabricado en pl\u00e1stico ABS duradero y no t\u00f3xico.<\/span>\u00a0Sin olor.<\/span><\/li>\n<li><span class=\"a-list-item\">Encaja completamente a ras en todos los lados; Se asienta correctamente en todos los clips.<\/span><\/li>\n<li><span class=\"a-list-item\">Personaliza tu mando.<\/span><\/li>\n<li><span class=\"a-list-item\">Es un hermoso cambio de un aburrido blanco normal sin gastar una tonelada de dinero.<\/span><\/li>\n<\/ul>\n<h3 class=\"a-spacing-mini\">El paquete incluye:<\/h3>\n<ul class=\"a-unordered-list a-vertical\">\n<li><span class=\"a-list-item\">1* Carcasa de la placa frontal<\/span><\/li>\n<li><span class=\"a-list-item\">1* Carcasa del panel t\u00e1ctil<\/span><\/li>\n<li><span class=\"a-list-item\">1* Juego de soporte de almohadilla t\u00e1ctil<\/span><\/li>\n<li><span class=\"a-list-item\">1* Herramienta de concha abierta<\/span><\/li>\n<li><span class=\"a-list-item\">1* Destornillador<\/span><\/li>\n<li><span class=\"a-list-item\">13* Tornillos<\/span><\/li>\n<li><span class=\"a-list-item\"><span class=\"a-text-bold\">Nota: \u00a1El mando, el panel t\u00e1ctil y otras piezas no est\u00e1n incluidos!<\/span><\/span><\/li>\n<\/ul>\n<h2>Informaci\u00f3n sobre el producto<\/h2>\n<div class=\"a-row a-spacing-top-base\">\n<div class=\"a-column a-span6\">\n<div class=\"a-row a-spacing-base\">\n<div class=\"a-section table-padding\">\n<table id=\"productDetails_detailBullets_sections1\" class=\"a-keyvalue prodDetTable\" role=\"presentation\">\n<tbody>\n<tr>\n<th class=\"a-color-secondary a-size-base prodDetSectionEntry\">Dimensiones del producto<\/th>\n<td class=\"a-size-base prodDetAttrValue\">3,54\u2033An x 0,59\u2033Al<\/td>\n<\/tr>\n<tr>\n<th class=\"a-color-secondary a-size-base prodDetSectionEntry\">Fabricante<\/th>\n<td class=\"a-size-base prodDetAttrValue\">Extremerate<\/td>\n<\/tr>\n<tr>\n<th class=\"a-color-secondary a-size-base prodDetSectionEntry\">Peso del art\u00edculo<\/th>\n<td class=\"a-size-base prodDetAttrValue\">1,06 onzas<\/td>\n<\/tr>\n<tr>\n<th class=\"a-color-secondary a-size-base prodDetSectionEntry\">ASIN<\/th>\n<td class=\"a-size-base prodDetAttrValue\">B0BXCJCPYJ<\/td>\n<\/tr>\n<tr>\n<th class=\"a-color-secondary a-size-base prodDetSectionEntry\">N\u00famero de modelo del art\u00edculo<\/th>\n<td class=\"a-size-base prodDetAttrValue\">ZPFT1082G3<\/td>\n<\/tr>\n<tr>\n<th class=\"a-color-secondary a-size-base prodDetSectionEntry\">Opiniones de los clientes<\/th>\n<td class=\"a-size-base\">\n<div id=\"averageCustomerReviews\" data-asin=\"B0BXCJCPYJ\" data-ref=\"dpx_acr_pop_\"><span class=\"a-declarative\" data-action=\"acrStarsLink-click-metrics\" data-acrstarslink-click-metrics=\"{}\"><span id=\"acrPopover\" class=\"reviewCountTextLinkedHistogram noUnderline\" title=\"4,4 de 5 estrellas\"><a class=\"a-popover-trigger a-declarative\" role=\"button\"><span class=\"a-size-base a-color-base\">4.4\u00a0<\/span><i class=\"a-icon a-icon-star a-star-4-5 cm-cr-review-stars-spacing-big\"><span class=\"a-icon-alt\">4,4 de 5 estrellas<\/span><\/i>\u00a0<i class=\"a-icon a-icon-popover\"><\/i><\/a>\u00a0\u00a0<\/span><\/span>\u00a0<span class=\"a-declarative\" data-action=\"acrLink-click-metrics\" data-acrlink-click-metrics=\"{}\"><a id=\"acrCustomerReviewLink\" class=\"a-link-normal\" href=\"https:\/\/www.amazon.com\/eXtremeRate-Nine-Tailed-Compatible-Controller-Replacement\/dp\/B0BXCJCPYJ\/ref=sr_1_22_sspa?crid=3EL5ZFAIBP1C4&amp;dib=eyJ2IjoiMSJ9.19A9ecijHQ4E6jOFcBukaEPkLxAXIG81zpJQFqeDTNn8P7g5VOMqckz5RuoM6MoK5fjg7Kr1CrTDyaw8tpUJhBSZmzXLPlq75Y61lPtdPhwje9a-chN8jHT9EETfbpJULJoRI6CBDfs0frsajEV0oX9Tysq6LFGeX0vULnM8BRE.d9hfBqeGHnkAV1U-vY5xxvXgoCmKpoAySsmMERNoKV8&amp;dib_tag=se&amp;keywords=xbox%2Bcontroller%2Bshells%2Bseries%2Bps5&amp;qid=1739774656&amp;sprefix=xbox%2Bcontroller%2Bshells%2Bseries%2Bps5%2Caps%2C355&amp;sr=8-22-spons&amp;xpid=HC_k6rY66ur16&amp;sp_csd=d2lkZ2V0TmFtZT1zcF9tdGY&amp;th=1#customerReviews\"><span id=\"acrCustomerReviewText\" class=\"a-size-base\">461 valoraciones<\/span><\/a><\/span><\/div>\n<p>4,4 de 5 estrellas<\/td>\n<\/tr>\n<tr>\n<th class=\"a-color-secondary a-size-base prodDetSectionEntry\">Clasificaci\u00f3n de los m\u00e1s vendidos<\/th>\n<td>#65,369 en Videojuegos (<a href=\"https:\/\/www.amazon.com\/gp\/bestsellers\/videogames\/ref=pd_zg_ts_videogames\">Ver Top 100 en Videojuegos<\/a>)<br \/>\n#304 en\u00a0<a href=\"https:\/\/www.amazon.com\/gp\/bestsellers\/videogames\/23577568011\/ref=pd_zg_hrsr_videogames\">Car\u00e1tulas PlayStation 5<\/a><br \/>\n#810 en\u00a0<a href=\"https:\/\/www.amazon.com\/gp\/bestsellers\/videogames\/10111041011\/ref=pd_zg_hrsr_videogames\">Car\u00e1tulas, protectores y skins para PlayStation 4<\/a><\/td>\n<\/tr>\n<\/tbody>\n<\/table>\n<\/div>\n<\/div>\n<\/div>\n<\/div>","protected":false},"excerpt":{"rendered":"<p><strong>Compatibilidad:<\/strong> La carcasa superior delantera y la cubierta del panel t\u00e1ctil de repuesto personalizadas son compatibles con los controladores PS5 modelo BDM-010, BDM-020, BDM-030, BDM-040 y BDM-050. No son compatibles con otros modelos de controladores. Por favor, consulte la segunda imagen de la lista antes de hacer una compra. Precisi\u00f3n de corte para funcionar de forma id\u00e9ntica a la c\u00e1scara original<br \/>\n<strong>Encaja perfectamente:<\/strong> Es el que mejor encaja con diferencia; se asienta adecuadamente en todos los clips; encaja completamente al ras en todos los lados. El exclusivo panel t\u00e1ctil exterior de la placa frontal est\u00e1 dise\u00f1ado para realzar la personalidad de tu mando, garantizando que se distinga del resto.<br \/>\n<strong>Caracter\u00edstica individualizada:<\/strong> Se puede acceder a una variada selecci\u00f3n de dise\u00f1os y estampados. El dise\u00f1o del zorro de nueve colas es muy atractivo; ser\u00eda especialmente impresionante si se combinara con nuestros botones de sustituci\u00f3n del mando.<\/p>\n<p><strong>Instalaci\u00f3n sencilla:<\/strong> El implemento que se incluye puede ayudar a retirar sin esfuerzo la cubierta original del mando y a sustituir estos accesorios. Busque \"eXtremeRate front shell compatible with ps5 BDM 010 020 030\" o \"GI9s7Ejhs44\" en YouTube para obtener la gu\u00eda de v\u00eddeo de instalaci\u00f3n.<br \/>\n<strong>Contenido del paquete:<\/strong> 1* carcasa de la placa frontal; 1* carcasa del panel t\u00e1ctil; 1* juego de soportes del panel t\u00e1ctil; 1* herramienta para abrir la carcasa; 1* destornillador y torniller\u00eda de repuesto. Nota: En ausencia del controlador y cualquier otro componente<\/p>","protected":false},"featured_media":2398,"comment_status":"open","ping_status":"closed","template":"","meta":[],"product_brand":[],"product_cat":[72,56],"product_tag":[],"class_list":{"0":"post-2397","1":"product","2":"type-product","3":"status-publish","4":"has-post-thumbnail","6":"product_cat-controller-shells","7":"product_cat-custom-shells-skins","9":"first","10":"instock","11":"shipping-taxable","12":"purchasable","13":"product-type-simple"},"_links":{"self":[{"href":"https:\/\/vavcase.com\/es\/wp-json\/wp\/v2\/product\/2397","targetHints":{"allow":["GET"]}}],"collection":[{"href":"https:\/\/vavcase.com\/es\/wp-json\/wp\/v2\/product"}],"about":[{"href":"https:\/\/vavcase.com\/es\/wp-json\/wp\/v2\/types\/product"}],"replies":[{"embeddable":true,"href":"https:\/\/vavcase.com\/es\/wp-json\/wp\/v2\/comments?post=2397"}],"wp:featuredmedia":[{"embeddable":true,"href":"https:\/\/vavcase.com\/es\/wp-json\/wp\/v2\/media\/2398"}],"wp:attachment":[{"href":"https:\/\/vavcase.com\/es\/wp-json\/wp\/v2\/media?parent=2397"}],"wp:term":[{"taxonomy":"product_brand","embeddable":true,"href":"https:\/\/vavcase.com\/es\/wp-json\/wp\/v2\/product_brand?post=2397"},{"taxonomy":"product_cat","embeddable":true,"href":"https:\/\/vavcase.com\/es\/wp-json\/wp\/v2\/product_cat?post=2397"},{"taxonomy":"product_tag","embeddable":true,"href":"https:\/\/vavcase.com\/es\/wp-json\/wp\/v2\/product_tag?post=2397"}],"curies":[{"name":"wp","href":"https:\/\/api.w.org\/{rel}","templated":true}]}}