{"id":2402,"date":"2025-02-17T06:51:52","date_gmt":"2025-02-17T06:51:52","guid":{"rendered":"https:\/\/vavcase.com\/?post_type=product&#038;p=2402"},"modified":"2025-02-17T06:51:52","modified_gmt":"2025-02-17T06:51:52","slug":"extremerate-custom-shell-for-xbox-series-x-s-controller","status":"publish","type":"product","link":"https:\/\/vavcase.com\/es\/producto\/carcasa-personalizada-extremmerate-para-mando-xbox-serie-x-s\/","title":{"rendered":"Funda personalizada eXtremeRate para el mando Xbox Series X y S"},"content":{"rendered":"<h2>Informaci\u00f3n sobre el producto<\/h2>\n<div class=\"a-row a-spacing-top-base\">\n<div class=\"a-column a-span6\">\n<div class=\"a-row a-spacing-base\">\n<div class=\"a-section table-padding\">\n<table id=\"productDetails_detailBullets_sections1\" class=\"a-keyvalue prodDetTable\" role=\"presentation\">\n<tbody>\n<tr>\n<th class=\"a-color-secondary a-size-base prodDetSectionEntry\">Dimensiones del producto<\/th>\n<td class=\"a-size-base prodDetAttrValue\">0,75\u2033An x 0,4\u2033Al<\/td>\n<\/tr>\n<tr>\n<th class=\"a-color-secondary a-size-base prodDetSectionEntry\">Fabricante<\/th>\n<td class=\"a-size-base prodDetAttrValue\">Extremerate<\/td>\n<\/tr>\n<tr>\n<th class=\"a-color-secondary a-size-base prodDetSectionEntry\">ASIN<\/th>\n<td class=\"a-size-base prodDetAttrValue\">B0CD24JMRV<\/td>\n<\/tr>\n<tr>\n<th class=\"a-color-secondary a-size-base prodDetSectionEntry\">Opiniones de los clientes<\/th>\n<td class=\"a-size-base\">\n<div id=\"averageCustomerReviews\" data-asin=\"B0CD24JMRV\" data-ref=\"dpx_acr_pop_\"><span class=\"a-declarative\" data-action=\"acrStarsLink-click-metrics\" data-acrstarslink-click-metrics=\"{}\"><span id=\"acrPopover\" class=\"reviewCountTextLinkedHistogram noUnderline\" title=\"4,4 de 5 estrellas\"><a class=\"a-popover-trigger a-declarative\" role=\"button\"><span class=\"a-size-base a-color-base\">4.4\u00a0<\/span><i class=\"a-icon a-icon-star a-star-4-5 cm-cr-review-stars-spacing-big\"><span class=\"a-icon-alt\">4,4 de 5 estrellas<\/span><\/i>\u00a0<i class=\"a-icon a-icon-popover\"><\/i><\/a>\u00a0\u00a0<\/span><\/span>\u00a0<span class=\"a-declarative\" data-action=\"acrLink-click-metrics\" data-acrlink-click-metrics=\"{}\"><a id=\"acrCustomerReviewLink\" class=\"a-link-normal\" href=\"https:\/\/www.amazon.com\/eXtremeRate-Custom-Shell-Xbox-Controller\/dp\/B0CD24JMRV\/ref=sr_1_11?crid=2L0HYUVKP2NFJ&amp;dib=eyJ2IjoiMSJ9.CBw3KiPKcLm1QHDkVHyV5MVnxO8Ky-4Uqo2qygjQE-UKo8afXWFg3GrM5j8A2aGSmfD4Cx_Y4gM4zgF7Fz0aeYBghsPUrPrrBc32-1C5AHD91iJ_OZ0cwMO8Jb1SdeODK96cFU3gYCSv4viGCadftNo9ohu5rrSWaI8bo6vKSyRupSXu6zxuKHsp76vzpEYmpGyeqNmhYn6RFhEHToA9QibBFMasu7Re2p9JPTuJkus._CdQBPcmejTDJhv_wI9rXrilLRScAgZMu_okdjC3SnI&amp;dib_tag=se&amp;keywords=xbox+controller+shells+series+x%2Fs&amp;qid=1739774923&amp;sprefix=xbox+controller+shells+xbox%2Caps%2C391&amp;sr=8-11#customerReviews\"><span id=\"acrCustomerReviewText\" class=\"a-size-base\">43 valoraciones<\/span><\/a><\/span><\/div>\n<p>4,4 de 5 estrellas<\/td>\n<\/tr>\n<tr>\n<th class=\"a-color-secondary a-size-base prodDetSectionEntry\">Clasificaci\u00f3n de los m\u00e1s vendidos<\/th>\n<td>#37.606 en Videojuegos (<a href=\"https:\/\/www.amazon.com\/gp\/bestsellers\/videogames\/ref=pd_zg_ts_videogames\">Ver Top 100 en Videojuegos<\/a>)<br \/>\n#43 en\u00a0<a href=\"https:\/\/www.amazon.com\/gp\/bestsellers\/videogames\/23577562011\/ref=pd_zg_hrsr_videogames\">Protectores Xbox Series X y S<\/a><\/td>\n<\/tr>\n<tr>\n<th class=\"a-color-secondary a-size-base prodDetSectionEntry\">Tipo de art\u00edculo<\/th>\n<td class=\"a-size-base prodDetAttrValue\">Electr\u00f3nica<\/td>\n<\/tr>\n<tr>\n<th class=\"a-color-secondary a-size-base prodDetSectionEntry\">N\u00famero de modelo del art\u00edculo<\/th>\n<td class=\"a-size-base prodDetAttrValue\">FX3T188<\/td>\n<\/tr>\n<tr>\n<th class=\"a-color-secondary a-size-base prodDetSectionEntry\">Peso del art\u00edculo<\/th>\n<td class=\"a-size-base prodDetAttrValue\">0,353 onzas<\/td>\n<\/tr>\n<\/tbody>\n<\/table>\n<\/div>\n<\/div>\n<\/div>\n<\/div>","protected":false},"excerpt":{"rendered":"<p><strong>Modelo de compatibilidad:<\/strong> El Ultra es compatible con las series X y S de Xbox, as\u00ed como con el mando Xbox Core (modelo 1914). No es compatible con los mandos de Xbox One. Antes de realizar la compra, compruebe la segunda imagen del anuncio.<br \/>\n<strong>Ajuste \u00f3ptimo:<\/strong> La opci\u00f3n m\u00e1s adecuada con diferencia; Encaja a ras en todos los lados; Se asienta con seguridad en todos los elementos de fijaci\u00f3n.<br \/>\nEl paquete incluye una carcasa de placa frontal, un destornillador T8H y cinco fijaciones. (Importante: el controlador y otros componentes no est\u00e1n incluidos).<\/p>\n<p><strong>F\u00e1cil de instalar:<\/strong> Desmonta la placa frontal original del mando y sustit\u00fayela por la exterior eXtremeRate. La gu\u00eda de v\u00eddeo de instalaci\u00f3n se puede obtener realizando una b\u00fasqueda en YouTube de \"eXtremeRate Shell for Xbox Series X\/S\" o \"46g8h8toba4\".<br \/>\n<strong>Opci\u00f3n personalizada:<\/strong> Se puede acceder a una gran variedad de dise\u00f1os y estampados. La magn\u00edfica ola GOLDEN de Kanagawa se caracteriza por su llamativo patr\u00f3n negro. Le agradecer\u00edamos que la integrara en nuestros mandos de sustituci\u00f3n de controladores.<\/p>","protected":false},"featured_media":2408,"comment_status":"open","ping_status":"closed","template":"","meta":[],"product_brand":[],"product_cat":[72,56],"product_tag":[],"class_list":{"0":"post-2402","1":"product","2":"type-product","3":"status-publish","4":"has-post-thumbnail","6":"product_cat-controller-shells","7":"product_cat-custom-shells-skins","9":"first","10":"instock","11":"shipping-taxable","12":"purchasable","13":"product-type-simple"},"_links":{"self":[{"href":"https:\/\/vavcase.com\/es\/wp-json\/wp\/v2\/product\/2402","targetHints":{"allow":["GET"]}}],"collection":[{"href":"https:\/\/vavcase.com\/es\/wp-json\/wp\/v2\/product"}],"about":[{"href":"https:\/\/vavcase.com\/es\/wp-json\/wp\/v2\/types\/product"}],"replies":[{"embeddable":true,"href":"https:\/\/vavcase.com\/es\/wp-json\/wp\/v2\/comments?post=2402"}],"wp:featuredmedia":[{"embeddable":true,"href":"https:\/\/vavcase.com\/es\/wp-json\/wp\/v2\/media\/2408"}],"wp:attachment":[{"href":"https:\/\/vavcase.com\/es\/wp-json\/wp\/v2\/media?parent=2402"}],"wp:term":[{"taxonomy":"product_brand","embeddable":true,"href":"https:\/\/vavcase.com\/es\/wp-json\/wp\/v2\/product_brand?post=2402"},{"taxonomy":"product_cat","embeddable":true,"href":"https:\/\/vavcase.com\/es\/wp-json\/wp\/v2\/product_cat?post=2402"},{"taxonomy":"product_tag","embeddable":true,"href":"https:\/\/vavcase.com\/es\/wp-json\/wp\/v2\/product_tag?post=2402"}],"curies":[{"name":"wp","href":"https:\/\/api.w.org\/{rel}","templated":true}]}}