{"id":2409,"date":"2025-02-17T07:01:10","date_gmt":"2025-02-17T07:01:10","guid":{"rendered":"https:\/\/vavcase.com\/?post_type=product&#038;p=2409"},"modified":"2025-02-17T07:01:11","modified_gmt":"2025-02-17T07:01:11","slug":"cyberpunk-red-keycap-set-backlit-side-pinted-130-keys-cherry-profile-pbt-5-sided-dye-sublimation","status":"publish","type":"product","link":"https:\/\/vavcase.com\/es\/producto\/juego-de-teclas-rojo-cyberpunk-retroiluminado-lateral-130-teclas-perfil-cerezo-pbt-5-caras-sublimacion\/","title":{"rendered":"Cyberpunk Red Keycap Set Backlit Side Pinted 130 Keys Cherry Profile PBT 5 Sided Dye Sublimation"},"content":{"rendered":"<h2>Informaci\u00f3n sobre el producto<\/h2>\n<div class=\"a-row a-spacing-top-base\">\n<div class=\"a-column a-span6\">\n<div class=\"a-row a-spacing-base\">\n<div class=\"a-row a-expander-container a-expander-extend-container\">\n<div class=\"a-row\"><\/div>\n<div class=\"a-expander-content a-expander-extend-content\" data-expanded=\"true\">\n<div class=\"a-row a-expander-container a-expander-inline-container\">\n<div class=\"a-expander-content a-expander-section-content a-section-expander-inner\" data-expanded=\"true\">\n<table id=\"productDetails_techSpec_section_1\" class=\"a-keyvalue prodDetTable\" role=\"presentation\">\n<tbody>\n<tr>\n<th class=\"a-color-secondary a-size-base prodDetSectionEntry\">Marca<\/th>\n<td class=\"a-size-base prodDetAttrValue\">REDQIN<\/td>\n<\/tr>\n<tr>\n<th class=\"a-color-secondary a-size-base prodDetSectionEntry\">Peso del art\u00edculo<\/th>\n<td class=\"a-size-base prodDetAttrValue\">13,7 onzas<\/td>\n<\/tr>\n<tr>\n<th class=\"a-color-secondary a-size-base prodDetSectionEntry\">Dimensiones del producto<\/th>\n<td class=\"a-size-base prodDetAttrValue\">8,26 x 5,51 x 1,96 pulgadas<\/td>\n<\/tr>\n<tr>\n<th class=\"a-color-secondary a-size-base prodDetSectionEntry\">Dimensiones del art\u00edculo LxAxA<\/th>\n<td class=\"a-size-base prodDetAttrValue\">8,26 x 5,51 x 1,96 pulgadas<\/td>\n<\/tr>\n<tr>\n<th class=\"a-color-secondary a-size-base prodDetSectionEntry\">Color<\/th>\n<td class=\"a-size-base prodDetAttrValue\">CyberPink 130 Claves<\/td>\n<\/tr>\n<tr>\n<th class=\"a-color-secondary a-size-base prodDetSectionEntry\">Fuente de energ\u00eda<\/th>\n<td class=\"a-size-base prodDetAttrValue\">Con cable<\/td>\n<\/tr>\n<tr>\n<th class=\"a-color-secondary a-size-base prodDetSectionEntry\">Fabricante<\/th>\n<td class=\"a-size-base prodDetAttrValue\">REDQIN<\/td>\n<\/tr>\n<tr>\n<th class=\"a-color-secondary a-size-base prodDetSectionEntry\">ASIN<\/th>\n<td class=\"a-size-base prodDetAttrValue\">B0CQTM84PJ<\/td>\n<\/tr>\n<tr>\n<th class=\"a-color-secondary a-size-base prodDetSectionEntry\">Fecha de disponibilidad<\/th>\n<td class=\"a-size-base prodDetAttrValue\">22 de diciembre de 2023<\/td>\n<\/tr>\n<\/tbody>\n<\/table>\n<\/div>\n<\/div>\n<\/div>\n<\/div>\n<\/div>\n<\/div>\n<\/div>","protected":false},"excerpt":{"rendered":"<p><strong>Tema ciberpunk:<\/strong> Las teclas est\u00e1n dise\u00f1adas con un tema ciberpunk, que incorpora una mezcla de elementos futuristas y dist\u00f3picos, como luces de ne\u00f3n, circuitos y calaveras. Proporcionan a su teclado mec\u00e1nico para juegos un aspecto distintivo y moderno.<br \/>\n<strong>Perfil de la cereza:<\/strong> Las teclas est\u00e1n fabricadas con un perfil Cherry, famoso por su capacidad de respuesta y su facilidad de uso.<br \/>\nSublimaci\u00f3n t\u00e9rmica PBT de 5 caras: Las teclas est\u00e1n fabricadas con un material PBT duradero, que proporciona una mayor longevidad que las teclas ABS. Tienen una superficie impecable, ofrecen una respuesta t\u00e1ctil excepcional y resisten el desgaste con facilidad.<\/p>\n<p><strong>Dise\u00f1o retroiluminado:<\/strong> Las teclas son transl\u00facidas, lo que permite que la luz de la retroiluminaci\u00f3n del teclado brille a trav\u00e9s de ellas. Esto produce un efecto visualmente atractivo y fresco en su teclado.<br \/>\n<strong>El Keycap de Cyberpunk:<\/strong> El juego consta de 130 teclas, suficientes para la mayor\u00eda de los teclados mec\u00e1nicos convencionales. Es f\u00e1cil de usar y compatible con una gran variedad de configuraciones de teclado gracias a la disposici\u00f3n est\u00e1ndar de las teclas.<br \/>\nUn m\u00e9todo de impresi\u00f3n poco com\u00fan en el mercado, la impresi\u00f3n superior+lateral, hace que su teclado sea \u00fanico y est\u00e9ticamente agradable desde cualquier perspectiva.<br \/>\n<strong>Extractor de llaves:<\/strong> El juego de teclas incluye un extractor de teclas que simplifica el proceso de extracci\u00f3n y sustituci\u00f3n de las teclas. Se trata de una utilidad muy pr\u00e1ctica para los jugadores que cambian con frecuencia las tapas de sus teclados o desean personalizarlos.<\/p>","protected":false},"featured_media":2417,"comment_status":"open","ping_status":"closed","template":"","meta":[],"product_brand":[],"product_cat":[56,73],"product_tag":[],"class_list":{"0":"post-2409","1":"product","2":"type-product","3":"status-publish","4":"has-post-thumbnail","6":"product_cat-custom-shells-skins","7":"product_cat-keyboard-keycaps","9":"first","10":"instock","11":"shipping-taxable","12":"purchasable","13":"product-type-simple"},"_links":{"self":[{"href":"https:\/\/vavcase.com\/es\/wp-json\/wp\/v2\/product\/2409","targetHints":{"allow":["GET"]}}],"collection":[{"href":"https:\/\/vavcase.com\/es\/wp-json\/wp\/v2\/product"}],"about":[{"href":"https:\/\/vavcase.com\/es\/wp-json\/wp\/v2\/types\/product"}],"replies":[{"embeddable":true,"href":"https:\/\/vavcase.com\/es\/wp-json\/wp\/v2\/comments?post=2409"}],"wp:featuredmedia":[{"embeddable":true,"href":"https:\/\/vavcase.com\/es\/wp-json\/wp\/v2\/media\/2417"}],"wp:attachment":[{"href":"https:\/\/vavcase.com\/es\/wp-json\/wp\/v2\/media?parent=2409"}],"wp:term":[{"taxonomy":"product_brand","embeddable":true,"href":"https:\/\/vavcase.com\/es\/wp-json\/wp\/v2\/product_brand?post=2409"},{"taxonomy":"product_cat","embeddable":true,"href":"https:\/\/vavcase.com\/es\/wp-json\/wp\/v2\/product_cat?post=2409"},{"taxonomy":"product_tag","embeddable":true,"href":"https:\/\/vavcase.com\/es\/wp-json\/wp\/v2\/product_tag?post=2409"}],"curies":[{"name":"wp","href":"https:\/\/api.w.org\/{rel}","templated":true}]}}