{"id":2418,"date":"2025-02-17T07:05:50","date_gmt":"2025-02-17T07:05:50","guid":{"rendered":"https:\/\/vavcase.com\/?post_type=product&#038;p=2418"},"modified":"2025-02-17T07:05:50","modified_gmt":"2025-02-17T07:05:50","slug":"xvx-pbt-keycaps-132-keys-great-wave-off-kanagawa-japanese-keyboard-keycaps","status":"publish","type":"product","link":"https:\/\/vavcase.com\/es\/producto\/xvx-pbt-keycaps-132-teclas-gran-ola-de-kanagawa-teclado-japones-keycaps\/","title":{"rendered":"XVX PBT Keycaps 132 Teclas, Gran Ola de Kanagawa Japon\u00e9s Teclado Keycaps"},"content":{"rendered":"<h2>Informaci\u00f3n sobre el producto<\/h2>\n<div class=\"a-row a-spacing-top-base\">\n<div class=\"a-column a-span6\">\n<div class=\"a-row a-spacing-base\">\n<div class=\"a-section table-padding\">\n<table id=\"productDetails_detailBullets_sections1\" class=\"a-keyvalue prodDetTable\" role=\"presentation\">\n<tbody>\n<tr>\n<th class=\"a-color-secondary a-size-base prodDetSectionEntry\">Dimensiones del paquete<\/th>\n<td class=\"a-size-base prodDetAttrValue\">13,54 x 5,35 x 1,89 pulgadas<\/td>\n<\/tr>\n<tr>\n<th class=\"a-color-secondary a-size-base prodDetSectionEntry\">Peso del art\u00edculo<\/th>\n<td class=\"a-size-base prodDetAttrValue\">1.01 libras<\/td>\n<\/tr>\n<tr>\n<th class=\"a-color-secondary a-size-base prodDetSectionEntry\">Fabricante<\/th>\n<td class=\"a-size-base prodDetAttrValue\">SDYZ<\/td>\n<\/tr>\n<tr>\n<th class=\"a-color-secondary a-size-base prodDetSectionEntry\">ASIN<\/th>\n<td class=\"a-size-base prodDetAttrValue\">B0BJ1H33DM<\/td>\n<\/tr>\n<tr>\n<th class=\"a-color-secondary a-size-base prodDetSectionEntry\">Opiniones de los clientes<\/th>\n<td class=\"a-size-base\">\n<div id=\"averageCustomerReviews\" data-asin=\"B0BJ1H33DM\" data-ref=\"dpx_acr_pop_\"><span class=\"a-declarative\" data-action=\"acrStarsLink-click-metrics\" data-acrstarslink-click-metrics=\"{}\"><span id=\"acrPopover\" class=\"reviewCountTextLinkedHistogram noUnderline\" title=\"4,5 de 5 estrellas\"><a class=\"a-popover-trigger a-declarative\" role=\"button\"><span class=\"a-size-base a-color-base\">4.5\u00a0<\/span><i class=\"a-icon a-icon-star a-star-4-5 cm-cr-review-stars-spacing-big\"><span class=\"a-icon-alt\">4,5 de 5 estrellas<\/span><\/i>\u00a0<i class=\"a-icon a-icon-popover\"><\/i><\/a>\u00a0\u00a0<\/span><\/span>\u00a0<span class=\"a-declarative\" data-action=\"acrLink-click-metrics\" data-acrlink-click-metrics=\"{}\"><a id=\"acrCustomerReviewLink\" class=\"a-link-normal\" href=\"https:\/\/www.amazon.com\/Kanagawa-Japanese-Keyboard-Switches-Mechanical\/dp\/B0BJ1H33DM\/ref=sr_1_10?crid=1MXURFH0JMT6N&amp;dib=eyJ2IjoiMSJ9.bk_LRRkkgoeKRqxB4hALWI4llGS3niUWJ1wzrGcDu7SRCsOoilxTc-ubSQ0cYGXYHlGhnc5Ab1kYAp7-EFwRdBCL0IeuWz5jjJGzu6MSDcP1bHrqK1mdbiyKZoJX8DS9Fbbh-xENG5Hhv0ECYBd9x5r6FGzILK57Og2t0KouIcvRH-vVB4F36qXK-DzuL_DFqWZyQ0RJbVPpDnb-xgl4anKLBw7TUnOszKaremjiKXo.aP8qAnJX6wN62Wn6KjL8X2AOoygl5_2qG3uW8MhgwJM&amp;dib_tag=se&amp;keywords=Keyboard%2BKeycaps%2B%E2%80%93%2BGaming-themed%2BRGB%2Bkeycaps%2Bwith%2Bunique%2Bdesigns&amp;qid=1739775146&amp;sprefix=keyboard%2Bkeycaps%2Bgaming-themed%2Brgb%2Bkeycaps%2Bwith%2Bunique%2Bdesigns%2Caps%2C529&amp;sr=8-10&amp;th=1#customerReviews\"><span id=\"acrCustomerReviewText\" class=\"a-size-base\">413 valoraciones<\/span><\/a><\/span><\/div>\n<p>4,5 de 5 estrellas<\/td>\n<\/tr>\n<tr>\n<th class=\"a-color-secondary a-size-base prodDetSectionEntry\">Clasificaci\u00f3n de los m\u00e1s vendidos<\/th>\n<td>#49 en\u00a0<a href=\"https:\/\/www.amazon.com\/gp\/bestsellers\/pc\/36818458011\/ref=pd_zg_hrsr_pc\">Keycaps<\/a><\/td>\n<\/tr>\n<tr>\n<th class=\"a-color-secondary a-size-base prodDetSectionEntry\">Fecha de disponibilidad<\/th>\n<td class=\"a-size-base prodDetAttrValue\">13 de octubre de 2022<\/td>\n<\/tr>\n<\/tbody>\n<\/table>\n<\/div>\n<\/div>\n<\/div>\n<\/div>","protected":false},"excerpt":{"rendered":"<p><strong>Obras de arte:<\/strong> Las teclas japonesas utilizan el sofisticado proceso de te\u00f1ido por cinco caras, que da como resultado un patr\u00f3n de color m\u00e1s vivo que nunca resulta aceitoso. El intrincado patr\u00f3n recuerda a las ilustraciones del teclado. Lo mejor se debe a ti y a tu amada.<br \/>\n<strong>Compatibilidad:<\/strong> Este juego de teclas personalizadas es compatible con la mayor\u00eda de los teclados mec\u00e1nicos ASIN US y UK de distribuci\u00f3n 61\/68\/84\/87\/96\/98\/100\/104\/108. Incluye 132 teclas, 104 de ellas est\u00e1ndar y 28 modificadoras.<br \/>\n<strong>Material PBT duradero:<\/strong> Estas teclas PBT est\u00e1n fabricadas en PBT texturizado de alta calidad resistente a los disolventes, la abrasi\u00f3n y la fricci\u00f3n. Garantizan una experiencia de usuario mejorada.<\/p>\n<p>\"Classic Cherry Profile Keycaps \"La tapa de la tecla est\u00e1 dise\u00f1ada para proporcionar la experiencia de tecleo m\u00e1s excepcional, con el ic\u00f3nico perfil Cherry. Incluso si lo utiliza durante un largo periodo de tiempo en un entorno de trabajo o de juego, no experimentar\u00e1 fatiga.<br \/>\n<strong>Lo que obtienes:<\/strong> 1\u00d7132 Keycap set (extractor de teclas incluido), nuestra garant\u00eda de 18 meses sin preocupaciones y un atento servicio de atenci\u00f3n al cliente. No se incluye teclado; solo se incluyen las teclas.<\/p>","protected":false},"featured_media":2425,"comment_status":"open","ping_status":"closed","template":"","meta":[],"product_brand":[],"product_cat":[56,73],"product_tag":[],"class_list":{"0":"post-2418","1":"product","2":"type-product","3":"status-publish","4":"has-post-thumbnail","6":"product_cat-custom-shells-skins","7":"product_cat-keyboard-keycaps","9":"first","10":"instock","11":"shipping-taxable","12":"purchasable","13":"product-type-simple"},"_links":{"self":[{"href":"https:\/\/vavcase.com\/es\/wp-json\/wp\/v2\/product\/2418","targetHints":{"allow":["GET"]}}],"collection":[{"href":"https:\/\/vavcase.com\/es\/wp-json\/wp\/v2\/product"}],"about":[{"href":"https:\/\/vavcase.com\/es\/wp-json\/wp\/v2\/types\/product"}],"replies":[{"embeddable":true,"href":"https:\/\/vavcase.com\/es\/wp-json\/wp\/v2\/comments?post=2418"}],"wp:featuredmedia":[{"embeddable":true,"href":"https:\/\/vavcase.com\/es\/wp-json\/wp\/v2\/media\/2425"}],"wp:attachment":[{"href":"https:\/\/vavcase.com\/es\/wp-json\/wp\/v2\/media?parent=2418"}],"wp:term":[{"taxonomy":"product_brand","embeddable":true,"href":"https:\/\/vavcase.com\/es\/wp-json\/wp\/v2\/product_brand?post=2418"},{"taxonomy":"product_cat","embeddable":true,"href":"https:\/\/vavcase.com\/es\/wp-json\/wp\/v2\/product_cat?post=2418"},{"taxonomy":"product_tag","embeddable":true,"href":"https:\/\/vavcase.com\/es\/wp-json\/wp\/v2\/product_tag?post=2418"}],"curies":[{"name":"wp","href":"https:\/\/api.w.org\/{rel}","templated":true}]}}