{"id":2426,"date":"2025-02-17T07:11:02","date_gmt":"2025-02-17T07:11:02","guid":{"rendered":"https:\/\/vavcase.com\/?post_type=product&#038;p=2426"},"modified":"2025-02-17T07:11:02","modified_gmt":"2025-02-17T07:11:02","slug":"womier-pbt-keycaps-60-65-75-100-percent-moa-keycaps-dye-sublimation","status":"publish","type":"product","link":"https:\/\/vavcase.com\/es\/producto\/womier-pbt-keycaps-60-65-75-100-percent-moa-keycaps-dye-sublimation\/","title":{"rendered":"Womier PBT Keycaps 60 65 75 100 Porcentaje, MOA Keycaps Sublimaci\u00f3n de tinta"},"content":{"rendered":"<h2>Informaci\u00f3n sobre el producto<\/h2>\n<div class=\"a-row a-spacing-top-base\">\n<div class=\"a-column a-span6\">\n<div class=\"a-row a-spacing-base\">\n<div class=\"a-row a-expander-container a-expander-extend-container\">\n<div class=\"a-row\">\n<div class=\"a-column a-span6\">\n<h1 class=\"a-size-medium a-spacing-small\">Detalles t\u00e9cnicos<\/h1>\n<\/div>\n<p><i class=\"a-icon a-icon-extender-collapse\"><\/i><\/div>\n<div class=\"a-expander-content a-expander-extend-content\" data-expanded=\"true\">\n<div class=\"a-row a-expander-container a-expander-inline-container\">\n<div class=\"a-expander-content a-expander-section-content a-section-expander-inner\" data-expanded=\"true\">\n<table id=\"productDetails_techSpec_section_1\" class=\"a-keyvalue prodDetTable\" role=\"presentation\">\n<tbody>\n<tr>\n<th class=\"a-color-secondary a-size-base prodDetSectionEntry\">Marca<\/th>\n<td class=\"a-size-base prodDetAttrValue\">Womier<\/td>\n<\/tr>\n<tr>\n<th class=\"a-color-secondary a-size-base prodDetSectionEntry\">Peso del art\u00edculo<\/th>\n<td class=\"a-size-base prodDetAttrValue\">15,2 onzas<\/td>\n<\/tr>\n<tr>\n<th class=\"a-color-secondary a-size-base prodDetSectionEntry\">Dimensiones del paquete<\/th>\n<td class=\"a-size-base prodDetAttrValue\">10,04 x 5,94 x 1,65 pulgadas<\/td>\n<\/tr>\n<tr>\n<th class=\"a-color-secondary a-size-base prodDetSectionEntry\">Color<\/th>\n<td class=\"a-size-base prodDetAttrValue\">Negro1<\/td>\n<\/tr>\n<tr>\n<th class=\"a-color-secondary a-size-base prodDetSectionEntry\">Fuente de energ\u00eda<\/th>\n<td class=\"a-size-base prodDetAttrValue\">Con cable<\/td>\n<\/tr>\n<tr>\n<th class=\"a-color-secondary a-size-base prodDetSectionEntry\">Fabricante<\/th>\n<td class=\"a-size-base prodDetAttrValue\">Womier<\/td>\n<\/tr>\n<tr>\n<th class=\"a-color-secondary a-size-base prodDetSectionEntry\">ASIN<\/th>\n<td class=\"a-size-base prodDetAttrValue\">B0D598CMF3<\/td>\n<\/tr>\n<\/tbody>\n<\/table>\n<\/div>\n<\/div>\n<\/div>\n<\/div>\n<\/div>\n<\/div>\n<\/div>","protected":false},"excerpt":{"rendered":"<p><strong>Kanagawa PBT Japanese Keycaps:<\/strong> Las teclas MOA se complementan con el patr\u00f3n cl\u00e1sico kanagawa, que proporciona una est\u00e9tica refrescante. La cubierta de las teclas tiene una larga vida \u00fatil, es resistente a las manchas de aceite y se adapta mejor a los caracteres de las teclas japonesas gracias al avanzado proceso de te\u00f1ido por cinco caras.<br \/>\nSe incluyen las teclas MOA. El teclado de perfil MOA que se ha mejorado es m\u00e1s agradable est\u00e9ticamente que el teclado XDA. La comodidad ergon\u00f3mica del dise\u00f1o Arc, que presenta un arco c\u00f3ncavo, una zona m\u00e1s amplia donde las yemas de los dedos entran en contacto con la tecla y un tacto m\u00e1s sedoso, facilita una experiencia sin estr\u00e9s. Te proporciona la m\u00e1xima comodidad durante el uso.<br \/>\n<strong>Teclados con tecnolog\u00eda de sublimaci\u00f3n:\u00a0<\/strong> La textura mate y la resistencia al desgaste de esta tecla son el resultado de su fabricaci\u00f3n con material PBT de alta calidad. Los teclados m\u00e1s gruesos ofrecen a los usuarios una experiencia m\u00e1s t\u00e1ctil. La tecnolog\u00eda de sublimaci\u00f3n de tinta utilizada para crear el patr\u00f3n del teclado garantiza que nunca se borrar\u00e1.<\/p>\n<p><strong>Compatibilidad con Keycaps Set:<\/strong> Este teclado mec\u00e1nico es compatible con la distribuci\u00f3n ASIN US y UK. Adem\u00e1s, es compatible con los teclados 60%, 65%, 75%, 80% o 100%. Los teclados son compatibles con cualquier interruptor de tecla que tenga interruptores en forma de cruz. Es una sabia decisi\u00f3n construir su teclado mec\u00e1nico de forma independiente.<br \/>\n<strong>Custom Keycaps Tips:<\/strong> Incluye un extractor de teclas y teclas de tama\u00f1o normal, este art\u00edculo no incluye teclado. El teclado que aparece en las im\u00e1genes es ilustrativo. No dude en ponerse en contacto con nosotros si tiene alg\u00fan problema con el producto que ha recibido. Estaremos presentes hasta que se resuelva su problema.<\/p>","protected":false},"featured_media":2432,"comment_status":"open","ping_status":"closed","template":"","meta":[],"product_brand":[],"product_cat":[56,73],"product_tag":[],"class_list":{"0":"post-2426","1":"product","2":"type-product","3":"status-publish","4":"has-post-thumbnail","6":"product_cat-custom-shells-skins","7":"product_cat-keyboard-keycaps","9":"first","10":"instock","11":"shipping-taxable","12":"purchasable","13":"product-type-simple"},"_links":{"self":[{"href":"https:\/\/vavcase.com\/es\/wp-json\/wp\/v2\/product\/2426","targetHints":{"allow":["GET"]}}],"collection":[{"href":"https:\/\/vavcase.com\/es\/wp-json\/wp\/v2\/product"}],"about":[{"href":"https:\/\/vavcase.com\/es\/wp-json\/wp\/v2\/types\/product"}],"replies":[{"embeddable":true,"href":"https:\/\/vavcase.com\/es\/wp-json\/wp\/v2\/comments?post=2426"}],"wp:featuredmedia":[{"embeddable":true,"href":"https:\/\/vavcase.com\/es\/wp-json\/wp\/v2\/media\/2432"}],"wp:attachment":[{"href":"https:\/\/vavcase.com\/es\/wp-json\/wp\/v2\/media?parent=2426"}],"wp:term":[{"taxonomy":"product_brand","embeddable":true,"href":"https:\/\/vavcase.com\/es\/wp-json\/wp\/v2\/product_brand?post=2426"},{"taxonomy":"product_cat","embeddable":true,"href":"https:\/\/vavcase.com\/es\/wp-json\/wp\/v2\/product_cat?post=2426"},{"taxonomy":"product_tag","embeddable":true,"href":"https:\/\/vavcase.com\/es\/wp-json\/wp\/v2\/product_tag?post=2426"}],"curies":[{"name":"wp","href":"https:\/\/api.w.org\/{rel}","templated":true}]}}