{"id":2433,"date":"2025-02-17T07:16:06","date_gmt":"2025-02-17T07:16:06","guid":{"rendered":"https:\/\/vavcase.com\/?post_type=product&#038;p=2433"},"modified":"2025-02-17T07:16:27","modified_gmt":"2025-02-17T07:16:27","slug":"dagaladoo-pbt-keycaps-60-75-percentshine-through-custom-key-capdouble-shot-keyboard-caps","status":"publish","type":"product","link":"https:\/\/vavcase.com\/es\/producto\/dagaladoo-pbt-keycaps-60-75-percentshine-through-custom-key-capdouble-shot-keyboard-caps\/","title":{"rendered":"Dagaladoo PBT keycaps 60 75 Percent,Shine Through Custom Key Cap,Double Shot Keyboard caps"},"content":{"rendered":"<h2>Informaci\u00f3n sobre el producto<\/h2>\n<div class=\"a-row a-spacing-top-base\">\n<div class=\"a-column a-span6\">\n<div class=\"a-row a-spacing-base\">\n<div class=\"a-section table-padding\">\n<table id=\"productDetails_detailBullets_sections1\" class=\"a-keyvalue prodDetTable\" role=\"presentation\">\n<tbody>\n<tr>\n<th class=\"a-color-secondary a-size-base prodDetSectionEntry\">Dimensiones del producto<\/th>\n<td class=\"a-size-base prodDetAttrValue\">10 x 6 x 1 pulgadas<\/td>\n<\/tr>\n<tr>\n<th class=\"a-color-secondary a-size-base prodDetSectionEntry\">Peso del art\u00edculo<\/th>\n<td class=\"a-size-base prodDetAttrValue\">13,4 onzas<\/td>\n<\/tr>\n<tr>\n<th class=\"a-color-secondary a-size-base prodDetSectionEntry\">Fabricante<\/th>\n<td class=\"a-size-base prodDetAttrValue\">dagaladoo<\/td>\n<\/tr>\n<tr>\n<th class=\"a-color-secondary a-size-base prodDetSectionEntry\">ASIN<\/th>\n<td class=\"a-size-base prodDetAttrValue\">B0CP7NZCQY<\/td>\n<\/tr>\n<tr>\n<th class=\"a-color-secondary a-size-base prodDetSectionEntry\">N\u00famero de modelo del art\u00edculo<\/th>\n<td class=\"a-size-base prodDetAttrValue\">luoriyuhui<\/td>\n<\/tr>\n<tr>\n<th class=\"a-color-secondary a-size-base prodDetSectionEntry\">Opiniones de los clientes<\/th>\n<td class=\"a-size-base\">\n<div id=\"averageCustomerReviews\" data-asin=\"B0CP7NZCQY\" data-ref=\"dpx_acr_pop_\"><span class=\"a-declarative\" data-action=\"acrStarsLink-click-metrics\" data-acrstarslink-click-metrics=\"{}\"><span id=\"acrPopover\" class=\"reviewCountTextLinkedHistogram noUnderline\" title=\"4,3 de 5 estrellas\"><a class=\"a-popover-trigger a-declarative\" role=\"button\"><span class=\"a-size-base a-color-base\">4.3\u00a0<\/span><i class=\"a-icon a-icon-star a-star-4-5 cm-cr-review-stars-spacing-big\"><span class=\"a-icon-alt\">4,3 de 5 estrellas<\/span><\/i>\u00a0<i class=\"a-icon a-icon-popover\"><\/i><\/a>\u00a0\u00a0<\/span><\/span>\u00a0<span class=\"a-declarative\" data-action=\"acrLink-click-metrics\" data-acrlink-click-metrics=\"{}\"><a id=\"acrCustomerReviewLink\" class=\"a-link-normal\" href=\"https:\/\/www.amazon.com\/Printed-Keyboard-Kanagawa-Switches-Mechanical\/dp\/B0CP7NZCQY\/ref=sr_1_18?crid=1MXURFH0JMT6N&amp;dib=eyJ2IjoiMSJ9.bk_LRRkkgoeKRqxB4hALWI4llGS3niUWJ1wzrGcDu7SRCsOoilxTc-ubSQ0cYGXYHlGhnc5Ab1kYAp7-EFwRdBCL0IeuWz5jjJGzu6MSDcP1bHrqK1mdbiyKZoJX8DS9Fbbh-xENG5Hhv0ECYBd9x5r6FGzILK57Og2t0KouIcvRH-vVB4F36qXK-DzuL_DFqWZyQ0RJbVPpDnb-xgl4anKLBw7TUnOszKaremjiKXo.aP8qAnJX6wN62Wn6KjL8X2AOoygl5_2qG3uW8MhgwJM&amp;dib_tag=se&amp;keywords=Keyboard%2BKeycaps%2B%E2%80%93%2BGaming-themed%2BRGB%2Bkeycaps%2Bwith%2Bunique%2Bdesigns&amp;qid=1739775146&amp;sprefix=keyboard%2Bkeycaps%2Bgaming-themed%2Brgb%2Bkeycaps%2Bwith%2Bunique%2Bdesigns%2Caps%2C529&amp;sr=8-18&amp;th=1#customerReviews\"><span id=\"acrCustomerReviewText\" class=\"a-size-base\">124 valoraciones<\/span><\/a><\/span><\/div>\n<p>4,3 de 5 estrellas<\/td>\n<\/tr>\n<tr>\n<th class=\"a-color-secondary a-size-base prodDetSectionEntry\">Clasificaci\u00f3n de los m\u00e1s vendidos<\/th>\n<td>#53 en\u00a0<a href=\"https:\/\/www.amazon.com\/gp\/bestsellers\/pc\/36818458011\/ref=pd_zg_hrsr_pc\">Keycaps<\/a><\/td>\n<\/tr>\n<\/tbody>\n<\/table>\n<\/div>\n<\/div>\n<\/div>\n<\/div>","protected":false},"excerpt":{"rendered":"<p><strong>Innovador dise\u00f1o 3 en 1:<\/strong> Este teclado es el primero en integrar Double Shot Craft y sublimaci\u00f3n t\u00e9rmica, lo que da como resultado un dise\u00f1o \u00fanico que no s\u00f3lo mantiene el exquisito patr\u00f3n, sino que tambi\u00e9n transmite la luz.Para evitar que la luz solar directa incida hacia arriba, se utilizan letras laterales.Se trata de una soluci\u00f3n ideal que ofrece numerosas ventajas.Refleja la elegancia del teclado, pero no obstruye la visi\u00f3n.<br \/>\n<strong>Keycaps PBT de doble disparo:<\/strong> El juego de teclas dagaladoo es una prueba de la calidad de las teclas PBT, ya que sus leyendas nunca se desvanecer\u00e1n. En comparaci\u00f3n con el material ABS, las teclas PBT tienen una sensaci\u00f3n m\u00e1s t\u00e1ctil y pueden utilizarse durante un largo periodo de tiempo. Es dif\u00edcil que se engrasen debido a su sequedad.<br \/>\n<strong>Ampliamente compatible:<\/strong> Este juego de teclas personalizadas contiene 130 teclas. Es compatible con la mayor\u00eda de los teclados, incluidos los que son 60%, 65%, 75%, 80%, 96%, y 100% (61\/64, 68, 84, 75, 87, 96, 98, 104, y 108).Por favor, consulte con el comerciante antes de comprar ciertas teclas de espacio del teclado, ya que son \u00fanicos. Por favor, verifique la idoneidad de nuestra barra espaciadora 6.25U antes de realizar la compra.<\/p>\n<p><strong>Llavero con perfil de cerezo:<\/strong> El dise\u00f1o es cl\u00e1sico. No sufrir\u00e1 fatiga tras un uso prolongado, desde el punto de vista ergon\u00f3mico. Dise\u00f1o ergon\u00f3mico de altura de cerezo, adecuado para teclados mec\u00e1nicos retroiluminados o no retroiluminados.<br \/>\n<strong>Garant\u00eda de calidad:<\/strong> P\u00f3ngase en contacto con nosotros por correo electr\u00f3nico si el producto que ha recibido est\u00e1 ausente o da\u00f1ado. (Los teclados son el \u00fanico art\u00edculo; el teclado es \u00fanicamente para fines visuales).<\/p>","protected":false},"featured_media":2434,"comment_status":"open","ping_status":"closed","template":"","meta":[],"product_brand":[],"product_cat":[56,73],"product_tag":[],"class_list":{"0":"post-2433","1":"product","2":"type-product","3":"status-publish","4":"has-post-thumbnail","6":"product_cat-custom-shells-skins","7":"product_cat-keyboard-keycaps","9":"first","10":"instock","11":"shipping-taxable","12":"purchasable","13":"product-type-simple"},"_links":{"self":[{"href":"https:\/\/vavcase.com\/es\/wp-json\/wp\/v2\/product\/2433","targetHints":{"allow":["GET"]}}],"collection":[{"href":"https:\/\/vavcase.com\/es\/wp-json\/wp\/v2\/product"}],"about":[{"href":"https:\/\/vavcase.com\/es\/wp-json\/wp\/v2\/types\/product"}],"replies":[{"embeddable":true,"href":"https:\/\/vavcase.com\/es\/wp-json\/wp\/v2\/comments?post=2433"}],"wp:featuredmedia":[{"embeddable":true,"href":"https:\/\/vavcase.com\/es\/wp-json\/wp\/v2\/media\/2434"}],"wp:attachment":[{"href":"https:\/\/vavcase.com\/es\/wp-json\/wp\/v2\/media?parent=2433"}],"wp:term":[{"taxonomy":"product_brand","embeddable":true,"href":"https:\/\/vavcase.com\/es\/wp-json\/wp\/v2\/product_brand?post=2433"},{"taxonomy":"product_cat","embeddable":true,"href":"https:\/\/vavcase.com\/es\/wp-json\/wp\/v2\/product_cat?post=2433"},{"taxonomy":"product_tag","embeddable":true,"href":"https:\/\/vavcase.com\/es\/wp-json\/wp\/v2\/product_tag?post=2433"}],"curies":[{"name":"wp","href":"https:\/\/api.w.org\/{rel}","templated":true}]}}