{"id":2447,"date":"2025-02-17T08:42:10","date_gmt":"2025-02-17T08:42:10","guid":{"rendered":"https:\/\/vavcase.com\/?post_type=product&#038;p=2447"},"modified":"2025-02-17T08:48:19","modified_gmt":"2025-02-17T08:48:19","slug":"topographic-large-gaming-mouse-padwhite-mouse-pad-gaming-mouse-mat-desk-pad","status":"publish","type":"product","link":"https:\/\/vavcase.com\/es\/producto\/topographic-large-gaming-mouse-padalfombrilla-de-raton-blanca-alfombrilla-de-raton-gaming-alfombrilla-de-escritorio\/","title":{"rendered":"Topogr\u00e1fica Gran Gaming Mouse Pad,Blanco Mouse Pad Gaming Mouse Mat Desk Pad con estuche"},"content":{"rendered":"<h2>Informaci\u00f3n sobre el producto<\/h2>\n<div class=\"a-row a-spacing-top-base\">\n<div class=\"a-column a-span6\">\n<div class=\"a-row a-spacing-base\">\n<div class=\"a-row a-expander-container a-expander-extend-container\">\n<div class=\"a-row\">\n<div class=\"a-column a-span6\">\n<h1 class=\"a-size-medium a-spacing-small\">Detalles t\u00e9cnicos<\/h1>\n<\/div>\n<\/div>\n<div class=\"a-expander-content a-expander-extend-content\" data-expanded=\"true\">\n<div class=\"a-row a-expander-container a-expander-inline-container\">\n<div class=\"a-expander-content a-expander-section-content a-section-expander-inner\" data-expanded=\"true\">\n<table id=\"productDetails_techSpec_section_1\" class=\"a-keyvalue prodDetTable\" role=\"presentation\">\n<tbody>\n<tr>\n<th class=\"a-color-secondary a-size-base prodDetSectionEntry\">Fabricante<\/th>\n<td class=\"a-size-base prodDetAttrValue\">Kmtpeds<\/td>\n<\/tr>\n<tr>\n<th class=\"a-color-secondary a-size-base prodDetSectionEntry\">Marca<\/th>\n<td class=\"a-size-base prodDetAttrValue\">Kmtpeds<\/td>\n<\/tr>\n<tr>\n<th class=\"a-color-secondary a-size-base prodDetSectionEntry\">Peso del art\u00edculo<\/th>\n<td class=\"a-size-base prodDetAttrValue\">15,8 onzas<\/td>\n<\/tr>\n<tr>\n<th class=\"a-color-secondary a-size-base prodDetSectionEntry\">Dimensiones del producto<\/th>\n<td class=\"a-size-base prodDetAttrValue\">11,81 x 31,5 x 0,1 pulgadas<\/td>\n<\/tr>\n<tr>\n<th class=\"a-color-secondary a-size-base prodDetSectionEntry\">N\u00famero de modelo del art\u00edculo<\/th>\n<td class=\"a-size-base prodDetAttrValue\">668<\/td>\n<\/tr>\n<tr>\n<th class=\"a-color-secondary a-size-base prodDetSectionEntry\">Color<\/th>\n<td class=\"a-size-base prodDetAttrValue\">Contorno topogr\u00e1fico blanco<\/td>\n<\/tr>\n<tr>\n<th class=\"a-color-secondary a-size-base prodDetSectionEntry\">Forma<\/th>\n<td class=\"a-size-base prodDetAttrValue\">Rectangular<\/td>\n<\/tr>\n<tr>\n<th class=\"a-color-secondary a-size-base prodDetSectionEntry\">Tipo de material<\/th>\n<td class=\"a-size-base prodDetAttrValue\">Goma<\/td>\n<\/tr>\n<tr>\n<th class=\"a-color-secondary a-size-base prodDetSectionEntry\">Talla<\/th>\n<td class=\"a-size-base prodDetAttrValue\">Talla \u00fanica<\/td>\n<\/tr>\n<tr>\n<th class=\"a-color-secondary a-size-base prodDetSectionEntry\">N\u00famero de pieza del fabricante<\/th>\n<td class=\"a-size-base prodDetAttrValue\">Alfombrilla de rat\u00f3n-666<\/td>\n<\/tr>\n<\/tbody>\n<\/table>\n<\/div>\n<\/div>\n<\/div>\n<\/div>\n<\/div>\n<\/div>\n<\/div>","protected":false},"excerpt":{"rendered":"<p><strong>Tama\u00f1o extendido de la alfombrilla de rat\u00f3n:<\/strong> La alfombrilla de rat\u00f3n blanca y negra mide 30 x 80 x 3 cm (31,5 x 11,8 pulgadas) y est\u00e1 dise\u00f1ada para alojar un rat\u00f3n, un teclado mec\u00e1nico de tama\u00f1o normal y otros objetos de escritorio. Adem\u00e1s, esta alfombrilla de rat\u00f3n extendida puede emplearse como alfombrilla de escritorio, alfombrilla para escribir o alfombrilla protectora de plataforma. Mantenga su escritorio limpio y libre de suciedad.<\/p>\n<p><strong>Material duradero y c\u00f3modo:<\/strong> El material de la alfombrilla de rat\u00f3n Japanese Waves Sea Dragon es grueso y suave al tacto, lo que puede ayudar a amortiguar el ruido cuando se escribe con fuerza. La alfombrilla de rat\u00f3n de escritorio cuenta con bordes cosidos delicados y se hace a mano individualmente con mano de obra de alta calidad para evitar que se deshilache, deformaci\u00f3n, y Degumming durante el uso prolongado. Es c\u00f3moda de usar. La alfombrilla de rat\u00f3n es gruesa y suave al tacto.<\/p>\n<p><strong>Alfombrilla de escritorio extensible con superficie ultrasuave:<\/strong> Esta alfombrilla de escritorio extendida presenta un dise\u00f1o de drag\u00f3n marino de olas japonesas en blanco y negro. Es extremadamente duradera y puede limpiarse f\u00e1cilmente con un pa\u00f1o h\u00famedo o lavarse, sin que se deforme. La alfombrilla para rat\u00f3n est\u00e1 compuesta por una superficie suave y lisa protegida por un fino tejido. Esta superficie facilita el seguimiento r\u00e1pido y preciso del rat\u00f3n, optimizando as\u00ed la experiencia de juego o de trabajo.<\/p>\n<p><strong>Revestimiento resistente al agua:<\/strong> Esta Estera Japonesa Del Escritorio Del Juego Del Drag\u00f3n Del Mar De Las Olas Para El Escritorio, La Capa A Prueba De Derrames Protege Su Escritorio Del Agua Derramada, De Las Bebidas, De La Tinta, Y Del Otro L\u00edquido Derramado U Otros Accidentes. Es f\u00e1cil de limpiar, simplemente limpie con un pa\u00f1o h\u00famedo o papel. Es impermeable y se puede lavar, y es plegable sin dejar arrugas. Adem\u00e1s, es ligera y port\u00e1til. La gran alfombrilla de rat\u00f3n para juegos ofrece una superficie colorida, impermeable y protectora para el escritorio de su oficina en casa.<br \/>\n<strong>Bordes cosidos duraderos:<\/strong> Este japon\u00e9s Waves Sea Dragon Mouse Pad Caracter\u00edsticas delicados bordes que pueden prevenir el desgaste. La \u00faltima tecnolog\u00eda de costura garantiza que la alfombrilla de rat\u00f3n no se deforme o desgaste durante el uso. El marco cosido garantiza que no se deshilache ni se desmonte, como ocurre con otras alfombrillas de rat\u00f3n. Adem\u00e1s, contribuye al ambiente moderno y profesional de su oficina cuando se coloca sobre el escritorio.<\/p>","protected":false},"featured_media":2453,"comment_status":"open","ping_status":"closed","template":"","meta":[],"product_brand":[],"product_cat":[66,58],"product_tag":[],"class_list":{"0":"post-2447","1":"product","2":"type-product","3":"status-publish","4":"has-post-thumbnail","6":"product_cat-mousepad-cases","7":"product_cat-setup-accessories","9":"first","10":"instock","11":"shipping-taxable","12":"purchasable","13":"product-type-simple"},"_links":{"self":[{"href":"https:\/\/vavcase.com\/es\/wp-json\/wp\/v2\/product\/2447","targetHints":{"allow":["GET"]}}],"collection":[{"href":"https:\/\/vavcase.com\/es\/wp-json\/wp\/v2\/product"}],"about":[{"href":"https:\/\/vavcase.com\/es\/wp-json\/wp\/v2\/types\/product"}],"replies":[{"embeddable":true,"href":"https:\/\/vavcase.com\/es\/wp-json\/wp\/v2\/comments?post=2447"}],"wp:featuredmedia":[{"embeddable":true,"href":"https:\/\/vavcase.com\/es\/wp-json\/wp\/v2\/media\/2453"}],"wp:attachment":[{"href":"https:\/\/vavcase.com\/es\/wp-json\/wp\/v2\/media?parent=2447"}],"wp:term":[{"taxonomy":"product_brand","embeddable":true,"href":"https:\/\/vavcase.com\/es\/wp-json\/wp\/v2\/product_brand?post=2447"},{"taxonomy":"product_cat","embeddable":true,"href":"https:\/\/vavcase.com\/es\/wp-json\/wp\/v2\/product_cat?post=2447"},{"taxonomy":"product_tag","embeddable":true,"href":"https:\/\/vavcase.com\/es\/wp-json\/wp\/v2\/product_tag?post=2447"}],"curies":[{"name":"wp","href":"https:\/\/api.w.org\/{rel}","templated":true}]}}