{"id":2462,"date":"2025-02-17T08:52:49","date_gmt":"2025-02-17T08:52:49","guid":{"rendered":"https:\/\/vavcase.com\/?post_type=product&#038;p=2462"},"modified":"2025-02-17T08:52:49","modified_gmt":"2025-02-17T08:52:49","slug":"hystar-extended-gaming-mouse-pad-xxl-36-x-16-5mm-thick-waterproof-surface-natural-rubber-base-mythic-pegasus-with-case","status":"publish","type":"product","link":"https:\/\/vavcase.com\/es\/producto\/hystar-extended-gaming-mouse-pad-xxl-36-x-16-5mm-de-grosor-superficie-impermeable-base-de-caucho-natural-mythic-pegasus-con-funda\/","title":{"rendered":"Hystar Extended Gaming Mouse Pad XXL 36\u2033 x 16\u2033 5mm de grosor Superficie impermeable Base de caucho natural Mythic Pegasus con funda."},"content":{"rendered":"<h2>Informaci\u00f3n sobre el producto<\/h2>\n<div class=\"a-row a-spacing-top-base\">\n<div class=\"a-column a-span6\">\n<div class=\"a-row a-spacing-base\">\n<div class=\"a-row a-expander-container a-expander-extend-container\">\n<div class=\"a-row\">\n<div class=\"a-column a-span6\">\n<h1 class=\"a-size-medium a-spacing-small\">Detalles t\u00e9cnicos<\/h1>\n<\/div>\n<p><i class=\"a-icon a-icon-extender-collapse\"><\/i><\/div>\n<div class=\"a-expander-content a-expander-extend-content\" data-expanded=\"true\">\n<div class=\"a-row a-expander-container a-expander-inline-container\">\n<div class=\"a-expander-content a-expander-section-content a-section-expander-inner\" data-expanded=\"true\">\n<table id=\"productDetails_techSpec_section_1\" class=\"a-keyvalue prodDetTable\" role=\"presentation\">\n<tbody>\n<tr>\n<th class=\"a-color-secondary a-size-base prodDetSectionEntry\">Marca<\/th>\n<td class=\"a-size-base prodDetAttrValue\">Hystar<\/td>\n<\/tr>\n<tr>\n<th class=\"a-color-secondary a-size-base prodDetSectionEntry\">N\u00famero de modelo del art\u00edculo<\/th>\n<td class=\"a-size-base prodDetAttrValue\">Pegaso m\u00edtico<\/td>\n<\/tr>\n<tr>\n<th class=\"a-color-secondary a-size-base prodDetSectionEntry\">Peso del art\u00edculo<\/th>\n<td class=\"a-size-base prodDetAttrValue\">2,85 libras<\/td>\n<\/tr>\n<tr>\n<th class=\"a-color-secondary a-size-base prodDetSectionEntry\">Dimensiones del producto<\/th>\n<td class=\"a-size-base prodDetAttrValue\">36 x 16 x 0,04 pulgadas<\/td>\n<\/tr>\n<tr>\n<th class=\"a-color-secondary a-size-base prodDetSectionEntry\">Dimensiones del art\u00edculo LxAxA<\/th>\n<td class=\"a-size-base prodDetAttrValue\">36 x 16 x 0,04 pulgadas<\/td>\n<\/tr>\n<tr>\n<th class=\"a-color-secondary a-size-base prodDetSectionEntry\">Color<\/th>\n<td class=\"a-size-base prodDetAttrValue\">Blanco<\/td>\n<\/tr>\n<tr>\n<th class=\"a-color-secondary a-size-base prodDetSectionEntry\">Fabricante<\/th>\n<td class=\"a-size-base prodDetAttrValue\">Hystar<\/td>\n<\/tr>\n<tr>\n<th class=\"a-color-secondary a-size-base prodDetSectionEntry\">ASIN<\/th>\n<td class=\"a-size-base prodDetAttrValue\">B0CCXLYL4G<\/td>\n<\/tr>\n<\/tbody>\n<\/table>\n<\/div>\n<\/div>\n<\/div>\n<\/div>\n<\/div>\n<\/div>\n<\/div>","protected":false},"excerpt":{"rendered":"<p><strong>Obras de arte personalizadas<\/strong> - Nuestro exclusivo material gr\u00e1fico est\u00e1 dise\u00f1ado espec\u00edficamente para su estaci\u00f3n de trabajo. Este centro de mesa es la forma ideal de revitalizar su configuraci\u00f3n, con sus colores y dise\u00f1os seleccionados a mano que se integran a la perfecci\u00f3n en su configuraci\u00f3n actual.<br \/>\n<strong>Dise\u00f1o resistente al agua<\/strong> - Desp\u00eddase de la desagradable y lenta experiencia que suele asociarse a otras alfombrillas. El dise\u00f1o resistente al agua de nuestra alfombrilla evita accidentes accidentales, resiste la humedad y garantiza una limpieza sin esfuerzo.<br \/>\n<strong>Materiales de primera calidad<\/strong> - Fabricados a mano con caucho natural y tejido de la m\u00e1s alta calidad. Nuestro tejido de poli\u00e9ster suave como la seda est\u00e1 dise\u00f1ado para soportar a\u00f1os de uso y limpieza sin deste\u00f1irse nunca, gracias a nuestra impresi\u00f3n que nunca se desti\u00f1e. Nuestro soporte de caucho natural respetuoso con el medio ambiente es inocuo y adherente, lo que garantiza el m\u00e1ximo nivel de estabilidad.<\/p>\n<p><strong>Ultragrueso<\/strong> - Calidad palpable desde el momento en que se abre. Espesor superior a 5 mm o 0,20\u2033. Eso es 40% m\u00e1s grueso que la mayor\u00eda de otras marcas. Nuestro dise\u00f1o sustancial ofrece mayor comodidad, mayor durabilidad y mayor resistencia.<br \/>\nDimensiones: 36 pulgadas por 16 pulgadas, o aproximadamente 900 mil\u00edmetros por 400 mil\u00edmetros<\/p>\n<p>&nbsp;<\/p>","protected":false},"featured_media":2469,"comment_status":"open","ping_status":"closed","template":"","meta":[],"product_brand":[],"product_cat":[66,58],"product_tag":[],"class_list":{"0":"post-2462","1":"product","2":"type-product","3":"status-publish","4":"has-post-thumbnail","6":"product_cat-mousepad-cases","7":"product_cat-setup-accessories","9":"first","10":"instock","11":"shipping-taxable","12":"purchasable","13":"product-type-simple"},"_links":{"self":[{"href":"https:\/\/vavcase.com\/es\/wp-json\/wp\/v2\/product\/2462","targetHints":{"allow":["GET"]}}],"collection":[{"href":"https:\/\/vavcase.com\/es\/wp-json\/wp\/v2\/product"}],"about":[{"href":"https:\/\/vavcase.com\/es\/wp-json\/wp\/v2\/types\/product"}],"replies":[{"embeddable":true,"href":"https:\/\/vavcase.com\/es\/wp-json\/wp\/v2\/comments?post=2462"}],"wp:featuredmedia":[{"embeddable":true,"href":"https:\/\/vavcase.com\/es\/wp-json\/wp\/v2\/media\/2469"}],"wp:attachment":[{"href":"https:\/\/vavcase.com\/es\/wp-json\/wp\/v2\/media?parent=2462"}],"wp:term":[{"taxonomy":"product_brand","embeddable":true,"href":"https:\/\/vavcase.com\/es\/wp-json\/wp\/v2\/product_brand?post=2462"},{"taxonomy":"product_cat","embeddable":true,"href":"https:\/\/vavcase.com\/es\/wp-json\/wp\/v2\/product_cat?post=2462"},{"taxonomy":"product_tag","embeddable":true,"href":"https:\/\/vavcase.com\/es\/wp-json\/wp\/v2\/product_tag?post=2462"}],"curies":[{"name":"wp","href":"https:\/\/api.w.org\/{rel}","templated":true}]}}