{"id":2470,"date":"2025-02-17T08:57:10","date_gmt":"2025-02-17T08:57:10","guid":{"rendered":"https:\/\/vavcase.com\/?post_type=product&#038;p=2470"},"modified":"2025-02-17T08:57:10","modified_gmt":"2025-02-17T08:57:10","slug":"stylish-travel-mouse-pouch-bundle-convertible-cushioned-zippered-electronics-storage-case","status":"publish","type":"product","link":"https:\/\/vavcase.com\/es\/producto\/elegante-funda-de-viaje-para-raton-estuche-convertible-acolchado-con-cremallera-para-guardar-aparatos-electronicos\/","title":{"rendered":"Elegante funda de viaje para rat\u00f3n - Funda convertible acolchada con cremallera para guardar dispositivos electr\u00f3nicos"},"content":{"rendered":"<h2>Informaci\u00f3n sobre el producto<\/h2>\n<div class=\"a-row a-spacing-top-base\">\n<div class=\"a-column a-span6\">\n<div class=\"a-row a-spacing-base\">\n<div class=\"a-row a-expander-container a-expander-extend-container\">\n<div class=\"a-row\">\n<div class=\"a-column a-span6\">\n<h3 class=\"a-size-medium a-spacing-small\">Detalles t\u00e9cnicos<\/h3>\n<\/div>\n<\/div>\n<div class=\"a-expander-content a-expander-extend-content\" data-expanded=\"true\">\n<div class=\"a-row a-expander-container a-expander-inline-container\">\n<div class=\"a-expander-content a-expander-section-content a-section-expander-inner\" data-expanded=\"true\">\n<table id=\"productDetails_techSpec_section_1\" class=\"a-keyvalue prodDetTable\" role=\"presentation\">\n<tbody>\n<tr>\n<th class=\"a-color-secondary a-size-base prodDetSectionEntry\">Marca<\/th>\n<td class=\"a-size-base prodDetAttrValue\">La empresa Buti-Bag<\/td>\n<\/tr>\n<tr>\n<th class=\"a-color-secondary a-size-base prodDetSectionEntry\">Fabricante<\/th>\n<td class=\"a-size-base prodDetAttrValue\">La empresa Buti-Bag<\/td>\n<\/tr>\n<tr>\n<th class=\"a-color-secondary a-size-base prodDetSectionEntry\">Color<\/th>\n<td class=\"a-size-base prodDetAttrValue\">Blanco,Gris,Plata<\/td>\n<\/tr>\n<tr>\n<th class=\"a-color-secondary a-size-base prodDetSectionEntry\">Art\u00edculo Altura<\/th>\n<td class=\"a-size-base prodDetAttrValue\">4,5 pulgadas<\/td>\n<\/tr>\n<tr>\n<th class=\"a-color-secondary a-size-base prodDetSectionEntry\">Anchura del art\u00edculo<\/th>\n<td class=\"a-size-base prodDetAttrValue\">0,5 pulgadas<\/td>\n<\/tr>\n<tr>\n<th class=\"a-color-secondary a-size-base prodDetSectionEntry\">Dimensiones del producto<\/th>\n<td class=\"a-size-base prodDetAttrValue\">22,86 x 1,27 x 11,43 cm; 68,03 g<\/td>\n<\/tr>\n<tr>\n<th class=\"a-color-secondary a-size-base prodDetSectionEntry\">N\u00famero de modelo del art\u00edculo<\/th>\n<td class=\"a-size-base prodDetAttrValue\">BMP<\/td>\n<\/tr>\n<tr>\n<th class=\"a-color-secondary a-size-base prodDetSectionEntry\">\u00bfSe incluyen las pilas?<\/th>\n<td class=\"a-size-base prodDetAttrValue\">No<\/td>\n<\/tr>\n<tr>\n<th class=\"a-color-secondary a-size-base prodDetSectionEntry\">Fabricante<\/th>\n<td class=\"a-size-base prodDetAttrValue\">La empresa Buti-Bag<\/td>\n<\/tr>\n<tr>\n<th class=\"a-color-secondary a-size-base prodDetSectionEntry\">Peso del art\u00edculo<\/th>\n<td class=\"a-size-base prodDetAttrValue\">68 g<\/td>\n<\/tr>\n<\/tbody>\n<\/table>\n<\/div>\n<\/div>\n<\/div>\n<\/div>\n<\/div>\n<\/div>\n<\/div>","protected":false},"excerpt":{"rendered":"<p>BOLSA DE NEOPRENO EXTRAGRANDE ACOLCHADA PARA RAT\u00d3N Y ELECTR\u00d3NICA QUE SE ABRE Y SE CONVIERTE EN UNA ALFOMBRILLA DE RAT\u00d3N DE VIAJE. Su rat\u00f3n estar\u00e1 siempre protegido por una superficie protectora. (Tenga en cuenta que el rat\u00f3n no est\u00e1 incluido).<br \/>\nINCLUYE UNA SEGUNDA FUNDA PARA RATON SUPER FINA Y ANTIDESLIZANTE SEPARADA en caso de que prefiera mantener la funda cerrada.<br \/>\nMATERIALES DE M\u00c1XIMA CALIDAD Y CREMALLERA PARA PROTEGER EL RAT\u00d3N Y LOS CABLES. Hermoso material exterior gris y blanco con un clip de metal plateado para una f\u00e1cil sujeci\u00f3n a cualquier bolso.<\/p>\n<p>BOLSA MULTIFUNCI\u00d3N IDEAL PARA GUARDAR LA ALFOMBRILLA DEL RAT\u00d3N Y EL CARGADOR DEL PORT\u00c1TIL Y LA TABLETA. Adem\u00e1s, garantiza la seguridad de las bater\u00edas adicionales.<br \/>\nExcelente regalo para un estudiante o viajero para guardar y organizar de forma segura todos esos molestos cables, cargadores, unidades flash y bater\u00edas de reserva en un solo lugar.<\/p>","protected":false},"featured_media":2477,"comment_status":"open","ping_status":"closed","template":"","meta":[],"product_brand":[],"product_cat":[66,58],"product_tag":[],"class_list":{"0":"post-2470","1":"product","2":"type-product","3":"status-publish","4":"has-post-thumbnail","6":"product_cat-mousepad-cases","7":"product_cat-setup-accessories","9":"first","10":"instock","11":"shipping-taxable","12":"purchasable","13":"product-type-simple"},"_links":{"self":[{"href":"https:\/\/vavcase.com\/es\/wp-json\/wp\/v2\/product\/2470","targetHints":{"allow":["GET"]}}],"collection":[{"href":"https:\/\/vavcase.com\/es\/wp-json\/wp\/v2\/product"}],"about":[{"href":"https:\/\/vavcase.com\/es\/wp-json\/wp\/v2\/types\/product"}],"replies":[{"embeddable":true,"href":"https:\/\/vavcase.com\/es\/wp-json\/wp\/v2\/comments?post=2470"}],"wp:featuredmedia":[{"embeddable":true,"href":"https:\/\/vavcase.com\/es\/wp-json\/wp\/v2\/media\/2477"}],"wp:attachment":[{"href":"https:\/\/vavcase.com\/es\/wp-json\/wp\/v2\/media?parent=2470"}],"wp:term":[{"taxonomy":"product_brand","embeddable":true,"href":"https:\/\/vavcase.com\/es\/wp-json\/wp\/v2\/product_brand?post=2470"},{"taxonomy":"product_cat","embeddable":true,"href":"https:\/\/vavcase.com\/es\/wp-json\/wp\/v2\/product_cat?post=2470"},{"taxonomy":"product_tag","embeddable":true,"href":"https:\/\/vavcase.com\/es\/wp-json\/wp\/v2\/product_tag?post=2470"}],"curies":[{"name":"wp","href":"https:\/\/api.w.org\/{rel}","templated":true}]}}