{"id":2478,"date":"2025-02-17T08:59:15","date_gmt":"2025-02-17T08:59:15","guid":{"rendered":"https:\/\/vavcase.com\/?post_type=product&#038;p=2478"},"modified":"2025-02-17T09:03:38","modified_gmt":"2025-02-17T09:03:38","slug":"caturix-mouse-mat-case-protective-cover-for-xxl-gaming-mouse-pads-with-soft-inner-lining-protects-against-scratches","status":"publish","type":"product","link":"https:\/\/vavcase.com\/es\/producto\/alfombrilla-de-raton-caturix-funda-protectora-para-alfombrillas-de-raton-xxl-gaming-con-suave-forro-interior-protege-contra-aranazos\/","title":{"rendered":"Funda para alfombrilla de rat\u00f3n CATURIX - Funda protectora para alfombrillas de rat\u00f3n XXL para juegos con forro interior suave, protege contra ara\u00f1azos"},"content":{"rendered":"<div id=\"dp_productDescription_container_div\" class=\"celwidget pd_rd_w-ttTag pd_rd_r-NZ903FC3K87WZT45QJCH pd_rd_wg-R7ct8\" data-feature-name=\"productDescription\" data-csa-c-type=\"widget\" data-csa-c-content-id=\"productDescription\" data-csa-c-slot-id=\"dp_productDescription_container_div\" data-csa-c-asin=\"\" data-csa-c-is-in-initial-active-row=\"false\" data-csa-c-id=\"1lynjg-bkeg3y-pd88b7-35quby\" data-cel-widget=\"dp_productDescription_container_div\">\n<div>\n<div id=\"productDescription_feature_div\" class=\"a-row feature\" data-feature-name=\"productDescription\" data-template-name=\"productDescription\" data-cel-widget=\"productDescription_feature_div\">\n<h2 class=\"softlines\">Descripci\u00f3n del producto<\/h2>\n<div id=\"productDescription\" class=\"a-section a-spacing-small\">\n<p>Funda para alfombrilla de rat\u00f3n CATURIX - Funda protectora para alfombrillas de rat\u00f3n XXL para juegos con forro interior suave que protege contra ara\u00f1azos Negro<\/p>\n<\/div>\n<\/div>\n<\/div>\n<\/div>\n<div id=\"detailBulletsProductFactsDesktopT3\" class=\"celwidget pd_rd_w-PtL8d pd_rd_r-NZ903FC3K87WZT45QJCH pd_rd_wg-R7ct8\" data-feature-name=\"detailBulletsProductFactsDesktopT3\" data-csa-c-type=\"widget\" data-csa-c-content-id=\"detailBulletsProductFactsDesktopT3\" data-csa-c-slot-id=\"detailBulletsProductFactsDesktopT3\" data-csa-c-asin=\"\" data-csa-c-is-in-initial-active-row=\"false\" data-csa-c-id=\"65hrim-tn7d2o-g238ng-1zh9re\" data-cel-widget=\"detailBulletsProductFactsDesktopT3\">\n<div id=\"detailBulletsWrapper_feature_div\" class=\"a-section feature detail-bullets-wrapper bucket\" data-feature-name=\"detailBullets\" data-template-name=\"detailBullets\" data-cel-widget=\"detailBulletsWrapper_feature_div\">\n<h2>Detalles del producto<\/h2>\n<div id=\"detailBullets_feature_div\">\n<ul class=\"a-unordered-list a-nostyle a-vertical a-spacing-none detail-bullet-list\">\n<li><span class=\"a-list-item\"><span class=\"a-text-bold\">Dimensiones del paquete .\u00a0<\/span>18,9 x 4,25 x 3,66 pulgadas; 9,52 onzas<\/span><\/li>\n<li><span class=\"a-list-item\"><span class=\"a-text-bold\">N\u00famero de modelo del art\u00edculo .\u00a0<\/span>CTRX-18<\/span><\/li>\n<li><span class=\"a-list-item\"><span class=\"a-text-bold\">Fecha de primera disponibilidad .\u00a0<\/span>29 de mayo de 2024<\/span><\/li>\n<li><span class=\"a-list-item\"><span class=\"a-text-bold\">Fabricante .\u00a0<\/span>Caturix<\/span><\/li>\n<\/ul>\n<\/div>\n<\/div>\n<\/div>","protected":false},"excerpt":{"rendered":"<p>Gracias al inserto de PE, la funda para alfombrilla de rat\u00f3n CATURIX ofrece a su alfombrilla de rat\u00f3n XXL para juegos una capa protectora bien acolchada.<br \/>\nGracias al suave acolchado interior de la funda, la alfombrilla queda protegida de la suciedad, los ara\u00f1azos y otros da\u00f1os que merman su disfrute.<br \/>\nTienes la opci\u00f3n de fijar la funda de la alfombrilla de rat\u00f3n a tu mochila o utilizar el llavero para colocar tu llave.<\/p>\n<p>Destaca entre la multitud y personaliza tu funda para alfombrilla de rat\u00f3n con el cierre de velcro para parches.<br \/>\nNos preocupa mucho la sostenibilidad: La funda protectora est\u00e1 fabricada con material PET reciclado, que es resistente al agua, el\u00e1stico y de calidad superior.<\/p>","protected":false},"featured_media":2485,"comment_status":"open","ping_status":"closed","template":"","meta":[],"product_brand":[],"product_cat":[66,58],"product_tag":[],"class_list":{"0":"post-2478","1":"product","2":"type-product","3":"status-publish","4":"has-post-thumbnail","6":"product_cat-mousepad-cases","7":"product_cat-setup-accessories","9":"first","10":"instock","11":"shipping-taxable","12":"purchasable","13":"product-type-simple"},"_links":{"self":[{"href":"https:\/\/vavcase.com\/es\/wp-json\/wp\/v2\/product\/2478","targetHints":{"allow":["GET"]}}],"collection":[{"href":"https:\/\/vavcase.com\/es\/wp-json\/wp\/v2\/product"}],"about":[{"href":"https:\/\/vavcase.com\/es\/wp-json\/wp\/v2\/types\/product"}],"replies":[{"embeddable":true,"href":"https:\/\/vavcase.com\/es\/wp-json\/wp\/v2\/comments?post=2478"}],"wp:featuredmedia":[{"embeddable":true,"href":"https:\/\/vavcase.com\/es\/wp-json\/wp\/v2\/media\/2485"}],"wp:attachment":[{"href":"https:\/\/vavcase.com\/es\/wp-json\/wp\/v2\/media?parent=2478"}],"wp:term":[{"taxonomy":"product_brand","embeddable":true,"href":"https:\/\/vavcase.com\/es\/wp-json\/wp\/v2\/product_brand?post=2478"},{"taxonomy":"product_cat","embeddable":true,"href":"https:\/\/vavcase.com\/es\/wp-json\/wp\/v2\/product_cat?post=2478"},{"taxonomy":"product_tag","embeddable":true,"href":"https:\/\/vavcase.com\/es\/wp-json\/wp\/v2\/product_tag?post=2478"}],"curies":[{"name":"wp","href":"https:\/\/api.w.org\/{rel}","templated":true}]}}