{"id":2486,"date":"2025-02-17T09:13:58","date_gmt":"2025-02-17T09:13:58","guid":{"rendered":"https:\/\/vavcase.com\/?post_type=product&#038;p=2486"},"modified":"2025-12-15T11:18:32","modified_gmt":"2025-12-15T11:18:32","slug":"bubm-electronic-organizer-double-layer-travel-accessories-storage-bag-for-cord-adapter","status":"publish","type":"product","link":"https:\/\/vavcase.com\/es\/producto\/bubm-organizador-electronico-de-doble-capa-bolsa-de-almacenamiento-de-accesorios-de-viaje-para-adaptador-de-cable\/","title":{"rendered":"BUBM Organizador Electr\u00f3nico, Bolsa de Doble Capa para Almacenamiento de Accesorios de Viaje para Cables, Adaptadores"},"content":{"rendered":"<h2>Informaci\u00f3n sobre el producto<\/h2>\n<div class=\"a-row a-spacing-top-base\">\n<div class=\"a-column a-span6\">\n<div class=\"a-row a-spacing-base\">\n<div class=\"a-section table-padding\">\n<table id=\"productDetails_detailBullets_sections1\" class=\"a-keyvalue prodDetTable\" role=\"presentation\">\n<tbody>\n<tr>\n<th class=\"a-color-secondary a-size-base prodDetSectionEntry\">Dimensiones del producto<\/th>\n<td class=\"a-size-base prodDetAttrValue\">10,5 x 8 x 4 pulgadas<\/td>\n<\/tr>\n<tr>\n<th class=\"a-color-secondary a-size-base prodDetSectionEntry\">Peso del art\u00edculo<\/th>\n<td class=\"a-size-base prodDetAttrValue\">14,4 onzas<\/td>\n<\/tr>\n<tr>\n<th class=\"a-color-secondary a-size-base prodDetSectionEntry\">ASIN<\/th>\n<td class=\"a-size-base prodDetAttrValue\">B01N441A06<\/td>\n<\/tr>\n<tr>\n<th class=\"a-color-secondary a-size-base prodDetSectionEntry\">N\u00famero de modelo del art\u00edculo<\/th>\n<td class=\"a-size-base prodDetAttrValue\">CAbubm10401<\/td>\n<\/tr>\n<tr>\n<th class=\"a-color-secondary a-size-base prodDetSectionEntry\">Opiniones de los clientes<\/th>\n<td class=\"a-size-base\">\n<div id=\"averageCustomerReviews\" data-asin=\"B01N441A06\" data-ref=\"dpx_acr_pop_\"><span class=\"a-declarative\" data-action=\"acrStarsLink-click-metrics\" data-acrstarslink-click-metrics=\"{}\"><span id=\"acrPopover\" class=\"reviewCountTextLinkedHistogram noUnderline\" title=\"4,7 de 5 estrellas\"><a class=\"a-popover-trigger a-declarative\" role=\"button\"><span class=\"a-size-base a-color-base\">4.7\u00a0<\/span><i class=\"a-icon a-icon-star a-star-4-5 cm-cr-review-stars-spacing-big\"><span class=\"a-icon-alt\">4,7 de 5 estrellas<\/span><\/i>\u00a0<i class=\"a-icon a-icon-popover\"><\/i><\/a>\u00a0\u00a0<\/span><\/span>\u00a0<span class=\"a-declarative\" data-action=\"acrLink-click-metrics\" data-acrlink-click-metrics=\"{}\"><a id=\"acrCustomerReviewLink\" class=\"a-link-normal\" href=\"https:\/\/www.amazon.com\/BUBM-Electronic-Organizer-Accessories-Storage\/dp\/B01N441A06\/ref=sr_1_27?crid=2OS6W1OVDEM6B&amp;dib=eyJ2IjoiMSJ9.BqriOz2lSUuLpO8zQBJtCaJpqLA3QOoyPafrNT4Jv9z0Fp0KAS9YQlVPXqnIpVEpzHI6H0Y9qMgQCyoKuoyF5nnFzF_ELmwKX84XKUJ-xQalqe3aQFciZNq49K4l9AI_qODSUNoYKDNxYhhgXF8MPuRcR_wvVEG7TwBEnpcdoIu992_iaFKGgVUu-ekiik13nZov2r15TnpRedk_5JIKzf0hRM5MEdbG6Ew6E7u33NU.8ozNtjnIt_jkreRtNX4OR013RC9iaajKG3kskdwtM1w&amp;dib_tag=se&amp;keywords=Organizers%2Bfor%2Bgaming%2Bcables%2Band%2Badapters&amp;qid=1739783223&amp;sprefix=organizers%2Bfor%2Bgaming%2Bcables%2Band%2Badapters%2Caps%2C490&amp;sr=8-27&amp;xpid=lTxz0-j6iR_8W&amp;th=1#customerReviews\"><span id=\"acrCustomerReviewText\" class=\"a-size-base\">1.204 valoraciones<\/span><\/a><\/span><\/div>\n<p>4,7 de 5 estrellas<\/td>\n<\/tr>\n<tr>\n<th class=\"a-color-secondary a-size-base prodDetSectionEntry\">Clasificaci\u00f3n de los m\u00e1s vendidos<\/th>\n<td>#337 en\u00a0<a href=\"https:\/\/www.amazon.com\/gp\/bestsellers\/electronics\/290458\/ref=pd_zg_hrsr_electronics\">Fundas y bolsas organizadoras de cables<\/a><\/td>\n<\/tr>\n<\/tbody>\n<\/table>\n<\/div>\n<\/div>\n<\/div>\n<\/div>\n<div class=\"a-row a-spacing-top-base\">\n<div class=\"a-column a-span6\">\n<div class=\"a-row a-spacing-base\"><\/div>\n<\/div>\n<\/div>","protected":false},"excerpt":{"rendered":"<p><strong>ALTA CAPACIDAD:<\/strong> Este organizador tecnol\u00f3gico dispone de dos compartimentos con numerosos lazos el\u00e1sticos y bolsillos de malla para guardar diversos dispositivos electr\u00f3nicos, como cargadores, cables, auriculares, discos duros, tarjetas de memoria y otros dispositivos.<br \/>\n<strong>DISE\u00d1O INTELIGENTE:<\/strong> El malet\u00edn organizador de viaje para accesorios electr\u00f3nicos cuenta con un compartimento acolchado que puede alojar un iPad* o una tableta de hasta 9,7\u2033 de tama\u00f1o sin funda. Dispone de tres divisores acolchados ajustables para adaptarse a sus diversas necesidades. (*La marca a la que se hace referencia no est\u00e1 asociada a nuestro producto).<br \/>\nAseg\u00farese de que todos los art\u00edculos se guardan en un \u00fanico lugar: Esta bolsa de transporte para equipos de viaje es capaz de garantizar que sus pertenencias se guarden cuidadosamente en un \u00fanico lugar y sean f\u00e1cilmente accesibles, evitando cualquier p\u00e9rdida, da\u00f1o o desorden.<\/p>\n<p><strong>CALIDAD SUPERIOR:<\/strong> El organizador de cables de viaje est\u00e1 fabricado con un tejido impermeable, el\u00e1stico y resistente. El interior semiflexible y bien acolchado proporciona una protecci\u00f3n excepcional a su equipaje.<br \/>\n<strong>SALVAVIDAS:<\/strong> El organizador de dispositivos de viaje es una soluci\u00f3n ideal para guardar todos sus objetos esenciales, tanto si est\u00e1 de viaje como en casa. Peso: 0,41 kg; Dimensiones: 10.5\u2033 x 8\u2033 x 4\u2033<\/p>","protected":false},"featured_media":2494,"comment_status":"open","ping_status":"closed","template":"","meta":[],"product_brand":[],"product_cat":[67,58],"product_tag":[],"class_list":{"0":"post-2486","1":"product","2":"type-product","3":"status-publish","4":"has-post-thumbnail","6":"product_cat-cable-management-cases","7":"product_cat-setup-accessories","9":"first","10":"instock","11":"shipping-taxable","12":"purchasable","13":"product-type-simple"},"_links":{"self":[{"href":"https:\/\/vavcase.com\/es\/wp-json\/wp\/v2\/product\/2486","targetHints":{"allow":["GET"]}}],"collection":[{"href":"https:\/\/vavcase.com\/es\/wp-json\/wp\/v2\/product"}],"about":[{"href":"https:\/\/vavcase.com\/es\/wp-json\/wp\/v2\/types\/product"}],"replies":[{"embeddable":true,"href":"https:\/\/vavcase.com\/es\/wp-json\/wp\/v2\/comments?post=2486"}],"wp:featuredmedia":[{"embeddable":true,"href":"https:\/\/vavcase.com\/es\/wp-json\/wp\/v2\/media\/2494"}],"wp:attachment":[{"href":"https:\/\/vavcase.com\/es\/wp-json\/wp\/v2\/media?parent=2486"}],"wp:term":[{"taxonomy":"product_brand","embeddable":true,"href":"https:\/\/vavcase.com\/es\/wp-json\/wp\/v2\/product_brand?post=2486"},{"taxonomy":"product_cat","embeddable":true,"href":"https:\/\/vavcase.com\/es\/wp-json\/wp\/v2\/product_cat?post=2486"},{"taxonomy":"product_tag","embeddable":true,"href":"https:\/\/vavcase.com\/es\/wp-json\/wp\/v2\/product_tag?post=2486"}],"curies":[{"name":"wp","href":"https:\/\/api.w.org\/{rel}","templated":true}]}}