{"id":2495,"date":"2025-02-17T09:18:27","date_gmt":"2025-02-17T09:18:27","guid":{"rendered":"https:\/\/vavcase.com\/?post_type=product&#038;p=2495"},"modified":"2025-02-17T09:18:45","modified_gmt":"2025-02-17T09:18:45","slug":"under-desk-cable-management-tray-15-7-no-drill-steel-desk-cable-organizers-wire-management-tray-cable-management-rack","status":"publish","type":"product","link":"https:\/\/vavcase.com\/es\/producto\/bandeja-organizadora-de-cables-bajo-escritorio-15-7-sin-taladro-organizador-de-cables-de-acero-para-escritorio-bandeja-organizadora-de-cables-estante-organizador-de-cables\/","title":{"rendered":"Bandeja organizadora de cables para debajo del escritorio, organizadores de cables para escritorio de acero de 15,7\" sin taladro, bandeja organizadora de cables Estante organizador de cables"},"content":{"rendered":"<h2>Informaci\u00f3n sobre el producto<\/h2>\n<div class=\"a-row a-spacing-top-base\">\n<div class=\"a-column a-span6\">\n<div class=\"a-row a-spacing-base\">\n<div class=\"a-section table-padding\">\n<table id=\"productDetails_detailBullets_sections1\" class=\"a-keyvalue prodDetTable\" role=\"presentation\">\n<tbody>\n<tr>\n<th class=\"a-color-secondary a-size-base prodDetSectionEntry\">Dimensiones del producto<\/th>\n<td class=\"a-size-base prodDetAttrValue\">15,7 x 4,7 x 0,04 pulgadas<\/td>\n<\/tr>\n<tr>\n<th class=\"a-color-secondary a-size-base prodDetSectionEntry\">Peso del art\u00edculo<\/th>\n<td class=\"a-size-base prodDetAttrValue\">1.54 libras<\/td>\n<\/tr>\n<tr>\n<th class=\"a-color-secondary a-size-base prodDetSectionEntry\">ASIN<\/th>\n<td class=\"a-size-base prodDetAttrValue\">B09L62NFJ2<\/td>\n<\/tr>\n<tr>\n<th class=\"a-color-secondary a-size-base prodDetSectionEntry\">Opiniones de los clientes<\/th>\n<td class=\"a-size-base\">\n<div id=\"averageCustomerReviews\" data-asin=\"B09L62NFJ2\" data-ref=\"dpx_acr_pop_\"><span class=\"a-declarative\" data-action=\"acrStarsLink-click-metrics\" data-acrstarslink-click-metrics=\"{}\"><span id=\"acrPopover\" class=\"reviewCountTextLinkedHistogram noUnderline\" title=\"4,7 de 5 estrellas\"><a class=\"a-popover-trigger a-declarative\" role=\"button\"><span class=\"a-size-base a-color-base\">4.7\u00a0<\/span><i class=\"a-icon a-icon-star a-star-4-5 cm-cr-review-stars-spacing-big\"><span class=\"a-icon-alt\">4,7 de 5 estrellas<\/span><\/i>\u00a0<i class=\"a-icon a-icon-popover\"><\/i><\/a>\u00a0\u00a0<\/span><\/span>\u00a0<span class=\"a-declarative\" data-action=\"acrLink-click-metrics\" data-acrlink-click-metrics=\"{}\"><a id=\"acrCustomerReviewLink\" class=\"a-link-normal\" href=\"https:\/\/www.amazon.com\/Under-Cable-Management-Organizers-Organizer\/dp\/B09L62NFJ2\/ref=sr_1_4?crid=O7NJBDSK332Z&amp;dib=eyJ2IjoiMSJ9.LQCsa3NDOpKGJ-O1OuSYJ_IEz2CGVwWOSlQCEqU8aBzODSdsjHqym7Im5gFgkbYIHP-WifHfI14_BhPg0jXffgvOh2nFKQorNpwup4m5_jfbTHNyLZp2TYAUAwB1AtZ-VQOjssrAOGolk6b75o4zp0wFaDWIF1_EcmCSocySeHQKP71K4wRU4sYzWbvIDVNNLs47UMXSHy0ZHyk2Qy-Qa-PLpxeOII3iWu1W7hCj4TE.ZIUZOM-P77AjSCz5levdJyhvFwqhTpbB8PkxDS2RW-I&amp;dib_tag=se&amp;keywords=%E2%80%A2%2BCable%2BManagement%2BCases%2B%E2%80%93%2BOrganizers%2Bfor%2Bgaming%2Bcables%2Band%2Badapters.&amp;qid=1739783655&amp;sprefix=cable%2Bmanagement%2Bcases%2Borganizers%2Bfor%2Bgaming%2Bcables%2Band%2Badapters.%2Caps%2C1107&amp;sr=8-4&amp;th=1#customerReviews\"><span id=\"acrCustomerReviewText\" class=\"a-size-base\">3.417 valoraciones<\/span><\/a><\/span><\/div>\n<p>4,7 de 5 estrellas<\/td>\n<\/tr>\n<tr>\n<th class=\"a-color-secondary a-size-base prodDetSectionEntry\">Clasificaci\u00f3n de los m\u00e1s vendidos<\/th>\n<td>#1,425 en Electr\u00f3nica (<a href=\"https:\/\/www.amazon.com\/gp\/bestsellers\/electronics\/ref=pd_zg_ts_electronics\">Ver Top 100 en Electr\u00f3nica<\/a>)<br \/>\n#20 en\u00a0<a href=\"https:\/\/www.amazon.com\/gp\/bestsellers\/electronics\/6577543011\/ref=pd_zg_hrsr_electronics\">Pasacables<\/a><\/td>\n<\/tr>\n<tr>\n<th class=\"a-color-secondary a-size-base prodDetSectionEntry\">Fecha de disponibilidad<\/th>\n<td class=\"a-size-base prodDetAttrValue\">8 de noviembre de 2021<\/td>\n<\/tr>\n<tr>\n<th class=\"a-color-secondary a-size-base prodDetSectionEntry\">Fabricante<\/th>\n<td class=\"a-size-base prodDetAttrValue\">REFLYING<\/td>\n<\/tr>\n<\/tbody>\n<\/table>\n<\/div>\n<\/div>\n<\/div>\n<\/div>","protected":false},"excerpt":{"rendered":"<p>\"Instalaci\u00f3n sin taladro Esta bandeja organizadora de cables no necesita tornillos y est\u00e1 dise\u00f1ada para su estaci\u00f3n de trabajo dom\u00e9stica. Proporcionamos instrucciones. Se pueden utilizar en mesas de madera, cristal, metal y m\u00e1rmol, y se desmontan sin esfuerzo, por lo que no se producen da\u00f1os ni marcas en la mesa.<br \/>\nDISE\u00d1O Y VENTAJAS DE LA SILICONA: La estaci\u00f3n o mesa de trabajo queda protegida de ara\u00f1azos gracias a las suaves almohadillas de goma situadas en las abrazaderas ajustables y extra\u00edbles. Antisobrecalentamiento, sin acumulaci\u00f3n de polvo Capacidad extragrande, cable ajustable.<br \/>\nFUERTE Y S\u00d3LIDO: Este nuevo protector de alambre est\u00e1 fabricado en acero al carbono con recubrimiento en polvo para una mayor durabilidad. Es silencioso y estable. El dise\u00f1o hueco y curvado de la bandeja organizadora de cables bajo el escritorio permite guardar f\u00e1cilmente una regleta de enchufes y facilita la organizaci\u00f3n de los cables.<\/p>\n<p>PAQUETE INCLUIDO: Este paquete incluye cinco organizadores de cables bajo el escritorio y dos organizadores de cables para ordenador. Las dimensiones de la bandeja para cables bajo el escritorio son L15,7 x W4,7 x H6,3 pulgadas. Cuando hay numerosos cables bajo la bandeja de cables del escritorio, los organizadores de cables pueden ser especialmente beneficiosos, ya que facilitan la administraci\u00f3n de los cables del escritorio.<br \/>\nESPACIO DE ESCRITORIO ORDENADO Y LIMPIO: APERTURA Esta bandeja para cables de escritorio se distingue del organizador de cables bajo escritorio tradicional en que es m\u00e1s duradera, funcional y beneficiosa. Elimina la necesidad de una regleta de enchufes y cables desordenada, lo que da como resultado un \u00e1rea de trabajo m\u00e1s organizada.<\/p>","protected":false},"featured_media":2503,"comment_status":"open","ping_status":"closed","template":"","meta":[],"product_brand":[],"product_cat":[67,58],"product_tag":[],"class_list":{"0":"post-2495","1":"product","2":"type-product","3":"status-publish","4":"has-post-thumbnail","6":"product_cat-cable-management-cases","7":"product_cat-setup-accessories","9":"first","10":"instock","11":"shipping-taxable","12":"purchasable","13":"product-type-simple"},"_links":{"self":[{"href":"https:\/\/vavcase.com\/es\/wp-json\/wp\/v2\/product\/2495","targetHints":{"allow":["GET"]}}],"collection":[{"href":"https:\/\/vavcase.com\/es\/wp-json\/wp\/v2\/product"}],"about":[{"href":"https:\/\/vavcase.com\/es\/wp-json\/wp\/v2\/types\/product"}],"replies":[{"embeddable":true,"href":"https:\/\/vavcase.com\/es\/wp-json\/wp\/v2\/comments?post=2495"}],"wp:featuredmedia":[{"embeddable":true,"href":"https:\/\/vavcase.com\/es\/wp-json\/wp\/v2\/media\/2503"}],"wp:attachment":[{"href":"https:\/\/vavcase.com\/es\/wp-json\/wp\/v2\/media?parent=2495"}],"wp:term":[{"taxonomy":"product_brand","embeddable":true,"href":"https:\/\/vavcase.com\/es\/wp-json\/wp\/v2\/product_brand?post=2495"},{"taxonomy":"product_cat","embeddable":true,"href":"https:\/\/vavcase.com\/es\/wp-json\/wp\/v2\/product_cat?post=2495"},{"taxonomy":"product_tag","embeddable":true,"href":"https:\/\/vavcase.com\/es\/wp-json\/wp\/v2\/product_tag?post=2495"}],"curies":[{"name":"wp","href":"https:\/\/api.w.org\/{rel}","templated":true}]}}