{"id":2504,"date":"2025-02-17T09:22:32","date_gmt":"2025-02-17T09:22:32","guid":{"rendered":"https:\/\/vavcase.com\/?post_type=product&#038;p=2504"},"modified":"2026-04-01T17:56:07","modified_gmt":"2026-04-01T17:56:07","slug":"yecaye-2-pack-cable-management-under-desk-31-5-in-under-desk-cable-management-tray","status":"publish","type":"product","link":"https:\/\/vavcase.com\/es\/producto\/yecaye-2-pack-organizador-de-cables-bajo-escritorio-31-5-in-bandeja-organizadora-de-cables-bajo-escritorio\/","title":{"rendered":"Yecaye Paquete de 2 Bandejas de Gesti\u00f3n de Cables Bajo Escritorio, 31.5 in Bandeja de Gesti\u00f3n de Cables Bajo Escritorio"},"content":{"rendered":"<h2>Informaci\u00f3n sobre el producto<\/h2>\n<div class=\"a-row a-spacing-top-base\">\n<div class=\"a-column a-span6\">\n<div class=\"a-row a-spacing-base\">\n<div class=\"a-section table-padding\">\n<table id=\"productDetails_detailBullets_sections1\" class=\"a-keyvalue prodDetTable\" role=\"presentation\">\n<tbody>\n<tr>\n<th class=\"a-color-secondary a-size-base prodDetSectionEntry\">Dimensiones del producto<\/th>\n<td class=\"a-size-base prodDetAttrValue\">31,4 x 3,9 x 3,5 pulgadas<\/td>\n<\/tr>\n<tr>\n<th class=\"a-color-secondary a-size-base prodDetSectionEntry\">Peso del art\u00edculo<\/th>\n<td class=\"a-size-base prodDetAttrValue\">1.92 libras<\/td>\n<\/tr>\n<tr>\n<th class=\"a-color-secondary a-size-base prodDetSectionEntry\">ASIN<\/th>\n<td class=\"a-size-base prodDetAttrValue\">B08J4173VD<\/td>\n<\/tr>\n<tr>\n<th class=\"a-color-secondary a-size-base prodDetSectionEntry\">N\u00famero de modelo del art\u00edculo<\/th>\n<td class=\"a-size-base prodDetAttrValue\">gesti\u00f3n de cables bajo escritorio canal en U<\/td>\n<\/tr>\n<tr>\n<th class=\"a-color-secondary a-size-base prodDetSectionEntry\">Opiniones de los clientes<\/th>\n<td class=\"a-size-base\">\n<div id=\"averageCustomerReviews\" data-asin=\"B08J4173VD\" data-ref=\"dpx_acr_pop_\"><span class=\"a-declarative\" data-action=\"acrStarsLink-click-metrics\" data-acrstarslink-click-metrics=\"{}\"><span id=\"acrPopover\" class=\"reviewCountTextLinkedHistogram noUnderline\" title=\"4,3 de 5 estrellas\"><a class=\"a-popover-trigger a-declarative\" role=\"button\"><span class=\"a-size-base a-color-base\">4.3\u00a0<\/span><i class=\"a-icon a-icon-star a-star-4-5 cm-cr-review-stars-spacing-big\"><span class=\"a-icon-alt\">4,3 de 5 estrellas<\/span><\/i>\u00a0<i class=\"a-icon a-icon-popover\"><\/i><\/a>\u00a0\u00a0<\/span><\/span>\u00a0<span class=\"a-declarative\" data-action=\"acrLink-click-metrics\" data-acrlink-click-metrics=\"{}\"><a id=\"acrCustomerReviewLink\" class=\"a-link-normal\" href=\"https:\/\/www.amazon.com\/Yecaye-Cable-Management-Organizer-Office\/dp\/B08J4173VD\/ref=sr_1_18?crid=O7NJBDSK332Z&amp;dib=eyJ2IjoiMSJ9.JWbvtaFXB5ENBry_y8QN_cppk5vwDg27FLmB5z9A0Glgzmg0obxHvYyODl2c1op6dOqUMqQ2VxAZUVtjZn4AKnauO3-TuYzmMG1d_rae9KmHXAIEbeTEvCfO_0OpcmDb2pTgkNwmsmVSG6o5CAPPq1M71wmZlQWs5X2D6DRA1WYZh1EUVMY6A4mb-6a_rWeU3gzaQv6oPexHNq2Cn5DySwPlaMsadvfGsWvMN030VLc.d50GkUEU7METsYzHbCO_7ZbwMXUQLdDLieCJ4NIeoGg&amp;dib_tag=se&amp;keywords=%E2%80%A2%2BCable%2BManagement%2BCases%2B%E2%80%93%2BOrganizers%2Bfor%2Bgaming%2Bcables%2Band%2Badapters.&amp;qid=1739783950&amp;sprefix=cable%2Bmanagement%2Bcases%2Borganizers%2Bfor%2Bgaming%2Bcables%2Band%2Badapters.%2Caps%2C1107&amp;sr=8-18&amp;xpid=Budc5jspIi1w2&amp;th=1#customerReviews\"><span id=\"acrCustomerReviewText\" class=\"a-size-base\">1.759 valoraciones<\/span><\/a><\/span><\/div>\n<p>4,3 de 5 estrellas<\/td>\n<\/tr>\n<tr>\n<th class=\"a-color-secondary a-size-base prodDetSectionEntry\">Clasificaci\u00f3n de los m\u00e1s vendidos<\/th>\n<td>#2,785 en Electr\u00f3nica (<a href=\"https:\/\/www.amazon.com\/gp\/bestsellers\/electronics\/ref=pd_zg_ts_electronics\">Ver Top 100 en Electr\u00f3nica<\/a>)<br \/>\n#43 en\u00a0<a href=\"https:\/\/www.amazon.com\/gp\/bestsellers\/electronics\/6577543011\/ref=pd_zg_hrsr_electronics\">Pasacables<\/a><\/td>\n<\/tr>\n<\/tbody>\n<\/table>\n<\/div>\n<\/div>\n<\/div>\n<\/div>","protected":false},"excerpt":{"rendered":"<p>Organizador de cables de gran capacidad: El organizador de cables grande Yecaye puede ayudar en la ocultaci\u00f3n ordenada de todos los elementos y la organizaci\u00f3n de su espacio de trabajo de oficina en casa o escritorio de juego. Es una opci\u00f3n excepcional para regletas de enchufes, protectores contra sobretensiones, ladrillos de alimentaci\u00f3n, discos duros externos, cables o conexiones. Deje caer las regletas de cables\/alimentaci\u00f3n en el sistema de gesti\u00f3n de cables situado debajo del escritorio sin necesidad de una tapa con bisagras o una cubierta m\u00f3vil.<br \/>\nInstalaci\u00f3n sencilla con cinta adhesiva duradera: No se requieren sujetadores ni herramientas.El organizador de cables bajo el escritorio se instala f\u00e1cilmente aplicando cinta adhesiva a la superficie.Debe esperar al menos 24 horas antes de instalar cables o cables de alimentaci\u00f3n.La capacidad de carga ser\u00e1 de hasta 6 libras, y estar\u00e1 bien sujeto para evitar que se caiga.Por favor, abst\u00e9ngase de emplear el organizador de cables en superficies con textura para garantizar una experiencia positiva.<br \/>\nInstalaci\u00f3n adaptable: Nuestro organizador de cables bajo escritorio est\u00e1 fabricado en pl\u00e1stico PVC duro de 2 mm y es apto para su uso en cualquier superficie lisa, a excepci\u00f3n de paredes con textura. Puede colocarse debajo del escritorio, mirando hacia dentro o hacia fuera, detr\u00e1s del escritorio o contra la pared.<\/p>\n<p>Espacio suficiente para su uso: La longitud total del cable es de 31,5 pulgadas, y la abertura superior y los recortes laterales est\u00e1n dise\u00f1ados para permitir que los cables del ordenador pasen libremente por el escritorio, evitando que se enreden, sobre todo cuando se mueve el escritorio hacia arriba y hacia abajo.Para organizar todos los restos de cables. Adem\u00e1s de evitar peligros de tropiezos, ocultar las regletas de enchufes y los cables sueltos tambi\u00e9n libera espacio en el escritorio y en el suelo.<br \/>\nSe incluye una amplia gama de accesorios: El paquete incluye dos sujetacables duraderos (L15,7in W3,9in H3,5in), cuatro recept\u00e1culos para cables y seis sujetacables. La pared lateral y la parte inferior de cada pasacables est\u00e1n pretaladradas con cinco aberturas, cada una de 1,2 x 1,2 pulgadas. Esto simplificar\u00e1 el tendido de los cables. Los cables individuales se pueden separar f\u00e1cilmente y pasar a trav\u00e9s de las aberturas.<\/p>","protected":false},"featured_media":2511,"comment_status":"open","ping_status":"closed","template":"","meta":[],"product_brand":[],"product_cat":[67,58],"product_tag":[],"class_list":{"0":"post-2504","1":"product","2":"type-product","3":"status-publish","4":"has-post-thumbnail","6":"product_cat-cable-management-cases","7":"product_cat-setup-accessories","9":"first","10":"instock","11":"shipping-taxable","12":"purchasable","13":"product-type-simple"},"_links":{"self":[{"href":"https:\/\/vavcase.com\/es\/wp-json\/wp\/v2\/product\/2504","targetHints":{"allow":["GET"]}}],"collection":[{"href":"https:\/\/vavcase.com\/es\/wp-json\/wp\/v2\/product"}],"about":[{"href":"https:\/\/vavcase.com\/es\/wp-json\/wp\/v2\/types\/product"}],"replies":[{"embeddable":true,"href":"https:\/\/vavcase.com\/es\/wp-json\/wp\/v2\/comments?post=2504"}],"wp:featuredmedia":[{"embeddable":true,"href":"https:\/\/vavcase.com\/es\/wp-json\/wp\/v2\/media\/2511"}],"wp:attachment":[{"href":"https:\/\/vavcase.com\/es\/wp-json\/wp\/v2\/media?parent=2504"}],"wp:term":[{"taxonomy":"product_brand","embeddable":true,"href":"https:\/\/vavcase.com\/es\/wp-json\/wp\/v2\/product_brand?post=2504"},{"taxonomy":"product_cat","embeddable":true,"href":"https:\/\/vavcase.com\/es\/wp-json\/wp\/v2\/product_cat?post=2504"},{"taxonomy":"product_tag","embeddable":true,"href":"https:\/\/vavcase.com\/es\/wp-json\/wp\/v2\/product_tag?post=2504"}],"curies":[{"name":"wp","href":"https:\/\/api.w.org\/{rel}","templated":true}]}}