{"id":2512,"date":"2025-02-17T09:27:21","date_gmt":"2025-02-17T09:27:21","guid":{"rendered":"https:\/\/vavcase.com\/?post_type=product&#038;p=2512"},"modified":"2025-11-10T10:26:54","modified_gmt":"2025-11-10T10:26:54","slug":"fyy-electronic-organizer-travel-cable-organizer-bag-pouch-electronic-accessories-carry-case-portable-waterproof-double-layers-storage-case","status":"publish","type":"product","link":"https:\/\/vavcase.com\/es\/producto\/fyy-organizador-electronico-bolsa-organizador-de-cables-de-viaje-bolsa-accesorios-electronicos-maletin-portatil-impermeable-doble-capa-estuche-de-almacenaje\/","title":{"rendered":"FYY Organizador Electr\u00f3nico, Bolsa Organizadora de Cables de Viaje Bolsa para Accesorios Electr\u00f3nicos Estuche Port\u00e1til Impermeable de Doble Capa"},"content":{"rendered":"<h2>Informaci\u00f3n sobre el producto<\/h2>\n<div class=\"a-row a-spacing-top-base\">\n<div class=\"a-column a-span6\">\n<div class=\"a-row a-spacing-base\">\n<div class=\"a-section table-padding\">\n<table id=\"productDetails_detailBullets_sections1\" class=\"a-keyvalue prodDetTable\" role=\"presentation\">\n<tbody>\n<tr>\n<th class=\"a-color-secondary a-size-base prodDetSectionEntry\">Dimensiones del producto<\/th>\n<td class=\"a-size-base prodDetAttrValue\">8,3 x 5 x 2,6 pulgadas<\/td>\n<\/tr>\n<tr>\n<th class=\"a-color-secondary a-size-base prodDetSectionEntry\">Peso del art\u00edculo<\/th>\n<td class=\"a-size-base prodDetAttrValue\">3,84 onzas<\/td>\n<\/tr>\n<tr>\n<th class=\"a-color-secondary a-size-base prodDetSectionEntry\">ASIN<\/th>\n<td class=\"a-size-base prodDetAttrValue\">B09DGDDK1C<\/td>\n<\/tr>\n<tr>\n<th class=\"a-color-secondary a-size-base prodDetSectionEntry\">N\u00famero de modelo del art\u00edculo<\/th>\n<td class=\"a-size-base prodDetAttrValue\">FYY-BR-C-002-Cable-Organizer-DL-BK<\/td>\n<\/tr>\n<tr>\n<th class=\"a-color-secondary a-size-base prodDetSectionEntry\">Opiniones de los clientes<\/th>\n<td class=\"a-size-base\">\n<div id=\"averageCustomerReviews\" data-asin=\"B09DGDDK1C\" data-ref=\"dpx_acr_pop_\"><span class=\"a-declarative\" data-action=\"acrStarsLink-click-metrics\" data-acrstarslink-click-metrics=\"{}\"><span id=\"acrPopover\" class=\"reviewCountTextLinkedHistogram noUnderline\" title=\"4,5 de 5 estrellas\"><a class=\"a-popover-trigger a-declarative\" role=\"button\"><span class=\"a-size-base a-color-base\">4.5\u00a0<\/span><i class=\"a-icon a-icon-star a-star-4-5 cm-cr-review-stars-spacing-big\"><span class=\"a-icon-alt\">4,5 de 5 estrellas<\/span><\/i>\u00a0<i class=\"a-icon a-icon-popover\"><\/i><\/a>\u00a0\u00a0<\/span><\/span>\u00a0<span class=\"a-declarative\" data-action=\"acrLink-click-metrics\" data-acrlink-click-metrics=\"{}\"><a id=\"acrCustomerReviewLink\" class=\"a-link-normal\" href=\"https:\/\/www.amazon.com\/FYY-Electronic-Organizer-Accessories-Waterproof\/dp\/B09DGDDK1C\/ref=sr_1_12_sspa?crid=3HXWMF2A83JZZ&amp;dib=eyJ2IjoiMSJ9.wEk3Ax8K7Grzd_c2xXzNXdN2UM6xDZWFDxvtqKIpqEsEL62FwsNCDPuekS074scihVQ1YJI2WKouieU40PSM61BxIXy42HgkxqaMhc8UNtjCFskov22rxoNghphv35VM2dpYiT0bbLD3_u0plNogqvqKpxRro-J3BShX4DyWpT2OTF2MZskNbn7E9OGYWwttlXaOfpcQouC_XlbLf2VvumTRfSEXa2Osk0apLEj70yE.rZ-C8XBpZuZzK1eNCfD897WI1VhNBd-8kqx7-HETPj4&amp;dib_tag=se&amp;keywords=Cable%2BManagement%2BCases%2B%E2%80%93%2BOrganizers%2Bfor%2Bgaming%2Bcables%2Band%2Badapters&amp;qid=1739783057&amp;sprefix=cable%2Bmanagement%2Bcases%2Borganizers%2Bfor%2Bgaming%2Bcables%2Band%2Badapters%2Caps%2C730&amp;sr=8-12-spons&amp;sp_csd=d2lkZ2V0TmFtZT1zcF9tdGY&amp;th=1#customerReviews\"><span id=\"acrCustomerReviewText\" class=\"a-size-base\">28.719 valoraciones<\/span><\/a><\/span><\/div>\n<p>4,5 de 5 estrellas<\/td>\n<\/tr>\n<tr>\n<th class=\"a-color-secondary a-size-base prodDetSectionEntry\">Clasificaci\u00f3n de los m\u00e1s vendidos<\/th>\n<td>#2 en\u00a0<a href=\"https:\/\/www.amazon.com\/gp\/bestsellers\/electronics\/290458\/ref=pd_zg_hrsr_electronics\">Fundas y bolsas organizadoras de cables<\/a><\/td>\n<\/tr>\n<\/tbody>\n<\/table>\n<\/div>\n<\/div>\n<\/div>\n<\/div>","protected":false},"excerpt":{"rendered":"<p>Dimensiones: El malet\u00edn de viaje para guardar cables mide 8,3\u2033 x 5\u2033 x 2,6\u2033. Es f\u00e1cil de transportar y almacenar en su mochila, bolsos o bolsa de ordenador port\u00e1til debido a su tama\u00f1o compacto y dise\u00f1o ligero. Adecuado para la organizaci\u00f3n diaria y el uso familiar.<br \/>\nMaterial de calidad: Este estuche de viaje organizador electr\u00f3nico est\u00e1 fabricado con oxford impermeable duradero de alta calidad y un interior de esponja suave para garantizar que sus gadgets est\u00e9n bien colocados y que pueda acceder a ellos r\u00e1pidamente en cualquier momento. Es una funda ideal para proteger sus accesorios electr\u00f3nicos.<br \/>\nDise\u00f1o de doble capa: La bolsa de almacenamiento de electr\u00f3nica cuenta con un compartimento interior de dos capas que proporciona un amplio espacio para sus cables, cables, unidad USB, m\u00f3vil, cargador, rat\u00f3n, unidad flash y otros accesorios.<\/p>\n<p>Pr\u00e1ctico y c\u00f3modo: Equipada con un c\u00f3modo arn\u00e9s de mano para transportarla sin esfuerzo; se puede llevar en la mano al salir. La funda est\u00e1 dise\u00f1ada para proporcionarle un acceso r\u00e1pido a los objetos de su interior, y el duradero y suave cierre de cremallera garantiza que su querido dispositivo se mantenga seguro.<br \/>\nPort\u00e1til y ligero: Este bolso organizador de cables duradero es una opci\u00f3n ideal para usar durante viajes, viajes de negocios, vacaciones o en la oficina debido a su tama\u00f1o compacto y dise\u00f1o ligero. Este art\u00edculo es un excelente regalo para uno mismo y tambi\u00e9n un detalle para amigos y familiares. (Los accesorios electr\u00f3nicos y los cables no est\u00e1n incluidos).<\/p>","protected":false},"featured_media":2519,"comment_status":"open","ping_status":"closed","template":"","meta":[],"product_brand":[],"product_cat":[67,58],"product_tag":[],"class_list":{"0":"post-2512","1":"product","2":"type-product","3":"status-publish","4":"has-post-thumbnail","6":"product_cat-cable-management-cases","7":"product_cat-setup-accessories","9":"first","10":"instock","11":"shipping-taxable","12":"purchasable","13":"product-type-simple"},"_links":{"self":[{"href":"https:\/\/vavcase.com\/es\/wp-json\/wp\/v2\/product\/2512","targetHints":{"allow":["GET"]}}],"collection":[{"href":"https:\/\/vavcase.com\/es\/wp-json\/wp\/v2\/product"}],"about":[{"href":"https:\/\/vavcase.com\/es\/wp-json\/wp\/v2\/types\/product"}],"replies":[{"embeddable":true,"href":"https:\/\/vavcase.com\/es\/wp-json\/wp\/v2\/comments?post=2512"}],"wp:featuredmedia":[{"embeddable":true,"href":"https:\/\/vavcase.com\/es\/wp-json\/wp\/v2\/media\/2519"}],"wp:attachment":[{"href":"https:\/\/vavcase.com\/es\/wp-json\/wp\/v2\/media?parent=2512"}],"wp:term":[{"taxonomy":"product_brand","embeddable":true,"href":"https:\/\/vavcase.com\/es\/wp-json\/wp\/v2\/product_brand?post=2512"},{"taxonomy":"product_cat","embeddable":true,"href":"https:\/\/vavcase.com\/es\/wp-json\/wp\/v2\/product_cat?post=2512"},{"taxonomy":"product_tag","embeddable":true,"href":"https:\/\/vavcase.com\/es\/wp-json\/wp\/v2\/product_tag?post=2512"}],"curies":[{"name":"wp","href":"https:\/\/api.w.org\/{rel}","templated":true}]}}