{"id":2521,"date":"2025-02-17T09:32:50","date_gmt":"2025-02-17T09:32:50","guid":{"rendered":"https:\/\/vavcase.com\/?post_type=product&#038;p=2521"},"modified":"2026-04-08T14:19:14","modified_gmt":"2026-04-08T14:19:14","slug":"shikha-cable-management-under-desk-15-7-31-retractable-cable-management-tray","status":"publish","type":"product","link":"https:\/\/vavcase.com\/es\/producto\/shikha-organizador-de-cables-bajo-escritorio-15-7-31-bandeja-organizadora-de-cables-retractil\/","title":{"rendered":"Shikha Gesti\u00f3n de cables debajo del escritorio, bandeja retr\u00e1ctil de gesti\u00f3n de cables de 15,7\u2033-31\u2033."},"content":{"rendered":"<h2>Informaci\u00f3n sobre el producto<\/h2>\n<div class=\"a-row a-spacing-top-base\">\n<div class=\"a-column a-span6\">\n<div class=\"a-row a-spacing-base\">\n<div class=\"a-section table-padding\">\n<table id=\"productDetails_detailBullets_sections1\" class=\"a-keyvalue prodDetTable\" role=\"presentation\">\n<tbody>\n<tr>\n<th class=\"a-color-secondary a-size-base prodDetSectionEntry\">Dimensiones del producto<\/th>\n<td class=\"a-size-base prodDetAttrValue\">29,5 x 4,7 x 0,1 pulgadas<\/td>\n<\/tr>\n<tr>\n<th class=\"a-color-secondary a-size-base prodDetSectionEntry\">Peso del art\u00edculo<\/th>\n<td class=\"a-size-base prodDetAttrValue\">3,69 libras<\/td>\n<\/tr>\n<tr>\n<th class=\"a-color-secondary a-size-base prodDetSectionEntry\">ASIN<\/th>\n<td class=\"a-size-base prodDetAttrValue\">B0C5QYSKNJ<\/td>\n<\/tr>\n<tr>\n<th class=\"a-color-secondary a-size-base prodDetSectionEntry\">Opiniones de los clientes<\/th>\n<td class=\"a-size-base\">\n<div id=\"averageCustomerReviews\" data-asin=\"B0C5QYSKNJ\" data-ref=\"dpx_acr_pop_\"><span class=\"a-declarative\" data-action=\"acrStarsLink-click-metrics\" data-acrstarslink-click-metrics=\"{}\"><span id=\"acrPopover\" class=\"reviewCountTextLinkedHistogram noUnderline\" title=\"4,5 de 5 estrellas\"><a class=\"a-popover-trigger a-declarative\" role=\"button\"><span class=\"a-size-base a-color-base\">4.5\u00a0<\/span><i class=\"a-icon a-icon-star a-star-4-5 cm-cr-review-stars-spacing-big\"><span class=\"a-icon-alt\">4,5 de 5 estrellas<\/span><\/i>\u00a0<i class=\"a-icon a-icon-popover\"><\/i><\/a>\u00a0\u00a0<\/span><\/span>\u00a0<span class=\"a-declarative\" data-action=\"acrLink-click-metrics\" data-acrlink-click-metrics=\"{}\"><a id=\"acrCustomerReviewLink\" class=\"a-link-normal\" href=\"https:\/\/www.amazon.com\/Shikha-Management-Retractable-Drilling-Organizer\/dp\/B0C5QYSKNJ\/ref=sr_1_34_sspa?crid=O7NJBDSK332Z&amp;dib=eyJ2IjoiMSJ9.Zy_NWatJHS3MY4dxWbKWAsCuGZaEd9uESOwohTsNJ3nGjHj071QN20LucGBJIEps.s2K4De6CpZXHf9RimD8QXFw4RBYeSi3-9LnfXndUjjk&amp;dib_tag=se&amp;keywords=%E2%80%A2%2BCable%2BManagement%2BCases%2B%E2%80%93%2BOrganizers%2Bfor%2Bgaming%2Bcables%2Band%2Badapters.&amp;qid=1739784488&amp;sprefix=cable%2Bmanagement%2Bcases%2Borganizers%2Bfor%2Bgaming%2Bcables%2Band%2Badapters.%2Caps%2C1107&amp;sr=8-34-spons&amp;xpid=Budc5jspIi1w2&amp;sp_csd=d2lkZ2V0TmFtZT1zcF9hdGZfbmV4dA&amp;th=1#customerReviews\"><span id=\"acrCustomerReviewText\" class=\"a-size-base\">272 valoraciones<\/span><\/a><\/span><\/div>\n<p>4,5 de 5 estrellas<\/td>\n<\/tr>\n<tr>\n<th class=\"a-color-secondary a-size-base prodDetSectionEntry\">Clasificaci\u00f3n de los m\u00e1s vendidos<\/th>\n<td>#74,167 en Electr\u00f3nica (<a href=\"https:\/\/www.amazon.com\/gp\/bestsellers\/electronics\/ref=pd_zg_ts_electronics\">Ver Top 100 en Electr\u00f3nica<\/a>)<br \/>\n#711 en\u00a0<a href=\"https:\/\/www.amazon.com\/gp\/bestsellers\/electronics\/6577543011\/ref=pd_zg_hrsr_electronics\">Pasacables<\/a><\/td>\n<\/tr>\n<\/tbody>\n<\/table>\n<\/div>\n<\/div>\n<\/div>\n<\/div>","protected":false},"excerpt":{"rendered":"<p><strong>Ahorro de espacio:<\/strong> \u00bfSigue luchando por mantener un escritorio ordenado y dif\u00edcil de limpiar? Este organizador de cables bajo el escritorio es ajustable, no requiere taladrar y se instala y desmonta sin esfuerzo, lo que mejora las indeseables circunstancias actuales. Se utilizan abrazaderas en C con almohadillas adhesivas antifricci\u00f3n para fijarlo en su posici\u00f3n, evitando as\u00ed da\u00f1os en el escritorio y eliminando la necesidad de taladrar.<br \/>\n<strong>El dise\u00f1o no requiere perforaci\u00f3n :<\/strong> La bandeja organizadora de cables mide 4,7\u2033 de ancho y puede ajustarse en longitud de 15,7\u2033 a 31\u2033. Es capaz de acomodar m\u00faltiples regletas de enchufes, cargadores de iPhone\/PC, y se puede organizar de forma m\u00e1s precisa con el uso de bridas para cables. La instalaci\u00f3n no requiere taladros ni adhesivos; es extremadamente f\u00e1cil de instalar y quitar.<br \/>\n<strong>Dise\u00f1o innovador:<\/strong> Fabricado en metal de alta resistencia, el dise\u00f1o de la estructura hueca es a la vez duradero y eficaz para disipar el calor. Cada abertura tiene una funci\u00f3n distinta. Su instalaci\u00f3n debajo de la mesa evitar\u00e1 que los animales dom\u00e9sticos la da\u00f1en y garantizar\u00e1 que el suelo no sufra impactos durante la limpieza.<\/p>\n<p><strong>Organizador de cables multiusos:<\/strong> Incluye clips portacables para facilitar la organizaci\u00f3n del cargador. Los clips est\u00e1n provistos de cinta adhesiva 3M en el reverso, lo que elimina la necesidad de adhesivos adicionales para su instalaci\u00f3n. La superficie de la mesa queda protegida de posibles da\u00f1os gracias a las almohadillas antifricci\u00f3n que act\u00faan sobre la posici\u00f3n de contacto de la mesa y a los clips en forma de C. Todos los tornillos y tuercas son universales, por lo que no es necesario adquirir varios tipos en caso de que uno falte o est\u00e9 da\u00f1ado.<br \/>\n<strong>Excelente servicio de atenci\u00f3n al cliente:<\/strong> No dude en ponerse en contacto con nosotros si tiene alg\u00fan problema durante el uso del producto o si descubre que falta alguna pieza despu\u00e9s de recibir el env\u00edo. Le responderemos a la mayor brevedad posible.<\/p>","protected":false},"featured_media":2529,"comment_status":"open","ping_status":"closed","template":"","meta":[],"product_brand":[],"product_cat":[67,58],"product_tag":[],"class_list":{"0":"post-2521","1":"product","2":"type-product","3":"status-publish","4":"has-post-thumbnail","6":"product_cat-cable-management-cases","7":"product_cat-setup-accessories","9":"first","10":"instock","11":"shipping-taxable","12":"purchasable","13":"product-type-simple"},"_links":{"self":[{"href":"https:\/\/vavcase.com\/es\/wp-json\/wp\/v2\/product\/2521","targetHints":{"allow":["GET"]}}],"collection":[{"href":"https:\/\/vavcase.com\/es\/wp-json\/wp\/v2\/product"}],"about":[{"href":"https:\/\/vavcase.com\/es\/wp-json\/wp\/v2\/types\/product"}],"replies":[{"embeddable":true,"href":"https:\/\/vavcase.com\/es\/wp-json\/wp\/v2\/comments?post=2521"}],"wp:featuredmedia":[{"embeddable":true,"href":"https:\/\/vavcase.com\/es\/wp-json\/wp\/v2\/media\/2529"}],"wp:attachment":[{"href":"https:\/\/vavcase.com\/es\/wp-json\/wp\/v2\/media?parent=2521"}],"wp:term":[{"taxonomy":"product_brand","embeddable":true,"href":"https:\/\/vavcase.com\/es\/wp-json\/wp\/v2\/product_brand?post=2521"},{"taxonomy":"product_cat","embeddable":true,"href":"https:\/\/vavcase.com\/es\/wp-json\/wp\/v2\/product_cat?post=2521"},{"taxonomy":"product_tag","embeddable":true,"href":"https:\/\/vavcase.com\/es\/wp-json\/wp\/v2\/product_tag?post=2521"}],"curies":[{"name":"wp","href":"https:\/\/api.w.org\/{rel}","templated":true}]}}