{"id":2531,"date":"2025-02-17T09:44:08","date_gmt":"2025-02-17T09:44:08","guid":{"rendered":"https:\/\/vavcase.com\/?post_type=product&#038;p=2531"},"modified":"2026-04-11T13:59:40","modified_gmt":"2026-04-11T13:59:40","slug":"2-in-1-aluminum-headphone-stand-phone-holder-rack-sleek-sturdy-ergonomic-design-gaming-headset-stand-for-desk-organization","status":"publish","type":"product","link":"https:\/\/vavcase.com\/es\/producto\/2-en-1-soporte-de-aluminio-para-auriculares-soporte-de-telefono-elegante-diseno-ergonomico-robusto-auriculares-de-juego-de-pie-para-la-organizacion-de-escritorio\/","title":{"rendered":"Soporte de aluminio 2 en 1 para auriculares y tel\u00e9fono - Dise\u00f1o elegante, robusto y ergon\u00f3mico Soporte para auriculares de juegos para organizar el escritorio"},"content":{"rendered":"<h2>Informaci\u00f3n sobre el producto<\/h2>\n<div class=\"a-row a-spacing-top-base\">\n<div class=\"a-column a-span6\">\n<div class=\"a-row a-spacing-base\">\n<div class=\"a-section table-padding\">\n<table id=\"productDetails_detailBullets_sections1\" class=\"a-keyvalue prodDetTable\" role=\"presentation\">\n<tbody>\n<tr>\n<th class=\"a-color-secondary a-size-base prodDetSectionEntry\">Dimensiones del producto<\/th>\n<td class=\"a-size-base prodDetAttrValue\">4,1 x 4,09 x 9,25 pulgadas<\/td>\n<\/tr>\n<tr>\n<th class=\"a-color-secondary a-size-base prodDetSectionEntry\">Peso del art\u00edculo<\/th>\n<td class=\"a-size-base prodDetAttrValue\">3,2 onzas<\/td>\n<\/tr>\n<tr>\n<th class=\"a-color-secondary a-size-base prodDetSectionEntry\">ASIN<\/th>\n<td class=\"a-size-base prodDetAttrValue\">B0CRTDMYHD<\/td>\n<\/tr>\n<tr>\n<th class=\"a-color-secondary a-size-base prodDetSectionEntry\">N\u00famero de modelo del art\u00edculo<\/th>\n<td class=\"a-size-base prodDetAttrValue\">soporte para auriculares<\/td>\n<\/tr>\n<tr>\n<th class=\"a-color-secondary a-size-base prodDetSectionEntry\">Opiniones de los clientes<\/th>\n<td class=\"a-size-base\">\n<div id=\"averageCustomerReviews\" data-asin=\"B0CRTDMYHD\" data-ref=\"dpx_acr_pop_\"><span class=\"a-declarative\" data-action=\"acrStarsLink-click-metrics\" data-acrstarslink-click-metrics=\"{}\"><span id=\"acrPopover\" class=\"reviewCountTextLinkedHistogram noUnderline\" title=\"4,4 de 5 estrellas\"><a class=\"a-popover-trigger a-declarative\" role=\"button\"><span class=\"a-size-base a-color-base\">4.4\u00a0<\/span><i class=\"a-icon a-icon-star a-star-4-5 cm-cr-review-stars-spacing-big\"><span class=\"a-icon-alt\">4,4 de 5 estrellas<\/span><\/i>\u00a0<i class=\"a-icon a-icon-popover\"><\/i><\/a>\u00a0\u00a0<\/span><\/span>\u00a0<span class=\"a-declarative\" data-action=\"acrLink-click-metrics\" data-acrlink-click-metrics=\"{}\"><a id=\"acrCustomerReviewLink\" class=\"a-link-normal\" href=\"https:\/\/www.amazon.com\/XMANA-Aluminum-Headphone-Stand-Holder\/dp\/B0CRTDMYHD\/ref=sr_1_15?crid=2E1D1X94YOD6J&amp;dib=eyJ2IjoiMSJ9.lfWIQ9Fyq1SLL2jZOkD6FldwIwyeeGhgak5fQgWZ90SEz5Qrts3gQ9_mdktZ5WHfvEdK2npZfgZR1Zxlsxa2BL5ZA1UyEwbkdGFdPbTz2AAJAhaZCqQi5vNFbOCYG0xGfwVTWHD_0fhQtUIN4OLmhMihhDBssCPHm0sXwUue8u70UILj1ziW-Iky3sdegtag9sRTzCOaoXJH0KQr7vHC56UxEET9LrJbojTJvyvR7-o.3DAqE5cPMmswDOzujncxLOE81PC5HE62SxrGEMkj-_M&amp;dib_tag=se&amp;keywords=Headset%2BStands&amp;qid=1739785103&amp;sprefix=headset%2Bstands%2B%2Caps%2C378&amp;sr=8-15&amp;th=1#customerReviews\"><span id=\"acrCustomerReviewText\" class=\"a-size-base\">135 valoraciones<\/span><\/a><\/span><\/div>\n<p>4,4 de 5 estrellas<\/td>\n<\/tr>\n<tr>\n<th class=\"a-color-secondary a-size-base prodDetSectionEntry\">Clasificaci\u00f3n de los m\u00e1s vendidos<\/th>\n<td>#3,428 en Electr\u00f3nica (<a href=\"https:\/\/www.amazon.com\/gp\/bestsellers\/electronics\/ref=pd_zg_ts_electronics\">Ver Top 100 en Electr\u00f3nica<\/a>)<br \/>\n#7,118 en\u00a0<a href=\"https:\/\/www.amazon.com\/gp\/bestsellers\/electronics\/281407\/ref=pd_zg_hrsr_electronics\">Accesorios y suministros electr\u00f3nicos<\/a><\/td>\n<\/tr>\n<tr>\n<th class=\"a-color-secondary a-size-base prodDetSectionEntry\">Caracter\u00edsticas especiales<\/th>\n<td class=\"a-size-base prodDetAttrValue\">Port\u00e1til, ergon\u00f3mica, perfil delgado, manos libres, de bolsillo<\/td>\n<\/tr>\n<tr>\n<th class=\"a-color-secondary a-size-base prodDetSectionEntry\">Otras funciones de visualizaci\u00f3n<\/th>\n<td class=\"a-size-base prodDetAttrValue\">CE<\/td>\n<\/tr>\n<tr>\n<th class=\"a-color-secondary a-size-base prodDetSectionEntry\">Factor de forma<\/th>\n<td class=\"a-size-base prodDetAttrValue\">Torre<\/td>\n<\/tr>\n<tr>\n<th class=\"a-color-secondary a-size-base prodDetSectionEntry\">Color<\/th>\n<td class=\"a-size-base prodDetAttrValue\">Negro<\/td>\n<\/tr>\n<tr>\n<th class=\"a-color-secondary a-size-base prodDetSectionEntry\">Contenido de la caja<\/th>\n<td class=\"a-size-base prodDetAttrValue\">Cinta adhesiva de 3 m, soporte para auriculares<\/td>\n<\/tr>\n<tr>\n<th class=\"a-color-secondary a-size-base prodDetSectionEntry\">Fabricante<\/th>\n<td class=\"a-size-base prodDetAttrValue\">XMANA<\/td>\n<\/tr>\n<\/tbody>\n<\/table>\n<\/div>\n<\/div>\n<\/div>\n<\/div>","protected":false},"excerpt":{"rendered":"<p><strong>Doble funcionalidad:<\/strong> Garantiza que sus objetos esenciales est\u00e9n siempre al alcance de la mano sujetando sin esfuerzo auriculares o tel\u00e9fonos.<\/p>\n<p><strong> Construcci\u00f3n duradera:<\/strong> Construido con materiales de primera calidad y equipado con un recept\u00e1culo de auriculares de aluminio para garantizar la longevidad y la estabilidad.<\/p>\n<p><strong>Dise\u00f1o compacto:<\/strong> El soporte para auriculares es la opci\u00f3n ideal para una estaci\u00f3n o espacio de trabajo, ya que mide 9,25\u2033 de alto y 4,1\u2033 de ancho.<\/p>\n<p><strong>C\u00f3modo montaje:<\/strong> Su soporte para auriculares estar\u00e1 preparado en cuesti\u00f3n de segundos con una configuraci\u00f3n sin complicaciones.<\/p>\n<p><strong>Compatibilidad universal:<\/strong> Dise\u00f1ado para adaptarse a una amplia gama de tama\u00f1os de auriculares y tel\u00e9fonos, incluidos los AirPods Max, XBox y PS5, as\u00ed como todos los auriculares inal\u00e1mbricos y con cable para juegos.<br \/>\n<strong>Regalos ideales para jugadores:<\/strong> Un accesorio de juego esencial para cualquier aficionado, ya que mejora la configuraci\u00f3n y la experiencia de juego. Aspecto elegante: Un dise\u00f1o moderno y minimalista compatible con la decoraci\u00f3n de cualquier habitaci\u00f3n.<\/p>","protected":false},"featured_media":2536,"comment_status":"open","ping_status":"closed","template":"","meta":[],"product_brand":[],"product_cat":[68,58],"product_tag":[],"class_list":{"0":"post-2531","1":"product","2":"type-product","3":"status-publish","4":"has-post-thumbnail","6":"product_cat-headset-stands","7":"product_cat-setup-accessories","9":"first","10":"instock","11":"shipping-taxable","12":"purchasable","13":"product-type-simple"},"_links":{"self":[{"href":"https:\/\/vavcase.com\/es\/wp-json\/wp\/v2\/product\/2531","targetHints":{"allow":["GET"]}}],"collection":[{"href":"https:\/\/vavcase.com\/es\/wp-json\/wp\/v2\/product"}],"about":[{"href":"https:\/\/vavcase.com\/es\/wp-json\/wp\/v2\/types\/product"}],"replies":[{"embeddable":true,"href":"https:\/\/vavcase.com\/es\/wp-json\/wp\/v2\/comments?post=2531"}],"wp:featuredmedia":[{"embeddable":true,"href":"https:\/\/vavcase.com\/es\/wp-json\/wp\/v2\/media\/2536"}],"wp:attachment":[{"href":"https:\/\/vavcase.com\/es\/wp-json\/wp\/v2\/media?parent=2531"}],"wp:term":[{"taxonomy":"product_brand","embeddable":true,"href":"https:\/\/vavcase.com\/es\/wp-json\/wp\/v2\/product_brand?post=2531"},{"taxonomy":"product_cat","embeddable":true,"href":"https:\/\/vavcase.com\/es\/wp-json\/wp\/v2\/product_cat?post=2531"},{"taxonomy":"product_tag","embeddable":true,"href":"https:\/\/vavcase.com\/es\/wp-json\/wp\/v2\/product_tag?post=2531"}],"curies":[{"name":"wp","href":"https:\/\/api.w.org\/{rel}","templated":true}]}}