{"id":2540,"date":"2025-02-17T09:50:16","date_gmt":"2025-02-17T09:50:16","guid":{"rendered":"https:\/\/vavcase.com\/?post_type=product&#038;p=2540"},"modified":"2025-11-10T10:27:35","modified_gmt":"2025-11-10T10:27:35","slug":"new-bee-headphone-stand-headset-holder-earphone-stand-with-aluminum-supporting-bar-flexible-headrest-abs-solid-base-for-all-headphones-size","status":"publish","type":"product","link":"https:\/\/vavcase.com\/es\/producto\/nuevo-soporte-para-auriculares-bee-soporte-para-auriculares-con-barra-de-soporte-de-aluminio-reposacabezas-flexible-abs-base-solida-para-todos-los-auriculares-de-tamano\/","title":{"rendered":"Nuevo soporte para auriculares de abeja Soporte para auriculares Soporte para auriculares con barra de soporte de aluminio Reposacabezas flexible ABS Base s\u00f3lida para todos los tama\u00f1os de auriculares"},"content":{"rendered":"<h2>Informaci\u00f3n sobre el producto<\/h2>\n<div class=\"a-row a-spacing-top-base\">\n<div class=\"a-column a-span6\">\n<div class=\"a-row a-spacing-base\">\n<div class=\"a-section table-padding\">\n<table id=\"productDetails_detailBullets_sections1\" class=\"a-keyvalue prodDetTable\" role=\"presentation\">\n<tbody>\n<tr>\n<th class=\"a-color-secondary a-size-base prodDetSectionEntry\">Peso del art\u00edculo<\/th>\n<td class=\"a-size-base prodDetAttrValue\">3,56 onzas<\/td>\n<\/tr>\n<tr>\n<th class=\"a-color-secondary a-size-base prodDetSectionEntry\">Dimensiones del producto<\/th>\n<td class=\"a-size-base prodDetAttrValue\">1,97 x 1,97 x 7,87 pulgadas<\/td>\n<\/tr>\n<tr>\n<th class=\"a-color-secondary a-size-base prodDetSectionEntry\">ASIN<\/th>\n<td class=\"a-size-base prodDetAttrValue\">B01GJQ7N94<\/td>\n<\/tr>\n<tr>\n<th class=\"a-color-secondary a-size-base prodDetSectionEntry\">N\u00famero de modelo del art\u00edculo<\/th>\n<td class=\"a-size-base prodDetAttrValue\">Z1<\/td>\n<\/tr>\n<tr>\n<th class=\"a-color-secondary a-size-base prodDetSectionEntry\">Opiniones de los clientes<\/th>\n<td class=\"a-size-base\">\n<div id=\"averageCustomerReviews\" data-asin=\"B01GJQ7N94\" data-ref=\"dpx_acr_pop_\"><span class=\"a-declarative\" data-action=\"acrStarsLink-click-metrics\" data-acrstarslink-click-metrics=\"{}\"><span id=\"acrPopover\" class=\"reviewCountTextLinkedHistogram noUnderline\" title=\"4,6 de 5 estrellas\"><a class=\"a-popover-trigger a-declarative\" role=\"button\"><span class=\"a-size-base a-color-base\">4.6\u00a0<\/span><i class=\"a-icon a-icon-star a-star-4-5 cm-cr-review-stars-spacing-big\"><span class=\"a-icon-alt\">4,6 de 5 estrellas<\/span><\/i>\u00a0<i class=\"a-icon a-icon-popover\"><\/i><\/a>\u00a0\u00a0<\/span><\/span>\u00a0<span class=\"a-declarative\" data-action=\"acrLink-click-metrics\" data-acrlink-click-metrics=\"{}\"><a id=\"acrCustomerReviewLink\" class=\"a-link-normal\" href=\"https:\/\/www.amazon.com\/Headphone-New-Earphone-Supporting-Headphones\/dp\/B01GJQ7N94\/ref=sr_1_3?crid=2E1D1X94YOD6J&amp;dib=eyJ2IjoiMSJ9.lfWIQ9Fyq1SLL2jZOkD6FldwIwyeeGhgak5fQgWZ90SEz5Qrts3gQ9_mdktZ5WHfvEdK2npZfgZR1Zxlsxa2BL5ZA1UyEwbkdGFdPbTz2AAJAhaZCqQi5vNFbOCYG0xGfwVTWHD_0fhQtUIN4OLmhMihhDBssCPHm0sXwUue8u70UILj1ziW-Iky3sdegtag9sRTzCOaoXJH0KQr7vHC56UxEET9LrJbojTJvyvR7-o.3DAqE5cPMmswDOzujncxLOE81PC5HE62SxrGEMkj-_M&amp;dib_tag=se&amp;keywords=Headset%2BStands&amp;qid=1739785103&amp;sprefix=headset%2Bstands%2B%2Caps%2C378&amp;sr=8-3&amp;th=1#customerReviews\"><span id=\"acrCustomerReviewText\" class=\"a-size-base\">32.071 valoraciones<\/span><\/a><\/span><\/div>\n<p>4,6 de 5 estrellas<\/td>\n<\/tr>\n<tr>\n<th class=\"a-color-secondary a-size-base prodDetSectionEntry\">Descatalogado por el fabricante<\/th>\n<td class=\"a-size-base prodDetAttrValue\">No<\/td>\n<\/tr>\n<tr>\n<th class=\"a-color-secondary a-size-base prodDetSectionEntry\">Fecha de disponibilidad<\/th>\n<td class=\"a-size-base prodDetAttrValue\">3 de junio de 2016<\/td>\n<\/tr>\n<tr>\n<th class=\"a-color-secondary a-size-base prodDetSectionEntry\">Nombre del color<\/th>\n<td class=\"a-size-base prodDetAttrValue\">Negro<\/td>\n<\/tr>\n<tr>\n<th class=\"a-color-secondary a-size-base prodDetSectionEntry\">Dispositivos compatibles<\/th>\n<td class=\"a-size-base prodDetAttrValue\">Auriculares<\/td>\n<\/tr>\n<tr>\n<th class=\"a-color-secondary a-size-base prodDetSectionEntry\">Tipo de material<\/th>\n<td class=\"a-size-base prodDetAttrValue\">Poliuretano termopl\u00e1stico<\/td>\n<\/tr>\n<tr>\n<th class=\"a-color-secondary a-size-base prodDetSectionEntry\">Talla<\/th>\n<td class=\"a-size-base prodDetAttrValue\">1 paquete<\/td>\n<\/tr>\n<\/tbody>\n<\/table>\n<\/div>\n<\/div>\n<\/div>\n<\/div>","protected":false},"excerpt":{"rendered":"<p><strong>Compatibilidad:<\/strong> El nuevo soporte para auriculares Bee es compatible con una amplia gama de auriculares, incluidos los Sennheiser 202 II HD598 HD 650 HD700, Dre Beats Solo, Koss Porta Pro, Sony MDR7506, Philips, AKG K612, Hyper X Cloud II's, Astro A50's, AT M50's y TB 420x.<br \/>\n<strong>Robusto:<\/strong> Fabricado en goma TPU y aluminio, este soporte para auriculares garantiza una base segura y estable para sus auriculares. Aseg\u00farate de que el escritorio est\u00e9 libre de polvo y plano antes de colocar el soporte para auriculares sobre \u00e9l.<br \/>\n<strong>Arquitectura:<\/strong> Adecuado para su uso en el hogar, la oficina, el estudio, el dormitorio o junto al televisor, este soporte inal\u00e1mbrico para auriculares tiene un aspecto distintivo y moderno.<\/p>\n<p><strong>Tama\u00f1o:<\/strong> El soporte para auriculares de juego mide aproximadamente 8,85 pulgadas de alto, 3,7 pulgadas de largo y 3,7 pulgadas de ancho.Es incre\u00edblemente port\u00e1til, ya que es compacto, ligero y, lo m\u00e1s importante, posee una est\u00e9tica de moda distintiva.<br \/>\n<strong>Preservar el espacio:<\/strong> Colgar los auriculares elimina la necesidad de ubicar un auricular, lo que facilita la organizaci\u00f3n del escritorio y la conservaci\u00f3n del espacio.<\/p>","protected":false},"featured_media":2544,"comment_status":"open","ping_status":"closed","template":"","meta":[],"product_brand":[],"product_cat":[68,58],"product_tag":[],"class_list":{"0":"post-2540","1":"product","2":"type-product","3":"status-publish","4":"has-post-thumbnail","6":"product_cat-headset-stands","7":"product_cat-setup-accessories","9":"first","10":"instock","11":"featured","12":"shipping-taxable","13":"purchasable","14":"product-type-simple"},"_links":{"self":[{"href":"https:\/\/vavcase.com\/es\/wp-json\/wp\/v2\/product\/2540","targetHints":{"allow":["GET"]}}],"collection":[{"href":"https:\/\/vavcase.com\/es\/wp-json\/wp\/v2\/product"}],"about":[{"href":"https:\/\/vavcase.com\/es\/wp-json\/wp\/v2\/types\/product"}],"replies":[{"embeddable":true,"href":"https:\/\/vavcase.com\/es\/wp-json\/wp\/v2\/comments?post=2540"}],"wp:featuredmedia":[{"embeddable":true,"href":"https:\/\/vavcase.com\/es\/wp-json\/wp\/v2\/media\/2544"}],"wp:attachment":[{"href":"https:\/\/vavcase.com\/es\/wp-json\/wp\/v2\/media?parent=2540"}],"wp:term":[{"taxonomy":"product_brand","embeddable":true,"href":"https:\/\/vavcase.com\/es\/wp-json\/wp\/v2\/product_brand?post=2540"},{"taxonomy":"product_cat","embeddable":true,"href":"https:\/\/vavcase.com\/es\/wp-json\/wp\/v2\/product_cat?post=2540"},{"taxonomy":"product_tag","embeddable":true,"href":"https:\/\/vavcase.com\/es\/wp-json\/wp\/v2\/product_tag?post=2540"}],"curies":[{"name":"wp","href":"https:\/\/api.w.org\/{rel}","templated":true}]}}