{"id":2558,"date":"2025-02-17T10:03:05","date_gmt":"2025-02-17T10:03:05","guid":{"rendered":"https:\/\/vavcase.com\/?post_type=product&#038;p=2558"},"modified":"2026-04-01T17:54:55","modified_gmt":"2026-04-01T17:54:55","slug":"lamicall-headphone-stand-desktop-headset-holder-desk-earphone-stand-for-all-headsets","status":"publish","type":"product","link":"https:\/\/vavcase.com\/es\/producto\/lamicall-soporte-de-auriculares-soporte-de-auriculares-de-sobremesa-soporte-de-auriculares-de-sobremesa-para-todos-los-auriculares\/","title":{"rendered":"Lamicall Soporte de auriculares, Soporte de auriculares de sobremesa - Soporte de auriculares de sobremesa, para todos los auriculares"},"content":{"rendered":"<h2>Informaci\u00f3n sobre el producto<\/h2>\n<div class=\"a-row a-spacing-top-base\">\n<div class=\"a-column a-span6\">\n<div class=\"a-row a-spacing-base\">\n<div class=\"a-section table-padding\">\n<table id=\"productDetails_detailBullets_sections1\" class=\"a-keyvalue prodDetTable\" role=\"presentation\">\n<tbody>\n<tr>\n<th class=\"a-color-secondary a-size-base prodDetSectionEntry\">Dimensiones del producto<\/th>\n<td class=\"a-size-base prodDetAttrValue\">5,12 x 5,12 x 11,42 pulgadas<\/td>\n<\/tr>\n<tr>\n<th class=\"a-color-secondary a-size-base prodDetSectionEntry\">Peso del art\u00edculo<\/th>\n<td class=\"a-size-base prodDetAttrValue\">9,9 onzas<\/td>\n<\/tr>\n<tr>\n<th class=\"a-color-secondary a-size-base prodDetSectionEntry\">ASIN<\/th>\n<td class=\"a-size-base prodDetAttrValue\">B07ZYTS86X<\/td>\n<\/tr>\n<tr>\n<th class=\"a-color-secondary a-size-base prodDetSectionEntry\">N\u00famero de modelo del art\u00edculo<\/th>\n<td class=\"a-size-base prodDetAttrValue\">H1-CA-B<\/td>\n<\/tr>\n<tr>\n<th class=\"a-color-secondary a-size-base prodDetSectionEntry\">Opiniones de los clientes<\/th>\n<td class=\"a-size-base\">\n<div id=\"averageCustomerReviews\" data-asin=\"B07ZYTS86X\" data-ref=\"dpx_acr_pop_\"><span class=\"a-declarative\" data-action=\"acrStarsLink-click-metrics\" data-acrstarslink-click-metrics=\"{}\"><span id=\"acrPopover\" class=\"reviewCountTextLinkedHistogram noUnderline\" title=\"4,8 de 5 estrellas\"><a class=\"a-popover-trigger a-declarative\" role=\"button\"><span class=\"a-size-base a-color-base\">4.8\u00a0<\/span><i class=\"a-icon a-icon-star a-star-5 cm-cr-review-stars-spacing-big\"><span class=\"a-icon-alt\">4,8 de 5 estrellas<\/span><\/i>\u00a0<i class=\"a-icon a-icon-popover\"><\/i><\/a>\u00a0\u00a0<\/span><\/span>\u00a0<span class=\"a-declarative\" data-action=\"acrLink-click-metrics\" data-acrlink-click-metrics=\"{}\"><a id=\"acrCustomerReviewLink\" class=\"a-link-normal\" href=\"https:\/\/www.amazon.com\/Headphone-Desktop-Stand-Headset-Holder\/dp\/B07ZYTS86X\/ref=sr_1_21?crid=2E1D1X94YOD6J&amp;dib=eyJ2IjoiMSJ9.lfWIQ9Fyq1SLL2jZOkD6FldwIwyeeGhgak5fQgWZ90SEz5Qrts3gQ9_mdktZ5WHfvEdK2npZfgZR1Zxlsxa2BL5ZA1UyEwbkdGFdPbTz2AAJAhaZCqQi5vNFbOCYG0xGfwVTWHD_0fhQtUIN4OLmhMihhDBssCPHm0sXwUue8u70UILj1ziW-Iky3sdegtag9sRTzCOaoXJH0KQr7vHC56UxEET9LrJbojTJvyvR7-o.3DAqE5cPMmswDOzujncxLOE81PC5HE62SxrGEMkj-_M&amp;dib_tag=se&amp;keywords=Headset%2BStands&amp;qid=1739786243&amp;sprefix=headset%2Bstands%2B%2Caps%2C378&amp;sr=8-21&amp;th=1#customerReviews\"><span id=\"acrCustomerReviewText\" class=\"a-size-base\">7.941 valoraciones<\/span><\/a><\/span><\/div>\n<p>4,8 de 5 estrellas<\/td>\n<\/tr>\n<tr>\n<th class=\"a-color-secondary a-size-base prodDetSectionEntry\">Clasificaci\u00f3n de los m\u00e1s vendidos<\/th>\n<td>#6,523 en Electr\u00f3nica (<a href=\"https:\/\/www.amazon.com\/gp\/bestsellers\/electronics\/ref=pd_zg_ts_electronics\">Ver Top 100 en Electr\u00f3nica<\/a>)<br \/>\n#1,800 pulg.\u00a0<a href=\"https:\/\/www.amazon.com\/gp\/bestsellers\/electronics\/24046923011\/ref=pd_zg_hrsr_electronics\">Auriculares, cascos y accesorios<\/a><\/td>\n<\/tr>\n<\/tbody>\n<\/table>\n<\/div>\n<\/div>\n<\/div>\n<\/div>","protected":false},"excerpt":{"rendered":"<p><strong>Robusto y elegante:<\/strong> El dise\u00f1o ligero y desmontable de este soporte para auriculares se consigue mediante el uso de pl\u00e1stico ABS y aluminio de primera calidad. Para garantizar la seguridad y estabilidad de los auriculares, el dise\u00f1o presenta un centro de gravedad bajo.<br \/>\n<strong>Aplicaci\u00f3n multiescenario:<\/strong> Este soporte de sobremesa para auriculares es adecuado para su uso en el hogar, la oficina, el estudio de grabaci\u00f3n, el dormitorio o junto al ordenador. Est\u00e1 disponible en opciones con cable e inal\u00e1mbricas.<br \/>\n<strong>Protege los auriculares:<\/strong> La parte de este accesorio para auriculares que aloja los auriculares est\u00e1 fabricada en pl\u00e1stico ABS de primera calidad y presenta un dise\u00f1o de superficie curvada. Evita el riesgo de da\u00f1os en la esponja de la viga de la cabeza de los auriculares.<\/p>\n<p><strong>Dise\u00f1o de apariencia \u00fanica:<\/strong> Este soporte para auriculares es producto de una exhaustiva investigaci\u00f3n y dise\u00f1o, inspirado en la apariencia del p\u00e1jaro petirrojo. Un compa\u00f1ero pr\u00e1ctico y elegante para los auriculares Gaming\/Music\/Monitor.<br \/>\n<strong>Compatible con una amplia gama de auriculares:\u00a0<\/strong> Este soporte de sobremesa para auriculares es compatible con una amplia gama de auriculares, incluidos AirPods Max, Sennheiser, Philips, AKG, Beyerdynamic, B&amp;W, HyperX, Razer Gaming Headphones, Logitech, Audio Technica y auriculares R OG Gaming.<\/p>","protected":false},"featured_media":2566,"comment_status":"open","ping_status":"closed","template":"","meta":[],"product_brand":[],"product_cat":[68,58],"product_tag":[],"class_list":{"0":"post-2558","1":"product","2":"type-product","3":"status-publish","4":"has-post-thumbnail","6":"product_cat-headset-stands","7":"product_cat-setup-accessories","9":"first","10":"instock","11":"shipping-taxable","12":"purchasable","13":"product-type-simple"},"_links":{"self":[{"href":"https:\/\/vavcase.com\/es\/wp-json\/wp\/v2\/product\/2558","targetHints":{"allow":["GET"]}}],"collection":[{"href":"https:\/\/vavcase.com\/es\/wp-json\/wp\/v2\/product"}],"about":[{"href":"https:\/\/vavcase.com\/es\/wp-json\/wp\/v2\/types\/product"}],"replies":[{"embeddable":true,"href":"https:\/\/vavcase.com\/es\/wp-json\/wp\/v2\/comments?post=2558"}],"wp:featuredmedia":[{"embeddable":true,"href":"https:\/\/vavcase.com\/es\/wp-json\/wp\/v2\/media\/2566"}],"wp:attachment":[{"href":"https:\/\/vavcase.com\/es\/wp-json\/wp\/v2\/media?parent=2558"}],"wp:term":[{"taxonomy":"product_brand","embeddable":true,"href":"https:\/\/vavcase.com\/es\/wp-json\/wp\/v2\/product_brand?post=2558"},{"taxonomy":"product_cat","embeddable":true,"href":"https:\/\/vavcase.com\/es\/wp-json\/wp\/v2\/product_cat?post=2558"},{"taxonomy":"product_tag","embeddable":true,"href":"https:\/\/vavcase.com\/es\/wp-json\/wp\/v2\/product_tag?post=2558"}],"curies":[{"name":"wp","href":"https:\/\/api.w.org\/{rel}","templated":true}]}}