{"id":2568,"date":"2025-02-17T10:06:40","date_gmt":"2025-02-17T10:06:40","guid":{"rendered":"https:\/\/vavcase.com\/?post_type=product&#038;p=2568"},"modified":"2026-02-09T06:58:15","modified_gmt":"2026-02-09T06:58:15","slug":"headphone-stand-universal-aluminum-metal-holder-for-airpods-max-hyperx-cloud-ii-xbox-one-turtle-beach-sennheiser-sony-bose-beats-pc-gaming-headset-display-bluetooth-headphones","status":"publish","type":"product","link":"https:\/\/vavcase.com\/es\/producto\/soporte-de-auriculares-soporte-universal-de-metal-de-aluminio-para-airpods-max-hyperx-nube-ii-xbox-one-turtle-beach-sennheiser-sony-bose-beats-pc-gaming-auriculares-pantalla-bluetooth-auriculares\/","title":{"rendered":"Soporte de auriculares, soporte met\u00e1lico de aluminio universal para AirPods Max, HyperX Cloud II, Xbox One, Turtle Beach, Sennheiser, Sony, Bose, Beats PC Gaming auriculares pantalla y auriculares Bluetooth."},"content":{"rendered":"<h2>Informaci\u00f3n sobre el producto<\/h2>\n<div class=\"a-row a-spacing-top-base\">\n<div class=\"a-column a-span6\">\n<div class=\"a-row a-spacing-base\">\n<div class=\"a-section table-padding\">\n<table id=\"productDetails_detailBullets_sections1\" class=\"a-keyvalue prodDetTable\" role=\"presentation\">\n<tbody>\n<tr>\n<th class=\"a-color-secondary a-size-base prodDetSectionEntry\">Dimensiones del paquete<\/th>\n<td class=\"a-size-base prodDetAttrValue\">8,5 x 3,9 x 0,91 pulgadas<\/td>\n<\/tr>\n<tr>\n<th class=\"a-color-secondary a-size-base prodDetSectionEntry\">Peso del art\u00edculo<\/th>\n<td class=\"a-size-base prodDetAttrValue\">4,2 onzas<\/td>\n<\/tr>\n<tr>\n<th class=\"a-color-secondary a-size-base prodDetSectionEntry\">ASIN<\/th>\n<td class=\"a-size-base prodDetAttrValue\">B08MFHP21R<\/td>\n<\/tr>\n<tr>\n<th class=\"a-color-secondary a-size-base prodDetSectionEntry\">N\u00famero de modelo del art\u00edculo<\/th>\n<td class=\"a-size-base prodDetAttrValue\">soporte para auriculares<\/td>\n<\/tr>\n<tr>\n<th class=\"a-color-secondary a-size-base prodDetSectionEntry\">Opiniones de los clientes<\/th>\n<td class=\"a-size-base\">\n<div id=\"averageCustomerReviews\" data-asin=\"B08MFHP21R\" data-ref=\"dpx_acr_pop_\"><span class=\"a-declarative\" data-action=\"acrStarsLink-click-metrics\" data-acrstarslink-click-metrics=\"{}\"><span id=\"acrPopover\" class=\"reviewCountTextLinkedHistogram noUnderline\" title=\"4,6 de 5 estrellas\"><a class=\"a-popover-trigger a-declarative\" role=\"button\"><span class=\"a-size-base a-color-base\">4.6\u00a0<\/span><i class=\"a-icon a-icon-star a-star-4-5 cm-cr-review-stars-spacing-big\"><span class=\"a-icon-alt\">4,6 de 5 estrellas<\/span><\/i>\u00a0<i class=\"a-icon a-icon-popover\"><\/i><\/a>\u00a0\u00a0<\/span><\/span>\u00a0<span class=\"a-declarative\" data-action=\"acrLink-click-metrics\" data-acrlink-click-metrics=\"{}\"><a id=\"acrCustomerReviewLink\" class=\"a-link-normal\" href=\"https:\/\/www.amazon.com\/Headphone-Universal-Aluminum-Sennheiser-Wireless\/dp\/B08MFHP21R\/ref=sr_1_13?crid=2E1D1X94YOD6J&amp;dib=eyJ2IjoiMSJ9.lfWIQ9Fyq1SLL2jZOkD6FldwIwyeeGhgak5fQgWZ90SEz5Qrts3gQ9_mdktZ5WHfvEdK2npZfgZR1Zxlsxa2BL5ZA1UyEwbkdGFdPbTz2AAJAhaZCqQi5vNFbOCYG0xGfwVTWHD_0fhQtUIN4OLmhMihhDBssCPHm0sXwUue8u70UILj1ziW-Iky3sdegtag9sRTzCOaoXJH0KQr7vHC56UxEET9LrJbojTJvyvR7-o.3DAqE5cPMmswDOzujncxLOE81PC5HE62SxrGEMkj-_M&amp;dib_tag=se&amp;keywords=Headset%2BStands&amp;qid=1739786243&amp;sprefix=headset%2Bstands%2B%2Caps%2C378&amp;sr=8-13&amp;th=1#customerReviews\"><span id=\"acrCustomerReviewText\" class=\"a-size-base\">3.510 valoraciones<\/span><\/a><\/span><\/div>\n<p>4,6 de 5 estrellas<\/td>\n<\/tr>\n<tr>\n<th class=\"a-color-secondary a-size-base prodDetSectionEntry\">Clasificaci\u00f3n de los m\u00e1s vendidos<\/th>\n<td>#1,674 en Videojuegos (<a href=\"https:\/\/www.amazon.com\/gp\/bestsellers\/videogames\/ref=pd_zg_ts_videogames\">Ver Top 100 en Videojuegos<\/a>)<br \/>\n#131 en\u00a0<a href=\"https:\/\/www.amazon.com\/gp\/bestsellers\/videogames\/402053011\/ref=pd_zg_hrsr_videogames\">Auriculares para PC<\/a><\/td>\n<\/tr>\n<\/tbody>\n<\/table>\n<\/div>\n<\/div>\n<\/div>\n<\/div>","protected":false},"excerpt":{"rendered":"<p><strong>Practicidad:<\/strong> Aproveche al m\u00e1ximo el espacio de almacenamiento disponible en el dise\u00f1o de almacenamiento dom\u00e9stico. La anchura del soporte para auriculares puede suspenderse en un radio de 4,5 cm. El soporte colgante para auriculares est\u00e1 dise\u00f1ado para ayudarle a organizar y ordenar su mesa. Tambi\u00e9n sirve como soluci\u00f3n de almacenamiento para los auriculares, con lo que se ahorra espacio.<br \/>\n<strong>Protecci\u00f3n de almohadilla de TPU suave:<\/strong> La almohadilla del soporte para auriculares funciona como un coj\u00edn, protegiendo la diadema de los auriculares de arrugas profundas incluso despu\u00e9s de largos periodos de suspensi\u00f3n. El reposacabezas est\u00e1 compuesto por un material TPU flexible que se adapta a la forma de los auriculares. El soporte es compatible con auriculares de todos los tama\u00f1os, desde peque\u00f1os a grandes.<br \/>\n<strong>Dise\u00f1o desmontable:<\/strong> Consta de tres componentes, se desmonta sin esfuerzo cuando no se utiliza y se guarda en un caj\u00f3n, una estanter\u00eda o el equipaje cuando se viaja, ocupando un espacio m\u00ednimo. Es compacta, moderna y, lo que es m\u00e1s importante, respetuosa con el medio ambiente.<\/p>\n<p><strong>S\u00f3lido, resistente y duradero:<\/strong> El aluminio de aviaci\u00f3n se pule a mano tras un corte preciso mediante moldeado CNC.NO ES PL\u00c1STICO BARATO. El dise\u00f1o del tope es pr\u00e1ctico y est\u00e9ticamente agradable, y no deja marcas. Las superficies inferiores est\u00e1n equipadas con almohadillas de silicona que garantizan una sujeci\u00f3n excepcional en superficies brillantes.<br \/>\n<strong>Compatible con la mayor\u00eda de auriculares:<\/strong> Es compatible con la mayor\u00eda de auriculares que tienen un ancho de diadema de 1,7 pulgadas\/4,5 cm y una altura de dispositivo de 8,85 pulgadas\/22,5 cm, incluidos auriculares Bluetooth, auriculares con cancelaci\u00f3n activa del ruido, auriculares para juegos, auriculares para tel\u00e9fono y auriculares para ni\u00f1os.<\/p>","protected":false},"featured_media":2576,"comment_status":"open","ping_status":"closed","template":"","meta":[],"product_brand":[],"product_cat":[68,58],"product_tag":[],"class_list":{"0":"post-2568","1":"product","2":"type-product","3":"status-publish","4":"has-post-thumbnail","6":"product_cat-headset-stands","7":"product_cat-setup-accessories","9":"first","10":"instock","11":"shipping-taxable","12":"purchasable","13":"product-type-simple"},"_links":{"self":[{"href":"https:\/\/vavcase.com\/es\/wp-json\/wp\/v2\/product\/2568","targetHints":{"allow":["GET"]}}],"collection":[{"href":"https:\/\/vavcase.com\/es\/wp-json\/wp\/v2\/product"}],"about":[{"href":"https:\/\/vavcase.com\/es\/wp-json\/wp\/v2\/types\/product"}],"replies":[{"embeddable":true,"href":"https:\/\/vavcase.com\/es\/wp-json\/wp\/v2\/comments?post=2568"}],"wp:featuredmedia":[{"embeddable":true,"href":"https:\/\/vavcase.com\/es\/wp-json\/wp\/v2\/media\/2576"}],"wp:attachment":[{"href":"https:\/\/vavcase.com\/es\/wp-json\/wp\/v2\/media?parent=2568"}],"wp:term":[{"taxonomy":"product_brand","embeddable":true,"href":"https:\/\/vavcase.com\/es\/wp-json\/wp\/v2\/product_brand?post=2568"},{"taxonomy":"product_cat","embeddable":true,"href":"https:\/\/vavcase.com\/es\/wp-json\/wp\/v2\/product_cat?post=2568"},{"taxonomy":"product_tag","embeddable":true,"href":"https:\/\/vavcase.com\/es\/wp-json\/wp\/v2\/product_tag?post=2568"}],"curies":[{"name":"wp","href":"https:\/\/api.w.org\/{rel}","templated":true}]}}